{"id":9953,"date":"2023-01-26T14:49:14","date_gmt":"2023-01-26T14:49:14","guid":{"rendered":"https:\/\/targetmalaria.org\/biologie-moleculaire\/"},"modified":"2025-11-17T14:55:35","modified_gmt":"2025-11-17T14:55:35","slug":"biologie-moleculaire","status":"publish","type":"page","link":"https:\/\/targetmalaria.org\/fr\/notre-mission\/science\/biologie-moleculaire\/","title":{"rendered":"Biologie mol\u00e9culaire"},"content":{"rendered":"<div class=\"ragged-edge-parent alignfull is-light\">\n<div class=\"wp-block-cover alignfull is-light firstCover ragged_edge-position-both\" style=\"min-height:50dvh;aspect-ratio:unset;\"><img loading=\"lazy\" decoding=\"async\" width=\"1024\" height=\"576\" class=\"wp-block-cover__image-background wp-image-18840 size-large\" alt=\"\" src=\"https:\/\/targetmalaria.org\/wp-content\/uploads\/2024\/11\/microinjection_real-1024x576.jpg\" data-object-fit=\"cover\" srcset=\"https:\/\/targetmalaria.org\/wp-content\/uploads\/2024\/11\/microinjection_real-1024x576.jpg 1024w, https:\/\/targetmalaria.org\/wp-content\/uploads\/2024\/11\/microinjection_real-425x239.jpg 425w, https:\/\/targetmalaria.org\/wp-content\/uploads\/2024\/11\/microinjection_real-768x432.jpg 768w, https:\/\/targetmalaria.org\/wp-content\/uploads\/2024\/11\/microinjection_real-1536x864.jpg 1536w, https:\/\/targetmalaria.org\/wp-content\/uploads\/2024\/11\/microinjection_real-2048x1152.jpg 2048w, https:\/\/targetmalaria.org\/wp-content\/uploads\/2024\/11\/microinjection_real-300x169.jpg 300w\" sizes=\"auto, (max-width: 1024px) 100vw, 1024px\" \/><span aria-hidden=\"true\" class=\"wp-block-cover__background has-background-dim-0 has-background-dim\"><\/span><div class=\"wp-block-cover__inner-container has-global-padding is-layout-constrained wp-block-cover-is-layout-constrained\">\n<p class=\"has-text-align-center has-large-font-size\"><\/p>\n<\/div><\/div>\n<\/div>\n\n\n<div class=\"wp-block-columns is-layout-flex wp-container-core-columns-is-layout-0884d4d2 wp-block-columns-is-layout-flex\" style=\"margin-top:var(--wp--preset--spacing--50);margin-bottom:var(--wp--preset--spacing--50)\">\n<div class=\"wp-block-column is-layout-flow wp-block-column-is-layout-flow\" style=\"flex-basis:33.33%\">\n<h2 class=\"wp-block-heading\">Nos \u00e9quipes de biologie mol\u00e9culaire se concentrent sur le d\u00e9veloppement des premi\u00e8res \u00e9tapes de la technologie d\u2019impulsion g\u00e9n\u00e9tique.<\/h2>\n<\/div>\n\n\n\n<div class=\"wp-block-column is-layout-flow wp-block-column-is-layout-flow\" style=\"flex-basis:66.66%\">\n<p>Nous commen\u00e7ons par un processus de d\u00e9couverte et de compr\u00e9hension du type de modifications g\u00e9n\u00e9tiques que nous devons introduire dans le g\u00e9nome du moustique pour g\u00e9n\u00e9rer l\u2019effet d\u00e9sir\u00e9. Nous \u00e9tudions par exemple quels g\u00e8nes sont importants pour la reproduction du moustique et ce qui se passe lorsque ces g\u00e8nes sont d\u00e9sactiv\u00e9s.<\/p>\n\n\n\n<p>Nous utilisons ensuite une technologie de pointe pour \u00e9diter ces g\u00e8nes en laboratoire, en utilisant notamment CRISPR\/Cas9, et \u00e9tudier l\u2019effet de la modification sur le moustique modifi\u00e9. \u00c0 l\u2019aide d\u2019outils modernes de biologie mol\u00e9culaire, nous assemblons les composants mol\u00e9culaires n\u00e9cessaires \u00e0 la construction d\u2019une impulsion g\u00e9n\u00e9tique en laboratoire, et nous l\u2019introduisons tr\u00e8s sp\u00e9cifiquement dans le g\u00e9nome du moustique. Cela peut se faire entre autres en coupant des s\u00e9quences d\u2019ADN sp\u00e9cifiques du g\u00e8ne que nous voulons modifier.<\/p>\n\n\n\n<h3 class=\"wp-block-heading\">Comment nous g\u00e9n\u00e9rons des moustiques g\u00e9n\u00e9tiquement modifi\u00e9s<\/h3>\n\n\n\n<p>Pour g\u00e9n\u00e9rer des moustiques g\u00e9n\u00e9tiquement modifi\u00e9s, nous assemblons d\u2019abord en laboratoire les composants mol\u00e9culaires et l\u2019ADN que nous voulons introduire dans le g\u00e9nome du moustique. Au microscope, \u00e0 l\u2019aide d\u2019aiguilles tr\u00e8s fines, nous injectons l\u2019ADN dans les embryons de moustiques d\u00e8s les premi\u00e8res heures suivant la ponte. Nous devons effectuer ces injections sur des centaines ou des milliers d\u2019embryons individuels pour g\u00e9n\u00e9rer un seul type de modification.<\/p>\n\n\n\n<p>Avec l\u2019ADN du g\u00e8ne d\u2019int\u00e9r\u00eat, nous introduisons \u00e9galement le g\u00e8ne d\u2019un marqueur fluorescent qui fera briller le moustique sous un microscope \u00e0 fluorescence. Ceci nous permet d\u2019identifier les moustiques modifi\u00e9s. Le s\u00e9quen\u00e7age des g\u00e8nes ou d\u2019autres techniques, telles que la PCR, sont \u00e9galement utilis\u00e9s pour v\u00e9rifier que la modification a r\u00e9ussi.<\/p>\n<\/div>\n<\/div>\n","protected":false},"excerpt":{"rendered":"<p>Nos \u00e9quipes de biologie mol\u00e9culaire se concentrent sur le d\u00e9veloppement des premi\u00e8res \u00e9tapes de la technologie d\u2019impulsion g\u00e9n\u00e9tique. Nous commen\u00e7ons par un processus de d\u00e9couverte et de compr\u00e9hension du type de modifications g\u00e9n\u00e9tiques que nous devons introduire dans le g\u00e9nome du moustique pour g\u00e9n\u00e9rer l\u2019effet d\u00e9sir\u00e9. Nous \u00e9tudions par exemple quels g\u00e8nes sont importants pour [&hellip;]<\/p>\n","protected":false},"author":31,"featured_media":18841,"parent":10966,"menu_order":26,"comment_status":"closed","ping_status":"closed","template":"","meta":{"_acf_changed":false,"_relevanssi_hide_post":"","_relevanssi_hide_content":"","_relevanssi_pin_for_all":"","_relevanssi_pin_keywords":"","_relevanssi_unpin_keywords":"","_relevanssi_related_keywords":"","_relevanssi_related_include_ids":"","_relevanssi_related_exclude_ids":"","_relevanssi_related_no_append":"","_relevanssi_related_not_related":"","_relevanssi_related_posts":"","_relevanssi_noindex_reason":"","featured_image_focal_point":[],"footnotes":""},"class_list":["post-9953","page","type-page","status-publish","has-post-thumbnail","hentry"],"acf":[],"yoast_head":"<!-- This site is optimized with the Yoast SEO plugin v27.4 - https:\/\/yoast.com\/product\/yoast-seo-wordpress\/ -->\n<title>Biologie mol\u00e9culaire - Target Malaria<\/title>\n<meta name=\"robots\" content=\"index, follow, max-snippet:-1, max-image-preview:large, max-video-preview:-1\" \/>\n<link rel=\"canonical\" href=\"https:\/\/targetmalaria.org\/fr\/notre-mission\/science\/biologie-moleculaire\/\" \/>\n<meta property=\"og:locale\" content=\"fr_FR\" \/>\n<meta property=\"og:type\" content=\"article\" \/>\n<meta property=\"og:title\" content=\"Biologie mol\u00e9culaire - Target Malaria\" \/>\n<meta property=\"og:description\" content=\"Nos \u00e9quipes de biologie mol\u00e9culaire se concentrent sur le d\u00e9veloppement des premi\u00e8res \u00e9tapes de la technologie d\u2019impulsion g\u00e9n\u00e9tique. Nous commen\u00e7ons par un processus de d\u00e9couverte et de compr\u00e9hension du type de modifications g\u00e9n\u00e9tiques que nous devons introduire dans le g\u00e9nome du moustique pour g\u00e9n\u00e9rer l\u2019effet d\u00e9sir\u00e9. Nous \u00e9tudions par exemple quels g\u00e8nes sont importants pour [&hellip;]\" \/>\n<meta property=\"og:url\" content=\"https:\/\/targetmalaria.org\/fr\/notre-mission\/science\/biologie-moleculaire\/\" \/>\n<meta property=\"og:site_name\" content=\"Target Malaria\" \/>\n<meta property=\"article:publisher\" content=\"https:\/\/www.facebook.com\/TargetMalariaGlobal\/\" \/>\n<meta property=\"article:modified_time\" content=\"2025-11-17T14:55:35+00:00\" \/>\n<meta property=\"og:image\" content=\"https:\/\/targetmalaria.org\/wp-content\/uploads\/2024\/11\/microinjection_real.jpg\" \/>\n\t<meta property=\"og:image:width\" content=\"2560\" \/>\n\t<meta property=\"og:image:height\" content=\"1440\" \/>\n\t<meta property=\"og:image:type\" content=\"image\/jpeg\" \/>\n<meta name=\"twitter:card\" content=\"summary_large_image\" \/>\n<meta name=\"twitter:site\" content=\"@TargetMalaria\" \/>\n<meta name=\"twitter:label1\" content=\"Dur\u00e9e de lecture estim\u00e9e\" \/>\n\t<meta name=\"twitter:data1\" content=\"2 minutes\" \/>\n<script type=\"application\/ld+json\" class=\"yoast-schema-graph\">{\"@context\":\"https:\\\/\\\/schema.org\",\"@graph\":[{\"@type\":\"WebPage\",\"@id\":\"https:\\\/\\\/targetmalaria.org\\\/fr\\\/notre-mission\\\/science\\\/biologie-moleculaire\\\/\",\"url\":\"https:\\\/\\\/targetmalaria.org\\\/fr\\\/notre-mission\\\/science\\\/biologie-moleculaire\\\/\",\"name\":\"Biologie mol\u00e9culaire - Target Malaria\",\"isPartOf\":{\"@id\":\"https:\\\/\\\/targetmalaria.org\\\/fr\\\/#website\"},\"primaryImageOfPage\":{\"@id\":\"https:\\\/\\\/targetmalaria.org\\\/fr\\\/notre-mission\\\/science\\\/biologie-moleculaire\\\/#primaryimage\"},\"image\":{\"@id\":\"https:\\\/\\\/targetmalaria.org\\\/fr\\\/notre-mission\\\/science\\\/biologie-moleculaire\\\/#primaryimage\"},\"thumbnailUrl\":\"https:\\\/\\\/targetmalaria.org\\\/wp-content\\\/uploads\\\/2024\\\/11\\\/microinjection_real.jpg\",\"datePublished\":\"2023-01-26T14:49:14+00:00\",\"dateModified\":\"2025-11-17T14:55:35+00:00\",\"breadcrumb\":{\"@id\":\"https:\\\/\\\/targetmalaria.org\\\/fr\\\/notre-mission\\\/science\\\/biologie-moleculaire\\\/#breadcrumb\"},\"inLanguage\":\"fr-FR\",\"potentialAction\":[{\"@type\":\"ReadAction\",\"target\":[\"https:\\\/\\\/targetmalaria.org\\\/fr\\\/notre-mission\\\/science\\\/biologie-moleculaire\\\/\"]}]},{\"@type\":\"ImageObject\",\"inLanguage\":\"fr-FR\",\"@id\":\"https:\\\/\\\/targetmalaria.org\\\/fr\\\/notre-mission\\\/science\\\/biologie-moleculaire\\\/#primaryimage\",\"url\":\"https:\\\/\\\/targetmalaria.org\\\/wp-content\\\/uploads\\\/2024\\\/11\\\/microinjection_real.jpg\",\"contentUrl\":\"https:\\\/\\\/targetmalaria.org\\\/wp-content\\\/uploads\\\/2024\\\/11\\\/microinjection_real.jpg\",\"width\":2560,\"height\":1440,\"caption\":\"Real microinjection under the microscope at Target Malaria\"},{\"@type\":\"BreadcrumbList\",\"@id\":\"https:\\\/\\\/targetmalaria.org\\\/fr\\\/notre-mission\\\/science\\\/biologie-moleculaire\\\/#breadcrumb\",\"itemListElement\":[{\"@type\":\"ListItem\",\"position\":1,\"name\":\"Home\",\"item\":\"https:\\\/\\\/targetmalaria.org\\\/fr\\\/\"},{\"@type\":\"ListItem\",\"position\":2,\"name\":\"Notre mission\",\"item\":\"https:\\\/\\\/targetmalaria.org\\\/fr\\\/notre-mission\\\/\"},{\"@type\":\"ListItem\",\"position\":3,\"name\":\"Science\",\"item\":\"https:\\\/\\\/targetmalaria.org\\\/fr\\\/notre-mission\\\/science\\\/\"},{\"@type\":\"ListItem\",\"position\":4,\"name\":\"Biologie mol\u00e9culaire\"}]},{\"@type\":\"WebSite\",\"@id\":\"https:\\\/\\\/targetmalaria.org\\\/fr\\\/#website\",\"url\":\"https:\\\/\\\/targetmalaria.org\\\/fr\\\/\",\"name\":\"Target Malaria\",\"description\":\"\",\"publisher\":{\"@id\":\"https:\\\/\\\/targetmalaria.org\\\/fr\\\/#organization\"},\"potentialAction\":[{\"@type\":\"SearchAction\",\"target\":{\"@type\":\"EntryPoint\",\"urlTemplate\":\"https:\\\/\\\/targetmalaria.org\\\/fr\\\/?s={search_term_string}\"},\"query-input\":{\"@type\":\"PropertyValueSpecification\",\"valueRequired\":true,\"valueName\":\"search_term_string\"}}],\"inLanguage\":\"fr-FR\"},{\"@type\":\"Organization\",\"@id\":\"https:\\\/\\\/targetmalaria.org\\\/fr\\\/#organization\",\"name\":\"Target Malaria\",\"url\":\"https:\\\/\\\/targetmalaria.org\\\/fr\\\/\",\"logo\":{\"@type\":\"ImageObject\",\"inLanguage\":\"fr-FR\",\"@id\":\"https:\\\/\\\/targetmalaria.org\\\/fr\\\/#\\\/schema\\\/logo\\\/image\\\/\",\"url\":\"https:\\\/\\\/targetmalaria.org\\\/wp-content\\\/uploads\\\/2025\\\/08\\\/target_malaria_bf_logo.png\",\"contentUrl\":\"https:\\\/\\\/targetmalaria.org\\\/wp-content\\\/uploads\\\/2025\\\/08\\\/target_malaria_bf_logo.png\",\"width\":1920,\"height\":1080,\"caption\":\"Target Malaria\"},\"image\":{\"@id\":\"https:\\\/\\\/targetmalaria.org\\\/fr\\\/#\\\/schema\\\/logo\\\/image\\\/\"},\"sameAs\":[\"https:\\\/\\\/www.facebook.com\\\/TargetMalariaGlobal\\\/\",\"https:\\\/\\\/x.com\\\/TargetMalaria\",\"https:\\\/\\\/www.linkedin.com\\\/company\\\/target-malaria\",\"https:\\\/\\\/youtube.com\\\/@TargetMalaria\"]}]}<\/script>\n<!-- \/ Yoast SEO plugin. -->","yoast_head_json":{"title":"Biologie mol\u00e9culaire - Target Malaria","robots":{"index":"index","follow":"follow","max-snippet":"max-snippet:-1","max-image-preview":"max-image-preview:large","max-video-preview":"max-video-preview:-1"},"canonical":"https:\/\/targetmalaria.org\/fr\/notre-mission\/science\/biologie-moleculaire\/","og_locale":"fr_FR","og_type":"article","og_title":"Biologie mol\u00e9culaire - Target Malaria","og_description":"Nos \u00e9quipes de biologie mol\u00e9culaire se concentrent sur le d\u00e9veloppement des premi\u00e8res \u00e9tapes de la technologie d\u2019impulsion g\u00e9n\u00e9tique. Nous commen\u00e7ons par un processus de d\u00e9couverte et de compr\u00e9hension du type de modifications g\u00e9n\u00e9tiques que nous devons introduire dans le g\u00e9nome du moustique pour g\u00e9n\u00e9rer l\u2019effet d\u00e9sir\u00e9. Nous \u00e9tudions par exemple quels g\u00e8nes sont importants pour [&hellip;]","og_url":"https:\/\/targetmalaria.org\/fr\/notre-mission\/science\/biologie-moleculaire\/","og_site_name":"Target Malaria","article_publisher":"https:\/\/www.facebook.com\/TargetMalariaGlobal\/","article_modified_time":"2025-11-17T14:55:35+00:00","og_image":[{"width":2560,"height":1440,"url":"https:\/\/targetmalaria.org\/wp-content\/uploads\/2024\/11\/microinjection_real.jpg","type":"image\/jpeg"}],"twitter_card":"summary_large_image","twitter_site":"@TargetMalaria","twitter_misc":{"Dur\u00e9e de lecture estim\u00e9e":"2 minutes"},"schema":{"@context":"https:\/\/schema.org","@graph":[{"@type":"WebPage","@id":"https:\/\/targetmalaria.org\/fr\/notre-mission\/science\/biologie-moleculaire\/","url":"https:\/\/targetmalaria.org\/fr\/notre-mission\/science\/biologie-moleculaire\/","name":"Biologie mol\u00e9culaire - Target Malaria","isPartOf":{"@id":"https:\/\/targetmalaria.org\/fr\/#website"},"primaryImageOfPage":{"@id":"https:\/\/targetmalaria.org\/fr\/notre-mission\/science\/biologie-moleculaire\/#primaryimage"},"image":{"@id":"https:\/\/targetmalaria.org\/fr\/notre-mission\/science\/biologie-moleculaire\/#primaryimage"},"thumbnailUrl":"https:\/\/targetmalaria.org\/wp-content\/uploads\/2024\/11\/microinjection_real.jpg","datePublished":"2023-01-26T14:49:14+00:00","dateModified":"2025-11-17T14:55:35+00:00","breadcrumb":{"@id":"https:\/\/targetmalaria.org\/fr\/notre-mission\/science\/biologie-moleculaire\/#breadcrumb"},"inLanguage":"fr-FR","potentialAction":[{"@type":"ReadAction","target":["https:\/\/targetmalaria.org\/fr\/notre-mission\/science\/biologie-moleculaire\/"]}]},{"@type":"ImageObject","inLanguage":"fr-FR","@id":"https:\/\/targetmalaria.org\/fr\/notre-mission\/science\/biologie-moleculaire\/#primaryimage","url":"https:\/\/targetmalaria.org\/wp-content\/uploads\/2024\/11\/microinjection_real.jpg","contentUrl":"https:\/\/targetmalaria.org\/wp-content\/uploads\/2024\/11\/microinjection_real.jpg","width":2560,"height":1440,"caption":"Real microinjection under the microscope at Target Malaria"},{"@type":"BreadcrumbList","@id":"https:\/\/targetmalaria.org\/fr\/notre-mission\/science\/biologie-moleculaire\/#breadcrumb","itemListElement":[{"@type":"ListItem","position":1,"name":"Home","item":"https:\/\/targetmalaria.org\/fr\/"},{"@type":"ListItem","position":2,"name":"Notre mission","item":"https:\/\/targetmalaria.org\/fr\/notre-mission\/"},{"@type":"ListItem","position":3,"name":"Science","item":"https:\/\/targetmalaria.org\/fr\/notre-mission\/science\/"},{"@type":"ListItem","position":4,"name":"Biologie mol\u00e9culaire"}]},{"@type":"WebSite","@id":"https:\/\/targetmalaria.org\/fr\/#website","url":"https:\/\/targetmalaria.org\/fr\/","name":"Target Malaria","description":"","publisher":{"@id":"https:\/\/targetmalaria.org\/fr\/#organization"},"potentialAction":[{"@type":"SearchAction","target":{"@type":"EntryPoint","urlTemplate":"https:\/\/targetmalaria.org\/fr\/?s={search_term_string}"},"query-input":{"@type":"PropertyValueSpecification","valueRequired":true,"valueName":"search_term_string"}}],"inLanguage":"fr-FR"},{"@type":"Organization","@id":"https:\/\/targetmalaria.org\/fr\/#organization","name":"Target Malaria","url":"https:\/\/targetmalaria.org\/fr\/","logo":{"@type":"ImageObject","inLanguage":"fr-FR","@id":"https:\/\/targetmalaria.org\/fr\/#\/schema\/logo\/image\/","url":"https:\/\/targetmalaria.org\/wp-content\/uploads\/2025\/08\/target_malaria_bf_logo.png","contentUrl":"https:\/\/targetmalaria.org\/wp-content\/uploads\/2025\/08\/target_malaria_bf_logo.png","width":1920,"height":1080,"caption":"Target Malaria"},"image":{"@id":"https:\/\/targetmalaria.org\/fr\/#\/schema\/logo\/image\/"},"sameAs":["https:\/\/www.facebook.com\/TargetMalariaGlobal\/","https:\/\/x.com\/TargetMalaria","https:\/\/www.linkedin.com\/company\/target-malaria","https:\/\/youtube.com\/@TargetMalaria"]}]}},"_links":{"self":[{"href":"https:\/\/targetmalaria.org\/fr\/wp-json\/wp\/v2\/pages\/9953","targetHints":{"allow":["GET"]}}],"collection":[{"href":"https:\/\/targetmalaria.org\/fr\/wp-json\/wp\/v2\/pages"}],"about":[{"href":"https:\/\/targetmalaria.org\/fr\/wp-json\/wp\/v2\/types\/page"}],"author":[{"embeddable":true,"href":"https:\/\/targetmalaria.org\/fr\/wp-json\/wp\/v2\/users\/31"}],"replies":[{"embeddable":true,"href":"https:\/\/targetmalaria.org\/fr\/wp-json\/wp\/v2\/comments?post=9953"}],"version-history":[{"count":2,"href":"https:\/\/targetmalaria.org\/fr\/wp-json\/wp\/v2\/pages\/9953\/revisions"}],"predecessor-version":[{"id":23361,"href":"https:\/\/targetmalaria.org\/fr\/wp-json\/wp\/v2\/pages\/9953\/revisions\/23361"}],"up":[{"embeddable":true,"href":"https:\/\/targetmalaria.org\/fr\/wp-json\/wp\/v2\/pages\/10966"}],"wp:featuredmedia":[{"embeddable":true,"href":"https:\/\/targetmalaria.org\/fr\/wp-json\/wp\/v2\/media\/18841"}],"wp:attachment":[{"href":"https:\/\/targetmalaria.org\/fr\/wp-json\/wp\/v2\/media?parent=9953"}],"curies":[{"name":"wp","href":"https:\/\/api.w.org\/{rel}","templated":true}]}}