{"id":9686,"date":"2023-01-19T15:41:20","date_gmt":"2023-01-19T15:41:20","guid":{"rendered":"https:\/\/targetmalaria.org\/notre-mission-2\/notre-processus-de-developpement\/"},"modified":"2025-11-17T14:45:32","modified_gmt":"2025-11-17T14:45:32","slug":"notre-processus-de-developpement","status":"publish","type":"page","link":"https:\/\/targetmalaria.org\/fr\/notre-mission\/notre-processus-de-developpement\/","title":{"rendered":"Notre processus de d\u00e9veloppement"},"content":{"rendered":"<div class=\"ragged-edge-parent alignfull is-light\">\n<div class=\"wp-block-cover alignfull is-light firstCover ragged_edge-position-both\" style=\"min-height:25vw;aspect-ratio:unset;\"><img loading=\"lazy\" decoding=\"async\" width=\"1200\" height=\"800\" class=\"wp-block-cover__image-background wp-image-12609 size-full\" alt=\"A staff member in the insectary bleaches mosquito eggs using laboratory equiptment\" src=\"https:\/\/targetmalaria.org\/wp-content\/uploads\/2023\/05\/TargetMalariaUganda_8_Lab.jpg\" style=\"object-position:53% 60%\" data-object-fit=\"cover\" data-object-position=\"53% 60%\" srcset=\"https:\/\/targetmalaria.org\/wp-content\/uploads\/2023\/05\/TargetMalariaUganda_8_Lab.jpg 1200w, https:\/\/targetmalaria.org\/wp-content\/uploads\/2023\/05\/TargetMalariaUganda_8_Lab-300x200.jpg 300w, https:\/\/targetmalaria.org\/wp-content\/uploads\/2023\/05\/TargetMalariaUganda_8_Lab-1024x683.jpg 1024w, https:\/\/targetmalaria.org\/wp-content\/uploads\/2023\/05\/TargetMalariaUganda_8_Lab-768x512.jpg 768w\" sizes=\"auto, (max-width: 1200px) 100vw, 1200px\" \/><span aria-hidden=\"true\" class=\"wp-block-cover__background has-background-dim-0 has-background-dim\"><\/span><div class=\"wp-block-cover__inner-container has-global-padding is-layout-constrained wp-block-cover-is-layout-constrained\">\n<p class=\"has-text-align-center has-large-font-size\"><\/p>\n<\/div><\/div>\n<\/div>\n\n\n<div class=\"wp-block-columns is-layout-flex wp-container-core-columns-is-layout-0884d4d2 wp-block-columns-is-layout-flex\" style=\"margin-top:var(--wp--preset--spacing--50);margin-bottom:var(--wp--preset--spacing--50)\">\n<div class=\"wp-block-column is-layout-flow wp-block-column-is-layout-flow\" style=\"flex-basis:33.33%\">\n<h2 class=\"wp-block-heading\">Target Malaria proc\u00e8de par \u00e9tapes au d\u00e9veloppement de ses technologies g\u00e9n\u00e9tiques innovantes.<\/h2>\n<\/div>\n\n\n\n<div class=\"wp-block-column is-layout-flow wp-block-column-is-layout-flow\" style=\"flex-basis:66.66%\">\n<p>Notre processus de d\u00e9veloppement en plusieurs phases suit les recommandations de plusieurs groupes d\u2019experts, dont le document de l\u2019Organisation mondiale de la sant\u00e9 (OMS) \u00ab&nbsp; <a href=\"https:\/\/www.who.int\/publications\/i\/item\/9789240025233\" target=\"_blank\" rel=\"noreferrer noopener\">Guidance framework for testing of genetically modified mosquitoes<\/a>&nbsp; \u00bb de 2021 (premi\u00e8re et seconde editions), et le rapport en 2016 de la National Academies of Sciences, Engineering and Medicine \u00ab&nbsp; <a href=\"https:\/\/nap.nationalacademies.org\/catalog\/23405\/gene-drives-on-the-horizon-advancing-science-navigating-uncertainty-and\" target=\"_blank\" rel=\"noreferrer noopener\">Gene Drives on the Horizon<\/a> &nbsp;\u00bb, ainsi que le document \u00ab&nbsp; <a href=\"https:\/\/pubmed.ncbi.nlm.nih.gov\/29882508\/\" target=\"_blank\" rel=\"noreferrer noopener\">Pathway to Deployment of Gene Drive Mosquitoes as a Potential Biocontrol Tool for Elimination of Malaria in Sub-Saharan Africa: Recommendations of a Scientific Working Group<\/a> &nbsp;\u00bb, en 2018.<\/p>\n\n\n\n<p>Nous cherchons \u00e0 d\u00e9velopper des technologies g\u00e9n\u00e9tiques efficaces pour la lutte anti-vectorielle qui soient durables et \u00e9conomiques, puisque ce sont les moustiques eux-m\u00eames qui contribueront \u00e0 la lutte contre le paludisme.&nbsp;Bien que nous ayons r\u00e9alis\u00e9 des progr\u00e8s significatifs dans nos recherches et que les r\u00e9sultats soient jusqu\u2019\u00e0 pr\u00e9sent prometteurs, il nous reste encore beaucoup de chemin \u00e0 parcourir.<\/p>\n<\/div>\n<\/div>\n\n\n\n<div class=\"wp-block-columns is-layout-flex wp-container-core-columns-is-layout-74d6d6fe wp-block-columns-is-layout-flex\" style=\"padding-top:var(--wp--preset--spacing--20);padding-bottom:var(--wp--preset--spacing--40)\">\n<div class=\"wp-block-column is-layout-flow wp-block-column-is-layout-flow\">\n<figure class=\"wp-block-image size-large\"><a href=\"https:\/\/targetmalaria.org\/fr\/notre-mission\/notre-processus-de-developpement\/male-sterile-genetiquement-modifie\/\"><img loading=\"lazy\" decoding=\"async\" width=\"1024\" height=\"1024\" src=\"https:\/\/targetmalaria.org\/wp-content\/uploads\/2024\/04\/male_sterile_fr-1024x1024.png\" alt=\"\" class=\"wp-image-16533\" srcset=\"https:\/\/targetmalaria.org\/wp-content\/uploads\/2024\/04\/male_sterile_fr-1024x1024.png 1024w, https:\/\/targetmalaria.org\/wp-content\/uploads\/2024\/04\/male_sterile_fr-425x425.png 425w, https:\/\/targetmalaria.org\/wp-content\/uploads\/2024\/04\/male_sterile_fr-150x150.png 150w, https:\/\/targetmalaria.org\/wp-content\/uploads\/2024\/04\/male_sterile_fr-768x768.png 768w, https:\/\/targetmalaria.org\/wp-content\/uploads\/2024\/04\/male_sterile_fr-300x300.png 300w, https:\/\/targetmalaria.org\/wp-content\/uploads\/2024\/04\/male_sterile_fr.png 1299w\" sizes=\"auto, (max-width: 1024px) 100vw, 1024px\" \/><\/a><\/figure>\n<\/div>\n\n\n\n<div class=\"wp-block-column is-layout-flow wp-block-column-is-layout-flow\">\n<figure class=\"wp-block-image size-large\"><a href=\"https:\/\/targetmalaria.org\/fr\/notre-mission\/notre-processus-de-developpement\/male-biaise-genetiquement-modifie\/\"><img loading=\"lazy\" decoding=\"async\" width=\"1024\" height=\"1024\" src=\"https:\/\/targetmalaria.org\/wp-content\/uploads\/2024\/04\/male_biaise_fr-1024x1024.png\" alt=\"\" class=\"wp-image-16531\" srcset=\"https:\/\/targetmalaria.org\/wp-content\/uploads\/2024\/04\/male_biaise_fr-1024x1024.png 1024w, https:\/\/targetmalaria.org\/wp-content\/uploads\/2024\/04\/male_biaise_fr-425x425.png 425w, https:\/\/targetmalaria.org\/wp-content\/uploads\/2024\/04\/male_biaise_fr-150x150.png 150w, https:\/\/targetmalaria.org\/wp-content\/uploads\/2024\/04\/male_biaise_fr-768x768.png 768w, https:\/\/targetmalaria.org\/wp-content\/uploads\/2024\/04\/male_biaise_fr-300x300.png 300w, https:\/\/targetmalaria.org\/wp-content\/uploads\/2024\/04\/male_biaise_fr.png 1299w\" sizes=\"auto, (max-width: 1024px) 100vw, 1024px\" \/><\/a><\/figure>\n<\/div>\n\n\n\n<div class=\"wp-block-column is-layout-flow wp-block-column-is-layout-flow\">\n<figure class=\"wp-block-image size-large\"><a href=\"https:\/\/targetmalaria.org\/fr\/notre-mission\/notre-processus-de-developpement\/male-biaise-et-fertilite-de-la-femelle\/\"><img loading=\"lazy\" decoding=\"async\" width=\"1024\" height=\"1024\" src=\"https:\/\/targetmalaria.org\/wp-content\/uploads\/2024\/04\/impulsion_genetique_fr-1024x1024.png\" alt=\"\" class=\"wp-image-16529\" srcset=\"https:\/\/targetmalaria.org\/wp-content\/uploads\/2024\/04\/impulsion_genetique_fr-1024x1024.png 1024w, https:\/\/targetmalaria.org\/wp-content\/uploads\/2024\/04\/impulsion_genetique_fr-425x425.png 425w, https:\/\/targetmalaria.org\/wp-content\/uploads\/2024\/04\/impulsion_genetique_fr-150x150.png 150w, https:\/\/targetmalaria.org\/wp-content\/uploads\/2024\/04\/impulsion_genetique_fr-768x768.png 768w, https:\/\/targetmalaria.org\/wp-content\/uploads\/2024\/04\/impulsion_genetique_fr-300x300.png 300w, https:\/\/targetmalaria.org\/wp-content\/uploads\/2024\/04\/impulsion_genetique_fr.png 1299w\" sizes=\"auto, (max-width: 1024px) 100vw, 1024px\" \/><\/a><\/figure>\n<\/div>\n<\/div>\n","protected":false},"excerpt":{"rendered":"<p>Target Malaria proc\u00e8de par \u00e9tapes au d\u00e9veloppement de ses technologies g\u00e9n\u00e9tiques innovantes. Nous cherchons \u00e0 d\u00e9velopper des technologies g\u00e9n\u00e9tiques efficaces pour la lutte anti-vectorielle qui soient durables et \u00e9conomiques, puisque ce sont les moustiques eux-m\u00eames qui contribueront \u00e0 la lutte contre le paludisme.<\/p>\n","protected":false},"author":31,"featured_media":12610,"parent":5217,"menu_order":17,"comment_status":"closed","ping_status":"closed","template":"","meta":{"_acf_changed":false,"_relevanssi_hide_post":"","_relevanssi_hide_content":"","_relevanssi_pin_for_all":"","_relevanssi_pin_keywords":"","_relevanssi_unpin_keywords":"","_relevanssi_related_keywords":"","_relevanssi_related_include_ids":"","_relevanssi_related_exclude_ids":"","_relevanssi_related_no_append":"","_relevanssi_related_not_related":"","_relevanssi_related_posts":"","_relevanssi_noindex_reason":"","featured_image_focal_point":{"x":0.39,"y":0.11},"footnotes":""},"class_list":["post-9686","page","type-page","status-publish","has-post-thumbnail","hentry"],"acf":[],"yoast_head":"<!-- This site is optimized with the Yoast SEO plugin v27.4 - https:\/\/yoast.com\/product\/yoast-seo-wordpress\/ -->\n<title>Notre processus de d\u00e9veloppement - Target Malaria<\/title>\n<meta name=\"robots\" content=\"index, follow, max-snippet:-1, max-image-preview:large, max-video-preview:-1\" \/>\n<link rel=\"canonical\" href=\"https:\/\/targetmalaria.org\/fr\/notre-mission\/notre-processus-de-developpement\/\" \/>\n<meta property=\"og:locale\" content=\"fr_FR\" \/>\n<meta property=\"og:type\" content=\"article\" \/>\n<meta property=\"og:title\" content=\"Notre processus de d\u00e9veloppement - Target Malaria\" \/>\n<meta property=\"og:description\" content=\"Target Malaria proc\u00e8de par \u00e9tapes au d\u00e9veloppement de ses technologies g\u00e9n\u00e9tiques innovantes. Nous cherchons \u00e0 d\u00e9velopper des technologies g\u00e9n\u00e9tiques efficaces pour la lutte anti-vectorielle qui soient durables et \u00e9conomiques, puisque ce sont les moustiques eux-m\u00eames qui contribueront \u00e0 la lutte contre le paludisme.\" \/>\n<meta property=\"og:url\" content=\"https:\/\/targetmalaria.org\/fr\/notre-mission\/notre-processus-de-developpement\/\" \/>\n<meta property=\"og:site_name\" content=\"Target Malaria\" \/>\n<meta property=\"article:publisher\" content=\"https:\/\/www.facebook.com\/TargetMalariaGlobal\/\" \/>\n<meta property=\"article:modified_time\" content=\"2025-11-17T14:45:32+00:00\" \/>\n<meta property=\"og:image\" content=\"https:\/\/targetmalaria.org\/wp-content\/uploads\/2023\/05\/TargetMalariaUganda_8_Lab.jpg\" \/>\n\t<meta property=\"og:image:width\" content=\"1200\" \/>\n\t<meta property=\"og:image:height\" content=\"800\" \/>\n\t<meta property=\"og:image:type\" content=\"image\/jpeg\" \/>\n<meta name=\"twitter:card\" content=\"summary_large_image\" \/>\n<meta name=\"twitter:site\" content=\"@TargetMalaria\" \/>\n<meta name=\"twitter:label1\" content=\"Dur\u00e9e de lecture estim\u00e9e\" \/>\n\t<meta name=\"twitter:data1\" content=\"2 minutes\" \/>\n<script type=\"application\/ld+json\" class=\"yoast-schema-graph\">{\"@context\":\"https:\\\/\\\/schema.org\",\"@graph\":[{\"@type\":\"WebPage\",\"@id\":\"https:\\\/\\\/targetmalaria.org\\\/fr\\\/notre-mission\\\/notre-processus-de-developpement\\\/\",\"url\":\"https:\\\/\\\/targetmalaria.org\\\/fr\\\/notre-mission\\\/notre-processus-de-developpement\\\/\",\"name\":\"Notre processus de d\u00e9veloppement - Target Malaria\",\"isPartOf\":{\"@id\":\"https:\\\/\\\/targetmalaria.org\\\/fr\\\/#website\"},\"primaryImageOfPage\":{\"@id\":\"https:\\\/\\\/targetmalaria.org\\\/fr\\\/notre-mission\\\/notre-processus-de-developpement\\\/#primaryimage\"},\"image\":{\"@id\":\"https:\\\/\\\/targetmalaria.org\\\/fr\\\/notre-mission\\\/notre-processus-de-developpement\\\/#primaryimage\"},\"thumbnailUrl\":\"https:\\\/\\\/targetmalaria.org\\\/wp-content\\\/uploads\\\/2023\\\/05\\\/TargetMalariaUganda_8_Lab.jpg\",\"datePublished\":\"2023-01-19T15:41:20+00:00\",\"dateModified\":\"2025-11-17T14:45:32+00:00\",\"breadcrumb\":{\"@id\":\"https:\\\/\\\/targetmalaria.org\\\/fr\\\/notre-mission\\\/notre-processus-de-developpement\\\/#breadcrumb\"},\"inLanguage\":\"fr-FR\",\"potentialAction\":[{\"@type\":\"ReadAction\",\"target\":[\"https:\\\/\\\/targetmalaria.org\\\/fr\\\/notre-mission\\\/notre-processus-de-developpement\\\/\"]}]},{\"@type\":\"ImageObject\",\"inLanguage\":\"fr-FR\",\"@id\":\"https:\\\/\\\/targetmalaria.org\\\/fr\\\/notre-mission\\\/notre-processus-de-developpement\\\/#primaryimage\",\"url\":\"https:\\\/\\\/targetmalaria.org\\\/wp-content\\\/uploads\\\/2023\\\/05\\\/TargetMalariaUganda_8_Lab.jpg\",\"contentUrl\":\"https:\\\/\\\/targetmalaria.org\\\/wp-content\\\/uploads\\\/2023\\\/05\\\/TargetMalariaUganda_8_Lab.jpg\",\"width\":1200,\"height\":800,\"caption\":\"Insectary staff bleaches mosquito eggs in the Target Malaria insectary\"},{\"@type\":\"BreadcrumbList\",\"@id\":\"https:\\\/\\\/targetmalaria.org\\\/fr\\\/notre-mission\\\/notre-processus-de-developpement\\\/#breadcrumb\",\"itemListElement\":[{\"@type\":\"ListItem\",\"position\":1,\"name\":\"Home\",\"item\":\"https:\\\/\\\/targetmalaria.org\\\/fr\\\/\"},{\"@type\":\"ListItem\",\"position\":2,\"name\":\"Notre mission\",\"item\":\"https:\\\/\\\/targetmalaria.org\\\/fr\\\/notre-mission\\\/\"},{\"@type\":\"ListItem\",\"position\":3,\"name\":\"Notre processus de d\u00e9veloppement\"}]},{\"@type\":\"WebSite\",\"@id\":\"https:\\\/\\\/targetmalaria.org\\\/fr\\\/#website\",\"url\":\"https:\\\/\\\/targetmalaria.org\\\/fr\\\/\",\"name\":\"Target Malaria\",\"description\":\"\",\"publisher\":{\"@id\":\"https:\\\/\\\/targetmalaria.org\\\/fr\\\/#organization\"},\"potentialAction\":[{\"@type\":\"SearchAction\",\"target\":{\"@type\":\"EntryPoint\",\"urlTemplate\":\"https:\\\/\\\/targetmalaria.org\\\/fr\\\/?s={search_term_string}\"},\"query-input\":{\"@type\":\"PropertyValueSpecification\",\"valueRequired\":true,\"valueName\":\"search_term_string\"}}],\"inLanguage\":\"fr-FR\"},{\"@type\":\"Organization\",\"@id\":\"https:\\\/\\\/targetmalaria.org\\\/fr\\\/#organization\",\"name\":\"Target Malaria\",\"url\":\"https:\\\/\\\/targetmalaria.org\\\/fr\\\/\",\"logo\":{\"@type\":\"ImageObject\",\"inLanguage\":\"fr-FR\",\"@id\":\"https:\\\/\\\/targetmalaria.org\\\/fr\\\/#\\\/schema\\\/logo\\\/image\\\/\",\"url\":\"https:\\\/\\\/targetmalaria.org\\\/wp-content\\\/uploads\\\/2025\\\/08\\\/target_malaria_bf_logo.png\",\"contentUrl\":\"https:\\\/\\\/targetmalaria.org\\\/wp-content\\\/uploads\\\/2025\\\/08\\\/target_malaria_bf_logo.png\",\"width\":1920,\"height\":1080,\"caption\":\"Target Malaria\"},\"image\":{\"@id\":\"https:\\\/\\\/targetmalaria.org\\\/fr\\\/#\\\/schema\\\/logo\\\/image\\\/\"},\"sameAs\":[\"https:\\\/\\\/www.facebook.com\\\/TargetMalariaGlobal\\\/\",\"https:\\\/\\\/x.com\\\/TargetMalaria\",\"https:\\\/\\\/www.linkedin.com\\\/company\\\/target-malaria\",\"https:\\\/\\\/youtube.com\\\/@TargetMalaria\"]}]}<\/script>\n<!-- \/ Yoast SEO plugin. -->","yoast_head_json":{"title":"Notre processus de d\u00e9veloppement - Target Malaria","robots":{"index":"index","follow":"follow","max-snippet":"max-snippet:-1","max-image-preview":"max-image-preview:large","max-video-preview":"max-video-preview:-1"},"canonical":"https:\/\/targetmalaria.org\/fr\/notre-mission\/notre-processus-de-developpement\/","og_locale":"fr_FR","og_type":"article","og_title":"Notre processus de d\u00e9veloppement - Target Malaria","og_description":"Target Malaria proc\u00e8de par \u00e9tapes au d\u00e9veloppement de ses technologies g\u00e9n\u00e9tiques innovantes. Nous cherchons \u00e0 d\u00e9velopper des technologies g\u00e9n\u00e9tiques efficaces pour la lutte anti-vectorielle qui soient durables et \u00e9conomiques, puisque ce sont les moustiques eux-m\u00eames qui contribueront \u00e0 la lutte contre le paludisme.","og_url":"https:\/\/targetmalaria.org\/fr\/notre-mission\/notre-processus-de-developpement\/","og_site_name":"Target Malaria","article_publisher":"https:\/\/www.facebook.com\/TargetMalariaGlobal\/","article_modified_time":"2025-11-17T14:45:32+00:00","og_image":[{"width":1200,"height":800,"url":"https:\/\/targetmalaria.org\/wp-content\/uploads\/2023\/05\/TargetMalariaUganda_8_Lab.jpg","type":"image\/jpeg"}],"twitter_card":"summary_large_image","twitter_site":"@TargetMalaria","twitter_misc":{"Dur\u00e9e de lecture estim\u00e9e":"2 minutes"},"schema":{"@context":"https:\/\/schema.org","@graph":[{"@type":"WebPage","@id":"https:\/\/targetmalaria.org\/fr\/notre-mission\/notre-processus-de-developpement\/","url":"https:\/\/targetmalaria.org\/fr\/notre-mission\/notre-processus-de-developpement\/","name":"Notre processus de d\u00e9veloppement - Target Malaria","isPartOf":{"@id":"https:\/\/targetmalaria.org\/fr\/#website"},"primaryImageOfPage":{"@id":"https:\/\/targetmalaria.org\/fr\/notre-mission\/notre-processus-de-developpement\/#primaryimage"},"image":{"@id":"https:\/\/targetmalaria.org\/fr\/notre-mission\/notre-processus-de-developpement\/#primaryimage"},"thumbnailUrl":"https:\/\/targetmalaria.org\/wp-content\/uploads\/2023\/05\/TargetMalariaUganda_8_Lab.jpg","datePublished":"2023-01-19T15:41:20+00:00","dateModified":"2025-11-17T14:45:32+00:00","breadcrumb":{"@id":"https:\/\/targetmalaria.org\/fr\/notre-mission\/notre-processus-de-developpement\/#breadcrumb"},"inLanguage":"fr-FR","potentialAction":[{"@type":"ReadAction","target":["https:\/\/targetmalaria.org\/fr\/notre-mission\/notre-processus-de-developpement\/"]}]},{"@type":"ImageObject","inLanguage":"fr-FR","@id":"https:\/\/targetmalaria.org\/fr\/notre-mission\/notre-processus-de-developpement\/#primaryimage","url":"https:\/\/targetmalaria.org\/wp-content\/uploads\/2023\/05\/TargetMalariaUganda_8_Lab.jpg","contentUrl":"https:\/\/targetmalaria.org\/wp-content\/uploads\/2023\/05\/TargetMalariaUganda_8_Lab.jpg","width":1200,"height":800,"caption":"Insectary staff bleaches mosquito eggs in the Target Malaria insectary"},{"@type":"BreadcrumbList","@id":"https:\/\/targetmalaria.org\/fr\/notre-mission\/notre-processus-de-developpement\/#breadcrumb","itemListElement":[{"@type":"ListItem","position":1,"name":"Home","item":"https:\/\/targetmalaria.org\/fr\/"},{"@type":"ListItem","position":2,"name":"Notre mission","item":"https:\/\/targetmalaria.org\/fr\/notre-mission\/"},{"@type":"ListItem","position":3,"name":"Notre processus de d\u00e9veloppement"}]},{"@type":"WebSite","@id":"https:\/\/targetmalaria.org\/fr\/#website","url":"https:\/\/targetmalaria.org\/fr\/","name":"Target Malaria","description":"","publisher":{"@id":"https:\/\/targetmalaria.org\/fr\/#organization"},"potentialAction":[{"@type":"SearchAction","target":{"@type":"EntryPoint","urlTemplate":"https:\/\/targetmalaria.org\/fr\/?s={search_term_string}"},"query-input":{"@type":"PropertyValueSpecification","valueRequired":true,"valueName":"search_term_string"}}],"inLanguage":"fr-FR"},{"@type":"Organization","@id":"https:\/\/targetmalaria.org\/fr\/#organization","name":"Target Malaria","url":"https:\/\/targetmalaria.org\/fr\/","logo":{"@type":"ImageObject","inLanguage":"fr-FR","@id":"https:\/\/targetmalaria.org\/fr\/#\/schema\/logo\/image\/","url":"https:\/\/targetmalaria.org\/wp-content\/uploads\/2025\/08\/target_malaria_bf_logo.png","contentUrl":"https:\/\/targetmalaria.org\/wp-content\/uploads\/2025\/08\/target_malaria_bf_logo.png","width":1920,"height":1080,"caption":"Target Malaria"},"image":{"@id":"https:\/\/targetmalaria.org\/fr\/#\/schema\/logo\/image\/"},"sameAs":["https:\/\/www.facebook.com\/TargetMalariaGlobal\/","https:\/\/x.com\/TargetMalaria","https:\/\/www.linkedin.com\/company\/target-malaria","https:\/\/youtube.com\/@TargetMalaria"]}]}},"_links":{"self":[{"href":"https:\/\/targetmalaria.org\/fr\/wp-json\/wp\/v2\/pages\/9686","targetHints":{"allow":["GET"]}}],"collection":[{"href":"https:\/\/targetmalaria.org\/fr\/wp-json\/wp\/v2\/pages"}],"about":[{"href":"https:\/\/targetmalaria.org\/fr\/wp-json\/wp\/v2\/types\/page"}],"author":[{"embeddable":true,"href":"https:\/\/targetmalaria.org\/fr\/wp-json\/wp\/v2\/users\/31"}],"replies":[{"embeddable":true,"href":"https:\/\/targetmalaria.org\/fr\/wp-json\/wp\/v2\/comments?post=9686"}],"version-history":[{"count":5,"href":"https:\/\/targetmalaria.org\/fr\/wp-json\/wp\/v2\/pages\/9686\/revisions"}],"predecessor-version":[{"id":23339,"href":"https:\/\/targetmalaria.org\/fr\/wp-json\/wp\/v2\/pages\/9686\/revisions\/23339"}],"up":[{"embeddable":true,"href":"https:\/\/targetmalaria.org\/fr\/wp-json\/wp\/v2\/pages\/5217"}],"wp:featuredmedia":[{"embeddable":true,"href":"https:\/\/targetmalaria.org\/fr\/wp-json\/wp\/v2\/media\/12610"}],"wp:attachment":[{"href":"https:\/\/targetmalaria.org\/fr\/wp-json\/wp\/v2\/media?parent=9686"}],"curies":[{"name":"wp","href":"https:\/\/api.w.org\/{rel}","templated":true}]}}