{"id":9127,"date":"2022-12-12T15:10:29","date_gmt":"2022-12-12T15:10:29","guid":{"rendered":"https:\/\/targetmalaria.org\/%c2%a7-qui-sommes-nous\/"},"modified":"2026-01-22T09:13:24","modified_gmt":"2026-01-22T09:13:24","slug":"qui-sommes-nous","status":"publish","type":"page","link":"https:\/\/targetmalaria.org\/fr\/qui-sommes-nous\/","title":{"rendered":"Qui sommes-nous?"},"content":{"rendered":"<div class=\"ragged-edge-parent alignfull is-light\">\n<div class=\"wp-block-cover alignfull is-light firstCover ragged_edge-position-both\" style=\"min-height:25vw;aspect-ratio:unset;\"><img decoding=\"async\" class=\"wp-block-cover__image-background wp-image-22625 size-landscape_hd\" alt=\"\" src=\"https:\/\/targetmalaria.org\/wp-content\/uploads\/2025\/09\/entebbe_team_photo_2017-1920x1080.jpg\" style=\"object-position:48% 97%\" data-object-fit=\"cover\" data-object-position=\"48% 97%\"\/><span aria-hidden=\"true\" class=\"wp-block-cover__background has-background-dim-0 has-background-dim\"><\/span><div class=\"wp-block-cover__inner-container has-global-padding is-layout-constrained wp-block-cover-is-layout-constrained\">\n<p class=\"has-text-align-center has-large-font-size\"><\/p>\n<\/div><\/div>\n<\/div>\n\n\n<div class=\"wp-block-columns is-layout-flex wp-container-core-columns-is-layout-0884d4d2 wp-block-columns-is-layout-flex\" style=\"margin-top:var(--wp--preset--spacing--50);margin-bottom:var(--wp--preset--spacing--50)\">\n<div class=\"wp-block-column is-layout-flow wp-block-column-is-layout-flow\" style=\"flex-basis:33.33%\">\n<h2 class=\"wp-block-heading\">Target Malaria est un consortium international de recherche \u00e0 but non-lucratif qui vise \u00e0 co-d\u00e9velopper et partager des technologies g\u00e9n\u00e9tiques nouvelles, durables et \u00e9conomiques, visant \u00e0 modifier les moustiques et r\u00e9duire la transmission du paludisme.<\/h2>\n<\/div>\n\n\n\n<div class=\"wp-block-column is-layout-flow wp-block-column-is-layout-flow\" style=\"flex-basis:66.66%\">\n<p>Programme de recherche universitaire \u00e0 ses tout d\u00e9buts, Target Malaria inclut d\u00e9sormais des scientifiques, des \u00e9quipes d\u2019engagement des communaut\u00e9s, des sp\u00e9cialistes des affaires r\u00e9glementaires, de l\u2019\u00e9valuation des risques et de la communication, ainsi que des \u00e9quipes de gestion de projet venant d\u2019Afrique, d\u2019Am\u00e9rique du Nord et d\u2019Europe. Target Malaria re\u00e7oit son financement principal de la <a href=\"http:\/\/www.gatesfoundation.org\/\" target=\"_blank\" rel=\"noreferrer noopener\">Fondation Gates<\/a> et de <a href=\"https:\/\/coefficientgiving.org\" target=\"_blank\" rel=\"noreferrer noopener\">Coefficient Giving<\/a>. Les laboratoires b\u00e9n\u00e9ficient en outre de financements individuels provenant de sources diverses \u00e0 l\u2019appui de leurs travaux, y compris, \u00e0 titre non limitatif : le <a href=\"https:\/\/www.gov.uk\/government\/organisations\/department-for-environment-food-rural-affairs\" target=\"_blank\" rel=\"noreferrer noopener\">Department for Food Environment and Rural Affairs \u2013 DEFRA (Royaume-Uni)<\/a>, <a href=\"https:\/\/ec.europa.eu\/info\/index_en\" target=\"_blank\" rel=\"noreferrer noopener\">la Commission europ\u00e9enne<\/a>, le <a href=\"https:\/\/www.imperial.ac.uk\/mrc-global-infectious-disease-analysis\/\" target=\"_blank\" rel=\"noreferrer noopener\">MRC Centre for Global Infectious Disease Analysis (Royaume-Uni)<\/a>, le <a href=\"https:\/\/www.nih.gov\/\" target=\"_blank\" rel=\"noreferrer noopener\">National Institutes of Health \u2013 NIH (Etats-Unis)<\/a>, le <a href=\"https:\/\/www.health.go.ug\/\" target=\"_blank\" rel=\"noreferrer noopener\">minist\u00e8re Ougandais de la Sant\u00e9 \u2013 UNCST<\/a>, le <a href=\"https:\/\/wellcome.ac.uk\/\" target=\"_blank\" rel=\"noreferrer noopener\">Wellcome Trust (Royaume-Uni)<\/a> et la <a href=\"https:\/\/www.worldbank.org\/\" target=\"_blank\" rel=\"noreferrer noopener\">Banque Mondiale<\/a>.<\/p>\n\n\n\n<p><strong>La vision de Target Malaria est de contribuer \u00e0 un monde exempt de paludisme.<\/strong><\/p>\n\n\n\n<p>Nous ne pouvons pas gagner \u00e0 nous seuls la bataille contre le paludisme et nous d\u00e9veloppons une technologie qui viendra compl\u00e9ter les efforts actuels de lutte anti-paludique. Target Malaria est en qu\u00eate d\u2019excellence dans toutes les facettes de son travail et souhaite cr\u00e9er un parcours de recherche responsable pour le d\u00e9veloppement de technologies g\u00e9n\u00e9tiques. Nous co-d\u00e9veloppons en parall\u00e8le \u00e0 la fois nos technologies et la base de connaissances connexes, tout en veillant \u00e0 ce que nos travaux soient fond\u00e9s sur des \u00e9l\u00e9ments probants, afin de fournir des technologies s\u00fbres et efficaces \u00e0 ceux qui en ont besoin. Nous nous sommes engag\u00e9s en faveur de la transparence et de la responsabilit\u00e9 dans nos travaux, aussi bien que dans nos relations et nos prises de d\u00e9cisions.<\/p>\n\n\n\n<h5 class=\"wp-block-heading\"><a href=\"https:\/\/targetmalaria.org\/wp-content\/uploads\/2024\/02\/Mission_Vision_Values_Statement_full_Fr.pdf\" target=\"_blank\" rel=\"noreferrer noopener\">Consulter l\u2019int\u00e9gralit\u00e9 de la d\u00e9claration relative \u00e0 notre Vision, notre Mission, et nos Valeurs.<\/a><\/h5>\n\n\n\n<h5 class=\"wp-block-heading\"><a href=\"https:\/\/targetmalaria.org\/wp-content\/uploads\/2022\/11\/De%CC%81claration_Notre_Statut_ButNonLucratif.pdf\" target=\"_blank\" rel=\"noreferrer noopener\">Consulter la d\u00e9claration sur le statut \u00ab \u00e0 but non lucratif \u00bb.<\/a><\/h5>\n\n\n\n<p>En tant que b\u00e9n\u00e9ficiaire de la Fondation Gates, Target Malaria suit l\u2019engagement d\u2019<a href=\"https:\/\/www.gatesfoundation.org\/about\/policies-and-resources\/global-access-statement\" target=\"_blank\" rel=\"noreferrer noopener\">Acc\u00e8s Global<\/a>.<br>Cela signifie que : (a) les connaissances et les informations acquises gr\u00e2ce au projet sont rapidement et largement diffus\u00e9es ; et (b) les d\u00e9veloppements financ\u00e9s seront mis \u00e0 disposition et accessibles \u00e0 un prix abordable aux personnes les plus n\u00e9cessiteuses dans les pays en d\u00e9veloppement. Target Malaria suit \u00e9galement la <a href=\"https:\/\/www.gatesfoundation.org\/about\/policies-and-resources\/open-access-policy\" target=\"_blank\" rel=\"noreferrer noopener\">politique de libre acc\u00e8s<\/a> de la Fondation qui permet l\u2019acc\u00e8s et la r\u00e9utilisation sans restriction de toutes les recherches revues par des comit\u00e9s de lectures et publi\u00e9es qui ont \u00e9t\u00e9 financ\u00e9es, en tout ou en partie, par la Fondation, y compris tous les ensembles de donn\u00e9es sous-jacents.<\/p>\n\n\n\n<p>Nos \u00e9quipes sont organis\u00e9es par \u00ab fonctions \u00bb ce qui les am\u00e8ne \u00e0 travailler souvent sur plusieurs sites. D\u00e9couvrez ci-dessous les fonctions de nos \u00e9quipes :<\/p>\n\n\n\n<details class=\"wp-block-details is-style-details_accordion is-layout-flow wp-block-details-is-layout-flow\" name=\"teams\"><summary><strong>Les \u00e9quipes scientifiques<\/strong><\/summary>\n<p>Les \u00e9quipes scientifiques rassemblent des experts dans une gamme de disciplines, dont la biologie mol\u00e9culaire, la g\u00e9n\u00e9tique de population, l\u2019entomologie et la mod\u00e9lisation.<\/p>\n\n\n\n<p>Nos \u00e9quipes de biologie mol\u00e9culaire travaillent au d\u00e9veloppement des stades initiaux de la technologie ; elles examinent comment construire au mieux les modifications et les ins\u00e9rer avec le maximum d\u2019efficacit\u00e9 dans les g\u00e8nes des moustiques du paludisme. Les entomologistes et les g\u00e9n\u00e9ticiens de population \u00e9tudient les populations locales de moustiques, pour conna\u00eetre leur composition et leur comportement, et collaborent aussi avec les \u00e9quipes charg\u00e9es du maintien et de l\u2019\u00e9valuation des moustiques modifi\u00e9s en insectarium pour comparer leur comportement.<\/p>\n\n\n\n<p>Nous avons \u00e9galement des \u00e9quipes d\u2019experts en mod\u00e9lisation qui nous aident \u00e0 r\u00e9fl\u00e9chir \u00e0 la dynamique de population et \u00e0 voir comment, si la recherche aboutit, il serait un jour possible de mettre en \u0153uvre la technologie.<\/p>\n\n\n\n<p>Les \u00e9quipes scientifiques sont diss\u00e9min\u00e9es \u00e0 travers le monde, en Afrique, en Europe et sur le continent nord-am\u00e9ricain.<\/p>\n<\/details>\n\n\n\n<details class=\"wp-block-details is-style-details_accordion is-layout-flow wp-block-details-is-layout-flow\" name=\"teams\"><summary><strong>L\u2019\u00e9quipe d\u2019Engagement des parties prenantes et Communication<\/strong><\/summary>\n<p>Nos \u00e9quipes s\u2019efforcent de d\u00e9velopper une technologie innovante permettant de r\u00e9duire le nombre de moustiques vecteurs du paludisme et de minimiser ainsi la transmission de la maladie. Or, cela ne peut fonctionner que si les populations affect\u00e9es apportent leur soutien \u00e0 notre approche. L\u2019engagement des parties prenantes est une priorit\u00e9, c\u2019est l\u2019un de nos trois piliers essentiels (Engagement des parties prenantes \u2013 Affaires R\u00e9glementaires \u2013 Recherche Scientifique). Nous avons des \u00e9quipes de sp\u00e9cialistes en sciences sociales et de praticiens de l\u2019engagement des parties prenantes intervenant \u00e0 diff\u00e9rents niveaux : communaut\u00e9s sur le terrain et environnant les insectariums, autorit\u00e9s locales et nationales, parties prenantes internationales.<\/p>\n\n\n\n<p>Du fait de la complexit\u00e9 de nos travaux, une communication efficace est essentielle pour que les parties prenantes comprennent la nature de nos activit\u00e9s et nos processus de recherche. Notre \u00e9quipe Communication collabore avec les autres \u00e9quipes \u2013 Scientifiques, Engagement des parties prenantes, Affaires R\u00e9glementaires et Gestion de projet \u2013 pour communiquer des informations exactes et coh\u00e9rentes aux diff\u00e9rents groupes d\u2019interlocuteurs, pour r\u00e9pondre \u00e0 leurs questions et g\u00e9rer leurs pr\u00e9occupations.<\/p>\n<\/details>\n\n\n\n<details class=\"wp-block-details is-style-details_accordion is-layout-flow wp-block-details-is-layout-flow\" name=\"teams\"><summary><strong>L\u2019\u00e9quipe des Affaires r\u00e9glementaires<\/strong><\/summary>\n<p>\u00c0 chaque \u00e9tape, nous nous engageons \u00e0 respecter les orientations internationales, \u00e0 nous conformer \u00e0 la l\u00e9gislation locale dans tous les pays participant au projet et \u00e0 respecter les bonnes pratiques. Notre \u00e9quipe Affaires r\u00e9glementaires nous aide \u00e0 comprendre quelles sont les exigences propres \u00e0 chaque pays et l\u2019information que nous devons fournir.<\/p>\n<\/details>\n\n\n\n<details class=\"wp-block-details is-style-details_accordion is-layout-flow wp-block-details-is-layout-flow\" name=\"teams\"><summary><strong>L\u2019\u00e9quipe Risque<\/strong><\/summary>\n<p>L\u2019\u00e9quipe Risque fournit des conseils en interne et revoit les risques dans l\u2019ensemble du projet, elle est en contact avec des \u00e9valuateurs de risques ind\u00e9pendants et contribue \u00e0 la conception et \u00e0 la mise en \u0153uvre de produits et pratiques conformes aux normes internationales en mati\u00e8re de bios\u00e9curit\u00e9.<\/p>\n<\/details>\n\n\n\n<details class=\"wp-block-details is-style-details_accordion is-layout-flow wp-block-details-is-layout-flow\" name=\"teams\"><summary><strong>L\u2019\u00e9quipe de Gestion de projet<\/strong><\/summary>\n<p>L\u2019\u00e9quipe Gestion de projet occupe un r\u00f4le central dans nos efforts. Nos principales \u00e9quipes ont toutes des chefs de projet qui sont charg\u00e9s de faire respecter les d\u00e9lais et les grandes lignes du projet. Ils font la liaison entre les diff\u00e9rents groupes d\u2019experts et ont des responsabilit\u00e9s cl\u00e9s en termes de fourniture et de gestion financi\u00e8re. Ils sont \u00e9galement charg\u00e9s de superviser les rapports remis \u00e0 nos bailleurs de fonds.<\/p>\n<\/details>\n\n\n\n<details class=\"wp-block-details is-style-details_accordion is-layout-flow wp-block-details-is-layout-flow\" name=\"teams\"><summary><strong>L\u2019\u00e9quipe de Gestion de projet<\/strong><\/summary>\n<p>L\u2019\u00e9quipe Gestion de projet occupe un r\u00f4le central dans nos efforts. Nos principales \u00e9quipes ont toutes des chefs de projet qui sont charg\u00e9s de faire respecter les d\u00e9lais et les grandes lignes du projet. Ils font la liaison entre les diff\u00e9rents groupes d\u2019experts et ont des responsabilit\u00e9s cl\u00e9s en termes de fourniture et de gestion financi\u00e8re. Ils sont \u00e9galement charg\u00e9s de superviser les rapports remis \u00e0 nos bailleurs de fonds.<\/p>\n<\/details>\n\n\n\n<details class=\"wp-block-details is-style-details_accordion is-layout-flow wp-block-details-is-layout-flow\" name=\"teams\"><summary><strong>Nos institutions partenaires<\/strong><\/summary>\n<p><strong>7 institutions with close to 200 experts<\/strong><\/p>\n\n\n\n<ul class=\"wp-block-list\">\n<li>CDC Foundation, \u00c9tats-Unis<\/li>\n\n\n\n<li>Imperial College London, Royaume-Uni<\/li>\n\n\n\n<li>Institut de Recherche en Sciences de la Sant\u00e9 \u2013 IRSS, Burkina Faso<\/li>\n\n\n\n<li>Polo d\u2019Innovazione di Genomica, Genetica e Biologia (P\u00f4le d\u2019innovation en g\u00e9nomique, g\u00e9n\u00e9tique et biologie) \u2013 PoloGGB, Italie<\/li>\n\n\n\n<li>Uganda Virus Research Institute \u2013 UVRI (Institut de recherche ougandais sur les virus), Ouganda<\/li>\n\n\n\n<li>Universit\u00e9 du Ghana, Ghana<\/li>\n\n\n\n<li>Universit\u00e9 d\u2019Oxford, Royaume-Uni<\/li>\n\n\n\n<li>Liverpool School of Tropical Medicine, Royaume-Uni<\/li>\n<\/ul>\n<\/details>\n\n\n\n<details class=\"wp-block-details is-style-details_accordion is-layout-flow wp-block-details-is-layout-flow\" name=\"teams\"><summary><strong>Nos anciens partenaires<\/strong><\/summary>\n<ul class=\"wp-block-list\">\n<li>Fred Hutchinson Cancer Research Centre,&nbsp; USA<\/li>\n\n\n\n<li>International Centre of Insect Physiology and Ecology (ICIPE), Kenya<\/li>\n\n\n\n<li>Instituto Nacional da Sa\u00fade P\u00fablica \u2013 INSP, Programa nacional de controlo do paludismo (National Institute of Health, National Malaria Programme), Cabo Verde<\/li>\n\n\n\n<li>Keele University, UK<\/li>\n\n\n\n<li>Malaria Research &amp; Training Center \u2013 MRTC, Universit\u00e9 des Sciences, des Techniques et des Technologies de Bamako (University of Sciences, Techniques and Technologies of Bamako), Mali<\/li>\n\n\n\n<li>Pregenen, USA<\/li>\n\n\n\n<li>Seattle Childrens Hospital, USA<\/li>\n\n\n\n<li>Universit\u00e0 degli Studi di Perugia, Italy<\/li>\n\n\n\n<li>University of Cambridge, UK<\/li>\n\n\n\n<li>University of Washington, USA<\/li>\n\n\n\n<li>Universit\u00e9 de Notre Dame, \u00c9tats-Unis<\/li>\n<\/ul>\n<\/details>\n<\/div>\n<\/div>\n","protected":false},"excerpt":{"rendered":"<p>Target Malaria est un consortium international de recherche \u00e0 but non-lucratif qui vise \u00e0 co-d\u00e9velopper et partager des technologies g\u00e9n\u00e9tiques nouvelles, durables et \u00e9conomiques, visant \u00e0 modifier les moustiques et r\u00e9duire la transmission du paludisme. Programme de recherche universitaire \u00e0 ses tout d\u00e9buts, Target Malaria inclut d\u00e9sormais des scientifiques, des \u00e9quipes d\u2019engagement des communaut\u00e9s, des [&hellip;]<\/p>\n","protected":false},"author":31,"featured_media":22663,"parent":0,"menu_order":63,"comment_status":"closed","ping_status":"closed","template":"","meta":{"_acf_changed":false,"_relevanssi_hide_post":"","_relevanssi_hide_content":"","_relevanssi_pin_for_all":"","_relevanssi_pin_keywords":"","_relevanssi_unpin_keywords":"","_relevanssi_related_keywords":"","_relevanssi_related_include_ids":"","_relevanssi_related_exclude_ids":"","_relevanssi_related_no_append":"","_relevanssi_related_not_related":"","_relevanssi_related_posts":"","_relevanssi_noindex_reason":"","featured_image_focal_point":[],"footnotes":""},"class_list":["post-9127","page","type-page","status-publish","has-post-thumbnail","hentry"],"acf":[],"yoast_head":"<!-- This site is optimized with the Yoast SEO plugin v27.3 - https:\/\/yoast.com\/product\/yoast-seo-wordpress\/ -->\n<title>Qui sommes-nous? - Target Malaria<\/title>\n<meta name=\"robots\" content=\"index, follow, max-snippet:-1, max-image-preview:large, max-video-preview:-1\" \/>\n<link rel=\"canonical\" href=\"https:\/\/targetmalaria.org\/fr\/qui-sommes-nous\/\" \/>\n<meta property=\"og:locale\" content=\"fr_FR\" \/>\n<meta property=\"og:type\" content=\"article\" \/>\n<meta property=\"og:title\" content=\"Qui sommes-nous? - Target Malaria\" \/>\n<meta property=\"og:description\" content=\"Target Malaria est un consortium international de recherche \u00e0 but non-lucratif qui vise \u00e0 co-d\u00e9velopper et partager des technologies g\u00e9n\u00e9tiques nouvelles, durables et \u00e9conomiques, visant \u00e0 modifier les moustiques et r\u00e9duire la transmission du paludisme. Programme de recherche universitaire \u00e0 ses tout d\u00e9buts, Target Malaria inclut d\u00e9sormais des scientifiques, des \u00e9quipes d\u2019engagement des communaut\u00e9s, des [&hellip;]\" \/>\n<meta property=\"og:url\" content=\"https:\/\/targetmalaria.org\/fr\/qui-sommes-nous\/\" \/>\n<meta property=\"og:site_name\" content=\"Target Malaria\" \/>\n<meta property=\"article:publisher\" content=\"https:\/\/www.facebook.com\/TargetMalariaGlobal\/\" \/>\n<meta property=\"article:modified_time\" content=\"2026-01-22T09:13:24+00:00\" \/>\n<meta property=\"og:image\" content=\"https:\/\/targetmalaria.org\/wp-content\/uploads\/2025\/09\/entebbe_team_photo_2017.jpg\" \/>\n\t<meta property=\"og:image:width\" content=\"2400\" \/>\n\t<meta property=\"og:image:height\" content=\"1321\" \/>\n\t<meta property=\"og:image:type\" content=\"image\/jpeg\" \/>\n<meta name=\"twitter:card\" content=\"summary_large_image\" \/>\n<meta name=\"twitter:site\" content=\"@TargetMalaria\" \/>\n<meta name=\"twitter:label1\" content=\"Dur\u00e9e de lecture estim\u00e9e\" \/>\n\t<meta name=\"twitter:data1\" content=\"6 minutes\" \/>\n<script type=\"application\/ld+json\" class=\"yoast-schema-graph\">{\"@context\":\"https:\\\/\\\/schema.org\",\"@graph\":[{\"@type\":\"WebPage\",\"@id\":\"https:\\\/\\\/targetmalaria.org\\\/fr\\\/qui-sommes-nous\\\/\",\"url\":\"https:\\\/\\\/targetmalaria.org\\\/fr\\\/qui-sommes-nous\\\/\",\"name\":\"Qui sommes-nous? - Target Malaria\",\"isPartOf\":{\"@id\":\"https:\\\/\\\/targetmalaria.org\\\/fr\\\/#website\"},\"primaryImageOfPage\":{\"@id\":\"https:\\\/\\\/targetmalaria.org\\\/fr\\\/qui-sommes-nous\\\/#primaryimage\"},\"image\":{\"@id\":\"https:\\\/\\\/targetmalaria.org\\\/fr\\\/qui-sommes-nous\\\/#primaryimage\"},\"thumbnailUrl\":\"https:\\\/\\\/targetmalaria.org\\\/wp-content\\\/uploads\\\/2025\\\/09\\\/entebbe_team_photo_2017.jpg\",\"datePublished\":\"2022-12-12T15:10:29+00:00\",\"dateModified\":\"2026-01-22T09:13:24+00:00\",\"breadcrumb\":{\"@id\":\"https:\\\/\\\/targetmalaria.org\\\/fr\\\/qui-sommes-nous\\\/#breadcrumb\"},\"inLanguage\":\"fr-FR\",\"potentialAction\":[{\"@type\":\"ReadAction\",\"target\":[\"https:\\\/\\\/targetmalaria.org\\\/fr\\\/qui-sommes-nous\\\/\"]}]},{\"@type\":\"ImageObject\",\"inLanguage\":\"fr-FR\",\"@id\":\"https:\\\/\\\/targetmalaria.org\\\/fr\\\/qui-sommes-nous\\\/#primaryimage\",\"url\":\"https:\\\/\\\/targetmalaria.org\\\/wp-content\\\/uploads\\\/2025\\\/09\\\/entebbe_team_photo_2017.jpg\",\"contentUrl\":\"https:\\\/\\\/targetmalaria.org\\\/wp-content\\\/uploads\\\/2025\\\/09\\\/entebbe_team_photo_2017.jpg\",\"width\":2400,\"height\":1321},{\"@type\":\"BreadcrumbList\",\"@id\":\"https:\\\/\\\/targetmalaria.org\\\/fr\\\/qui-sommes-nous\\\/#breadcrumb\",\"itemListElement\":[{\"@type\":\"ListItem\",\"position\":1,\"name\":\"Home\",\"item\":\"https:\\\/\\\/targetmalaria.org\\\/fr\\\/\"},{\"@type\":\"ListItem\",\"position\":2,\"name\":\"Qui sommes-nous?\"}]},{\"@type\":\"WebSite\",\"@id\":\"https:\\\/\\\/targetmalaria.org\\\/fr\\\/#website\",\"url\":\"https:\\\/\\\/targetmalaria.org\\\/fr\\\/\",\"name\":\"Target Malaria\",\"description\":\"\",\"publisher\":{\"@id\":\"https:\\\/\\\/targetmalaria.org\\\/fr\\\/#organization\"},\"potentialAction\":[{\"@type\":\"SearchAction\",\"target\":{\"@type\":\"EntryPoint\",\"urlTemplate\":\"https:\\\/\\\/targetmalaria.org\\\/fr\\\/?s={search_term_string}\"},\"query-input\":{\"@type\":\"PropertyValueSpecification\",\"valueRequired\":true,\"valueName\":\"search_term_string\"}}],\"inLanguage\":\"fr-FR\"},{\"@type\":\"Organization\",\"@id\":\"https:\\\/\\\/targetmalaria.org\\\/fr\\\/#organization\",\"name\":\"Target Malaria\",\"url\":\"https:\\\/\\\/targetmalaria.org\\\/fr\\\/\",\"logo\":{\"@type\":\"ImageObject\",\"inLanguage\":\"fr-FR\",\"@id\":\"https:\\\/\\\/targetmalaria.org\\\/fr\\\/#\\\/schema\\\/logo\\\/image\\\/\",\"url\":\"https:\\\/\\\/targetmalaria.org\\\/wp-content\\\/uploads\\\/2025\\\/08\\\/target_malaria_bf_logo.png\",\"contentUrl\":\"https:\\\/\\\/targetmalaria.org\\\/wp-content\\\/uploads\\\/2025\\\/08\\\/target_malaria_bf_logo.png\",\"width\":1920,\"height\":1080,\"caption\":\"Target Malaria\"},\"image\":{\"@id\":\"https:\\\/\\\/targetmalaria.org\\\/fr\\\/#\\\/schema\\\/logo\\\/image\\\/\"},\"sameAs\":[\"https:\\\/\\\/www.facebook.com\\\/TargetMalariaGlobal\\\/\",\"https:\\\/\\\/x.com\\\/TargetMalaria\",\"https:\\\/\\\/www.linkedin.com\\\/company\\\/target-malaria\",\"https:\\\/\\\/youtube.com\\\/@TargetMalaria\"]}]}<\/script>\n<!-- \/ Yoast SEO plugin. -->","yoast_head_json":{"title":"Qui sommes-nous? - Target Malaria","robots":{"index":"index","follow":"follow","max-snippet":"max-snippet:-1","max-image-preview":"max-image-preview:large","max-video-preview":"max-video-preview:-1"},"canonical":"https:\/\/targetmalaria.org\/fr\/qui-sommes-nous\/","og_locale":"fr_FR","og_type":"article","og_title":"Qui sommes-nous? - Target Malaria","og_description":"Target Malaria est un consortium international de recherche \u00e0 but non-lucratif qui vise \u00e0 co-d\u00e9velopper et partager des technologies g\u00e9n\u00e9tiques nouvelles, durables et \u00e9conomiques, visant \u00e0 modifier les moustiques et r\u00e9duire la transmission du paludisme. Programme de recherche universitaire \u00e0 ses tout d\u00e9buts, Target Malaria inclut d\u00e9sormais des scientifiques, des \u00e9quipes d\u2019engagement des communaut\u00e9s, des [&hellip;]","og_url":"https:\/\/targetmalaria.org\/fr\/qui-sommes-nous\/","og_site_name":"Target Malaria","article_publisher":"https:\/\/www.facebook.com\/TargetMalariaGlobal\/","article_modified_time":"2026-01-22T09:13:24+00:00","og_image":[{"width":2400,"height":1321,"url":"https:\/\/targetmalaria.org\/wp-content\/uploads\/2025\/09\/entebbe_team_photo_2017.jpg","type":"image\/jpeg"}],"twitter_card":"summary_large_image","twitter_site":"@TargetMalaria","twitter_misc":{"Dur\u00e9e de lecture estim\u00e9e":"6 minutes"},"schema":{"@context":"https:\/\/schema.org","@graph":[{"@type":"WebPage","@id":"https:\/\/targetmalaria.org\/fr\/qui-sommes-nous\/","url":"https:\/\/targetmalaria.org\/fr\/qui-sommes-nous\/","name":"Qui sommes-nous? - Target Malaria","isPartOf":{"@id":"https:\/\/targetmalaria.org\/fr\/#website"},"primaryImageOfPage":{"@id":"https:\/\/targetmalaria.org\/fr\/qui-sommes-nous\/#primaryimage"},"image":{"@id":"https:\/\/targetmalaria.org\/fr\/qui-sommes-nous\/#primaryimage"},"thumbnailUrl":"https:\/\/targetmalaria.org\/wp-content\/uploads\/2025\/09\/entebbe_team_photo_2017.jpg","datePublished":"2022-12-12T15:10:29+00:00","dateModified":"2026-01-22T09:13:24+00:00","breadcrumb":{"@id":"https:\/\/targetmalaria.org\/fr\/qui-sommes-nous\/#breadcrumb"},"inLanguage":"fr-FR","potentialAction":[{"@type":"ReadAction","target":["https:\/\/targetmalaria.org\/fr\/qui-sommes-nous\/"]}]},{"@type":"ImageObject","inLanguage":"fr-FR","@id":"https:\/\/targetmalaria.org\/fr\/qui-sommes-nous\/#primaryimage","url":"https:\/\/targetmalaria.org\/wp-content\/uploads\/2025\/09\/entebbe_team_photo_2017.jpg","contentUrl":"https:\/\/targetmalaria.org\/wp-content\/uploads\/2025\/09\/entebbe_team_photo_2017.jpg","width":2400,"height":1321},{"@type":"BreadcrumbList","@id":"https:\/\/targetmalaria.org\/fr\/qui-sommes-nous\/#breadcrumb","itemListElement":[{"@type":"ListItem","position":1,"name":"Home","item":"https:\/\/targetmalaria.org\/fr\/"},{"@type":"ListItem","position":2,"name":"Qui sommes-nous?"}]},{"@type":"WebSite","@id":"https:\/\/targetmalaria.org\/fr\/#website","url":"https:\/\/targetmalaria.org\/fr\/","name":"Target Malaria","description":"","publisher":{"@id":"https:\/\/targetmalaria.org\/fr\/#organization"},"potentialAction":[{"@type":"SearchAction","target":{"@type":"EntryPoint","urlTemplate":"https:\/\/targetmalaria.org\/fr\/?s={search_term_string}"},"query-input":{"@type":"PropertyValueSpecification","valueRequired":true,"valueName":"search_term_string"}}],"inLanguage":"fr-FR"},{"@type":"Organization","@id":"https:\/\/targetmalaria.org\/fr\/#organization","name":"Target Malaria","url":"https:\/\/targetmalaria.org\/fr\/","logo":{"@type":"ImageObject","inLanguage":"fr-FR","@id":"https:\/\/targetmalaria.org\/fr\/#\/schema\/logo\/image\/","url":"https:\/\/targetmalaria.org\/wp-content\/uploads\/2025\/08\/target_malaria_bf_logo.png","contentUrl":"https:\/\/targetmalaria.org\/wp-content\/uploads\/2025\/08\/target_malaria_bf_logo.png","width":1920,"height":1080,"caption":"Target Malaria"},"image":{"@id":"https:\/\/targetmalaria.org\/fr\/#\/schema\/logo\/image\/"},"sameAs":["https:\/\/www.facebook.com\/TargetMalariaGlobal\/","https:\/\/x.com\/TargetMalaria","https:\/\/www.linkedin.com\/company\/target-malaria","https:\/\/youtube.com\/@TargetMalaria"]}]}},"_links":{"self":[{"href":"https:\/\/targetmalaria.org\/fr\/wp-json\/wp\/v2\/pages\/9127","targetHints":{"allow":["GET"]}}],"collection":[{"href":"https:\/\/targetmalaria.org\/fr\/wp-json\/wp\/v2\/pages"}],"about":[{"href":"https:\/\/targetmalaria.org\/fr\/wp-json\/wp\/v2\/types\/page"}],"author":[{"embeddable":true,"href":"https:\/\/targetmalaria.org\/fr\/wp-json\/wp\/v2\/users\/31"}],"replies":[{"embeddable":true,"href":"https:\/\/targetmalaria.org\/fr\/wp-json\/wp\/v2\/comments?post=9127"}],"version-history":[{"count":10,"href":"https:\/\/targetmalaria.org\/fr\/wp-json\/wp\/v2\/pages\/9127\/revisions"}],"predecessor-version":[{"id":23741,"href":"https:\/\/targetmalaria.org\/fr\/wp-json\/wp\/v2\/pages\/9127\/revisions\/23741"}],"wp:featuredmedia":[{"embeddable":true,"href":"https:\/\/targetmalaria.org\/fr\/wp-json\/wp\/v2\/media\/22663"}],"wp:attachment":[{"href":"https:\/\/targetmalaria.org\/fr\/wp-json\/wp\/v2\/media?parent=9127"}],"curies":[{"name":"wp","href":"https:\/\/api.w.org\/{rel}","templated":true}]}}