{"id":9077,"date":"2022-12-12T12:08:03","date_gmt":"2022-12-12T12:08:03","guid":{"rendered":"https:\/\/targetmalaria.org\/le-fleau-du-paludisme\/"},"modified":"2025-12-10T16:52:19","modified_gmt":"2025-12-10T16:52:19","slug":"le-fleau-du-paludisme","status":"publish","type":"page","link":"https:\/\/targetmalaria.org\/fr\/le-fleau-du-paludisme\/","title":{"rendered":"Le fl\u00e9au du paludisme"},"content":{"rendered":"<div class=\"ragged-edge-parent alignfull is-light\">\n<div class=\"wp-block-cover alignfull is-light firstCover ragged_edge-position-both\" style=\"min-height:25vw;aspect-ratio:unset;\"><img loading=\"lazy\" decoding=\"async\" width=\"2560\" height=\"1323\" class=\"wp-block-cover__image-background wp-image-6878 size-landscape_hd\" alt=\"\" src=\"https:\/\/targetmalaria.org\/wp-content\/uploads\/2020\/07\/T-M-7608-scaled.jpg\" style=\"object-position:46% 55%\" data-object-fit=\"cover\" data-object-position=\"46% 55%\" srcset=\"https:\/\/targetmalaria.org\/wp-content\/uploads\/2020\/07\/T-M-7608-scaled.jpg 2560w, https:\/\/targetmalaria.org\/wp-content\/uploads\/2020\/07\/T-M-7608-425x220.jpg 425w, https:\/\/targetmalaria.org\/wp-content\/uploads\/2020\/07\/T-M-7608-1024x529.jpg 1024w, https:\/\/targetmalaria.org\/wp-content\/uploads\/2020\/07\/T-M-7608-768x397.jpg 768w, https:\/\/targetmalaria.org\/wp-content\/uploads\/2020\/07\/T-M-7608-1536x794.jpg 1536w, https:\/\/targetmalaria.org\/wp-content\/uploads\/2020\/07\/T-M-7608-2048x1058.jpg 2048w, https:\/\/targetmalaria.org\/wp-content\/uploads\/2020\/07\/T-M-7608-300x155.jpg 300w\" sizes=\"auto, (max-width: 2560px) 100vw, 2560px\" \/><span aria-hidden=\"true\" class=\"wp-block-cover__background has-background-dim-0 has-background-dim\"><\/span><div class=\"wp-block-cover__inner-container has-global-padding is-layout-constrained wp-block-cover-is-layout-constrained\">\n<p class=\"has-text-align-center has-large-font-size\"><\/p>\n<\/div><\/div>\n<\/div>\n\n\n<div class=\"wp-block-columns is-layout-flex wp-container-core-columns-is-layout-0884d4d2 wp-block-columns-is-layout-flex\" style=\"margin-top:var(--wp--preset--spacing--50);margin-bottom:var(--wp--preset--spacing--50)\">\n<div class=\"wp-block-column is-layout-flow wp-block-column-is-layout-flow\" style=\"flex-basis:33.33%\">\n<h2 class=\"wp-block-heading\">Chaque ann\u00e9e, le paludisme est responsable de 610 000 morts et infecte plus de 282 millions de personnes ; un tiers de notre plan\u00e8te est expos\u00e9e au risque de contracter cette <a href=\"https:\/\/www.who.int\/fr\/health-topics\/malaria#tab=tab_1\" target=\"_blank\" rel=\"noreferrer noopener\">maladie<\/a> transmise par des moustiques. Les victimes sont en majorit\u00e9 des enfants de moins de 5 ans qui vivent en Afrique.<\/h2>\n<\/div>\n\n\n\n<div class=\"wp-block-column is-layout-flow wp-block-column-is-layout-flow\" style=\"flex-basis:66.66%\">\n<p>La conviction de Target Malaria est qu\u2019il est possible de trouver des solutions pour lutter contre cette maladie \u00e9vitable et gu\u00e9rissable, et mettre fin \u00e0 la destruction engendr\u00e9e par ce fl\u00e9au au sein des familles et au niveau \u00e9conomique pour les pays affect\u00e9s. Nos travaux de recherche portent sur les technologies g\u00e9n\u00e9tiques pour trouver des approches permettant de lutter contre le paludisme, ax\u00e9es sur la r\u00e9duction du nombre de moustiques vecteurs qui transmettent la maladie.<\/p>\n\n\n\n<p>Les interventions actuelles, comme les m\u00e9dicaments antipaludiques, les moustiquaires et la pulv\u00e9risation d\u2019insecticide, ont permis de r\u00e9duire l\u2019incidence du paludisme mais sans parvenir \u00e0 \u00e9radiquer la maladie dans de nombreux pays.<\/p>\n\n\n\n<p>D\u2019apr\u00e8s le <a href=\"https:\/\/www.who.int\/teams\/global-malaria-programme\/reports\/world-malaria-report-2025\" target=\"_blank\" rel=\"noreferrer noopener\">rapport sur le paludisme dans le monde<\/a> publi\u00e9 en 2024 par l\u2019Organisation mondiale de la Sant\u00e9, en d\u00e9pit de progr\u00e8s consid\u00e9rables r\u00e9alis\u00e9s dans la r\u00e9duction des cas de paludisme \u00e0 travers le monde, on constate depuis 2015 un ralentissement de ces progr\u00e8s qui stagnent depuis trois ans. L\u2019OMS avertit que la r\u00e9ponse mondiale face au paludisme se trouve \u00e0 un \u00ab&nbsp; tournant&nbsp; \u00bb : faute de trouver de nouveaux outils, les principaux objectifs fix\u00e9s dans sa strat\u00e9gie mondiale de lutte contre le paludisme ne seront probablement pas atteints.<\/p>\n\n\n\n<h3 class=\"wp-block-heading\">Pour \u00e9radiquer cette maladie, Target Malaria vise \u00e0 d\u00e9velopper de nouveaux outils de lutte anti-vectorielle qui viendront compl\u00e9ter les m\u00e9thodes existantes et permettront de relever les d\u00e9fis actuels de la lutte contre le paludisme.<\/h3>\n\n\n\n<figure data-wp-context=\"{&quot;imageId&quot;:&quot;69da27f032471&quot;}\" data-wp-interactive=\"core\/image\" data-wp-key=\"69da27f032471\" class=\"wp-block-image size-large wp-lightbox-container\" style=\"margin-top:var(--wp--preset--spacing--30);margin-bottom:var(--wp--preset--spacing--30)\"><img loading=\"lazy\" decoding=\"async\" width=\"1024\" height=\"618\" data-wp-class--hide=\"state.isContentHidden\" data-wp-class--show=\"state.isContentVisible\" data-wp-init=\"callbacks.setButtonStyles\" data-wp-on--click=\"actions.showLightbox\" data-wp-on--load=\"callbacks.setButtonStyles\" data-wp-on-window--resize=\"callbacks.setButtonStyles\" src=\"https:\/\/targetmalaria.org\/wp-content\/uploads\/2025\/12\/Target_Malaria_WorldMap_Malaria_Report_Dec_2025_FR-1024x618.png\" alt=\"\" class=\"wp-image-23554\" srcset=\"https:\/\/targetmalaria.org\/wp-content\/uploads\/2025\/12\/Target_Malaria_WorldMap_Malaria_Report_Dec_2025_FR-1024x618.png 1024w, https:\/\/targetmalaria.org\/wp-content\/uploads\/2025\/12\/Target_Malaria_WorldMap_Malaria_Report_Dec_2025_FR-425x256.png 425w, https:\/\/targetmalaria.org\/wp-content\/uploads\/2025\/12\/Target_Malaria_WorldMap_Malaria_Report_Dec_2025_FR-768x463.png 768w, https:\/\/targetmalaria.org\/wp-content\/uploads\/2025\/12\/Target_Malaria_WorldMap_Malaria_Report_Dec_2025_FR.png 1439w\" sizes=\"auto, (max-width: 1024px) 100vw, 1024px\" \/><button\n\t\t\tclass=\"lightbox-trigger\"\n\t\t\ttype=\"button\"\n\t\t\taria-haspopup=\"dialog\"\n\t\t\taria-label=\"Agrandir\"\n\t\t\tdata-wp-init=\"callbacks.initTriggerButton\"\n\t\t\tdata-wp-on--click=\"actions.showLightbox\"\n\t\t\tdata-wp-style--right=\"state.imageButtonRight\"\n\t\t\tdata-wp-style--top=\"state.imageButtonTop\"\n\t\t>\n\t\t\t<svg xmlns=\"http:\/\/www.w3.org\/2000\/svg\" width=\"12\" height=\"12\" fill=\"none\" viewBox=\"0 0 12 12\">\n\t\t\t\t<path fill=\"#fff\" d=\"M2 0a2 2 0 0 0-2 2v2h1.5V2a.5.5 0 0 1 .5-.5h2V0H2Zm2 10.5H2a.5.5 0 0 1-.5-.5V8H0v2a2 2 0 0 0 2 2h2v-1.5ZM8 12v-1.5h2a.5.5 0 0 0 .5-.5V8H12v2a2 2 0 0 1-2 2H8Zm2-12a2 2 0 0 1 2 2v2h-1.5V2a.5.5 0 0 0-.5-.5H8V0h2Z\" \/>\n\t\t\t<\/svg>\n\t\t<\/button><\/figure>\n\n\n\n<div class=\"wp-block-columns is-layout-flex wp-container-core-columns-is-layout-922a2b0c wp-block-columns-is-layout-flex\" style=\"margin-top:var(--wp--preset--spacing--40)\">\n<div class=\"wp-block-column wp-embed-aspect-16-9 wp-has-aspect-ratio is-layout-flow wp-block-column-is-layout-flow\" style=\"flex-basis:50%\">\n<figure class=\"wp-block-embed is-type-video is-provider-youtube wp-block-embed-youtube wp-embed-aspect-16-9 wp-has-aspect-ratio\"><div class=\"wp-block-embed__wrapper\">\n<iframe loading=\"lazy\" title=\"Malaria: A Deadly Disease\" width=\"500\" height=\"281\" src=\"https:\/\/www.youtube.com\/embed\/Abtto9gXFeQ?feature=oembed\" frameborder=\"0\" allow=\"accelerometer; autoplay; clipboard-write; encrypted-media; gyroscope; picture-in-picture; web-share\" referrerpolicy=\"strict-origin-when-cross-origin\" allowfullscreen><\/iframe>\n<\/div><\/figure>\n\n\n\n<figure class=\"wp-block-embed is-type-video is-provider-youtube wp-block-embed-youtube wp-embed-aspect-16-9 wp-has-aspect-ratio\"><div class=\"wp-block-embed__wrapper\">\n<iframe loading=\"lazy\" title=\"Turn Up the Pressure by Drawing the Line Against Malaria\" width=\"500\" height=\"281\" src=\"https:\/\/www.youtube.com\/embed\/HZ60NGPC_BE?feature=oembed\" frameborder=\"0\" allow=\"accelerometer; autoplay; clipboard-write; encrypted-media; gyroscope; picture-in-picture; web-share\" referrerpolicy=\"strict-origin-when-cross-origin\" allowfullscreen><\/iframe>\n<\/div><\/figure>\n<\/div>\n\n\n\n<div class=\"wp-block-column wp-embed-aspect-16-9 wp-has-aspect-ratio is-layout-flow wp-block-column-is-layout-flow\" style=\"flex-basis:50%\">\n<figure class=\"wp-block-embed is-type-video is-provider-youtube wp-block-embed-youtube wp-embed-aspect-16-9 wp-has-aspect-ratio\"><div class=\"wp-block-embed__wrapper\">\n<iframe loading=\"lazy\" title=\"Voices from Uganda: Madam Betty Okiria\" width=\"500\" height=\"281\" src=\"https:\/\/www.youtube.com\/embed\/Fa4mDumSVt0?feature=oembed\" frameborder=\"0\" allow=\"accelerometer; autoplay; clipboard-write; encrypted-media; gyroscope; picture-in-picture; web-share\" referrerpolicy=\"strict-origin-when-cross-origin\" allowfullscreen><\/iframe>\n<\/div><\/figure>\n<\/div>\n<\/div>\n<\/div>\n<\/div>\n","protected":false},"excerpt":{"rendered":"<p>Chaque ann\u00e9e, le paludisme est responsable de 610 000 morts et infecte plus de 282 millions de personnes ; un tiers de notre plan\u00e8te est expos\u00e9e au risque de contracter cette maladie transmise par des moustiques. Les victimes sont en majorit\u00e9 des enfants de moins de 5 ans qui vivent en Afrique. La conviction de [&hellip;]<\/p>\n","protected":false},"author":31,"featured_media":6879,"parent":0,"menu_order":1,"comment_status":"closed","ping_status":"closed","template":"","meta":{"_acf_changed":false,"_relevanssi_hide_post":"","_relevanssi_hide_content":"","_relevanssi_pin_for_all":"","_relevanssi_pin_keywords":"","_relevanssi_unpin_keywords":"","_relevanssi_related_keywords":"","_relevanssi_related_include_ids":"","_relevanssi_related_exclude_ids":"","_relevanssi_related_no_append":"","_relevanssi_related_not_related":"","_relevanssi_related_posts":"","_relevanssi_noindex_reason":"","featured_image_focal_point":[],"footnotes":""},"class_list":["post-9077","page","type-page","status-publish","has-post-thumbnail","hentry"],"acf":[],"yoast_head":"<!-- This site is optimized with the Yoast SEO plugin v27.3 - https:\/\/yoast.com\/product\/yoast-seo-wordpress\/ -->\n<title>Le fl\u00e9au du paludisme - Target Malaria<\/title>\n<meta name=\"robots\" content=\"index, follow, max-snippet:-1, max-image-preview:large, max-video-preview:-1\" \/>\n<link rel=\"canonical\" href=\"https:\/\/targetmalaria.org\/fr\/le-fleau-du-paludisme\/\" \/>\n<meta property=\"og:locale\" content=\"fr_FR\" \/>\n<meta property=\"og:type\" content=\"article\" \/>\n<meta property=\"og:title\" content=\"Le fl\u00e9au du paludisme - Target Malaria\" \/>\n<meta property=\"og:description\" content=\"Chaque ann\u00e9e, le paludisme est responsable de 610 000 morts et infecte plus de 282 millions de personnes ; un tiers de notre plan\u00e8te est expos\u00e9e au risque de contracter cette maladie transmise par des moustiques. Les victimes sont en majorit\u00e9 des enfants de moins de 5 ans qui vivent en Afrique. La conviction de [&hellip;]\" \/>\n<meta property=\"og:url\" content=\"https:\/\/targetmalaria.org\/fr\/le-fleau-du-paludisme\/\" \/>\n<meta property=\"og:site_name\" content=\"Target Malaria\" \/>\n<meta property=\"article:publisher\" content=\"https:\/\/www.facebook.com\/TargetMalariaGlobal\/\" \/>\n<meta property=\"article:modified_time\" content=\"2025-12-10T16:52:19+00:00\" \/>\n<meta property=\"og:image\" content=\"https:\/\/targetmalaria.org\/wp-content\/uploads\/2020\/07\/T-M-7608-scaled.jpg\" \/>\n\t<meta property=\"og:image:width\" content=\"2560\" \/>\n\t<meta property=\"og:image:height\" content=\"1323\" \/>\n\t<meta property=\"og:image:type\" content=\"image\/jpeg\" \/>\n<meta name=\"twitter:card\" content=\"summary_large_image\" \/>\n<meta name=\"twitter:site\" content=\"@TargetMalaria\" \/>\n<meta name=\"twitter:label1\" content=\"Dur\u00e9e de lecture estim\u00e9e\" \/>\n\t<meta name=\"twitter:data1\" content=\"2 minutes\" \/>\n<script type=\"application\/ld+json\" class=\"yoast-schema-graph\">{\"@context\":\"https:\\\/\\\/schema.org\",\"@graph\":[{\"@type\":\"WebPage\",\"@id\":\"https:\\\/\\\/targetmalaria.org\\\/fr\\\/le-fleau-du-paludisme\\\/\",\"url\":\"https:\\\/\\\/targetmalaria.org\\\/fr\\\/le-fleau-du-paludisme\\\/\",\"name\":\"Le fl\u00e9au du paludisme - Target Malaria\",\"isPartOf\":{\"@id\":\"https:\\\/\\\/targetmalaria.org\\\/fr\\\/#website\"},\"primaryImageOfPage\":{\"@id\":\"https:\\\/\\\/targetmalaria.org\\\/fr\\\/le-fleau-du-paludisme\\\/#primaryimage\"},\"image\":{\"@id\":\"https:\\\/\\\/targetmalaria.org\\\/fr\\\/le-fleau-du-paludisme\\\/#primaryimage\"},\"thumbnailUrl\":\"https:\\\/\\\/targetmalaria.org\\\/wp-content\\\/uploads\\\/2020\\\/07\\\/T-M-7608-scaled.jpg\",\"datePublished\":\"2022-12-12T12:08:03+00:00\",\"dateModified\":\"2025-12-10T16:52:19+00:00\",\"breadcrumb\":{\"@id\":\"https:\\\/\\\/targetmalaria.org\\\/fr\\\/le-fleau-du-paludisme\\\/#breadcrumb\"},\"inLanguage\":\"fr-FR\",\"potentialAction\":[{\"@type\":\"ReadAction\",\"target\":[\"https:\\\/\\\/targetmalaria.org\\\/fr\\\/le-fleau-du-paludisme\\\/\"]}]},{\"@type\":\"ImageObject\",\"inLanguage\":\"fr-FR\",\"@id\":\"https:\\\/\\\/targetmalaria.org\\\/fr\\\/le-fleau-du-paludisme\\\/#primaryimage\",\"url\":\"https:\\\/\\\/targetmalaria.org\\\/wp-content\\\/uploads\\\/2020\\\/07\\\/T-M-7608-scaled.jpg\",\"contentUrl\":\"https:\\\/\\\/targetmalaria.org\\\/wp-content\\\/uploads\\\/2020\\\/07\\\/T-M-7608-scaled.jpg\",\"width\":2560,\"height\":1323,\"caption\":\"The Target Malaria staff holding a Stake Holders\u2019 Grievance Mechanism Meeting with local council leaders and officials from Lwazi Village, Jaana Island in Kalangala District. The purpose of the meeting is to introduce a mechanism for solving any grievances that may arise out of the Target Malaria Project\u2019s activities.\"},{\"@type\":\"BreadcrumbList\",\"@id\":\"https:\\\/\\\/targetmalaria.org\\\/fr\\\/le-fleau-du-paludisme\\\/#breadcrumb\",\"itemListElement\":[{\"@type\":\"ListItem\",\"position\":1,\"name\":\"Home\",\"item\":\"https:\\\/\\\/targetmalaria.org\\\/fr\\\/\"},{\"@type\":\"ListItem\",\"position\":2,\"name\":\"Le fl\u00e9au du paludisme\"}]},{\"@type\":\"WebSite\",\"@id\":\"https:\\\/\\\/targetmalaria.org\\\/fr\\\/#website\",\"url\":\"https:\\\/\\\/targetmalaria.org\\\/fr\\\/\",\"name\":\"Target Malaria\",\"description\":\"\",\"publisher\":{\"@id\":\"https:\\\/\\\/targetmalaria.org\\\/fr\\\/#organization\"},\"potentialAction\":[{\"@type\":\"SearchAction\",\"target\":{\"@type\":\"EntryPoint\",\"urlTemplate\":\"https:\\\/\\\/targetmalaria.org\\\/fr\\\/?s={search_term_string}\"},\"query-input\":{\"@type\":\"PropertyValueSpecification\",\"valueRequired\":true,\"valueName\":\"search_term_string\"}}],\"inLanguage\":\"fr-FR\"},{\"@type\":\"Organization\",\"@id\":\"https:\\\/\\\/targetmalaria.org\\\/fr\\\/#organization\",\"name\":\"Target Malaria\",\"url\":\"https:\\\/\\\/targetmalaria.org\\\/fr\\\/\",\"logo\":{\"@type\":\"ImageObject\",\"inLanguage\":\"fr-FR\",\"@id\":\"https:\\\/\\\/targetmalaria.org\\\/fr\\\/#\\\/schema\\\/logo\\\/image\\\/\",\"url\":\"https:\\\/\\\/targetmalaria.org\\\/wp-content\\\/uploads\\\/2025\\\/08\\\/target_malaria_bf_logo.png\",\"contentUrl\":\"https:\\\/\\\/targetmalaria.org\\\/wp-content\\\/uploads\\\/2025\\\/08\\\/target_malaria_bf_logo.png\",\"width\":1920,\"height\":1080,\"caption\":\"Target Malaria\"},\"image\":{\"@id\":\"https:\\\/\\\/targetmalaria.org\\\/fr\\\/#\\\/schema\\\/logo\\\/image\\\/\"},\"sameAs\":[\"https:\\\/\\\/www.facebook.com\\\/TargetMalariaGlobal\\\/\",\"https:\\\/\\\/x.com\\\/TargetMalaria\",\"https:\\\/\\\/www.linkedin.com\\\/company\\\/target-malaria\",\"https:\\\/\\\/youtube.com\\\/@TargetMalaria\"]}]}<\/script>\n<!-- \/ Yoast SEO plugin. -->","yoast_head_json":{"title":"Le fl\u00e9au du paludisme - Target Malaria","robots":{"index":"index","follow":"follow","max-snippet":"max-snippet:-1","max-image-preview":"max-image-preview:large","max-video-preview":"max-video-preview:-1"},"canonical":"https:\/\/targetmalaria.org\/fr\/le-fleau-du-paludisme\/","og_locale":"fr_FR","og_type":"article","og_title":"Le fl\u00e9au du paludisme - Target Malaria","og_description":"Chaque ann\u00e9e, le paludisme est responsable de 610 000 morts et infecte plus de 282 millions de personnes ; un tiers de notre plan\u00e8te est expos\u00e9e au risque de contracter cette maladie transmise par des moustiques. Les victimes sont en majorit\u00e9 des enfants de moins de 5 ans qui vivent en Afrique. La conviction de [&hellip;]","og_url":"https:\/\/targetmalaria.org\/fr\/le-fleau-du-paludisme\/","og_site_name":"Target Malaria","article_publisher":"https:\/\/www.facebook.com\/TargetMalariaGlobal\/","article_modified_time":"2025-12-10T16:52:19+00:00","og_image":[{"width":2560,"height":1323,"url":"https:\/\/targetmalaria.org\/wp-content\/uploads\/2020\/07\/T-M-7608-scaled.jpg","type":"image\/jpeg"}],"twitter_card":"summary_large_image","twitter_site":"@TargetMalaria","twitter_misc":{"Dur\u00e9e de lecture estim\u00e9e":"2 minutes"},"schema":{"@context":"https:\/\/schema.org","@graph":[{"@type":"WebPage","@id":"https:\/\/targetmalaria.org\/fr\/le-fleau-du-paludisme\/","url":"https:\/\/targetmalaria.org\/fr\/le-fleau-du-paludisme\/","name":"Le fl\u00e9au du paludisme - Target Malaria","isPartOf":{"@id":"https:\/\/targetmalaria.org\/fr\/#website"},"primaryImageOfPage":{"@id":"https:\/\/targetmalaria.org\/fr\/le-fleau-du-paludisme\/#primaryimage"},"image":{"@id":"https:\/\/targetmalaria.org\/fr\/le-fleau-du-paludisme\/#primaryimage"},"thumbnailUrl":"https:\/\/targetmalaria.org\/wp-content\/uploads\/2020\/07\/T-M-7608-scaled.jpg","datePublished":"2022-12-12T12:08:03+00:00","dateModified":"2025-12-10T16:52:19+00:00","breadcrumb":{"@id":"https:\/\/targetmalaria.org\/fr\/le-fleau-du-paludisme\/#breadcrumb"},"inLanguage":"fr-FR","potentialAction":[{"@type":"ReadAction","target":["https:\/\/targetmalaria.org\/fr\/le-fleau-du-paludisme\/"]}]},{"@type":"ImageObject","inLanguage":"fr-FR","@id":"https:\/\/targetmalaria.org\/fr\/le-fleau-du-paludisme\/#primaryimage","url":"https:\/\/targetmalaria.org\/wp-content\/uploads\/2020\/07\/T-M-7608-scaled.jpg","contentUrl":"https:\/\/targetmalaria.org\/wp-content\/uploads\/2020\/07\/T-M-7608-scaled.jpg","width":2560,"height":1323,"caption":"The Target Malaria staff holding a Stake Holders\u2019 Grievance Mechanism Meeting with local council leaders and officials from Lwazi Village, Jaana Island in Kalangala District. The purpose of the meeting is to introduce a mechanism for solving any grievances that may arise out of the Target Malaria Project\u2019s activities."},{"@type":"BreadcrumbList","@id":"https:\/\/targetmalaria.org\/fr\/le-fleau-du-paludisme\/#breadcrumb","itemListElement":[{"@type":"ListItem","position":1,"name":"Home","item":"https:\/\/targetmalaria.org\/fr\/"},{"@type":"ListItem","position":2,"name":"Le fl\u00e9au du paludisme"}]},{"@type":"WebSite","@id":"https:\/\/targetmalaria.org\/fr\/#website","url":"https:\/\/targetmalaria.org\/fr\/","name":"Target Malaria","description":"","publisher":{"@id":"https:\/\/targetmalaria.org\/fr\/#organization"},"potentialAction":[{"@type":"SearchAction","target":{"@type":"EntryPoint","urlTemplate":"https:\/\/targetmalaria.org\/fr\/?s={search_term_string}"},"query-input":{"@type":"PropertyValueSpecification","valueRequired":true,"valueName":"search_term_string"}}],"inLanguage":"fr-FR"},{"@type":"Organization","@id":"https:\/\/targetmalaria.org\/fr\/#organization","name":"Target Malaria","url":"https:\/\/targetmalaria.org\/fr\/","logo":{"@type":"ImageObject","inLanguage":"fr-FR","@id":"https:\/\/targetmalaria.org\/fr\/#\/schema\/logo\/image\/","url":"https:\/\/targetmalaria.org\/wp-content\/uploads\/2025\/08\/target_malaria_bf_logo.png","contentUrl":"https:\/\/targetmalaria.org\/wp-content\/uploads\/2025\/08\/target_malaria_bf_logo.png","width":1920,"height":1080,"caption":"Target Malaria"},"image":{"@id":"https:\/\/targetmalaria.org\/fr\/#\/schema\/logo\/image\/"},"sameAs":["https:\/\/www.facebook.com\/TargetMalariaGlobal\/","https:\/\/x.com\/TargetMalaria","https:\/\/www.linkedin.com\/company\/target-malaria","https:\/\/youtube.com\/@TargetMalaria"]}]}},"_links":{"self":[{"href":"https:\/\/targetmalaria.org\/fr\/wp-json\/wp\/v2\/pages\/9077","targetHints":{"allow":["GET"]}}],"collection":[{"href":"https:\/\/targetmalaria.org\/fr\/wp-json\/wp\/v2\/pages"}],"about":[{"href":"https:\/\/targetmalaria.org\/fr\/wp-json\/wp\/v2\/types\/page"}],"author":[{"embeddable":true,"href":"https:\/\/targetmalaria.org\/fr\/wp-json\/wp\/v2\/users\/31"}],"replies":[{"embeddable":true,"href":"https:\/\/targetmalaria.org\/fr\/wp-json\/wp\/v2\/comments?post=9077"}],"version-history":[{"count":6,"href":"https:\/\/targetmalaria.org\/fr\/wp-json\/wp\/v2\/pages\/9077\/revisions"}],"predecessor-version":[{"id":23556,"href":"https:\/\/targetmalaria.org\/fr\/wp-json\/wp\/v2\/pages\/9077\/revisions\/23556"}],"wp:featuredmedia":[{"embeddable":true,"href":"https:\/\/targetmalaria.org\/fr\/wp-json\/wp\/v2\/media\/6879"}],"wp:attachment":[{"href":"https:\/\/targetmalaria.org\/fr\/wp-json\/wp\/v2\/media?parent=9077"}],"curies":[{"name":"wp","href":"https:\/\/api.w.org\/{rel}","templated":true}]}}