{"id":5217,"date":"2021-04-27T15:25:53","date_gmt":"2021-04-27T14:25:53","guid":{"rendered":"https:\/\/targetmalaria.org\/?page_id=5217"},"modified":"2025-11-17T14:38:22","modified_gmt":"2025-11-17T14:38:22","slug":"notre-mission","status":"publish","type":"page","link":"https:\/\/targetmalaria.org\/fr\/notre-mission\/","title":{"rendered":"Notre mission"},"content":{"rendered":"<div class=\"ragged-edge-parent alignfull\">\n<div class=\"wp-block-cover alignfull firstCover ragged_edge-position-both\" style=\"min-height:25vw;aspect-ratio:unset;\"><img decoding=\"async\" class=\"wp-block-cover__image-background wp-image-23415 size-full\" alt=\"\" src=\"https:\/\/targetmalaria.org\/wp-content\/uploads\/2025\/08\/UGANDA_SE_01-1024x683.jpg\" data-object-fit=\"cover\"\/><span aria-hidden=\"true\" class=\"wp-block-cover__background has-background-dim-0 has-background-dim\"><\/span><div class=\"wp-block-cover__inner-container has-global-padding is-layout-constrained wp-block-cover-is-layout-constrained\">\n<p class=\"has-text-align-center has-large-font-size\"><\/p>\n<\/div><\/div>\n<\/div>\n\n\n<div class=\"wp-block-columns is-not-stacked-on-mobile is-layout-flex wp-container-core-columns-is-layout-0884d4d2 wp-block-columns-is-layout-flex\" style=\"margin-top:var(--wp--preset--spacing--50);margin-bottom:var(--wp--preset--spacing--50)\">\n<div class=\"wp-block-column is-layout-flow wp-block-column-is-layout-flow\">\n<h3 class=\"wp-block-heading\" style=\"padding-top:0;padding-bottom:0\">Target Malaria est un projet innovant qui vise \u00e0 r\u00e9duire la population de moustiques vecteurs du paludisme en Afrique subsaharienne.<\/h3>\n<\/div>\n\n\n\n<div class=\"wp-block-column is-layout-flow wp-block-column-is-layout-flow\">\n<p>Nous cherchons \u00e0 minimiser la transmission du paludisme en r\u00e9duisant la population de moustiques vecteurs de la maladie.<\/p>\n\n\n\n<p>Nous nous focalisons sur la r\u00e9duction du nombre de moustiques femelles vecteurs du paludisme, car les femelles sont les seules \u00e0 piquer et leur nombre est habituellement d\u00e9terminant de la taille de la population future de moustiques.<\/p>\n<\/div>\n<\/div>\n\n\n\n<div style=\"height:var(--wp--preset--spacing--30)\" aria-hidden=\"true\" class=\"wp-block-spacer\"><\/div>\n\n\n<section id=\"page_children-block_01db2f960a8a1afd5625a92f7769537c\" class=\"page-children-block\"><div class=\"detailed_list\">\n<article class=\"page-content__inner search_result_single year-2023 post-9686 page type-page status-publish has-post-thumbnail hentry\">\n <figure class=\"result_image\"><img loading=\"lazy\" decoding=\"async\" style=\"object-position:39% 11%;\" width=\"1024\" height=\"683\" src=\"https:\/\/targetmalaria.org\/wp-content\/uploads\/2023\/05\/TargetMalariaUganda_8_Lab-1024x683.jpg\" class=\"alignleft wp-post-image\" alt=\"A staff member in the insectary bleaches mosquito eggs using laboratory equiptment\" srcset=\"https:\/\/targetmalaria.org\/wp-content\/uploads\/2023\/05\/TargetMalariaUganda_8_Lab-1024x683.jpg 1024w, https:\/\/targetmalaria.org\/wp-content\/uploads\/2023\/05\/TargetMalariaUganda_8_Lab-300x200.jpg 300w, https:\/\/targetmalaria.org\/wp-content\/uploads\/2023\/05\/TargetMalariaUganda_8_Lab-768x512.jpg 768w, https:\/\/targetmalaria.org\/wp-content\/uploads\/2023\/05\/TargetMalariaUganda_8_Lab.jpg 1200w\" sizes=\"auto, (max-width: 1024px) 100vw, 1024px\" \/><\/figure><a class=\"profile_url\" href=\"https:\/\/targetmalaria.org\/fr\/notre-mission\/notre-processus-de-developpement\/\" target=\"_self\"><\/a><div class=\"single_result_content\"><div class=\"single_result_content_info\"><h2>Notre processus de d\u00e9veloppement<\/h2><p>Target Malaria proc\u00e8de par \u00e9tapes au d\u00e9veloppement de ses technologies g\u00e9n\u00e9tiques innovantes. Nous cherchons \u00e0 d\u00e9velopper des technologies g\u00e9n\u00e9tiques efficaces pour la lutte anti-vectorielle qui soient durables et \u00e9conomiques, puisque ce sont les moustiques eux-m\u00eames qui contribueront \u00e0 la lutte contre le paludisme.<\/p><\/div><div class=\"wp-block-buttons is-layout-flex wp-block-buttons-is-layout-flex\"><div class=\"wp-block-button firstButton\"><a class=\"wp-block-button__link has-white-color has-light-blue-background-color has-text-color has-background has-link-color wp-element-button\" href=\"https:\/\/targetmalaria.org\/fr\/notre-mission\/notre-processus-de-developpement\/\" target=\"_self\">Lire plus <i class=\"fa-solid fa-chevron-right\"><\/i><\/a><\/div><\/div><\/div><\/article>\n<article class=\"page-content__inner search_result_single year-2023 post-10966 page type-page status-publish has-post-thumbnail hentry\">\n <figure class=\"result_image\"><img loading=\"lazy\" decoding=\"async\" width=\"1024\" height=\"682\" src=\"https:\/\/targetmalaria.org\/wp-content\/uploads\/2023\/04\/Science_web_190605_DG_ICL_TMTerni-162-1024x682.jpg\" class=\"alignleft wp-post-image\" alt=\"\" srcset=\"https:\/\/targetmalaria.org\/wp-content\/uploads\/2023\/04\/Science_web_190605_DG_ICL_TMTerni-162-1024x682.jpg 1024w, https:\/\/targetmalaria.org\/wp-content\/uploads\/2023\/04\/Science_web_190605_DG_ICL_TMTerni-162-300x200.jpg 300w, https:\/\/targetmalaria.org\/wp-content\/uploads\/2023\/04\/Science_web_190605_DG_ICL_TMTerni-162-768x512.jpg 768w, https:\/\/targetmalaria.org\/wp-content\/uploads\/2023\/04\/Science_web_190605_DG_ICL_TMTerni-162-1536x1023.jpg 1536w, https:\/\/targetmalaria.org\/wp-content\/uploads\/2023\/04\/Science_web_190605_DG_ICL_TMTerni-162.jpg 1654w\" sizes=\"auto, (max-width: 1024px) 100vw, 1024px\" \/><\/figure><a class=\"profile_url\" href=\"https:\/\/targetmalaria.org\/fr\/notre-mission\/science\/\" target=\"_self\"><\/a><div class=\"single_result_content\"><div class=\"single_result_content_info\"><h2>Science<\/h2><p>Nous travaillons dans quatre domaines cl\u00e9s : insectariums, biologie mol\u00e9culaire, mod\u00e9lisation et entomologie de terrain pour mieux comprendre les moustiques et le paludisme.<\/p><\/div><div class=\"wp-block-buttons is-layout-flex wp-block-buttons-is-layout-flex\"><div class=\"wp-block-button firstButton\"><a class=\"wp-block-button__link has-white-color has-light-blue-background-color has-text-color has-background has-link-color wp-element-button\" href=\"https:\/\/targetmalaria.org\/fr\/notre-mission\/science\/\" target=\"_self\">Lire plus <i class=\"fa-solid fa-chevron-right\"><\/i><\/a><\/div><\/div><\/div><\/article>\n<article class=\"page-content__inner search_result_single year-2023 post-10989 page type-page status-publish has-post-thumbnail hentry\">\n <figure class=\"result_image\"><img loading=\"lazy\" decoding=\"async\" width=\"1024\" height=\"683\" src=\"https:\/\/targetmalaria.org\/wp-content\/uploads\/2021\/06\/Regulatory-Affairs_Target-Malaria_-RoyaltyFreeAdobeStock_HighRes-1024x683.jpeg\" class=\"alignleft wp-post-image\" alt=\"\" srcset=\"https:\/\/targetmalaria.org\/wp-content\/uploads\/2021\/06\/Regulatory-Affairs_Target-Malaria_-RoyaltyFreeAdobeStock_HighRes-1024x683.jpeg 1024w, https:\/\/targetmalaria.org\/wp-content\/uploads\/2021\/06\/Regulatory-Affairs_Target-Malaria_-RoyaltyFreeAdobeStock_HighRes-300x200.jpeg 300w, https:\/\/targetmalaria.org\/wp-content\/uploads\/2021\/06\/Regulatory-Affairs_Target-Malaria_-RoyaltyFreeAdobeStock_HighRes-768x512.jpeg 768w, https:\/\/targetmalaria.org\/wp-content\/uploads\/2021\/06\/Regulatory-Affairs_Target-Malaria_-RoyaltyFreeAdobeStock_HighRes-1536x1024.jpeg 1536w, https:\/\/targetmalaria.org\/wp-content\/uploads\/2021\/06\/Regulatory-Affairs_Target-Malaria_-RoyaltyFreeAdobeStock_HighRes-2048x1365.jpeg 2048w\" sizes=\"auto, (max-width: 1024px) 100vw, 1024px\" \/><\/figure><a class=\"profile_url\" href=\"https:\/\/targetmalaria.org\/fr\/notre-mission\/affaires-reglementaires\/\" target=\"_self\"><\/a><div class=\"single_result_content\"><div class=\"single_result_content_info\"><h2>Affaires r\u00e9glementaires<\/h2><p>Notre projet ne peut passer d\u2019une phase d\u2019\u00e9valuation \u00e0 une autre qu\u2019en se soumettant \u00e0 diverses approbations r\u00e9glementaires et \u00e9thiques nationales. Nous disposons d\u2019une \u00e9quipe r\u00e9glementaire qui nous aide \u00e0 comprendre les exigences dans chaque pays et les informations que nous devons fournir.<\/p><\/div><div class=\"wp-block-buttons is-layout-flex wp-block-buttons-is-layout-flex\"><div class=\"wp-block-button firstButton\"><a class=\"wp-block-button__link has-white-color has-light-blue-background-color has-text-color has-background has-link-color wp-element-button\" href=\"https:\/\/targetmalaria.org\/fr\/notre-mission\/affaires-reglementaires\/\" target=\"_self\">Lire plus <i class=\"fa-solid fa-chevron-right\"><\/i><\/a><\/div><\/div><\/div><\/article>\n<article class=\"page-content__inner search_result_single year-2023 post-11263 page type-page status-publish has-post-thumbnail hentry\">\n <figure class=\"result_image\"><img loading=\"lazy\" decoding=\"async\" width=\"1024\" height=\"683\" src=\"https:\/\/targetmalaria.org\/wp-content\/uploads\/2024\/10\/BURKINA_SE_05-1024x683.jpg\" class=\"alignleft wp-post-image\" alt=\"\" srcset=\"https:\/\/targetmalaria.org\/wp-content\/uploads\/2024\/10\/BURKINA_SE_05-1024x683.jpg 1024w, https:\/\/targetmalaria.org\/wp-content\/uploads\/2024\/10\/BURKINA_SE_05-425x283.jpg 425w, https:\/\/targetmalaria.org\/wp-content\/uploads\/2024\/10\/BURKINA_SE_05-768x512.jpg 768w, https:\/\/targetmalaria.org\/wp-content\/uploads\/2024\/10\/BURKINA_SE_05-300x200.jpg 300w, https:\/\/targetmalaria.org\/wp-content\/uploads\/2024\/10\/BURKINA_SE_05.jpg 1500w\" sizes=\"auto, (max-width: 1024px) 100vw, 1024px\" \/><\/figure><a class=\"profile_url\" href=\"https:\/\/targetmalaria.org\/fr\/notre-mission\/implication-des-parties-prenantes\/\" target=\"_self\"><\/a><div class=\"single_result_content\"><div class=\"single_result_content_info\"><h2>Engagement des parties prenantes<\/h2><p>Nous comptons des \u00e9quipes d\u2019engagement des parties prenantes dans tous les pays o\u00f9 nous exer\u00e7ons nos activit\u00e9s en Afrique. Ces \u00e9quipes sont compos\u00e9es de sp\u00e9cialistes des sciences sociales, d\u2019experts en communications et de praticiens de l\u2019engagement des parties prenantes et sont charg\u00e9es de dialoguer avec les parties prenantes \u00e0 tous les niveaux, des communaut\u00e9s o\u00f9 nous travaillons aux autorit\u00e9s de district, en passant par des responsables gouvernementaux nationaux, des repr\u00e9sentants de la soci\u00e9t\u00e9 civile ou encore des parties prenantes internationales.<\/p><\/div><div class=\"wp-block-buttons is-layout-flex wp-block-buttons-is-layout-flex\"><div class=\"wp-block-button firstButton\"><a class=\"wp-block-button__link has-white-color has-light-blue-background-color has-text-color has-background has-link-color wp-element-button\" href=\"https:\/\/targetmalaria.org\/fr\/notre-mission\/implication-des-parties-prenantes\/\" target=\"_self\">Lire plus <i class=\"fa-solid fa-chevron-right\"><\/i><\/a><\/div><\/div><\/div><\/article><\/div><\/section>","protected":false},"excerpt":{"rendered":"<p>Target Malaria est un projet innovant qui vise \u00e0 r\u00e9duire la population de moustiques vecteurs du paludisme en Afrique subsaharienne.<\/p>\n","protected":false},"author":31,"featured_media":22269,"parent":0,"menu_order":79,"comment_status":"closed","ping_status":"closed","template":"","meta":{"_acf_changed":false,"_relevanssi_hide_post":"","_relevanssi_hide_content":"","_relevanssi_pin_for_all":"","_relevanssi_pin_keywords":"","_relevanssi_unpin_keywords":"","_relevanssi_related_keywords":"","_relevanssi_related_include_ids":"","_relevanssi_related_exclude_ids":"","_relevanssi_related_no_append":"","_relevanssi_related_not_related":"","_relevanssi_related_posts":"","_relevanssi_noindex_reason":"","featured_image_focal_point":[],"footnotes":""},"class_list":["post-5217","page","type-page","status-publish","has-post-thumbnail","hentry"],"acf":[],"yoast_head":"<!-- This site is optimized with the Yoast SEO plugin v27.3 - https:\/\/yoast.com\/product\/yoast-seo-wordpress\/ -->\n<title>Notre mission - Target Malaria<\/title>\n<meta name=\"robots\" content=\"index, follow, max-snippet:-1, max-image-preview:large, max-video-preview:-1\" \/>\n<link rel=\"canonical\" href=\"https:\/\/targetmalaria.org\/fr\/notre-mission\/\" \/>\n<meta property=\"og:locale\" content=\"fr_FR\" \/>\n<meta property=\"og:type\" content=\"article\" \/>\n<meta property=\"og:title\" content=\"Notre mission - Target Malaria\" \/>\n<meta property=\"og:description\" content=\"Target Malaria est un projet innovant qui vise \u00e0 r\u00e9duire la population de moustiques vecteurs du paludisme en Afrique subsaharienne.\" \/>\n<meta property=\"og:url\" content=\"https:\/\/targetmalaria.org\/fr\/notre-mission\/\" \/>\n<meta property=\"og:site_name\" content=\"Target Malaria\" \/>\n<meta property=\"article:publisher\" content=\"https:\/\/www.facebook.com\/TargetMalariaGlobal\/\" \/>\n<meta property=\"article:modified_time\" content=\"2025-11-17T14:38:22+00:00\" \/>\n<meta property=\"og:image\" content=\"https:\/\/targetmalaria.org\/wp-content\/uploads\/2025\/08\/UGANDA_SE_01.jpg\" \/>\n\t<meta property=\"og:image:width\" content=\"1500\" \/>\n\t<meta property=\"og:image:height\" content=\"1000\" \/>\n\t<meta property=\"og:image:type\" content=\"image\/jpeg\" \/>\n<meta name=\"twitter:card\" content=\"summary_large_image\" \/>\n<meta name=\"twitter:site\" content=\"@TargetMalaria\" \/>\n<meta name=\"twitter:label1\" content=\"Dur\u00e9e de lecture estim\u00e9e\" \/>\n\t<meta name=\"twitter:data1\" content=\"1 minute\" \/>\n<script type=\"application\/ld+json\" class=\"yoast-schema-graph\">{\"@context\":\"https:\\\/\\\/schema.org\",\"@graph\":[{\"@type\":\"WebPage\",\"@id\":\"https:\\\/\\\/targetmalaria.org\\\/fr\\\/notre-mission\\\/\",\"url\":\"https:\\\/\\\/targetmalaria.org\\\/fr\\\/notre-mission\\\/\",\"name\":\"Notre mission - Target Malaria\",\"isPartOf\":{\"@id\":\"https:\\\/\\\/targetmalaria.org\\\/fr\\\/#website\"},\"primaryImageOfPage\":{\"@id\":\"https:\\\/\\\/targetmalaria.org\\\/fr\\\/notre-mission\\\/#primaryimage\"},\"image\":{\"@id\":\"https:\\\/\\\/targetmalaria.org\\\/fr\\\/notre-mission\\\/#primaryimage\"},\"thumbnailUrl\":\"https:\\\/\\\/targetmalaria.org\\\/wp-content\\\/uploads\\\/2025\\\/08\\\/UGANDA_SE_01.jpg\",\"datePublished\":\"2021-04-27T14:25:53+00:00\",\"dateModified\":\"2025-11-17T14:38:22+00:00\",\"breadcrumb\":{\"@id\":\"https:\\\/\\\/targetmalaria.org\\\/fr\\\/notre-mission\\\/#breadcrumb\"},\"inLanguage\":\"fr-FR\",\"potentialAction\":[{\"@type\":\"ReadAction\",\"target\":[\"https:\\\/\\\/targetmalaria.org\\\/fr\\\/notre-mission\\\/\"]}]},{\"@type\":\"ImageObject\",\"inLanguage\":\"fr-FR\",\"@id\":\"https:\\\/\\\/targetmalaria.org\\\/fr\\\/notre-mission\\\/#primaryimage\",\"url\":\"https:\\\/\\\/targetmalaria.org\\\/wp-content\\\/uploads\\\/2025\\\/08\\\/UGANDA_SE_01.jpg\",\"contentUrl\":\"https:\\\/\\\/targetmalaria.org\\\/wp-content\\\/uploads\\\/2025\\\/08\\\/UGANDA_SE_01.jpg\",\"width\":1500,\"height\":1000},{\"@type\":\"BreadcrumbList\",\"@id\":\"https:\\\/\\\/targetmalaria.org\\\/fr\\\/notre-mission\\\/#breadcrumb\",\"itemListElement\":[{\"@type\":\"ListItem\",\"position\":1,\"name\":\"Home\",\"item\":\"https:\\\/\\\/targetmalaria.org\\\/fr\\\/\"},{\"@type\":\"ListItem\",\"position\":2,\"name\":\"Notre mission\"}]},{\"@type\":\"WebSite\",\"@id\":\"https:\\\/\\\/targetmalaria.org\\\/fr\\\/#website\",\"url\":\"https:\\\/\\\/targetmalaria.org\\\/fr\\\/\",\"name\":\"Target Malaria\",\"description\":\"\",\"publisher\":{\"@id\":\"https:\\\/\\\/targetmalaria.org\\\/fr\\\/#organization\"},\"potentialAction\":[{\"@type\":\"SearchAction\",\"target\":{\"@type\":\"EntryPoint\",\"urlTemplate\":\"https:\\\/\\\/targetmalaria.org\\\/fr\\\/?s={search_term_string}\"},\"query-input\":{\"@type\":\"PropertyValueSpecification\",\"valueRequired\":true,\"valueName\":\"search_term_string\"}}],\"inLanguage\":\"fr-FR\"},{\"@type\":\"Organization\",\"@id\":\"https:\\\/\\\/targetmalaria.org\\\/fr\\\/#organization\",\"name\":\"Target Malaria\",\"url\":\"https:\\\/\\\/targetmalaria.org\\\/fr\\\/\",\"logo\":{\"@type\":\"ImageObject\",\"inLanguage\":\"fr-FR\",\"@id\":\"https:\\\/\\\/targetmalaria.org\\\/fr\\\/#\\\/schema\\\/logo\\\/image\\\/\",\"url\":\"https:\\\/\\\/targetmalaria.org\\\/wp-content\\\/uploads\\\/2025\\\/08\\\/target_malaria_bf_logo.png\",\"contentUrl\":\"https:\\\/\\\/targetmalaria.org\\\/wp-content\\\/uploads\\\/2025\\\/08\\\/target_malaria_bf_logo.png\",\"width\":1920,\"height\":1080,\"caption\":\"Target Malaria\"},\"image\":{\"@id\":\"https:\\\/\\\/targetmalaria.org\\\/fr\\\/#\\\/schema\\\/logo\\\/image\\\/\"},\"sameAs\":[\"https:\\\/\\\/www.facebook.com\\\/TargetMalariaGlobal\\\/\",\"https:\\\/\\\/x.com\\\/TargetMalaria\",\"https:\\\/\\\/www.linkedin.com\\\/company\\\/target-malaria\",\"https:\\\/\\\/youtube.com\\\/@TargetMalaria\"]}]}<\/script>\n<!-- \/ Yoast SEO plugin. -->","yoast_head_json":{"title":"Notre mission - Target Malaria","robots":{"index":"index","follow":"follow","max-snippet":"max-snippet:-1","max-image-preview":"max-image-preview:large","max-video-preview":"max-video-preview:-1"},"canonical":"https:\/\/targetmalaria.org\/fr\/notre-mission\/","og_locale":"fr_FR","og_type":"article","og_title":"Notre mission - Target Malaria","og_description":"Target Malaria est un projet innovant qui vise \u00e0 r\u00e9duire la population de moustiques vecteurs du paludisme en Afrique subsaharienne.","og_url":"https:\/\/targetmalaria.org\/fr\/notre-mission\/","og_site_name":"Target Malaria","article_publisher":"https:\/\/www.facebook.com\/TargetMalariaGlobal\/","article_modified_time":"2025-11-17T14:38:22+00:00","og_image":[{"width":1500,"height":1000,"url":"https:\/\/targetmalaria.org\/wp-content\/uploads\/2025\/08\/UGANDA_SE_01.jpg","type":"image\/jpeg"}],"twitter_card":"summary_large_image","twitter_site":"@TargetMalaria","twitter_misc":{"Dur\u00e9e de lecture estim\u00e9e":"1 minute"},"schema":{"@context":"https:\/\/schema.org","@graph":[{"@type":"WebPage","@id":"https:\/\/targetmalaria.org\/fr\/notre-mission\/","url":"https:\/\/targetmalaria.org\/fr\/notre-mission\/","name":"Notre mission - Target Malaria","isPartOf":{"@id":"https:\/\/targetmalaria.org\/fr\/#website"},"primaryImageOfPage":{"@id":"https:\/\/targetmalaria.org\/fr\/notre-mission\/#primaryimage"},"image":{"@id":"https:\/\/targetmalaria.org\/fr\/notre-mission\/#primaryimage"},"thumbnailUrl":"https:\/\/targetmalaria.org\/wp-content\/uploads\/2025\/08\/UGANDA_SE_01.jpg","datePublished":"2021-04-27T14:25:53+00:00","dateModified":"2025-11-17T14:38:22+00:00","breadcrumb":{"@id":"https:\/\/targetmalaria.org\/fr\/notre-mission\/#breadcrumb"},"inLanguage":"fr-FR","potentialAction":[{"@type":"ReadAction","target":["https:\/\/targetmalaria.org\/fr\/notre-mission\/"]}]},{"@type":"ImageObject","inLanguage":"fr-FR","@id":"https:\/\/targetmalaria.org\/fr\/notre-mission\/#primaryimage","url":"https:\/\/targetmalaria.org\/wp-content\/uploads\/2025\/08\/UGANDA_SE_01.jpg","contentUrl":"https:\/\/targetmalaria.org\/wp-content\/uploads\/2025\/08\/UGANDA_SE_01.jpg","width":1500,"height":1000},{"@type":"BreadcrumbList","@id":"https:\/\/targetmalaria.org\/fr\/notre-mission\/#breadcrumb","itemListElement":[{"@type":"ListItem","position":1,"name":"Home","item":"https:\/\/targetmalaria.org\/fr\/"},{"@type":"ListItem","position":2,"name":"Notre mission"}]},{"@type":"WebSite","@id":"https:\/\/targetmalaria.org\/fr\/#website","url":"https:\/\/targetmalaria.org\/fr\/","name":"Target Malaria","description":"","publisher":{"@id":"https:\/\/targetmalaria.org\/fr\/#organization"},"potentialAction":[{"@type":"SearchAction","target":{"@type":"EntryPoint","urlTemplate":"https:\/\/targetmalaria.org\/fr\/?s={search_term_string}"},"query-input":{"@type":"PropertyValueSpecification","valueRequired":true,"valueName":"search_term_string"}}],"inLanguage":"fr-FR"},{"@type":"Organization","@id":"https:\/\/targetmalaria.org\/fr\/#organization","name":"Target Malaria","url":"https:\/\/targetmalaria.org\/fr\/","logo":{"@type":"ImageObject","inLanguage":"fr-FR","@id":"https:\/\/targetmalaria.org\/fr\/#\/schema\/logo\/image\/","url":"https:\/\/targetmalaria.org\/wp-content\/uploads\/2025\/08\/target_malaria_bf_logo.png","contentUrl":"https:\/\/targetmalaria.org\/wp-content\/uploads\/2025\/08\/target_malaria_bf_logo.png","width":1920,"height":1080,"caption":"Target Malaria"},"image":{"@id":"https:\/\/targetmalaria.org\/fr\/#\/schema\/logo\/image\/"},"sameAs":["https:\/\/www.facebook.com\/TargetMalariaGlobal\/","https:\/\/x.com\/TargetMalaria","https:\/\/www.linkedin.com\/company\/target-malaria","https:\/\/youtube.com\/@TargetMalaria"]}]}},"_links":{"self":[{"href":"https:\/\/targetmalaria.org\/fr\/wp-json\/wp\/v2\/pages\/5217","targetHints":{"allow":["GET"]}}],"collection":[{"href":"https:\/\/targetmalaria.org\/fr\/wp-json\/wp\/v2\/pages"}],"about":[{"href":"https:\/\/targetmalaria.org\/fr\/wp-json\/wp\/v2\/types\/page"}],"author":[{"embeddable":true,"href":"https:\/\/targetmalaria.org\/fr\/wp-json\/wp\/v2\/users\/31"}],"replies":[{"embeddable":true,"href":"https:\/\/targetmalaria.org\/fr\/wp-json\/wp\/v2\/comments?post=5217"}],"version-history":[{"count":4,"href":"https:\/\/targetmalaria.org\/fr\/wp-json\/wp\/v2\/pages\/5217\/revisions"}],"predecessor-version":[{"id":23326,"href":"https:\/\/targetmalaria.org\/fr\/wp-json\/wp\/v2\/pages\/5217\/revisions\/23326"}],"wp:featuredmedia":[{"embeddable":true,"href":"https:\/\/targetmalaria.org\/fr\/wp-json\/wp\/v2\/media\/22269"}],"wp:attachment":[{"href":"https:\/\/targetmalaria.org\/fr\/wp-json\/wp\/v2\/media?parent=5217"}],"curies":[{"name":"wp","href":"https:\/\/api.w.org\/{rel}","templated":true}]}}