{"id":5201,"date":"2021-04-27T12:40:51","date_gmt":"2021-04-27T11:40:51","guid":{"rendered":"https:\/\/targetmalaria.org\/?page_id=5201"},"modified":"2025-11-17T14:56:41","modified_gmt":"2025-11-17T14:56:41","slug":"comment-cela-fonctionne","status":"publish","type":"page","link":"https:\/\/targetmalaria.org\/fr\/notre-mission\/notre-processus-de-developpement\/comment-cela-fonctionne\/","title":{"rendered":"Comment fonctionne l&rsquo;impulsion g\u00e9n\u00e9tique"},"content":{"rendered":"<div class=\"ragged-edge-parent alignfull\">\n<div class=\"wp-block-cover alignfull firstCover ragged_edge-position-both\" style=\"min-height:25vw;aspect-ratio:unset;\"><img loading=\"lazy\" decoding=\"async\" width=\"1200\" height=\"800\" class=\"wp-block-cover__image-background wp-image-13858 size-full\" alt=\"A scientist sits at a desk and looks into a microscope\" src=\"https:\/\/targetmalaria.org\/wp-content\/uploads\/2023\/08\/190605_DG_ICL_TMTerni-144.jpg\" style=\"object-position:63% 63%\" data-object-fit=\"cover\" data-object-position=\"63% 63%\" srcset=\"https:\/\/targetmalaria.org\/wp-content\/uploads\/2023\/08\/190605_DG_ICL_TMTerni-144.jpg 1200w, https:\/\/targetmalaria.org\/wp-content\/uploads\/2023\/08\/190605_DG_ICL_TMTerni-144-300x200.jpg 300w, https:\/\/targetmalaria.org\/wp-content\/uploads\/2023\/08\/190605_DG_ICL_TMTerni-144-1024x683.jpg 1024w, https:\/\/targetmalaria.org\/wp-content\/uploads\/2023\/08\/190605_DG_ICL_TMTerni-144-768x512.jpg 768w\" sizes=\"auto, (max-width: 1200px) 100vw, 1200px\" \/><span aria-hidden=\"true\" class=\"wp-block-cover__background has-background-dim-0 has-background-dim\"><\/span><div class=\"wp-block-cover__inner-container has-global-padding is-layout-constrained wp-block-cover-is-layout-constrained\">\n<p class=\"has-text-align-center has-large-font-size\"><\/p>\n<\/div><\/div>\n<\/div>\n\n\n<div class=\"wp-block-columns is-layout-flex wp-container-core-columns-is-layout-0884d4d2 wp-block-columns-is-layout-flex\" style=\"margin-top:var(--wp--preset--spacing--50);margin-bottom:var(--wp--preset--spacing--50)\">\n<div class=\"wp-block-column is-layout-flow wp-block-column-is-layout-flow\" style=\"flex-basis:33.33%\">\n<h2 class=\"wp-block-heading\">\u00c0 l\u2019heure actuelle, nous \u00e9valuons plusieurs approches de modification g\u00e9n\u00e9tique permettant de r\u00e9duire le nombre de moustiques vecteurs du paludisme, en particulier les technologies d\u2019impulsion g\u00e9n\u00e9tique.<\/h2>\n<\/div>\n\n\n\n<div class=\"wp-block-column is-layout-flow wp-block-column-is-layout-flow\" style=\"flex-basis:66.66%\">\n<p>Ce travail en est encore \u00e0 un stade pr\u00e9coce, mais nos mod\u00e8les montrent que cette m\u00e9thode permettrait potentiellement de r\u00e9duire consid\u00e9rablement le nombre de moustiques vecteurs du paludisme et donc, la transmission de la maladie, dans des d\u00e9lais socialement pertinents.<\/p>\n\n\n\n<figure class=\"wp-block-embed is-type-video is-provider-youtube wp-block-embed-youtube wp-embed-aspect-16-9 wp-has-aspect-ratio\"><div class=\"wp-block-embed__wrapper\">\n<iframe loading=\"lazy\" title=\"Ethical dilemma: Should we get rid of mosquitoes? - Talya Hackett\" width=\"500\" height=\"281\" src=\"https:\/\/www.youtube.com\/embed\/H7i9Anh0_Dg?feature=oembed\" frameborder=\"0\" allow=\"accelerometer; autoplay; clipboard-write; encrypted-media; gyroscope; picture-in-picture; web-share\" referrerpolicy=\"strict-origin-when-cross-origin\" allowfullscreen><\/iframe>\n<\/div><\/figure>\n<\/div>\n<\/div>\n\n\n\n<div class=\"wp-block-group alignfull has-white-color has-light-blue-background-color has-text-color has-background has-link-color firstCover ragged_edge-position-both wp-elements-f8a79891a8d84e7d89983d3577f8e6f8 has-global-padding is-layout-constrained wp-block-group-is-layout-constrained\" style=\"margin-top:var(--wp--preset--spacing--50)\">\n<blockquote class=\"wp-block-quote has-text-align-center has-small-font-size is-layout-flow wp-block-quote-is-layout-flow\" style=\"padding-top:0;padding-bottom:0\">\n<p style=\"font-size:clamp(1.039rem, 1.039rem + ((1vw - 0.2rem) * 0.701), 1.6rem);\">\u00ab\u00a0L&rsquo;impulsion g\u00e9n\u00e9tique est un ph\u00e9nom\u00e8ne g\u00e9n\u00e9tique qui se produit dans la nature, et par lequel une caract\u00e9ristique donn\u00e9e se propage rapidement \u00e0 travers une esp\u00e8ce en l&rsquo;espace de plusieurs g\u00e9n\u00e9rations, par le biais de la reproduction sexuelle.<\/p>\n\n\n\n<p style=\"font-size:clamp(1.039rem, 1.039rem + ((1vw - 0.2rem) * 0.701), 1.6rem);\">Le r\u00f4le de l&rsquo;impulsion g\u00e9n\u00e9tique est d&rsquo;augmenter la probabilit\u00e9 qu&rsquo;un g\u00e8ne modifi\u00e9 soit h\u00e9rit\u00e9 par la prog\u00e9niture. Normalement, les g\u00e8nes ont 50 % de chances d&rsquo;\u00eatre transmis \u00e0 la descendance, mais les syst\u00e8mes d&rsquo;impulsion g\u00e9n\u00e9tique peuvent augmenter jusqu&rsquo;\u00e0 99 % cette probabilit\u00e9. Ainsi, sur plusieurs g\u00e9n\u00e9rations, une caract\u00e9ristique donn\u00e9e deviendrait de plus en plus courante au sein d&rsquo;une m\u00eame esp\u00e8ce.\u00a0\u00bb<\/p>\n\n\n\n<figure class=\"wp-block-image size-full is-resized is-style-rounded\"><img loading=\"lazy\" decoding=\"async\" width=\"800\" height=\"556\" src=\"https:\/\/targetmalaria.org\/wp-content\/uploads\/2023\/01\/AustinBurtBioPhoto.jpeg\" alt=\"\" class=\"wp-image-9987\" style=\"aspect-ratio:1;object-fit:cover;width:100px; object-position: 35% 24%;\" srcset=\"https:\/\/targetmalaria.org\/wp-content\/uploads\/2023\/01\/AustinBurtBioPhoto.jpeg 800w, https:\/\/targetmalaria.org\/wp-content\/uploads\/2023\/01\/AustinBurtBioPhoto-300x209.jpeg 300w, https:\/\/targetmalaria.org\/wp-content\/uploads\/2023\/01\/AustinBurtBioPhoto-768x534.jpeg 768w\" sizes=\"auto, (max-width: 800px) 100vw, 800px\" \/><\/figure>\n<cite>Professeur Austin Burt<\/cite><\/blockquote>\n<\/div>\n\n\n\n<div class=\"wp-block-columns is-layout-flex wp-container-core-columns-is-layout-7abde1fe wp-block-columns-is-layout-flex\" style=\"padding-top:var(--wp--preset--spacing--40);padding-bottom:var(--wp--preset--spacing--40)\">\n<div class=\"wp-block-column is-layout-flow wp-block-column-is-layout-flow\" style=\"flex-basis:33.33%\">\n<figure class=\"wp-block-embed is-type-video is-provider-youtube wp-block-embed-youtube wp-embed-aspect-16-9 wp-has-aspect-ratio\"><div class=\"wp-block-embed__wrapper\">\n<iframe loading=\"lazy\" title=\"Malaria: A Deadly Disease\" width=\"500\" height=\"281\" src=\"https:\/\/www.youtube.com\/embed\/Abtto9gXFeQ?feature=oembed\" frameborder=\"0\" allow=\"accelerometer; autoplay; clipboard-write; encrypted-media; gyroscope; picture-in-picture; web-share\" referrerpolicy=\"strict-origin-when-cross-origin\" allowfullscreen><\/iframe>\n<\/div><\/figure>\n<\/div>\n\n\n\n<div class=\"wp-block-column is-layout-flow wp-block-column-is-layout-flow\" style=\"flex-basis:66.66%\">\n<p>L\u2019objectif ultime de toutes les approches \u00e0 base d\u2019impulsion g\u00e9n\u00e9tique que nous \u00e9tudions est de produire des moustiques <em>Anopheles gambiae<\/em> g\u00e9n\u00e9tiquement modifi\u00e9s qui transmettent cette modification g\u00e9n\u00e9tique \u00e0 un pourcentage \u00e9lev\u00e9 de leurs descendants ; la modification est donc assez vite \u00e9tablie dans toute la population vis\u00e9e \u2013 on dit qu\u2019elle est \u00ab autonome \u00bb. Les modifications g\u00e9n\u00e9tiques que nous effectuons ont pour objectif de r\u00e9duire le nombre de moustiques <em>Anopheles gambiae<\/em> femelles, celles qui piquent et transmettent le paludisme chez l\u2019homme.<\/p>\n\n\n\n<p>Pour ce faire, nous introduisons des g\u00e8nes qui produisent des enzymes (appel\u00e9es nucl\u00e9ases) dans <em>Anopheles gambiae<\/em>. Ces enzymes reconnaissent et coupent des s\u00e9quences sp\u00e9cifiques d\u2019ADN. Dans le cas de Target Malaria, nos chercheurs coupent de mani\u00e8re pr\u00e9cise et perturbent uniquement les s\u00e9quences de g\u00e8ne sp\u00e9cifiques qui les int\u00e9ressent, comme les <a href=\"https:\/\/targetmalaria.org\/fr\/fact-sheets\/construction-doublesex-2\/\" target=\"_blank\" rel=\"noreferrer noopener\">g\u00e8nes de fertilit\u00e9<\/a> ou les g\u00e8nes de d\u00e9termination sexuelle qui auront un impact sur la reproduction et donc, sur la taille de la population. Ceci permet de r\u00e9duire la population de moustiques vecteurs du paludisme de mani\u00e8re durable et relativement \u00e9conomique, car ce sont les moustiques qui font le travail.<\/p>\n\n\n\n<p>Nos travaux se concentrent actuellement sur deux principaux domaines : &nbsp;r\u00e9duire la fertilit\u00e9 des femelles et biaiser le genre des populations de moustiques.<\/p>\n<\/div>\n<\/div>\n","protected":false},"excerpt":{"rendered":"<p>\u00c0 l\u2019heure actuelle, nous \u00e9valuons plusieurs approches de modification g\u00e9n\u00e9tique permettant de r\u00e9duire le nombre de moustiques vecteurs du paludisme, en particulier les technologies d\u2019impulsion g\u00e9n\u00e9tique. Ce travail en est encore \u00e0 un stade pr\u00e9coce, mais nos mod\u00e8les montrent que cette m\u00e9thode permettrait potentiellement de r\u00e9duire consid\u00e9rablement le nombre de moustiques vecteurs du paludisme et [&hellip;]<\/p>\n","protected":false},"author":31,"featured_media":13859,"parent":9686,"menu_order":71,"comment_status":"closed","ping_status":"closed","template":"","meta":{"_acf_changed":false,"_relevanssi_hide_post":"","_relevanssi_hide_content":"","_relevanssi_pin_for_all":"","_relevanssi_pin_keywords":"","_relevanssi_unpin_keywords":"","_relevanssi_related_keywords":"","_relevanssi_related_include_ids":"","_relevanssi_related_exclude_ids":"","_relevanssi_related_no_append":"","_relevanssi_related_not_related":"","_relevanssi_related_posts":"","_relevanssi_noindex_reason":"","featured_image_focal_point":[],"footnotes":""},"class_list":["post-5201","page","type-page","status-publish","has-post-thumbnail","hentry"],"acf":[],"yoast_head":"<!-- This site is optimized with the Yoast SEO plugin v27.3 - https:\/\/yoast.com\/product\/yoast-seo-wordpress\/ -->\n<title>Comment fonctionne l&#039;impulsion g\u00e9n\u00e9tique - Target Malaria<\/title>\n<meta name=\"robots\" content=\"index, follow, max-snippet:-1, max-image-preview:large, max-video-preview:-1\" \/>\n<link rel=\"canonical\" href=\"https:\/\/targetmalaria.org\/fr\/notre-mission\/notre-processus-de-developpement\/comment-cela-fonctionne\/\" \/>\n<meta property=\"og:locale\" content=\"fr_FR\" \/>\n<meta property=\"og:type\" content=\"article\" \/>\n<meta property=\"og:title\" content=\"Comment fonctionne l&#039;impulsion g\u00e9n\u00e9tique - Target Malaria\" \/>\n<meta property=\"og:description\" content=\"\u00c0 l\u2019heure actuelle, nous \u00e9valuons plusieurs approches de modification g\u00e9n\u00e9tique permettant de r\u00e9duire le nombre de moustiques vecteurs du paludisme, en particulier les technologies d\u2019impulsion g\u00e9n\u00e9tique. Ce travail en est encore \u00e0 un stade pr\u00e9coce, mais nos mod\u00e8les montrent que cette m\u00e9thode permettrait potentiellement de r\u00e9duire consid\u00e9rablement le nombre de moustiques vecteurs du paludisme et [&hellip;]\" \/>\n<meta property=\"og:url\" content=\"https:\/\/targetmalaria.org\/fr\/notre-mission\/notre-processus-de-developpement\/comment-cela-fonctionne\/\" \/>\n<meta property=\"og:site_name\" content=\"Target Malaria\" \/>\n<meta property=\"article:publisher\" content=\"https:\/\/www.facebook.com\/TargetMalariaGlobal\/\" \/>\n<meta property=\"article:modified_time\" content=\"2025-11-17T14:56:41+00:00\" \/>\n<meta property=\"og:image\" content=\"https:\/\/targetmalaria.org\/wp-content\/uploads\/2023\/08\/190605_DG_ICL_TMTerni-144.jpg\" \/>\n\t<meta property=\"og:image:width\" content=\"1200\" \/>\n\t<meta property=\"og:image:height\" content=\"800\" \/>\n\t<meta property=\"og:image:type\" content=\"image\/jpeg\" \/>\n<meta name=\"twitter:card\" content=\"summary_large_image\" \/>\n<meta name=\"twitter:site\" content=\"@TargetMalaria\" \/>\n<meta name=\"twitter:label1\" content=\"Dur\u00e9e de lecture estim\u00e9e\" \/>\n\t<meta name=\"twitter:data1\" content=\"2 minutes\" \/>\n<script type=\"application\/ld+json\" class=\"yoast-schema-graph\">{\"@context\":\"https:\\\/\\\/schema.org\",\"@graph\":[{\"@type\":\"WebPage\",\"@id\":\"https:\\\/\\\/targetmalaria.org\\\/fr\\\/notre-mission\\\/notre-processus-de-developpement\\\/comment-cela-fonctionne\\\/\",\"url\":\"https:\\\/\\\/targetmalaria.org\\\/fr\\\/notre-mission\\\/notre-processus-de-developpement\\\/comment-cela-fonctionne\\\/\",\"name\":\"Comment fonctionne l'impulsion g\u00e9n\u00e9tique - Target Malaria\",\"isPartOf\":{\"@id\":\"https:\\\/\\\/targetmalaria.org\\\/fr\\\/#website\"},\"primaryImageOfPage\":{\"@id\":\"https:\\\/\\\/targetmalaria.org\\\/fr\\\/notre-mission\\\/notre-processus-de-developpement\\\/comment-cela-fonctionne\\\/#primaryimage\"},\"image\":{\"@id\":\"https:\\\/\\\/targetmalaria.org\\\/fr\\\/notre-mission\\\/notre-processus-de-developpement\\\/comment-cela-fonctionne\\\/#primaryimage\"},\"thumbnailUrl\":\"https:\\\/\\\/targetmalaria.org\\\/wp-content\\\/uploads\\\/2023\\\/08\\\/190605_DG_ICL_TMTerni-144.jpg\",\"datePublished\":\"2021-04-27T11:40:51+00:00\",\"dateModified\":\"2025-11-17T14:56:41+00:00\",\"breadcrumb\":{\"@id\":\"https:\\\/\\\/targetmalaria.org\\\/fr\\\/notre-mission\\\/notre-processus-de-developpement\\\/comment-cela-fonctionne\\\/#breadcrumb\"},\"inLanguage\":\"fr-FR\",\"potentialAction\":[{\"@type\":\"ReadAction\",\"target\":[\"https:\\\/\\\/targetmalaria.org\\\/fr\\\/notre-mission\\\/notre-processus-de-developpement\\\/comment-cela-fonctionne\\\/\"]}]},{\"@type\":\"ImageObject\",\"inLanguage\":\"fr-FR\",\"@id\":\"https:\\\/\\\/targetmalaria.org\\\/fr\\\/notre-mission\\\/notre-processus-de-developpement\\\/comment-cela-fonctionne\\\/#primaryimage\",\"url\":\"https:\\\/\\\/targetmalaria.org\\\/wp-content\\\/uploads\\\/2023\\\/08\\\/190605_DG_ICL_TMTerni-144.jpg\",\"contentUrl\":\"https:\\\/\\\/targetmalaria.org\\\/wp-content\\\/uploads\\\/2023\\\/08\\\/190605_DG_ICL_TMTerni-144.jpg\",\"width\":1200,\"height\":800,\"caption\":\"Lab Work\"},{\"@type\":\"BreadcrumbList\",\"@id\":\"https:\\\/\\\/targetmalaria.org\\\/fr\\\/notre-mission\\\/notre-processus-de-developpement\\\/comment-cela-fonctionne\\\/#breadcrumb\",\"itemListElement\":[{\"@type\":\"ListItem\",\"position\":1,\"name\":\"Home\",\"item\":\"https:\\\/\\\/targetmalaria.org\\\/fr\\\/\"},{\"@type\":\"ListItem\",\"position\":2,\"name\":\"Notre mission\",\"item\":\"https:\\\/\\\/targetmalaria.org\\\/fr\\\/notre-mission\\\/\"},{\"@type\":\"ListItem\",\"position\":3,\"name\":\"Notre processus de d\u00e9veloppement\",\"item\":\"https:\\\/\\\/targetmalaria.org\\\/fr\\\/notre-mission\\\/notre-processus-de-developpement\\\/\"},{\"@type\":\"ListItem\",\"position\":4,\"name\":\"Comment fonctionne l&#8217;impulsion g\u00e9n\u00e9tique\"}]},{\"@type\":\"WebSite\",\"@id\":\"https:\\\/\\\/targetmalaria.org\\\/fr\\\/#website\",\"url\":\"https:\\\/\\\/targetmalaria.org\\\/fr\\\/\",\"name\":\"Target Malaria\",\"description\":\"\",\"publisher\":{\"@id\":\"https:\\\/\\\/targetmalaria.org\\\/fr\\\/#organization\"},\"potentialAction\":[{\"@type\":\"SearchAction\",\"target\":{\"@type\":\"EntryPoint\",\"urlTemplate\":\"https:\\\/\\\/targetmalaria.org\\\/fr\\\/?s={search_term_string}\"},\"query-input\":{\"@type\":\"PropertyValueSpecification\",\"valueRequired\":true,\"valueName\":\"search_term_string\"}}],\"inLanguage\":\"fr-FR\"},{\"@type\":\"Organization\",\"@id\":\"https:\\\/\\\/targetmalaria.org\\\/fr\\\/#organization\",\"name\":\"Target Malaria\",\"url\":\"https:\\\/\\\/targetmalaria.org\\\/fr\\\/\",\"logo\":{\"@type\":\"ImageObject\",\"inLanguage\":\"fr-FR\",\"@id\":\"https:\\\/\\\/targetmalaria.org\\\/fr\\\/#\\\/schema\\\/logo\\\/image\\\/\",\"url\":\"https:\\\/\\\/targetmalaria.org\\\/wp-content\\\/uploads\\\/2025\\\/08\\\/target_malaria_bf_logo.png\",\"contentUrl\":\"https:\\\/\\\/targetmalaria.org\\\/wp-content\\\/uploads\\\/2025\\\/08\\\/target_malaria_bf_logo.png\",\"width\":1920,\"height\":1080,\"caption\":\"Target Malaria\"},\"image\":{\"@id\":\"https:\\\/\\\/targetmalaria.org\\\/fr\\\/#\\\/schema\\\/logo\\\/image\\\/\"},\"sameAs\":[\"https:\\\/\\\/www.facebook.com\\\/TargetMalariaGlobal\\\/\",\"https:\\\/\\\/x.com\\\/TargetMalaria\",\"https:\\\/\\\/www.linkedin.com\\\/company\\\/target-malaria\",\"https:\\\/\\\/youtube.com\\\/@TargetMalaria\"]}]}<\/script>\n<!-- \/ Yoast SEO plugin. -->","yoast_head_json":{"title":"Comment fonctionne l'impulsion g\u00e9n\u00e9tique - Target Malaria","robots":{"index":"index","follow":"follow","max-snippet":"max-snippet:-1","max-image-preview":"max-image-preview:large","max-video-preview":"max-video-preview:-1"},"canonical":"https:\/\/targetmalaria.org\/fr\/notre-mission\/notre-processus-de-developpement\/comment-cela-fonctionne\/","og_locale":"fr_FR","og_type":"article","og_title":"Comment fonctionne l'impulsion g\u00e9n\u00e9tique - Target Malaria","og_description":"\u00c0 l\u2019heure actuelle, nous \u00e9valuons plusieurs approches de modification g\u00e9n\u00e9tique permettant de r\u00e9duire le nombre de moustiques vecteurs du paludisme, en particulier les technologies d\u2019impulsion g\u00e9n\u00e9tique. Ce travail en est encore \u00e0 un stade pr\u00e9coce, mais nos mod\u00e8les montrent que cette m\u00e9thode permettrait potentiellement de r\u00e9duire consid\u00e9rablement le nombre de moustiques vecteurs du paludisme et [&hellip;]","og_url":"https:\/\/targetmalaria.org\/fr\/notre-mission\/notre-processus-de-developpement\/comment-cela-fonctionne\/","og_site_name":"Target Malaria","article_publisher":"https:\/\/www.facebook.com\/TargetMalariaGlobal\/","article_modified_time":"2025-11-17T14:56:41+00:00","og_image":[{"width":1200,"height":800,"url":"https:\/\/targetmalaria.org\/wp-content\/uploads\/2023\/08\/190605_DG_ICL_TMTerni-144.jpg","type":"image\/jpeg"}],"twitter_card":"summary_large_image","twitter_site":"@TargetMalaria","twitter_misc":{"Dur\u00e9e de lecture estim\u00e9e":"2 minutes"},"schema":{"@context":"https:\/\/schema.org","@graph":[{"@type":"WebPage","@id":"https:\/\/targetmalaria.org\/fr\/notre-mission\/notre-processus-de-developpement\/comment-cela-fonctionne\/","url":"https:\/\/targetmalaria.org\/fr\/notre-mission\/notre-processus-de-developpement\/comment-cela-fonctionne\/","name":"Comment fonctionne l'impulsion g\u00e9n\u00e9tique - Target Malaria","isPartOf":{"@id":"https:\/\/targetmalaria.org\/fr\/#website"},"primaryImageOfPage":{"@id":"https:\/\/targetmalaria.org\/fr\/notre-mission\/notre-processus-de-developpement\/comment-cela-fonctionne\/#primaryimage"},"image":{"@id":"https:\/\/targetmalaria.org\/fr\/notre-mission\/notre-processus-de-developpement\/comment-cela-fonctionne\/#primaryimage"},"thumbnailUrl":"https:\/\/targetmalaria.org\/wp-content\/uploads\/2023\/08\/190605_DG_ICL_TMTerni-144.jpg","datePublished":"2021-04-27T11:40:51+00:00","dateModified":"2025-11-17T14:56:41+00:00","breadcrumb":{"@id":"https:\/\/targetmalaria.org\/fr\/notre-mission\/notre-processus-de-developpement\/comment-cela-fonctionne\/#breadcrumb"},"inLanguage":"fr-FR","potentialAction":[{"@type":"ReadAction","target":["https:\/\/targetmalaria.org\/fr\/notre-mission\/notre-processus-de-developpement\/comment-cela-fonctionne\/"]}]},{"@type":"ImageObject","inLanguage":"fr-FR","@id":"https:\/\/targetmalaria.org\/fr\/notre-mission\/notre-processus-de-developpement\/comment-cela-fonctionne\/#primaryimage","url":"https:\/\/targetmalaria.org\/wp-content\/uploads\/2023\/08\/190605_DG_ICL_TMTerni-144.jpg","contentUrl":"https:\/\/targetmalaria.org\/wp-content\/uploads\/2023\/08\/190605_DG_ICL_TMTerni-144.jpg","width":1200,"height":800,"caption":"Lab Work"},{"@type":"BreadcrumbList","@id":"https:\/\/targetmalaria.org\/fr\/notre-mission\/notre-processus-de-developpement\/comment-cela-fonctionne\/#breadcrumb","itemListElement":[{"@type":"ListItem","position":1,"name":"Home","item":"https:\/\/targetmalaria.org\/fr\/"},{"@type":"ListItem","position":2,"name":"Notre mission","item":"https:\/\/targetmalaria.org\/fr\/notre-mission\/"},{"@type":"ListItem","position":3,"name":"Notre processus de d\u00e9veloppement","item":"https:\/\/targetmalaria.org\/fr\/notre-mission\/notre-processus-de-developpement\/"},{"@type":"ListItem","position":4,"name":"Comment fonctionne l&#8217;impulsion g\u00e9n\u00e9tique"}]},{"@type":"WebSite","@id":"https:\/\/targetmalaria.org\/fr\/#website","url":"https:\/\/targetmalaria.org\/fr\/","name":"Target Malaria","description":"","publisher":{"@id":"https:\/\/targetmalaria.org\/fr\/#organization"},"potentialAction":[{"@type":"SearchAction","target":{"@type":"EntryPoint","urlTemplate":"https:\/\/targetmalaria.org\/fr\/?s={search_term_string}"},"query-input":{"@type":"PropertyValueSpecification","valueRequired":true,"valueName":"search_term_string"}}],"inLanguage":"fr-FR"},{"@type":"Organization","@id":"https:\/\/targetmalaria.org\/fr\/#organization","name":"Target Malaria","url":"https:\/\/targetmalaria.org\/fr\/","logo":{"@type":"ImageObject","inLanguage":"fr-FR","@id":"https:\/\/targetmalaria.org\/fr\/#\/schema\/logo\/image\/","url":"https:\/\/targetmalaria.org\/wp-content\/uploads\/2025\/08\/target_malaria_bf_logo.png","contentUrl":"https:\/\/targetmalaria.org\/wp-content\/uploads\/2025\/08\/target_malaria_bf_logo.png","width":1920,"height":1080,"caption":"Target Malaria"},"image":{"@id":"https:\/\/targetmalaria.org\/fr\/#\/schema\/logo\/image\/"},"sameAs":["https:\/\/www.facebook.com\/TargetMalariaGlobal\/","https:\/\/x.com\/TargetMalaria","https:\/\/www.linkedin.com\/company\/target-malaria","https:\/\/youtube.com\/@TargetMalaria"]}]}},"_links":{"self":[{"href":"https:\/\/targetmalaria.org\/fr\/wp-json\/wp\/v2\/pages\/5201","targetHints":{"allow":["GET"]}}],"collection":[{"href":"https:\/\/targetmalaria.org\/fr\/wp-json\/wp\/v2\/pages"}],"about":[{"href":"https:\/\/targetmalaria.org\/fr\/wp-json\/wp\/v2\/types\/page"}],"author":[{"embeddable":true,"href":"https:\/\/targetmalaria.org\/fr\/wp-json\/wp\/v2\/users\/31"}],"replies":[{"embeddable":true,"href":"https:\/\/targetmalaria.org\/fr\/wp-json\/wp\/v2\/comments?post=5201"}],"version-history":[{"count":4,"href":"https:\/\/targetmalaria.org\/fr\/wp-json\/wp\/v2\/pages\/5201\/revisions"}],"predecessor-version":[{"id":23368,"href":"https:\/\/targetmalaria.org\/fr\/wp-json\/wp\/v2\/pages\/5201\/revisions\/23368"}],"up":[{"embeddable":true,"href":"https:\/\/targetmalaria.org\/fr\/wp-json\/wp\/v2\/pages\/9686"}],"wp:featuredmedia":[{"embeddable":true,"href":"https:\/\/targetmalaria.org\/fr\/wp-json\/wp\/v2\/media\/13859"}],"wp:attachment":[{"href":"https:\/\/targetmalaria.org\/fr\/wp-json\/wp\/v2\/media?parent=5201"}],"curies":[{"name":"wp","href":"https:\/\/api.w.org\/{rel}","templated":true}]}}