{"id":5195,"date":"2021-04-27T12:22:03","date_gmt":"2021-04-27T11:22:03","guid":{"rendered":"https:\/\/targetmalaria.org\/?page_id=5195"},"modified":"2025-12-09T17:21:22","modified_gmt":"2025-12-09T17:21:22","slug":"notre-approche","status":"publish","type":"page","link":"https:\/\/targetmalaria.org\/fr\/qui-sommes-nous\/notre-approche\/","title":{"rendered":"Notre Approche"},"content":{"rendered":"\n<div class=\"wp-block-columns are-vertically-aligned-center is-layout-flex wp-container-core-columns-is-layout-28f84493 wp-block-columns-is-layout-flex\">\n<div class=\"wp-block-column is-vertically-aligned-center is-layout-flow wp-block-column-is-layout-flow\">\n<h2 class=\"wp-block-heading\">Target Malaria est un projet innovant qui vise \u00e0 r\u00e9duire la population de moustiques vecteurs du paludisme en Afrique.<\/h2>\n\n\n\n<p>Nous cherchons \u00e0 minimiser la transmission du paludisme en r\u00e9duisant la population de moustiques vecteurs de la maladie, pour permettre aux populations des zones affect\u00e9es de vivre d\u00e9barrass\u00e9es du fardeau du paludisme et lib\u00e9rer les ressources actuellement mobilis\u00e9es pour lutter contre cette maladie.<\/p>\n<\/div>\n\n\n\n<div class=\"wp-block-column is-vertically-aligned-center is-layout-flow wp-block-column-is-layout-flow\">\n<figure class=\"wp-block-image size-large\"><img loading=\"lazy\" decoding=\"async\" width=\"1024\" height=\"737\" src=\"https:\/\/targetmalaria.org\/wp-content\/uploads\/2024\/09\/worldwide_mosquitoes_FR-1024x737.png\" alt=\"Il y a 3570 moustiques dans le monde et 677 de ceux-ci sont en Afrique\" class=\"wp-image-18143\" srcset=\"https:\/\/targetmalaria.org\/wp-content\/uploads\/2024\/09\/worldwide_mosquitoes_FR-1024x737.png 1024w, https:\/\/targetmalaria.org\/wp-content\/uploads\/2024\/09\/worldwide_mosquitoes_FR-425x306.png 425w, https:\/\/targetmalaria.org\/wp-content\/uploads\/2024\/09\/worldwide_mosquitoes_FR-768x553.png 768w, https:\/\/targetmalaria.org\/wp-content\/uploads\/2024\/09\/worldwide_mosquitoes_FR-1536x1106.png 1536w, https:\/\/targetmalaria.org\/wp-content\/uploads\/2024\/09\/worldwide_mosquitoes_FR-300x216.png 300w, https:\/\/targetmalaria.org\/wp-content\/uploads\/2024\/09\/worldwide_mosquitoes_FR.png 1776w\" sizes=\"auto, (max-width: 1024px) 100vw, 1024px\" \/><\/figure>\n<\/div>\n<\/div>\n\n\n\n<div class=\"wp-block-group alignfull has-light-grey-background-color has-background firstCover ragged_edge-position-top has-global-padding is-layout-constrained wp-container-core-group-is-layout-3126589d wp-block-group-is-layout-constrained\" style=\"padding-bottom:var(--wp--preset--spacing--40)\">\n<div class=\"wp-block-columns are-vertically-aligned-center is-layout-flex wp-container-core-columns-is-layout-28f84493 wp-block-columns-is-layout-flex\">\n<div class=\"wp-block-column is-vertically-aligned-center is-layout-flow wp-block-column-is-layout-flow\">\n<figure class=\"wp-block-image size-large\"><img decoding=\"async\" src=\"https:\/\/targetmalaria.org\/wp-content\/uploads\/2025\/09\/our_approach_1_fr_2024-2048x1454-1-1024x727.png\" alt=\"\" class=\"wp-image-22860\"\/><\/figure>\n<\/div>\n\n\n\n<div class=\"wp-block-column is-vertically-aligned-center is-layout-flow wp-block-column-is-layout-flow\">\n<p>Il existe plus de 3 570 esp\u00e8ces de moustiques dans le monde, dont 677 en Afrique. Le paludisme est propag\u00e9 par la piq\u00fbre des moustiques <em>anoph\u00e8les<\/em> femelles. Plus de 475 esp\u00e8ces <em>d&rsquo;anoph\u00e8les<\/em> ont \u00e9t\u00e9 d\u00e9crites dans le monde, et plus de 30 sont consid\u00e9r\u00e9es comme un probl\u00e8me de sant\u00e9 publique, mais parmi elles trois esp\u00e8ces tr\u00e8s proches sont responsables de la majeure partie de la transmission du paludisme : <em>Anopheles gambiae<\/em>, <em>Anopheles coluzzii<\/em> et <em>Anopheles arabiensis<\/em>.<\/p>\n<\/div>\n<\/div>\n\n\n\n<div class=\"wp-block-columns are-vertically-aligned-center is-layout-flex wp-container-core-columns-is-layout-28f84493 wp-block-columns-is-layout-flex\">\n<div class=\"wp-block-column is-vertically-aligned-center is-layout-flow wp-block-column-is-layout-flow\">\n<p>Nous pr\u00e9voyons de lutter contre le paludisme en agissant \u00e0 la source : les moustiques vecteurs de la maladie.<\/p>\n\n\n\n<p>Notre strat\u00e9gie est centr\u00e9e sur la r\u00e9duction du nombre de moustiques femelles vecteurs du paludisme, car les femelles sont les seules \u00e0 piquer et leur nombre est habituellement d\u00e9terminant de la taille de la population future de moustiques.<\/p>\n<\/div>\n\n\n\n<div class=\"wp-block-column is-vertically-aligned-center is-layout-flow wp-block-column-is-layout-flow\">\n<figure class=\"wp-block-image size-full\"><img decoding=\"async\" src=\"https:\/\/targetmalaria.org\/wp-content\/uploads\/2025\/09\/our_approach_2_fr_2024-2048x1454-1.png\" alt=\"\" class=\"wp-image-22864\"\/><\/figure>\n<\/div>\n<\/div>\n\n\n\n<div class=\"wp-block-columns are-vertically-aligned-center is-layout-flex wp-container-core-columns-is-layout-28f84493 wp-block-columns-is-layout-flex\">\n<div class=\"wp-block-column is-vertically-aligned-center is-layout-flow wp-block-column-is-layout-flow\">\n<figure class=\"wp-block-image size-full\"><img loading=\"lazy\" decoding=\"async\" width=\"2560\" height=\"1817\" src=\"https:\/\/targetmalaria.org\/wp-content\/uploads\/2025\/12\/Target_Malaria_our_approach_2025_fr-scaled.png\" alt=\"\" class=\"wp-image-23543\" srcset=\"https:\/\/targetmalaria.org\/wp-content\/uploads\/2025\/12\/Target_Malaria_our_approach_2025_fr-scaled.png 2560w, https:\/\/targetmalaria.org\/wp-content\/uploads\/2025\/12\/Target_Malaria_our_approach_2025_fr-425x302.png 425w, https:\/\/targetmalaria.org\/wp-content\/uploads\/2025\/12\/Target_Malaria_our_approach_2025_fr-1024x727.png 1024w, https:\/\/targetmalaria.org\/wp-content\/uploads\/2025\/12\/Target_Malaria_our_approach_2025_fr-768x545.png 768w, https:\/\/targetmalaria.org\/wp-content\/uploads\/2025\/12\/Target_Malaria_our_approach_2025_fr-1536x1090.png 1536w, https:\/\/targetmalaria.org\/wp-content\/uploads\/2025\/12\/Target_Malaria_our_approach_2025_fr-2048x1454.png 2048w\" sizes=\"auto, (max-width: 2560px) 100vw, 2560px\" \/><\/figure>\n<\/div>\n\n\n\n<div class=\"wp-block-column is-vertically-aligned-center is-layout-flow wp-block-column-is-layout-flow\">\n<p>Notre technologie cible sp\u00e9cifiquement ces esp\u00e8ces de moustiques <em>Anopheles<\/em> et ne devrait donc pas affecter d\u2019autres types de moustiques ou insectes pr\u00e9sents aux alentours. Notre approche est le contr\u00f4le du paludisme par le contr\u00f4le du moustique.<\/p>\n<\/div>\n<\/div>\n<\/div>\n","protected":false},"excerpt":{"rendered":"<p>Target Malaria est un projet innovant qui vise \u00e0 r\u00e9duire la population de moustiques vecteurs du paludisme en Afrique. Nous cherchons \u00e0 minimiser la transmission du paludisme en r\u00e9duisant la population de moustiques vecteurs de la maladie, pour permettre aux populations des zones affect\u00e9es de vivre d\u00e9barrass\u00e9es du fardeau du paludisme et lib\u00e9rer les ressources [&hellip;]<\/p>\n","protected":false},"author":31,"featured_media":0,"parent":9127,"menu_order":61,"comment_status":"closed","ping_status":"closed","template":"","meta":{"_acf_changed":false,"_relevanssi_hide_post":"","_relevanssi_hide_content":"","_relevanssi_pin_for_all":"","_relevanssi_pin_keywords":"","_relevanssi_unpin_keywords":"","_relevanssi_related_keywords":"","_relevanssi_related_include_ids":"","_relevanssi_related_exclude_ids":"","_relevanssi_related_no_append":"","_relevanssi_related_not_related":"","_relevanssi_related_posts":"","_relevanssi_noindex_reason":"","featured_image_focal_point":[],"footnotes":""},"class_list":["post-5195","page","type-page","status-publish","hentry"],"acf":[],"yoast_head":"<!-- This site is optimized with the Yoast SEO plugin v27.4 - https:\/\/yoast.com\/product\/yoast-seo-wordpress\/ -->\n<title>Notre Approche - Target Malaria<\/title>\n<meta name=\"robots\" content=\"index, follow, max-snippet:-1, max-image-preview:large, max-video-preview:-1\" \/>\n<link rel=\"canonical\" href=\"https:\/\/targetmalaria.org\/fr\/qui-sommes-nous\/notre-approche\/\" \/>\n<meta property=\"og:locale\" content=\"fr_FR\" \/>\n<meta property=\"og:type\" content=\"article\" \/>\n<meta property=\"og:title\" content=\"Notre Approche - Target Malaria\" \/>\n<meta property=\"og:description\" content=\"Target Malaria est un projet innovant qui vise \u00e0 r\u00e9duire la population de moustiques vecteurs du paludisme en Afrique. Nous cherchons \u00e0 minimiser la transmission du paludisme en r\u00e9duisant la population de moustiques vecteurs de la maladie, pour permettre aux populations des zones affect\u00e9es de vivre d\u00e9barrass\u00e9es du fardeau du paludisme et lib\u00e9rer les ressources [&hellip;]\" \/>\n<meta property=\"og:url\" content=\"https:\/\/targetmalaria.org\/fr\/qui-sommes-nous\/notre-approche\/\" \/>\n<meta property=\"og:site_name\" content=\"Target Malaria\" \/>\n<meta property=\"article:publisher\" content=\"https:\/\/www.facebook.com\/TargetMalariaGlobal\/\" \/>\n<meta property=\"article:modified_time\" content=\"2025-12-09T17:21:22+00:00\" \/>\n<meta property=\"og:image\" content=\"https:\/\/targetmalaria.org\/wp-content\/uploads\/2024\/09\/worldwide_mosquitoes_FR.png\" \/>\n\t<meta property=\"og:image:width\" content=\"1776\" \/>\n\t<meta property=\"og:image:height\" content=\"1279\" \/>\n\t<meta property=\"og:image:type\" content=\"image\/png\" \/>\n<meta name=\"twitter:card\" content=\"summary_large_image\" \/>\n<meta name=\"twitter:site\" content=\"@TargetMalaria\" \/>\n<meta name=\"twitter:label1\" content=\"Dur\u00e9e de lecture estim\u00e9e\" \/>\n\t<meta name=\"twitter:data1\" content=\"2 minutes\" \/>\n<script type=\"application\/ld+json\" class=\"yoast-schema-graph\">{\"@context\":\"https:\\\/\\\/schema.org\",\"@graph\":[{\"@type\":\"WebPage\",\"@id\":\"https:\\\/\\\/targetmalaria.org\\\/fr\\\/qui-sommes-nous\\\/notre-approche\\\/\",\"url\":\"https:\\\/\\\/targetmalaria.org\\\/fr\\\/qui-sommes-nous\\\/notre-approche\\\/\",\"name\":\"Notre Approche - Target Malaria\",\"isPartOf\":{\"@id\":\"https:\\\/\\\/targetmalaria.org\\\/fr\\\/#website\"},\"primaryImageOfPage\":{\"@id\":\"https:\\\/\\\/targetmalaria.org\\\/fr\\\/qui-sommes-nous\\\/notre-approche\\\/#primaryimage\"},\"image\":{\"@id\":\"https:\\\/\\\/targetmalaria.org\\\/fr\\\/qui-sommes-nous\\\/notre-approche\\\/#primaryimage\"},\"thumbnailUrl\":\"https:\\\/\\\/targetmalaria.org\\\/wp-content\\\/uploads\\\/2024\\\/09\\\/worldwide_mosquitoes_FR-1024x737.png\",\"datePublished\":\"2021-04-27T11:22:03+00:00\",\"dateModified\":\"2025-12-09T17:21:22+00:00\",\"breadcrumb\":{\"@id\":\"https:\\\/\\\/targetmalaria.org\\\/fr\\\/qui-sommes-nous\\\/notre-approche\\\/#breadcrumb\"},\"inLanguage\":\"fr-FR\",\"potentialAction\":[{\"@type\":\"ReadAction\",\"target\":[\"https:\\\/\\\/targetmalaria.org\\\/fr\\\/qui-sommes-nous\\\/notre-approche\\\/\"]}]},{\"@type\":\"ImageObject\",\"inLanguage\":\"fr-FR\",\"@id\":\"https:\\\/\\\/targetmalaria.org\\\/fr\\\/qui-sommes-nous\\\/notre-approche\\\/#primaryimage\",\"url\":\"https:\\\/\\\/targetmalaria.org\\\/wp-content\\\/uploads\\\/2024\\\/09\\\/worldwide_mosquitoes_FR-1024x737.png\",\"contentUrl\":\"https:\\\/\\\/targetmalaria.org\\\/wp-content\\\/uploads\\\/2024\\\/09\\\/worldwide_mosquitoes_FR-1024x737.png\"},{\"@type\":\"BreadcrumbList\",\"@id\":\"https:\\\/\\\/targetmalaria.org\\\/fr\\\/qui-sommes-nous\\\/notre-approche\\\/#breadcrumb\",\"itemListElement\":[{\"@type\":\"ListItem\",\"position\":1,\"name\":\"Home\",\"item\":\"https:\\\/\\\/targetmalaria.org\\\/fr\\\/\"},{\"@type\":\"ListItem\",\"position\":2,\"name\":\"Qui sommes-nous?\",\"item\":\"https:\\\/\\\/targetmalaria.org\\\/fr\\\/qui-sommes-nous\\\/\"},{\"@type\":\"ListItem\",\"position\":3,\"name\":\"Notre Approche\"}]},{\"@type\":\"WebSite\",\"@id\":\"https:\\\/\\\/targetmalaria.org\\\/fr\\\/#website\",\"url\":\"https:\\\/\\\/targetmalaria.org\\\/fr\\\/\",\"name\":\"Target Malaria\",\"description\":\"\",\"publisher\":{\"@id\":\"https:\\\/\\\/targetmalaria.org\\\/fr\\\/#organization\"},\"potentialAction\":[{\"@type\":\"SearchAction\",\"target\":{\"@type\":\"EntryPoint\",\"urlTemplate\":\"https:\\\/\\\/targetmalaria.org\\\/fr\\\/?s={search_term_string}\"},\"query-input\":{\"@type\":\"PropertyValueSpecification\",\"valueRequired\":true,\"valueName\":\"search_term_string\"}}],\"inLanguage\":\"fr-FR\"},{\"@type\":\"Organization\",\"@id\":\"https:\\\/\\\/targetmalaria.org\\\/fr\\\/#organization\",\"name\":\"Target Malaria\",\"url\":\"https:\\\/\\\/targetmalaria.org\\\/fr\\\/\",\"logo\":{\"@type\":\"ImageObject\",\"inLanguage\":\"fr-FR\",\"@id\":\"https:\\\/\\\/targetmalaria.org\\\/fr\\\/#\\\/schema\\\/logo\\\/image\\\/\",\"url\":\"https:\\\/\\\/targetmalaria.org\\\/wp-content\\\/uploads\\\/2025\\\/08\\\/target_malaria_bf_logo.png\",\"contentUrl\":\"https:\\\/\\\/targetmalaria.org\\\/wp-content\\\/uploads\\\/2025\\\/08\\\/target_malaria_bf_logo.png\",\"width\":1920,\"height\":1080,\"caption\":\"Target Malaria\"},\"image\":{\"@id\":\"https:\\\/\\\/targetmalaria.org\\\/fr\\\/#\\\/schema\\\/logo\\\/image\\\/\"},\"sameAs\":[\"https:\\\/\\\/www.facebook.com\\\/TargetMalariaGlobal\\\/\",\"https:\\\/\\\/x.com\\\/TargetMalaria\",\"https:\\\/\\\/www.linkedin.com\\\/company\\\/target-malaria\",\"https:\\\/\\\/youtube.com\\\/@TargetMalaria\"]}]}<\/script>\n<!-- \/ Yoast SEO plugin. -->","yoast_head_json":{"title":"Notre Approche - Target Malaria","robots":{"index":"index","follow":"follow","max-snippet":"max-snippet:-1","max-image-preview":"max-image-preview:large","max-video-preview":"max-video-preview:-1"},"canonical":"https:\/\/targetmalaria.org\/fr\/qui-sommes-nous\/notre-approche\/","og_locale":"fr_FR","og_type":"article","og_title":"Notre Approche - Target Malaria","og_description":"Target Malaria est un projet innovant qui vise \u00e0 r\u00e9duire la population de moustiques vecteurs du paludisme en Afrique. Nous cherchons \u00e0 minimiser la transmission du paludisme en r\u00e9duisant la population de moustiques vecteurs de la maladie, pour permettre aux populations des zones affect\u00e9es de vivre d\u00e9barrass\u00e9es du fardeau du paludisme et lib\u00e9rer les ressources [&hellip;]","og_url":"https:\/\/targetmalaria.org\/fr\/qui-sommes-nous\/notre-approche\/","og_site_name":"Target Malaria","article_publisher":"https:\/\/www.facebook.com\/TargetMalariaGlobal\/","article_modified_time":"2025-12-09T17:21:22+00:00","og_image":[{"width":1776,"height":1279,"url":"https:\/\/targetmalaria.org\/wp-content\/uploads\/2024\/09\/worldwide_mosquitoes_FR.png","type":"image\/png"}],"twitter_card":"summary_large_image","twitter_site":"@TargetMalaria","twitter_misc":{"Dur\u00e9e de lecture estim\u00e9e":"2 minutes"},"schema":{"@context":"https:\/\/schema.org","@graph":[{"@type":"WebPage","@id":"https:\/\/targetmalaria.org\/fr\/qui-sommes-nous\/notre-approche\/","url":"https:\/\/targetmalaria.org\/fr\/qui-sommes-nous\/notre-approche\/","name":"Notre Approche - Target Malaria","isPartOf":{"@id":"https:\/\/targetmalaria.org\/fr\/#website"},"primaryImageOfPage":{"@id":"https:\/\/targetmalaria.org\/fr\/qui-sommes-nous\/notre-approche\/#primaryimage"},"image":{"@id":"https:\/\/targetmalaria.org\/fr\/qui-sommes-nous\/notre-approche\/#primaryimage"},"thumbnailUrl":"https:\/\/targetmalaria.org\/wp-content\/uploads\/2024\/09\/worldwide_mosquitoes_FR-1024x737.png","datePublished":"2021-04-27T11:22:03+00:00","dateModified":"2025-12-09T17:21:22+00:00","breadcrumb":{"@id":"https:\/\/targetmalaria.org\/fr\/qui-sommes-nous\/notre-approche\/#breadcrumb"},"inLanguage":"fr-FR","potentialAction":[{"@type":"ReadAction","target":["https:\/\/targetmalaria.org\/fr\/qui-sommes-nous\/notre-approche\/"]}]},{"@type":"ImageObject","inLanguage":"fr-FR","@id":"https:\/\/targetmalaria.org\/fr\/qui-sommes-nous\/notre-approche\/#primaryimage","url":"https:\/\/targetmalaria.org\/wp-content\/uploads\/2024\/09\/worldwide_mosquitoes_FR-1024x737.png","contentUrl":"https:\/\/targetmalaria.org\/wp-content\/uploads\/2024\/09\/worldwide_mosquitoes_FR-1024x737.png"},{"@type":"BreadcrumbList","@id":"https:\/\/targetmalaria.org\/fr\/qui-sommes-nous\/notre-approche\/#breadcrumb","itemListElement":[{"@type":"ListItem","position":1,"name":"Home","item":"https:\/\/targetmalaria.org\/fr\/"},{"@type":"ListItem","position":2,"name":"Qui sommes-nous?","item":"https:\/\/targetmalaria.org\/fr\/qui-sommes-nous\/"},{"@type":"ListItem","position":3,"name":"Notre Approche"}]},{"@type":"WebSite","@id":"https:\/\/targetmalaria.org\/fr\/#website","url":"https:\/\/targetmalaria.org\/fr\/","name":"Target Malaria","description":"","publisher":{"@id":"https:\/\/targetmalaria.org\/fr\/#organization"},"potentialAction":[{"@type":"SearchAction","target":{"@type":"EntryPoint","urlTemplate":"https:\/\/targetmalaria.org\/fr\/?s={search_term_string}"},"query-input":{"@type":"PropertyValueSpecification","valueRequired":true,"valueName":"search_term_string"}}],"inLanguage":"fr-FR"},{"@type":"Organization","@id":"https:\/\/targetmalaria.org\/fr\/#organization","name":"Target Malaria","url":"https:\/\/targetmalaria.org\/fr\/","logo":{"@type":"ImageObject","inLanguage":"fr-FR","@id":"https:\/\/targetmalaria.org\/fr\/#\/schema\/logo\/image\/","url":"https:\/\/targetmalaria.org\/wp-content\/uploads\/2025\/08\/target_malaria_bf_logo.png","contentUrl":"https:\/\/targetmalaria.org\/wp-content\/uploads\/2025\/08\/target_malaria_bf_logo.png","width":1920,"height":1080,"caption":"Target Malaria"},"image":{"@id":"https:\/\/targetmalaria.org\/fr\/#\/schema\/logo\/image\/"},"sameAs":["https:\/\/www.facebook.com\/TargetMalariaGlobal\/","https:\/\/x.com\/TargetMalaria","https:\/\/www.linkedin.com\/company\/target-malaria","https:\/\/youtube.com\/@TargetMalaria"]}]}},"_links":{"self":[{"href":"https:\/\/targetmalaria.org\/fr\/wp-json\/wp\/v2\/pages\/5195","targetHints":{"allow":["GET"]}}],"collection":[{"href":"https:\/\/targetmalaria.org\/fr\/wp-json\/wp\/v2\/pages"}],"about":[{"href":"https:\/\/targetmalaria.org\/fr\/wp-json\/wp\/v2\/types\/page"}],"author":[{"embeddable":true,"href":"https:\/\/targetmalaria.org\/fr\/wp-json\/wp\/v2\/users\/31"}],"replies":[{"embeddable":true,"href":"https:\/\/targetmalaria.org\/fr\/wp-json\/wp\/v2\/comments?post=5195"}],"version-history":[{"count":2,"href":"https:\/\/targetmalaria.org\/fr\/wp-json\/wp\/v2\/pages\/5195\/revisions"}],"predecessor-version":[{"id":23547,"href":"https:\/\/targetmalaria.org\/fr\/wp-json\/wp\/v2\/pages\/5195\/revisions\/23547"}],"up":[{"embeddable":true,"href":"https:\/\/targetmalaria.org\/fr\/wp-json\/wp\/v2\/pages\/9127"}],"wp:attachment":[{"href":"https:\/\/targetmalaria.org\/fr\/wp-json\/wp\/v2\/media?parent=5195"}],"curies":[{"name":"wp","href":"https:\/\/api.w.org\/{rel}","templated":true}]}}