{"id":5168,"date":"2021-04-26T22:10:19","date_gmt":"2021-04-26T21:10:19","guid":{"rendered":"https:\/\/targetmalaria.org\/?page_id=5168"},"modified":"2023-10-19T15:40:44","modified_gmt":"2023-10-19T14:40:44","slug":"accessibilite","status":"publish","type":"page","link":"https:\/\/targetmalaria.org\/fr\/accessibilite\/","title":{"rendered":"Accessibilit\u00e9"},"content":{"rendered":"\n<h3 class=\"wp-block-heading\">Petit guide en mati\u00e8re d&rsquo;accessibilit\u00e9<\/h3>\n\n\n\n<div style=\"height:16px\" aria-hidden=\"true\" class=\"wp-block-spacer\"><\/div>\n\n\n\n<p>Vous pouvez consulter le <a href=\"https:\/\/mcmw.abilitynet.org.uk\/\">guide from AbilityNet<\/a> qui explique comment proc\u00e9der pour r\u00e9gler votre ordinateur et le navigateur en fonction de vos besoins particuliers, par exemple pour des probl\u00e8mes d&rsquo;acuit\u00e9 visuelle ou des troubles auditifs.<\/p>\n\n\n\n<p>Ce guide explique comment grossir la police de texte dans diff\u00e9rents navigateurs, modifier les param\u00e8tres de votre clavier ou de la souris, ou augmenter le contraste des couleurs.<\/p>\n\n\n\n<p>AbilityNet est un organisme national \u00e0 vocation caritative ayant pour mission d&rsquo;aider les adultes et enfants handicap\u00e9s dans l&rsquo;utilisation des ordinateurs et d&rsquo;Internet.<\/p>\n\n\n\n<div style=\"height:41px\" aria-hidden=\"true\" class=\"wp-block-spacer\"><\/div>\n\n\n\n<h3 class=\"wp-block-heading\">Logiciel d&rsquo;assistance<\/h3>\n\n\n\n<div style=\"height:16px\" aria-hidden=\"true\" class=\"wp-block-spacer\"><\/div>\n\n\n\n<p>Le site Internet de Target Malaria est compatible avec la plupart des logiciels d&rsquo;assistance standard, y compris les lecteurs d&rsquo;\u00e9cran NonVisual Desktop Access (NVDA) et JAWS.<\/p>\n\n\n\n<div style=\"height:41px\" aria-hidden=\"true\" class=\"wp-block-spacer\"><\/div>\n\n\n\n<h3 class=\"wp-block-heading\">Pour imprimer les pages web dans votre navigateur<\/h3>\n\n\n\n<div style=\"height:16px\" aria-hidden=\"true\" class=\"wp-block-spacer\"><\/div>\n\n\n\n<p>Si les caract\u00e8res imprim\u00e9s sur la page sont trop petits, vous pouvez ajuster les param\u00e8tres afin de grossir la taille des caract\u00e8res \u00e0 votre convenance.<\/p>\n\n\n\n<p>Voici comment proc\u00e9der dans les principaux navigateurs web :<\/p>\n\n\n\n<ul class=\"wp-block-list\"><li><strong>Internet Explorer<br><\/strong>Si vous utilisez Internet Explorer, allez \u00e0 Print Preview (Aper\u00e7u avant impression) et modifiez le param\u00e8tre Scale (\u00c9chelle).<\/li><li><strong>Chrome<br><\/strong>Chrome ne permet pas de modifier la taille du texte dans les options d&rsquo;impression, mais vous pouvez le faire sur votre ordinateur en modifiant le param\u00e8tre Print Preferences (Pr\u00e9f\u00e9rences d&rsquo;impression).<\/li><li><strong>Safari<\/strong><br>Avant d&rsquo;imprimer, augmentez la taille de police de la page web en appuyant sur Ctrl++ ou en allant \u00e0 Menu, View (Afficher), et Zoom in (Zoom avant). La page sera imprim\u00e9e en utilisant la nouvelle taille de police.<\/li><li><strong>Firefox<br><\/strong>Si vous utilisez Firefox, allez \u00e0 Print Preview (Aper\u00e7u avant impression) dans le menu File (Fichier) et modifiez l&rsquo;\u00e9chelle de la page pour obtenir la taille de police qui vous convient.<\/li><li><strong>Opera<br><\/strong>Avant d&rsquo;imprimer, augmentez la taille de police de la page web en appuyant sur Ctrl++ ou en allant \u00e0 Menu, Page, et Zoom. La page sera imprim\u00e9e en utilisant la nouvelle taille de police.<\/li><\/ul>\n\n\n\n<div style=\"height:41px\" aria-hidden=\"true\" class=\"wp-block-spacer\"><\/div>\n\n\n\n<h3 class=\"wp-block-heading\">Pour signaler des probl\u00e8mes d&rsquo;accessibilit\u00e9<\/h3>\n\n\n\n<div style=\"height:16px\" aria-hidden=\"true\" class=\"wp-block-spacer\"><\/div>\n\n\n\n<p>Si vous souhaitez obtenir les informations de ce site web dans un autre format, PDF ou un format facile \u00e0 lire, ou si vous avez d&rsquo;autres probl\u00e8mes d&rsquo;accessibilit\u00e9 non mentionn\u00e9s sur cette page, <a href=\"https:\/\/targetmalaria.org\/fr\/qui-sommes-nous\/contactez-nous\/\">veuillez nous contacter<\/a>. Nous r\u00e9fl\u00e9chirons \u00e0 votre demande et nous vous r\u00e9pondrons sous 10 jours ouvr\u00e9s.<\/p>\n\n\n\n<div style=\"height:41px\" aria-hidden=\"true\" class=\"wp-block-spacer\"><\/div>\n\n\n\n<p><\/p>\n","protected":false},"excerpt":{"rendered":"<p>Petit guide en mati\u00e8re d&rsquo;accessibilit\u00e9 Vous pouvez consulter le guide from AbilityNet qui explique comment proc\u00e9der pour r\u00e9gler votre ordinateur et le navigateur en fonction de vos besoins particuliers, par exemple pour des probl\u00e8mes d&rsquo;acuit\u00e9 visuelle ou des troubles auditifs. Ce guide explique comment grossir la police de texte dans diff\u00e9rents navigateurs, modifier les param\u00e8tres [&hellip;]<\/p>\n","protected":false},"author":32,"featured_media":0,"parent":0,"menu_order":87,"comment_status":"closed","ping_status":"closed","template":"","meta":{"_acf_changed":false,"_relevanssi_hide_post":"","_relevanssi_hide_content":"","_relevanssi_pin_for_all":"","_relevanssi_pin_keywords":"","_relevanssi_unpin_keywords":"","_relevanssi_related_keywords":"","_relevanssi_related_include_ids":"","_relevanssi_related_exclude_ids":"","_relevanssi_related_no_append":"","_relevanssi_related_not_related":"","_relevanssi_related_posts":"","_relevanssi_noindex_reason":"","featured_image_focal_point":[],"footnotes":""},"class_list":["post-5168","page","type-page","status-publish","hentry"],"acf":[],"yoast_head":"<!-- This site is optimized with the Yoast SEO plugin v27.3 - https:\/\/yoast.com\/product\/yoast-seo-wordpress\/ -->\n<title>Accessibilit\u00e9 - Target Malaria<\/title>\n<meta name=\"robots\" content=\"index, follow, max-snippet:-1, max-image-preview:large, max-video-preview:-1\" \/>\n<link rel=\"canonical\" href=\"https:\/\/targetmalaria.org\/fr\/accessibilite\/\" \/>\n<meta property=\"og:locale\" content=\"fr_FR\" \/>\n<meta property=\"og:type\" content=\"article\" \/>\n<meta property=\"og:title\" content=\"Accessibilit\u00e9 - Target Malaria\" \/>\n<meta property=\"og:description\" content=\"Petit guide en mati\u00e8re d&rsquo;accessibilit\u00e9 Vous pouvez consulter le guide from AbilityNet qui explique comment proc\u00e9der pour r\u00e9gler votre ordinateur et le navigateur en fonction de vos besoins particuliers, par exemple pour des probl\u00e8mes d&rsquo;acuit\u00e9 visuelle ou des troubles auditifs. Ce guide explique comment grossir la police de texte dans diff\u00e9rents navigateurs, modifier les param\u00e8tres [&hellip;]\" \/>\n<meta property=\"og:url\" content=\"https:\/\/targetmalaria.org\/fr\/accessibilite\/\" \/>\n<meta property=\"og:site_name\" content=\"Target Malaria\" \/>\n<meta property=\"article:publisher\" content=\"https:\/\/www.facebook.com\/TargetMalariaGlobal\/\" \/>\n<meta property=\"article:modified_time\" content=\"2023-10-19T14:40:44+00:00\" \/>\n<meta name=\"twitter:card\" content=\"summary_large_image\" \/>\n<meta name=\"twitter:site\" content=\"@TargetMalaria\" \/>\n<meta name=\"twitter:label1\" content=\"Dur\u00e9e de lecture estim\u00e9e\" \/>\n\t<meta name=\"twitter:data1\" content=\"2 minutes\" \/>\n<script type=\"application\/ld+json\" class=\"yoast-schema-graph\">{\"@context\":\"https:\\\/\\\/schema.org\",\"@graph\":[{\"@type\":\"WebPage\",\"@id\":\"https:\\\/\\\/targetmalaria.org\\\/fr\\\/accessibilite\\\/\",\"url\":\"https:\\\/\\\/targetmalaria.org\\\/fr\\\/accessibilite\\\/\",\"name\":\"Accessibilit\u00e9 - Target Malaria\",\"isPartOf\":{\"@id\":\"https:\\\/\\\/targetmalaria.org\\\/fr\\\/#website\"},\"datePublished\":\"2021-04-26T21:10:19+00:00\",\"dateModified\":\"2023-10-19T14:40:44+00:00\",\"breadcrumb\":{\"@id\":\"https:\\\/\\\/targetmalaria.org\\\/fr\\\/accessibilite\\\/#breadcrumb\"},\"inLanguage\":\"fr-FR\",\"potentialAction\":[{\"@type\":\"ReadAction\",\"target\":[\"https:\\\/\\\/targetmalaria.org\\\/fr\\\/accessibilite\\\/\"]}]},{\"@type\":\"BreadcrumbList\",\"@id\":\"https:\\\/\\\/targetmalaria.org\\\/fr\\\/accessibilite\\\/#breadcrumb\",\"itemListElement\":[{\"@type\":\"ListItem\",\"position\":1,\"name\":\"Home\",\"item\":\"https:\\\/\\\/targetmalaria.org\\\/fr\\\/\"},{\"@type\":\"ListItem\",\"position\":2,\"name\":\"Accessibilit\u00e9\"}]},{\"@type\":\"WebSite\",\"@id\":\"https:\\\/\\\/targetmalaria.org\\\/fr\\\/#website\",\"url\":\"https:\\\/\\\/targetmalaria.org\\\/fr\\\/\",\"name\":\"Target Malaria\",\"description\":\"\",\"publisher\":{\"@id\":\"https:\\\/\\\/targetmalaria.org\\\/fr\\\/#organization\"},\"potentialAction\":[{\"@type\":\"SearchAction\",\"target\":{\"@type\":\"EntryPoint\",\"urlTemplate\":\"https:\\\/\\\/targetmalaria.org\\\/fr\\\/?s={search_term_string}\"},\"query-input\":{\"@type\":\"PropertyValueSpecification\",\"valueRequired\":true,\"valueName\":\"search_term_string\"}}],\"inLanguage\":\"fr-FR\"},{\"@type\":\"Organization\",\"@id\":\"https:\\\/\\\/targetmalaria.org\\\/fr\\\/#organization\",\"name\":\"Target Malaria\",\"url\":\"https:\\\/\\\/targetmalaria.org\\\/fr\\\/\",\"logo\":{\"@type\":\"ImageObject\",\"inLanguage\":\"fr-FR\",\"@id\":\"https:\\\/\\\/targetmalaria.org\\\/fr\\\/#\\\/schema\\\/logo\\\/image\\\/\",\"url\":\"https:\\\/\\\/targetmalaria.org\\\/wp-content\\\/uploads\\\/2025\\\/08\\\/target_malaria_bf_logo.png\",\"contentUrl\":\"https:\\\/\\\/targetmalaria.org\\\/wp-content\\\/uploads\\\/2025\\\/08\\\/target_malaria_bf_logo.png\",\"width\":1920,\"height\":1080,\"caption\":\"Target Malaria\"},\"image\":{\"@id\":\"https:\\\/\\\/targetmalaria.org\\\/fr\\\/#\\\/schema\\\/logo\\\/image\\\/\"},\"sameAs\":[\"https:\\\/\\\/www.facebook.com\\\/TargetMalariaGlobal\\\/\",\"https:\\\/\\\/x.com\\\/TargetMalaria\",\"https:\\\/\\\/www.linkedin.com\\\/company\\\/target-malaria\",\"https:\\\/\\\/youtube.com\\\/@TargetMalaria\"]}]}<\/script>\n<!-- \/ Yoast SEO plugin. -->","yoast_head_json":{"title":"Accessibilit\u00e9 - Target Malaria","robots":{"index":"index","follow":"follow","max-snippet":"max-snippet:-1","max-image-preview":"max-image-preview:large","max-video-preview":"max-video-preview:-1"},"canonical":"https:\/\/targetmalaria.org\/fr\/accessibilite\/","og_locale":"fr_FR","og_type":"article","og_title":"Accessibilit\u00e9 - Target Malaria","og_description":"Petit guide en mati\u00e8re d&rsquo;accessibilit\u00e9 Vous pouvez consulter le guide from AbilityNet qui explique comment proc\u00e9der pour r\u00e9gler votre ordinateur et le navigateur en fonction de vos besoins particuliers, par exemple pour des probl\u00e8mes d&rsquo;acuit\u00e9 visuelle ou des troubles auditifs. Ce guide explique comment grossir la police de texte dans diff\u00e9rents navigateurs, modifier les param\u00e8tres [&hellip;]","og_url":"https:\/\/targetmalaria.org\/fr\/accessibilite\/","og_site_name":"Target Malaria","article_publisher":"https:\/\/www.facebook.com\/TargetMalariaGlobal\/","article_modified_time":"2023-10-19T14:40:44+00:00","twitter_card":"summary_large_image","twitter_site":"@TargetMalaria","twitter_misc":{"Dur\u00e9e de lecture estim\u00e9e":"2 minutes"},"schema":{"@context":"https:\/\/schema.org","@graph":[{"@type":"WebPage","@id":"https:\/\/targetmalaria.org\/fr\/accessibilite\/","url":"https:\/\/targetmalaria.org\/fr\/accessibilite\/","name":"Accessibilit\u00e9 - Target Malaria","isPartOf":{"@id":"https:\/\/targetmalaria.org\/fr\/#website"},"datePublished":"2021-04-26T21:10:19+00:00","dateModified":"2023-10-19T14:40:44+00:00","breadcrumb":{"@id":"https:\/\/targetmalaria.org\/fr\/accessibilite\/#breadcrumb"},"inLanguage":"fr-FR","potentialAction":[{"@type":"ReadAction","target":["https:\/\/targetmalaria.org\/fr\/accessibilite\/"]}]},{"@type":"BreadcrumbList","@id":"https:\/\/targetmalaria.org\/fr\/accessibilite\/#breadcrumb","itemListElement":[{"@type":"ListItem","position":1,"name":"Home","item":"https:\/\/targetmalaria.org\/fr\/"},{"@type":"ListItem","position":2,"name":"Accessibilit\u00e9"}]},{"@type":"WebSite","@id":"https:\/\/targetmalaria.org\/fr\/#website","url":"https:\/\/targetmalaria.org\/fr\/","name":"Target Malaria","description":"","publisher":{"@id":"https:\/\/targetmalaria.org\/fr\/#organization"},"potentialAction":[{"@type":"SearchAction","target":{"@type":"EntryPoint","urlTemplate":"https:\/\/targetmalaria.org\/fr\/?s={search_term_string}"},"query-input":{"@type":"PropertyValueSpecification","valueRequired":true,"valueName":"search_term_string"}}],"inLanguage":"fr-FR"},{"@type":"Organization","@id":"https:\/\/targetmalaria.org\/fr\/#organization","name":"Target Malaria","url":"https:\/\/targetmalaria.org\/fr\/","logo":{"@type":"ImageObject","inLanguage":"fr-FR","@id":"https:\/\/targetmalaria.org\/fr\/#\/schema\/logo\/image\/","url":"https:\/\/targetmalaria.org\/wp-content\/uploads\/2025\/08\/target_malaria_bf_logo.png","contentUrl":"https:\/\/targetmalaria.org\/wp-content\/uploads\/2025\/08\/target_malaria_bf_logo.png","width":1920,"height":1080,"caption":"Target Malaria"},"image":{"@id":"https:\/\/targetmalaria.org\/fr\/#\/schema\/logo\/image\/"},"sameAs":["https:\/\/www.facebook.com\/TargetMalariaGlobal\/","https:\/\/x.com\/TargetMalaria","https:\/\/www.linkedin.com\/company\/target-malaria","https:\/\/youtube.com\/@TargetMalaria"]}]}},"_links":{"self":[{"href":"https:\/\/targetmalaria.org\/fr\/wp-json\/wp\/v2\/pages\/5168","targetHints":{"allow":["GET"]}}],"collection":[{"href":"https:\/\/targetmalaria.org\/fr\/wp-json\/wp\/v2\/pages"}],"about":[{"href":"https:\/\/targetmalaria.org\/fr\/wp-json\/wp\/v2\/types\/page"}],"author":[{"embeddable":true,"href":"https:\/\/targetmalaria.org\/fr\/wp-json\/wp\/v2\/users\/32"}],"replies":[{"embeddable":true,"href":"https:\/\/targetmalaria.org\/fr\/wp-json\/wp\/v2\/comments?post=5168"}],"version-history":[{"count":0,"href":"https:\/\/targetmalaria.org\/fr\/wp-json\/wp\/v2\/pages\/5168\/revisions"}],"wp:attachment":[{"href":"https:\/\/targetmalaria.org\/fr\/wp-json\/wp\/v2\/media?parent=5168"}],"curies":[{"name":"wp","href":"https:\/\/api.w.org\/{rel}","templated":true}]}}