{"id":5047,"date":"2021-04-22T12:53:41","date_gmt":"2021-04-22T11:53:41","guid":{"rendered":"https:\/\/targetmalaria.org\/?page_id=5047"},"modified":"2026-04-28T14:26:28","modified_gmt":"2026-04-28T13:26:28","slug":"factsheets","status":"publish","type":"page","link":"https:\/\/targetmalaria.org\/fr\/espace-presse-virtuel\/factsheets\/","title":{"rendered":"Fiches d&rsquo;information"},"content":{"rendered":"<div id=\"filter_fiche\"><div class=\"facetwp-facet facetwp-facet-theme facetwp-type-dropdown\" data-name=\"theme\" data-type=\"dropdown\"><\/div><div class=\"facetwp-facet facetwp-facet-type facetwp-type-dropdown\" data-name=\"type\" data-type=\"dropdown\"><\/div><div class=\"facetwp-facet facetwp-facet-topic facetwp-type-dropdown\" data-name=\"topic\" data-type=\"dropdown\"><\/div><div class=\"facetwp-facet facetwp-facet-country facetwp-type-dropdown\" data-name=\"country\" data-type=\"dropdown\"><\/div><div class=\"facetwp-facet facetwp-facet-year facetwp-type-dropdown\" data-name=\"year\" data-type=\"dropdown\"><\/div><div class=\"facetwp-facet facetwp-facet-language facetwp-type-dropdown\" data-name=\"language\" data-type=\"dropdown\"><\/div><div class=\"facetwp-facet facetwp-facet-search facetwp-type-search\" data-name=\"search\" data-type=\"search\"><\/div><div class=\"facetwp-facet facetwp-facet-reset facetwp-type-reset\" data-name=\"reset\" data-type=\"reset\"><\/div><\/div><section id=\"filtered_content-block_e2076077fdcccbd3bd5f56d95a46661f\" class=\"block-filtered_content type_fact_sheet block_results\"><div class=\"search_list facetwp-template\" style=\"--column-count:3\">\n<article class=\"page-content__inner search_result_single year-2025 post-21872 fact_sheet type-fact_sheet status-publish hentry fact_sheet_cat-etude-de-risque\">\n <figure class=\"result_image\"><img decoding=\"async\" class=\"doc_image\" src=\"https:\/\/targetmalaria.org\/wp-content\/uploads\/2025\/08\/Risks_FS_FR_TransboundaryMovement_August25-pdf-300x425.jpg\"><\/figure><a class=\"profile_url\" href=\"https:\/\/targetmalaria.org\/fr\/virtual-press-room\/fact-sheets\/reglementation-des-mouvements-transfrontaliers-dorganismes-vivants-modifies-ovm-dans-lenvironnement\/\" target=\"_blank\"><\/a><div class=\"single_result_content\"><div class=\"single_result_content_info\"><h4>\u00c9tude de risque<\/h4><h5>R\u00e9glementation des mouvements transfrontaliers d&rsquo;organismes vivants modifi\u00e9s (OVM) dans l&rsquo;environnement<\/h5><\/div><a href=\"https:\/\/targetmalaria.org\/fr\/virtual-press-room\/fact-sheets\/reglementation-des-mouvements-transfrontaliers-dorganismes-vivants-modifies-ovm-dans-lenvironnement\/\" target=\"_blank\">Lire plus <i class=\"fa-solid fa-chevron-right\"><\/i><\/a><\/div><\/article>\n<article class=\"page-content__inner search_result_single year-2025 post-21423 fact_sheet type-fact_sheet status-publish hentry fact_sheet_cat-brochure country-italie\">\n <figure class=\"result_image\"><img decoding=\"async\" class=\"doc_image\" src=\"https:\/\/targetmalaria.org\/wp-content\/uploads\/2025\/07\/Italy_FS_IT_National_Jan26-pdf-300x425.jpg\"><\/figure><a class=\"profile_url\" href=\"https:\/\/targetmalaria.org\/fr\/virtual-press-room\/fact-sheets\/target-malaria-italie-italien\/\" target=\"_blank\"><\/a><div class=\"single_result_content\"><div class=\"single_result_content_info\"><h4>Brochure<\/h4><h5>Target Malaria: Italie (italien)<\/h5><\/div><a href=\"https:\/\/targetmalaria.org\/fr\/virtual-press-room\/fact-sheets\/target-malaria-italie-italien\/\" target=\"_blank\">Lire plus <i class=\"fa-solid fa-chevron-right\"><\/i><\/a><\/div><\/article>\n<article class=\"page-content__inner search_result_single year-2025 post-21417 fact_sheet type-fact_sheet status-publish hentry fact_sheet_cat-brochure country-italie\">\n <figure class=\"result_image\"><img decoding=\"async\" class=\"doc_image\" src=\"https:\/\/targetmalaria.org\/wp-content\/uploads\/2025\/07\/Italy_FS_FR_National_Jan26-pdf-300x425.jpg\"><\/figure><a class=\"profile_url\" href=\"https:\/\/targetmalaria.org\/fr\/virtual-press-room\/fact-sheets\/target-malaria-italie\/\" target=\"_blank\"><\/a><div class=\"single_result_content\"><div class=\"single_result_content_info\"><h4>Brochure<\/h4><h5>Target Malaria: Italie<\/h5><\/div><a href=\"https:\/\/targetmalaria.org\/fr\/virtual-press-room\/fact-sheets\/target-malaria-italie\/\" target=\"_blank\">Lire plus <i class=\"fa-solid fa-chevron-right\"><\/i><\/a><\/div><\/article>\n<article class=\"page-content__inner search_result_single year-2025 post-21408 fact_sheet type-fact_sheet status-publish hentry fact_sheet_cat-affaires-reglementaires country-burkina-faso country-ouganda\">\n <figure class=\"result_image\"><img decoding=\"async\" class=\"doc_image\" src=\"https:\/\/targetmalaria.org\/wp-content\/uploads\/2025\/07\/Regulatory_FS_FR_ESHIA_3_Jun25-pdf-300x425.jpg\"><\/figure><a class=\"profile_url\" href=\"https:\/\/targetmalaria.org\/fr\/virtual-press-room\/fact-sheets\/principaux-domaines-devaluation-de-limpact-potentiel-de-la-recherche-sur-les-moustiques-genetiquement-modifies\/\" target=\"_blank\"><\/a><div class=\"single_result_content\"><div class=\"single_result_content_info\"><h4>Affaires R\u00e9glementaires<\/h4><h5>EIES &#8211; Fiche d&rsquo;information 3: Principaux domaines d&rsquo;\u00e9valuation de l&rsquo;impact potentiel de la recherche sur les moustiques g\u00e9n\u00e9tiquement modifi\u00e9s<\/h5><\/div><a href=\"https:\/\/targetmalaria.org\/fr\/virtual-press-room\/fact-sheets\/principaux-domaines-devaluation-de-limpact-potentiel-de-la-recherche-sur-les-moustiques-genetiquement-modifies\/\" target=\"_blank\">Lire plus <i class=\"fa-solid fa-chevron-right\"><\/i><\/a><\/div><\/article>\n<article class=\"page-content__inner search_result_single year-2025 post-21401 fact_sheet type-fact_sheet status-publish hentry fact_sheet_cat-affaires-reglementaires country-burkina-faso country-ouganda\">\n <figure class=\"result_image\"><img decoding=\"async\" class=\"doc_image\" src=\"https:\/\/targetmalaria.org\/wp-content\/uploads\/2025\/07\/Regulatory_FS_FR_ESHIA_2_Jun25-pdf-300x425.jpg\"><\/figure><a class=\"profile_url\" href=\"https:\/\/targetmalaria.org\/fr\/virtual-press-room\/fact-sheets\/comprendre-le-processus-pour-levaluation-de-limpact-environnemental-social-et-sanitaire-eies\/\" target=\"_blank\"><\/a><div class=\"single_result_content\"><div class=\"single_result_content_info\"><h4>Affaires R\u00e9glementaires<\/h4><h5>EIES &#8211; Fiche d&rsquo;information 2: Comprendre le processus pour l&rsquo;Evaluation de l&rsquo;impact environnemental, social et sanitaire (EIES)<\/h5><\/div><a href=\"https:\/\/targetmalaria.org\/fr\/virtual-press-room\/fact-sheets\/comprendre-le-processus-pour-levaluation-de-limpact-environnemental-social-et-sanitaire-eies\/\" target=\"_blank\">Lire plus <i class=\"fa-solid fa-chevron-right\"><\/i><\/a><\/div><\/article>\n<article class=\"page-content__inner search_result_single year-2025 post-21395 fact_sheet type-fact_sheet status-publish hentry fact_sheet_cat-affaires-reglementaires country-burkina-faso country-ouganda\">\n <figure class=\"result_image\"><img decoding=\"async\" class=\"doc_image\" src=\"https:\/\/targetmalaria.org\/wp-content\/uploads\/2025\/07\/Regulatory_FS_FR_ESHIA_1_Jun25-pdf-300x425.jpg\"><\/figure><a class=\"profile_url\" href=\"https:\/\/targetmalaria.org\/fr\/virtual-press-room\/fact-sheets\/comprendre-levaluation-de-limpact-environnemental-social-et-sanitaire-eies\/\" target=\"_blank\"><\/a><div class=\"single_result_content\"><div class=\"single_result_content_info\"><h4>Affaires R\u00e9glementaires<\/h4><h5>EIES &#8211; Fiche d&rsquo;information 1: Comprendre l&rsquo;\u00e9valuation de l&rsquo;impact environnemental, social et sanitaire (EIES)<\/h5><\/div><a href=\"https:\/\/targetmalaria.org\/fr\/virtual-press-room\/fact-sheets\/comprendre-levaluation-de-limpact-environnemental-social-et-sanitaire-eies\/\" target=\"_blank\">Lire plus <i class=\"fa-solid fa-chevron-right\"><\/i><\/a><\/div><\/article>\n<article class=\"page-content__inner search_result_single year-2024 post-17819 fact_sheet type-fact_sheet status-publish hentry fact_sheet_cat-le-paludisme-et-ses-vecteurs\">\n <figure class=\"result_image\"><img decoding=\"async\" class=\"doc_image\" src=\"https:\/\/targetmalaria.org\/wp-content\/uploads\/2024\/08\/Dengue_FS_FR_Explainer_Aug24-pdf-300x425.jpg\"><\/figure><a class=\"profile_url\" href=\"https:\/\/targetmalaria.org\/fr\/virtual-press-room\/fact-sheets\/paludisme-et-dengue-quelles-sont-les-similitudes-et-les-differences\/\" target=\"_blank\"><\/a><div class=\"single_result_content\"><div class=\"single_result_content_info\"><h4>Le paludisme et ses vecteurs<\/h4><h5>Paludisme et dengue\u2009: quelles sont les similitudes et les diff\u00e9rences\u2009?<\/h5><\/div><a href=\"https:\/\/targetmalaria.org\/fr\/virtual-press-room\/fact-sheets\/paludisme-et-dengue-quelles-sont-les-similitudes-et-les-differences\/\" target=\"_blank\">Lire plus <i class=\"fa-solid fa-chevron-right\"><\/i><\/a><\/div><\/article>\n<article class=\"page-content__inner search_result_single year-2024 post-16495 fact_sheet type-fact_sheet status-publish hentry fact_sheet_cat-etude-de-risque\">\n <figure class=\"result_image\"><img decoding=\"async\" class=\"doc_image\" src=\"https:\/\/targetmalaria.org\/wp-content\/uploads\/2024\/03\/Risks_FS_FR_ERA_Mar24-pdf-300x425.jpg\"><\/figure><a class=\"profile_url\" href=\"https:\/\/targetmalaria.org\/fr\/virtual-press-room\/fact-sheets\/evaluation-des-risques-environnementaux-ere\/\" target=\"_blank\"><\/a><div class=\"single_result_content\"><div class=\"single_result_content_info\"><h4>\u00c9tude de risque<\/h4><h5>\u00c9valuation des risques environnementaux (ERE)<\/h5><\/div><a href=\"https:\/\/targetmalaria.org\/fr\/virtual-press-room\/fact-sheets\/evaluation-des-risques-environnementaux-ere\/\" target=\"_blank\">Lire plus <i class=\"fa-solid fa-chevron-right\"><\/i><\/a><\/div><\/article>\n<article class=\"page-content__inner search_result_single year-2024 post-16338 fact_sheet type-fact_sheet status-publish hentry fact_sheet_cat-brochure\">\n <figure class=\"result_image\"><img decoding=\"async\" class=\"doc_image\" src=\"https:\/\/targetmalaria.org\/wp-content\/uploads\/2024\/02\/BrochureA5_Feb2024_It_Digital-pdf-300x425.jpg\"><\/figure><a class=\"profile_url\" href=\"https:\/\/targetmalaria.org\/fr\/virtual-press-room\/fact-sheets\/target-malaria-brochure-italien\/\" target=\"_blank\"><\/a><div class=\"single_result_content\"><div class=\"single_result_content_info\"><h4>Brochure<\/h4><h5>Target Malaria Brochure (italien)<\/h5><\/div><a href=\"https:\/\/targetmalaria.org\/fr\/virtual-press-room\/fact-sheets\/target-malaria-brochure-italien\/\" target=\"_blank\">Lire plus <i class=\"fa-solid fa-chevron-right\"><\/i><\/a><\/div><\/article><\/div><\/section><div class=\"facetwp-facet facetwp-facet-load_more facetwp-type-pager\" data-name=\"load_more\" data-type=\"pager\"><\/div>","protected":false},"excerpt":{"rendered":"","protected":false},"author":31,"featured_media":0,"parent":9771,"menu_order":76,"comment_status":"closed","ping_status":"closed","template":"","meta":{"_acf_changed":false,"_relevanssi_hide_post":"","_relevanssi_hide_content":"","_relevanssi_pin_for_all":"","_relevanssi_pin_keywords":"","_relevanssi_unpin_keywords":"","_relevanssi_related_keywords":"","_relevanssi_related_include_ids":"","_relevanssi_related_exclude_ids":"","_relevanssi_related_no_append":"","_relevanssi_related_not_related":"","_relevanssi_related_posts":"","_relevanssi_noindex_reason":"","featured_image_focal_point":[],"footnotes":""},"class_list":["post-5047","page","type-page","status-publish","hentry"],"acf":[],"yoast_head":"<!-- This site is optimized with the Yoast SEO plugin v27.5 - https:\/\/yoast.com\/product\/yoast-seo-wordpress\/ -->\n<title>Fiches d&#039;information - Target Malaria<\/title>\n<meta name=\"robots\" content=\"index, follow, max-snippet:-1, max-image-preview:large, max-video-preview:-1\" \/>\n<link rel=\"canonical\" href=\"https:\/\/targetmalaria.org\/fr\/espace-presse-virtuel\/factsheets\/\" \/>\n<meta property=\"og:locale\" content=\"fr_FR\" \/>\n<meta property=\"og:type\" content=\"article\" \/>\n<meta property=\"og:title\" content=\"Fiches d&#039;information - Target Malaria\" \/>\n<meta property=\"og:url\" content=\"https:\/\/targetmalaria.org\/fr\/espace-presse-virtuel\/factsheets\/\" \/>\n<meta property=\"og:site_name\" content=\"Target Malaria\" \/>\n<meta property=\"article:publisher\" content=\"https:\/\/www.facebook.com\/TargetMalariaGlobal\/\" \/>\n<meta property=\"article:modified_time\" content=\"2026-04-28T13:26:28+00:00\" \/>\n<meta name=\"twitter:card\" content=\"summary_large_image\" \/>\n<meta name=\"twitter:site\" content=\"@TargetMalaria\" \/>\n<script type=\"application\/ld+json\" class=\"yoast-schema-graph\">{\"@context\":\"https:\\\/\\\/schema.org\",\"@graph\":[{\"@type\":\"WebPage\",\"@id\":\"https:\\\/\\\/targetmalaria.org\\\/fr\\\/espace-presse-virtuel\\\/factsheets\\\/\",\"url\":\"https:\\\/\\\/targetmalaria.org\\\/fr\\\/espace-presse-virtuel\\\/factsheets\\\/\",\"name\":\"Fiches d'information - Target Malaria\",\"isPartOf\":{\"@id\":\"https:\\\/\\\/targetmalaria.org\\\/fr\\\/#website\"},\"datePublished\":\"2021-04-22T11:53:41+00:00\",\"dateModified\":\"2026-04-28T13:26:28+00:00\",\"breadcrumb\":{\"@id\":\"https:\\\/\\\/targetmalaria.org\\\/fr\\\/espace-presse-virtuel\\\/factsheets\\\/#breadcrumb\"},\"inLanguage\":\"fr-FR\",\"potentialAction\":[{\"@type\":\"ReadAction\",\"target\":[\"https:\\\/\\\/targetmalaria.org\\\/fr\\\/espace-presse-virtuel\\\/factsheets\\\/\"]}]},{\"@type\":\"BreadcrumbList\",\"@id\":\"https:\\\/\\\/targetmalaria.org\\\/fr\\\/espace-presse-virtuel\\\/factsheets\\\/#breadcrumb\",\"itemListElement\":[{\"@type\":\"ListItem\",\"position\":1,\"name\":\"Home\",\"item\":\"https:\\\/\\\/targetmalaria.org\\\/fr\\\/\"},{\"@type\":\"ListItem\",\"position\":2,\"name\":\"Espace presse virtuel\",\"item\":\"https:\\\/\\\/targetmalaria.org\\\/fr\\\/espace-presse-virtuel\\\/\"},{\"@type\":\"ListItem\",\"position\":3,\"name\":\"Fiches d&#8217;information\"}]},{\"@type\":\"WebSite\",\"@id\":\"https:\\\/\\\/targetmalaria.org\\\/fr\\\/#website\",\"url\":\"https:\\\/\\\/targetmalaria.org\\\/fr\\\/\",\"name\":\"Target Malaria\",\"description\":\"\",\"publisher\":{\"@id\":\"https:\\\/\\\/targetmalaria.org\\\/fr\\\/#organization\"},\"potentialAction\":[{\"@type\":\"SearchAction\",\"target\":{\"@type\":\"EntryPoint\",\"urlTemplate\":\"https:\\\/\\\/targetmalaria.org\\\/fr\\\/?s={search_term_string}\"},\"query-input\":{\"@type\":\"PropertyValueSpecification\",\"valueRequired\":true,\"valueName\":\"search_term_string\"}}],\"inLanguage\":\"fr-FR\"},{\"@type\":\"Organization\",\"@id\":\"https:\\\/\\\/targetmalaria.org\\\/fr\\\/#organization\",\"name\":\"Target Malaria\",\"url\":\"https:\\\/\\\/targetmalaria.org\\\/fr\\\/\",\"logo\":{\"@type\":\"ImageObject\",\"inLanguage\":\"fr-FR\",\"@id\":\"https:\\\/\\\/targetmalaria.org\\\/fr\\\/#\\\/schema\\\/logo\\\/image\\\/\",\"url\":\"https:\\\/\\\/targetmalaria.org\\\/wp-content\\\/uploads\\\/2025\\\/08\\\/target_malaria_bf_logo.png\",\"contentUrl\":\"https:\\\/\\\/targetmalaria.org\\\/wp-content\\\/uploads\\\/2025\\\/08\\\/target_malaria_bf_logo.png\",\"width\":1920,\"height\":1080,\"caption\":\"Target Malaria\"},\"image\":{\"@id\":\"https:\\\/\\\/targetmalaria.org\\\/fr\\\/#\\\/schema\\\/logo\\\/image\\\/\"},\"sameAs\":[\"https:\\\/\\\/www.facebook.com\\\/TargetMalariaGlobal\\\/\",\"https:\\\/\\\/x.com\\\/TargetMalaria\",\"https:\\\/\\\/www.linkedin.com\\\/company\\\/target-malaria\",\"https:\\\/\\\/youtube.com\\\/@TargetMalaria\"]}]}<\/script>\n<!-- \/ Yoast SEO plugin. -->","yoast_head_json":{"title":"Fiches d'information - Target Malaria","robots":{"index":"index","follow":"follow","max-snippet":"max-snippet:-1","max-image-preview":"max-image-preview:large","max-video-preview":"max-video-preview:-1"},"canonical":"https:\/\/targetmalaria.org\/fr\/espace-presse-virtuel\/factsheets\/","og_locale":"fr_FR","og_type":"article","og_title":"Fiches d'information - Target Malaria","og_url":"https:\/\/targetmalaria.org\/fr\/espace-presse-virtuel\/factsheets\/","og_site_name":"Target Malaria","article_publisher":"https:\/\/www.facebook.com\/TargetMalariaGlobal\/","article_modified_time":"2026-04-28T13:26:28+00:00","twitter_card":"summary_large_image","twitter_site":"@TargetMalaria","schema":{"@context":"https:\/\/schema.org","@graph":[{"@type":"WebPage","@id":"https:\/\/targetmalaria.org\/fr\/espace-presse-virtuel\/factsheets\/","url":"https:\/\/targetmalaria.org\/fr\/espace-presse-virtuel\/factsheets\/","name":"Fiches d'information - Target Malaria","isPartOf":{"@id":"https:\/\/targetmalaria.org\/fr\/#website"},"datePublished":"2021-04-22T11:53:41+00:00","dateModified":"2026-04-28T13:26:28+00:00","breadcrumb":{"@id":"https:\/\/targetmalaria.org\/fr\/espace-presse-virtuel\/factsheets\/#breadcrumb"},"inLanguage":"fr-FR","potentialAction":[{"@type":"ReadAction","target":["https:\/\/targetmalaria.org\/fr\/espace-presse-virtuel\/factsheets\/"]}]},{"@type":"BreadcrumbList","@id":"https:\/\/targetmalaria.org\/fr\/espace-presse-virtuel\/factsheets\/#breadcrumb","itemListElement":[{"@type":"ListItem","position":1,"name":"Home","item":"https:\/\/targetmalaria.org\/fr\/"},{"@type":"ListItem","position":2,"name":"Espace presse virtuel","item":"https:\/\/targetmalaria.org\/fr\/espace-presse-virtuel\/"},{"@type":"ListItem","position":3,"name":"Fiches d&#8217;information"}]},{"@type":"WebSite","@id":"https:\/\/targetmalaria.org\/fr\/#website","url":"https:\/\/targetmalaria.org\/fr\/","name":"Target Malaria","description":"","publisher":{"@id":"https:\/\/targetmalaria.org\/fr\/#organization"},"potentialAction":[{"@type":"SearchAction","target":{"@type":"EntryPoint","urlTemplate":"https:\/\/targetmalaria.org\/fr\/?s={search_term_string}"},"query-input":{"@type":"PropertyValueSpecification","valueRequired":true,"valueName":"search_term_string"}}],"inLanguage":"fr-FR"},{"@type":"Organization","@id":"https:\/\/targetmalaria.org\/fr\/#organization","name":"Target Malaria","url":"https:\/\/targetmalaria.org\/fr\/","logo":{"@type":"ImageObject","inLanguage":"fr-FR","@id":"https:\/\/targetmalaria.org\/fr\/#\/schema\/logo\/image\/","url":"https:\/\/targetmalaria.org\/wp-content\/uploads\/2025\/08\/target_malaria_bf_logo.png","contentUrl":"https:\/\/targetmalaria.org\/wp-content\/uploads\/2025\/08\/target_malaria_bf_logo.png","width":1920,"height":1080,"caption":"Target Malaria"},"image":{"@id":"https:\/\/targetmalaria.org\/fr\/#\/schema\/logo\/image\/"},"sameAs":["https:\/\/www.facebook.com\/TargetMalariaGlobal\/","https:\/\/x.com\/TargetMalaria","https:\/\/www.linkedin.com\/company\/target-malaria","https:\/\/youtube.com\/@TargetMalaria"]}]}},"_links":{"self":[{"href":"https:\/\/targetmalaria.org\/fr\/wp-json\/wp\/v2\/pages\/5047","targetHints":{"allow":["GET"]}}],"collection":[{"href":"https:\/\/targetmalaria.org\/fr\/wp-json\/wp\/v2\/pages"}],"about":[{"href":"https:\/\/targetmalaria.org\/fr\/wp-json\/wp\/v2\/types\/page"}],"author":[{"embeddable":true,"href":"https:\/\/targetmalaria.org\/fr\/wp-json\/wp\/v2\/users\/31"}],"replies":[{"embeddable":true,"href":"https:\/\/targetmalaria.org\/fr\/wp-json\/wp\/v2\/comments?post=5047"}],"version-history":[{"count":2,"href":"https:\/\/targetmalaria.org\/fr\/wp-json\/wp\/v2\/pages\/5047\/revisions"}],"predecessor-version":[{"id":24414,"href":"https:\/\/targetmalaria.org\/fr\/wp-json\/wp\/v2\/pages\/5047\/revisions\/24414"}],"up":[{"embeddable":true,"href":"https:\/\/targetmalaria.org\/fr\/wp-json\/wp\/v2\/pages\/9771"}],"wp:attachment":[{"href":"https:\/\/targetmalaria.org\/fr\/wp-json\/wp\/v2\/media?parent=5047"}],"curies":[{"name":"wp","href":"https:\/\/api.w.org\/{rel}","templated":true}]}}