{"id":5030,"date":"2021-04-20T12:07:37","date_gmt":"2021-04-20T11:07:37","guid":{"rendered":"https:\/\/targetmalaria.org\/?page_id=5030"},"modified":"2025-11-17T14:43:43","modified_gmt":"2025-11-17T14:43:43","slug":"dans-quels-pays","status":"publish","type":"page","link":"https:\/\/targetmalaria.org\/fr\/qui-sommes-nous\/dans-quels-pays\/","title":{"rendered":"Dans quels pays?"},"content":{"rendered":"<div class=\"ragged-edge-parent alignfull is-light\">\n<div class=\"wp-block-cover alignfull is-light firstCover ragged_edge-position-both\" style=\"min-height:50vh;aspect-ratio:unset;\"><img loading=\"lazy\" decoding=\"async\" width=\"1024\" height=\"320\" class=\"wp-block-cover__image-background wp-image-22030 size-large\" alt=\"\" src=\"https:\/\/targetmalaria.org\/wp-content\/uploads\/2025\/08\/target_malaria_world_map-1024x320.png\" data-object-fit=\"cover\" srcset=\"https:\/\/targetmalaria.org\/wp-content\/uploads\/2025\/08\/target_malaria_world_map-1024x320.png 1024w, https:\/\/targetmalaria.org\/wp-content\/uploads\/2025\/08\/target_malaria_world_map-425x133.png 425w, https:\/\/targetmalaria.org\/wp-content\/uploads\/2025\/08\/target_malaria_world_map-768x240.png 768w, https:\/\/targetmalaria.org\/wp-content\/uploads\/2025\/08\/target_malaria_world_map-1536x480.png 1536w, https:\/\/targetmalaria.org\/wp-content\/uploads\/2025\/08\/target_malaria_world_map-300x94.png 300w, https:\/\/targetmalaria.org\/wp-content\/uploads\/2025\/08\/target_malaria_world_map.png 1920w\" sizes=\"auto, (max-width: 1024px) 100vw, 1024px\" \/><span aria-hidden=\"true\" class=\"wp-block-cover__background has-background-dim-0 has-background-dim\"><\/span><div class=\"wp-block-cover__inner-container has-global-padding is-layout-constrained wp-block-cover-is-layout-constrained\">\n<p class=\"has-text-align-center has-large-font-size\"><\/p>\n<\/div><\/div>\n<\/div>\n\n\n<div class=\"wp-block-columns is-layout-flex wp-container-core-columns-is-layout-0884d4d2 wp-block-columns-is-layout-flex\" style=\"margin-top:var(--wp--preset--spacing--50);margin-bottom:var(--wp--preset--spacing--50)\">\n<div class=\"wp-block-column is-layout-flow wp-block-column-is-layout-flow\">\n<figure class=\"wp-block-embed is-type-video is-provider-youtube wp-block-embed-youtube wp-embed-aspect-16-9 wp-has-aspect-ratio\"><div class=\"wp-block-embed__wrapper\">\n<iframe loading=\"lazy\" title=\"Voix du Burkina Faso: M. Soungalo Traor\u00e9\" width=\"500\" height=\"281\" src=\"https:\/\/www.youtube.com\/embed\/KErVQ92GtW4?feature=oembed\" frameborder=\"0\" allow=\"accelerometer; autoplay; clipboard-write; encrypted-media; gyroscope; picture-in-picture; web-share\" referrerpolicy=\"strict-origin-when-cross-origin\" allowfullscreen><\/iframe>\n<\/div><\/figure>\n<\/div>\n\n\n\n<div class=\"wp-block-column is-layout-flow wp-block-column-is-layout-flow\">\n<h3 class=\"wp-block-heading\" style=\"padding-top:0;padding-bottom:0\">Le paludisme est pr\u00e9sent dans de nombreuses r\u00e9gions \u00e0 travers le monde, mais pr\u00e9valent surtout en Afrique subsaharienne.<\/h3>\n\n\n\n<p>Dans cette r\u00e9gion, environ 96 % des d\u00e9c\u00e8s sont imputables au paludisme alors que les ressources nationales disponibles pour lutter contre la maladie sont les plus limit\u00e9es.<\/p>\n\n\n\n<p>Le travail de Target Malaria est ax\u00e9 uniquement sur les moustiques qui sont les principaux vecteurs du paludisme dans cette r\u00e9gion. \u00c0 l\u2019heure actuelle, nous sommes activement engag\u00e9s dans des travaux au Burkina Faso, au Ghana et en Ouganda.<\/p>\n<\/div>\n<\/div>\n\n\n\n<div style=\"height:100px\" aria-hidden=\"true\" class=\"wp-block-spacer\"><\/div>\n\n\n<section id=\"page_children-block_bec58589ffdc89da8a00d2101f9c0d39\" class=\"page-children-block\"><div class=\"detailed_list\">\n<article class=\"page-content__inner search_result_single year-2023 post-12468 page type-page status-publish has-post-thumbnail hentry\">\n <figure class=\"result_image\"><img loading=\"lazy\" decoding=\"async\" width=\"1024\" height=\"683\" src=\"https:\/\/targetmalaria.org\/wp-content\/uploads\/2022\/04\/BUR_RELEASE_06-landing-page-test-2_mirrored-1024x683.jpg\" class=\"alignleft wp-post-image\" alt=\"\" srcset=\"https:\/\/targetmalaria.org\/wp-content\/uploads\/2022\/04\/BUR_RELEASE_06-landing-page-test-2_mirrored-1024x683.jpg 1024w, https:\/\/targetmalaria.org\/wp-content\/uploads\/2022\/04\/BUR_RELEASE_06-landing-page-test-2_mirrored-300x200.jpg 300w, https:\/\/targetmalaria.org\/wp-content\/uploads\/2022\/04\/BUR_RELEASE_06-landing-page-test-2_mirrored-768x512.jpg 768w, https:\/\/targetmalaria.org\/wp-content\/uploads\/2022\/04\/BUR_RELEASE_06-landing-page-test-2_mirrored-1536x1024.jpg 1536w, https:\/\/targetmalaria.org\/wp-content\/uploads\/2022\/04\/BUR_RELEASE_06-landing-page-test-2_mirrored-2048x1365.jpg 2048w\" sizes=\"auto, (max-width: 1024px) 100vw, 1024px\" \/><\/figure><a class=\"profile_url\" href=\"https:\/\/targetmalaria.org\/fr\/qui-sommes-nous\/dans-quels-pays\/burkina-faso\/\" target=\"_self\"><\/a><div class=\"single_result_content\"><div class=\"single_result_content_info\"><h2>Burkina Faso<\/h2><p>Les travaux de Target Malaria au Burkina Faso sont conduits par l\u2019Institut de Recherche en Sciences de la Sant\u00e9 (IRSS), bas\u00e9 \u00e0 Bobo-Dioulasso, sous la direction du Prof. Abdoulaye Diabat\u00e9.<\/p><\/div><div class=\"wp-block-buttons is-layout-flex wp-block-buttons-is-layout-flex\"><div class=\"wp-block-button firstButton\"><a class=\"wp-block-button__link has-white-color has-light-blue-background-color has-text-color has-background has-link-color wp-element-button\" href=\"https:\/\/targetmalaria.org\/fr\/qui-sommes-nous\/dans-quels-pays\/burkina-faso\/\" target=\"_self\">Lire plus <i class=\"fa-solid fa-chevron-right\"><\/i><\/a><\/div><\/div><\/div><\/article>\n<article class=\"page-content__inner search_result_single year-2023 post-12470 page type-page status-publish has-post-thumbnail hentry\">\n <figure class=\"result_image\"><img loading=\"lazy\" decoding=\"async\" width=\"1024\" height=\"449\" src=\"https:\/\/targetmalaria.org\/wp-content\/uploads\/2023\/05\/TargetMalariaUganda_13_Team-2-1024x449.jpg\" class=\"alignleft wp-post-image\" alt=\"A group photo of the Target Malaria Uganda Team\" srcset=\"https:\/\/targetmalaria.org\/wp-content\/uploads\/2023\/05\/TargetMalariaUganda_13_Team-2-1024x449.jpg 1024w, https:\/\/targetmalaria.org\/wp-content\/uploads\/2023\/05\/TargetMalariaUganda_13_Team-2-300x132.jpg 300w, https:\/\/targetmalaria.org\/wp-content\/uploads\/2023\/05\/TargetMalariaUganda_13_Team-2-768x337.jpg 768w, https:\/\/targetmalaria.org\/wp-content\/uploads\/2023\/05\/TargetMalariaUganda_13_Team-2.jpg 1200w\" sizes=\"auto, (max-width: 1024px) 100vw, 1024px\" \/><\/figure><a class=\"profile_url\" href=\"https:\/\/targetmalaria.org\/fr\/qui-sommes-nous\/dans-quels-pays\/ouganda\/\" target=\"_self\"><\/a><div class=\"single_result_content\"><div class=\"single_result_content_info\"><h2>Ouganda<\/h2><p>Les travaux de Target Malaria en Ouganda sont conduits par l\u2019Institut de recherche ougandais sur les virus (UVRI), bas\u00e9 \u00e0 Entebbe, sous la direction du Dr Jonathan Kayondo.<\/p><\/div><div class=\"wp-block-buttons is-layout-flex wp-block-buttons-is-layout-flex\"><div class=\"wp-block-button firstButton\"><a class=\"wp-block-button__link has-white-color has-light-blue-background-color has-text-color has-background has-link-color wp-element-button\" href=\"https:\/\/targetmalaria.org\/fr\/qui-sommes-nous\/dans-quels-pays\/ouganda\/\" target=\"_self\">Lire plus <i class=\"fa-solid fa-chevron-right\"><\/i><\/a><\/div><\/div><\/div><\/article>\n<article class=\"page-content__inner search_result_single year-2023 post-12487 page type-page status-publish has-post-thumbnail hentry\">\n <figure class=\"result_image\"><img loading=\"lazy\" decoding=\"async\" width=\"1024\" height=\"678\" src=\"https:\/\/targetmalaria.org\/wp-content\/uploads\/2023\/03\/DSC_0221_Group-pic-of-Ghana-team-1-1024x678.jpeg\" class=\"alignleft wp-post-image\" alt=\"\" srcset=\"https:\/\/targetmalaria.org\/wp-content\/uploads\/2023\/03\/DSC_0221_Group-pic-of-Ghana-team-1-1024x678.jpeg 1024w, https:\/\/targetmalaria.org\/wp-content\/uploads\/2023\/03\/DSC_0221_Group-pic-of-Ghana-team-1-300x199.jpeg 300w, https:\/\/targetmalaria.org\/wp-content\/uploads\/2023\/03\/DSC_0221_Group-pic-of-Ghana-team-1-768x509.jpeg 768w, https:\/\/targetmalaria.org\/wp-content\/uploads\/2023\/03\/DSC_0221_Group-pic-of-Ghana-team-1-1536x1017.jpeg 1536w, https:\/\/targetmalaria.org\/wp-content\/uploads\/2023\/03\/DSC_0221_Group-pic-of-Ghana-team-1-2048x1357.jpeg 2048w\" sizes=\"auto, (max-width: 1024px) 100vw, 1024px\" \/><\/figure><a class=\"profile_url\" href=\"https:\/\/targetmalaria.org\/fr\/qui-sommes-nous\/dans-quels-pays\/ghana\/\" target=\"_self\"><\/a><div class=\"single_result_content\"><div class=\"single_result_content_info\"><h2>Ghana<\/h2><p>Les travaux de Target Malaria au Ghana sont conduits par l\u2019Universit\u00e9 du Ghana, bas\u00e9e \u00e0 Accra, sous la direction du Dr Fred Aboagye-Antwi.<\/p><\/div><div class=\"wp-block-buttons is-layout-flex wp-block-buttons-is-layout-flex\"><div class=\"wp-block-button firstButton\"><a class=\"wp-block-button__link has-white-color has-light-blue-background-color has-text-color has-background has-link-color wp-element-button\" href=\"https:\/\/targetmalaria.org\/fr\/qui-sommes-nous\/dans-quels-pays\/ghana\/\" target=\"_self\">Lire plus <i class=\"fa-solid fa-chevron-right\"><\/i><\/a><\/div><\/div><\/div><\/article>\n<article class=\"page-content__inner search_result_single year-2023 post-14023 page type-page status-publish has-post-thumbnail hentry\">\n <figure class=\"result_image\"><img loading=\"lazy\" decoding=\"async\" width=\"1024\" height=\"683\" src=\"https:\/\/targetmalaria.org\/wp-content\/uploads\/2023\/03\/190605_DG_ICL_TMTerni-059-1024x683.jpg\" class=\"alignleft wp-post-image\" alt=\"\" srcset=\"https:\/\/targetmalaria.org\/wp-content\/uploads\/2023\/03\/190605_DG_ICL_TMTerni-059-1024x683.jpg 1024w, https:\/\/targetmalaria.org\/wp-content\/uploads\/2023\/03\/190605_DG_ICL_TMTerni-059-300x200.jpg 300w, https:\/\/targetmalaria.org\/wp-content\/uploads\/2023\/03\/190605_DG_ICL_TMTerni-059-768x512.jpg 768w, https:\/\/targetmalaria.org\/wp-content\/uploads\/2023\/03\/190605_DG_ICL_TMTerni-059-1536x1024.jpg 1536w, https:\/\/targetmalaria.org\/wp-content\/uploads\/2023\/03\/190605_DG_ICL_TMTerni-059-2048x1365.jpg 2048w\" sizes=\"auto, (max-width: 1024px) 100vw, 1024px\" \/><\/figure><a class=\"profile_url\" href=\"https:\/\/targetmalaria.org\/fr\/qui-sommes-nous\/dans-quels-pays\/italie\/\" target=\"_self\"><\/a><div class=\"single_result_content\"><div class=\"single_result_content_info\"><h2>Italie<\/h2><p>Le travail de Target Malaria en Italie est dirig\u00e9 par le Polo d\u2019Innovazione di Genomica, Genetica e Biologia (Polo GGB) \u00e0 Terni et Sienne.<\/p><\/div><div class=\"wp-block-buttons is-layout-flex wp-block-buttons-is-layout-flex\"><div class=\"wp-block-button firstButton\"><a class=\"wp-block-button__link has-white-color has-light-blue-background-color has-text-color has-background has-link-color wp-element-button\" href=\"https:\/\/targetmalaria.org\/fr\/qui-sommes-nous\/dans-quels-pays\/italie\/\" target=\"_self\">Lire plus <i class=\"fa-solid fa-chevron-right\"><\/i><\/a><\/div><\/div><\/div><\/article>\n<article class=\"page-content__inner search_result_single year-2023 post-14025 page type-page status-publish has-post-thumbnail hentry\">\n <figure class=\"result_image\"><img loading=\"lazy\" decoding=\"async\" width=\"1024\" height=\"646\" src=\"https:\/\/targetmalaria.org\/wp-content\/uploads\/2023\/08\/230516_DG_ICL_TargetMalaria-007-e1693994533929-1024x646.jpg\" class=\"alignleft wp-post-image\" alt=\"Group photo of 17 team members at Imperial College London.\" srcset=\"https:\/\/targetmalaria.org\/wp-content\/uploads\/2023\/08\/230516_DG_ICL_TargetMalaria-007-e1693994533929-1024x646.jpg 1024w, https:\/\/targetmalaria.org\/wp-content\/uploads\/2023\/08\/230516_DG_ICL_TargetMalaria-007-e1693994533929-425x268.jpg 425w, https:\/\/targetmalaria.org\/wp-content\/uploads\/2023\/08\/230516_DG_ICL_TargetMalaria-007-e1693994533929-768x485.jpg 768w, https:\/\/targetmalaria.org\/wp-content\/uploads\/2023\/08\/230516_DG_ICL_TargetMalaria-007-e1693994533929-300x189.jpg 300w, https:\/\/targetmalaria.org\/wp-content\/uploads\/2023\/08\/230516_DG_ICL_TargetMalaria-007-e1693994533929.jpg 1138w\" sizes=\"auto, (max-width: 1024px) 100vw, 1024px\" \/><\/figure><a class=\"profile_url\" href=\"https:\/\/targetmalaria.org\/fr\/qui-sommes-nous\/dans-quels-pays\/royaume-uni\/\" target=\"_self\"><\/a><div class=\"single_result_content\"><div class=\"single_result_content_info\"><h2>Royaume-Uni<\/h2><p>Les activit\u00e9s de Target Malaria au Royaume-Uni sont dirig\u00e9es par l&rsquo;Imperial College London  et l&rsquo;universit\u00e9 d&rsquo;Oxford.<\/p><\/div><div class=\"wp-block-buttons is-layout-flex wp-block-buttons-is-layout-flex\"><div class=\"wp-block-button firstButton\"><a class=\"wp-block-button__link has-white-color has-light-blue-background-color has-text-color has-background has-link-color wp-element-button\" href=\"https:\/\/targetmalaria.org\/fr\/qui-sommes-nous\/dans-quels-pays\/royaume-uni\/\" target=\"_self\">Lire plus <i class=\"fa-solid fa-chevron-right\"><\/i><\/a><\/div><\/div><\/div><\/article>\n<article class=\"page-content__inner search_result_single year-2023 post-14027 page type-page status-publish has-post-thumbnail hentry\">\n <figure class=\"result_image\"><img loading=\"lazy\" decoding=\"async\" width=\"720\" height=\"400\" src=\"https:\/\/targetmalaria.org\/wp-content\/uploads\/2023\/09\/Asset-1-100.jpg\" class=\"alignleft wp-post-image\" alt=\"Photo of the CDC headquarters in\" srcset=\"https:\/\/targetmalaria.org\/wp-content\/uploads\/2023\/09\/Asset-1-100.jpg 720w, https:\/\/targetmalaria.org\/wp-content\/uploads\/2023\/09\/Asset-1-100-300x167.jpg 300w\" sizes=\"auto, (max-width: 720px) 100vw, 720px\" \/><\/figure><a class=\"profile_url\" href=\"https:\/\/targetmalaria.org\/fr\/qui-sommes-nous\/dans-quels-pays\/etats-unis\/\" target=\"_self\"><\/a><div class=\"single_result_content\"><div class=\"single_result_content_info\"><h2>\u00c9tats-Unis<\/h2><p>Le travail de Target Malaria aux \u00c9tats-Unis est dirig\u00e9 par les Centres pour le contr\u00f4le et la pr\u00e9vention des maladies (CDC) \u00e0 Atlanta, en G\u00e9orgie.<\/p><\/div><div class=\"wp-block-buttons is-layout-flex wp-block-buttons-is-layout-flex\"><div class=\"wp-block-button firstButton\"><a class=\"wp-block-button__link has-white-color has-light-blue-background-color has-text-color has-background has-link-color wp-element-button\" href=\"https:\/\/targetmalaria.org\/fr\/qui-sommes-nous\/dans-quels-pays\/etats-unis\/\" target=\"_self\">Lire plus <i class=\"fa-solid fa-chevron-right\"><\/i><\/a><\/div><\/div><\/div><\/article><\/div><\/section>","protected":false},"excerpt":{"rendered":"<p>Le paludisme est pr\u00e9sent dans de nombreuses r\u00e9gions \u00e0 travers le monde, mais pr\u00e9valent surtout en Afrique subsaharienne. Dans cette r\u00e9gion, environ 96 % des d\u00e9c\u00e8s sont imputables au paludisme alors que les ressources nationales disponibles pour lutter contre la maladie sont les plus limit\u00e9es. Le travail de Target Malaria est ax\u00e9 uniquement sur les [&hellip;]<\/p>\n","protected":false},"author":31,"featured_media":0,"parent":9127,"menu_order":66,"comment_status":"closed","ping_status":"closed","template":"","meta":{"_acf_changed":false,"_relevanssi_hide_post":"","_relevanssi_hide_content":"","_relevanssi_pin_for_all":"","_relevanssi_pin_keywords":"","_relevanssi_unpin_keywords":"","_relevanssi_related_keywords":"","_relevanssi_related_include_ids":"","_relevanssi_related_exclude_ids":"","_relevanssi_related_no_append":"","_relevanssi_related_not_related":"","_relevanssi_related_posts":"","_relevanssi_noindex_reason":"","featured_image_focal_point":[],"footnotes":""},"class_list":["post-5030","page","type-page","status-publish","hentry"],"acf":[],"yoast_head":"<!-- This site is optimized with the Yoast SEO plugin v27.3 - https:\/\/yoast.com\/product\/yoast-seo-wordpress\/ -->\n<title>Dans quels pays? - Target Malaria<\/title>\n<meta name=\"robots\" content=\"index, follow, max-snippet:-1, max-image-preview:large, max-video-preview:-1\" \/>\n<link rel=\"canonical\" href=\"https:\/\/targetmalaria.org\/fr\/qui-sommes-nous\/dans-quels-pays\/\" \/>\n<meta property=\"og:locale\" content=\"fr_FR\" \/>\n<meta property=\"og:type\" content=\"article\" \/>\n<meta property=\"og:title\" content=\"Dans quels pays? - Target Malaria\" \/>\n<meta property=\"og:description\" content=\"Le paludisme est pr\u00e9sent dans de nombreuses r\u00e9gions \u00e0 travers le monde, mais pr\u00e9valent surtout en Afrique subsaharienne. Dans cette r\u00e9gion, environ 96 % des d\u00e9c\u00e8s sont imputables au paludisme alors que les ressources nationales disponibles pour lutter contre la maladie sont les plus limit\u00e9es. Le travail de Target Malaria est ax\u00e9 uniquement sur les [&hellip;]\" \/>\n<meta property=\"og:url\" content=\"https:\/\/targetmalaria.org\/fr\/qui-sommes-nous\/dans-quels-pays\/\" \/>\n<meta property=\"og:site_name\" content=\"Target Malaria\" \/>\n<meta property=\"article:publisher\" content=\"https:\/\/www.facebook.com\/TargetMalariaGlobal\/\" \/>\n<meta property=\"article:modified_time\" content=\"2025-11-17T14:43:43+00:00\" \/>\n<meta property=\"og:image\" content=\"https:\/\/targetmalaria.org\/wp-content\/uploads\/2025\/08\/target_malaria_world_map.png\" \/>\n\t<meta property=\"og:image:width\" content=\"1920\" \/>\n\t<meta property=\"og:image:height\" content=\"600\" \/>\n\t<meta property=\"og:image:type\" content=\"image\/png\" \/>\n<meta name=\"twitter:card\" content=\"summary_large_image\" \/>\n<meta name=\"twitter:site\" content=\"@TargetMalaria\" \/>\n<meta name=\"twitter:label1\" content=\"Dur\u00e9e de lecture estim\u00e9e\" \/>\n\t<meta name=\"twitter:data1\" content=\"1 minute\" \/>\n<script type=\"application\/ld+json\" class=\"yoast-schema-graph\">{\"@context\":\"https:\\\/\\\/schema.org\",\"@graph\":[{\"@type\":\"WebPage\",\"@id\":\"https:\\\/\\\/targetmalaria.org\\\/fr\\\/qui-sommes-nous\\\/dans-quels-pays\\\/\",\"url\":\"https:\\\/\\\/targetmalaria.org\\\/fr\\\/qui-sommes-nous\\\/dans-quels-pays\\\/\",\"name\":\"Dans quels pays? - Target Malaria\",\"isPartOf\":{\"@id\":\"https:\\\/\\\/targetmalaria.org\\\/fr\\\/#website\"},\"primaryImageOfPage\":{\"@id\":\"https:\\\/\\\/targetmalaria.org\\\/fr\\\/qui-sommes-nous\\\/dans-quels-pays\\\/#primaryimage\"},\"image\":{\"@id\":\"https:\\\/\\\/targetmalaria.org\\\/fr\\\/qui-sommes-nous\\\/dans-quels-pays\\\/#primaryimage\"},\"thumbnailUrl\":\"https:\\\/\\\/targetmalaria.org\\\/wp-content\\\/uploads\\\/2025\\\/08\\\/target_malaria_world_map-1024x320.png\",\"datePublished\":\"2021-04-20T11:07:37+00:00\",\"dateModified\":\"2025-11-17T14:43:43+00:00\",\"breadcrumb\":{\"@id\":\"https:\\\/\\\/targetmalaria.org\\\/fr\\\/qui-sommes-nous\\\/dans-quels-pays\\\/#breadcrumb\"},\"inLanguage\":\"fr-FR\",\"potentialAction\":[{\"@type\":\"ReadAction\",\"target\":[\"https:\\\/\\\/targetmalaria.org\\\/fr\\\/qui-sommes-nous\\\/dans-quels-pays\\\/\"]}]},{\"@type\":\"ImageObject\",\"inLanguage\":\"fr-FR\",\"@id\":\"https:\\\/\\\/targetmalaria.org\\\/fr\\\/qui-sommes-nous\\\/dans-quels-pays\\\/#primaryimage\",\"url\":\"https:\\\/\\\/targetmalaria.org\\\/wp-content\\\/uploads\\\/2025\\\/08\\\/target_malaria_world_map-1024x320.png\",\"contentUrl\":\"https:\\\/\\\/targetmalaria.org\\\/wp-content\\\/uploads\\\/2025\\\/08\\\/target_malaria_world_map-1024x320.png\"},{\"@type\":\"BreadcrumbList\",\"@id\":\"https:\\\/\\\/targetmalaria.org\\\/fr\\\/qui-sommes-nous\\\/dans-quels-pays\\\/#breadcrumb\",\"itemListElement\":[{\"@type\":\"ListItem\",\"position\":1,\"name\":\"Home\",\"item\":\"https:\\\/\\\/targetmalaria.org\\\/fr\\\/\"},{\"@type\":\"ListItem\",\"position\":2,\"name\":\"Qui sommes-nous?\",\"item\":\"https:\\\/\\\/targetmalaria.org\\\/fr\\\/qui-sommes-nous\\\/\"},{\"@type\":\"ListItem\",\"position\":3,\"name\":\"Dans quels pays?\"}]},{\"@type\":\"WebSite\",\"@id\":\"https:\\\/\\\/targetmalaria.org\\\/fr\\\/#website\",\"url\":\"https:\\\/\\\/targetmalaria.org\\\/fr\\\/\",\"name\":\"Target Malaria\",\"description\":\"\",\"publisher\":{\"@id\":\"https:\\\/\\\/targetmalaria.org\\\/fr\\\/#organization\"},\"potentialAction\":[{\"@type\":\"SearchAction\",\"target\":{\"@type\":\"EntryPoint\",\"urlTemplate\":\"https:\\\/\\\/targetmalaria.org\\\/fr\\\/?s={search_term_string}\"},\"query-input\":{\"@type\":\"PropertyValueSpecification\",\"valueRequired\":true,\"valueName\":\"search_term_string\"}}],\"inLanguage\":\"fr-FR\"},{\"@type\":\"Organization\",\"@id\":\"https:\\\/\\\/targetmalaria.org\\\/fr\\\/#organization\",\"name\":\"Target Malaria\",\"url\":\"https:\\\/\\\/targetmalaria.org\\\/fr\\\/\",\"logo\":{\"@type\":\"ImageObject\",\"inLanguage\":\"fr-FR\",\"@id\":\"https:\\\/\\\/targetmalaria.org\\\/fr\\\/#\\\/schema\\\/logo\\\/image\\\/\",\"url\":\"https:\\\/\\\/targetmalaria.org\\\/wp-content\\\/uploads\\\/2025\\\/08\\\/target_malaria_bf_logo.png\",\"contentUrl\":\"https:\\\/\\\/targetmalaria.org\\\/wp-content\\\/uploads\\\/2025\\\/08\\\/target_malaria_bf_logo.png\",\"width\":1920,\"height\":1080,\"caption\":\"Target Malaria\"},\"image\":{\"@id\":\"https:\\\/\\\/targetmalaria.org\\\/fr\\\/#\\\/schema\\\/logo\\\/image\\\/\"},\"sameAs\":[\"https:\\\/\\\/www.facebook.com\\\/TargetMalariaGlobal\\\/\",\"https:\\\/\\\/x.com\\\/TargetMalaria\",\"https:\\\/\\\/www.linkedin.com\\\/company\\\/target-malaria\",\"https:\\\/\\\/youtube.com\\\/@TargetMalaria\"]}]}<\/script>\n<!-- \/ Yoast SEO plugin. -->","yoast_head_json":{"title":"Dans quels pays? - Target Malaria","robots":{"index":"index","follow":"follow","max-snippet":"max-snippet:-1","max-image-preview":"max-image-preview:large","max-video-preview":"max-video-preview:-1"},"canonical":"https:\/\/targetmalaria.org\/fr\/qui-sommes-nous\/dans-quels-pays\/","og_locale":"fr_FR","og_type":"article","og_title":"Dans quels pays? - Target Malaria","og_description":"Le paludisme est pr\u00e9sent dans de nombreuses r\u00e9gions \u00e0 travers le monde, mais pr\u00e9valent surtout en Afrique subsaharienne. Dans cette r\u00e9gion, environ 96 % des d\u00e9c\u00e8s sont imputables au paludisme alors que les ressources nationales disponibles pour lutter contre la maladie sont les plus limit\u00e9es. Le travail de Target Malaria est ax\u00e9 uniquement sur les [&hellip;]","og_url":"https:\/\/targetmalaria.org\/fr\/qui-sommes-nous\/dans-quels-pays\/","og_site_name":"Target Malaria","article_publisher":"https:\/\/www.facebook.com\/TargetMalariaGlobal\/","article_modified_time":"2025-11-17T14:43:43+00:00","og_image":[{"width":1920,"height":600,"url":"https:\/\/targetmalaria.org\/wp-content\/uploads\/2025\/08\/target_malaria_world_map.png","type":"image\/png"}],"twitter_card":"summary_large_image","twitter_site":"@TargetMalaria","twitter_misc":{"Dur\u00e9e de lecture estim\u00e9e":"1 minute"},"schema":{"@context":"https:\/\/schema.org","@graph":[{"@type":"WebPage","@id":"https:\/\/targetmalaria.org\/fr\/qui-sommes-nous\/dans-quels-pays\/","url":"https:\/\/targetmalaria.org\/fr\/qui-sommes-nous\/dans-quels-pays\/","name":"Dans quels pays? - Target Malaria","isPartOf":{"@id":"https:\/\/targetmalaria.org\/fr\/#website"},"primaryImageOfPage":{"@id":"https:\/\/targetmalaria.org\/fr\/qui-sommes-nous\/dans-quels-pays\/#primaryimage"},"image":{"@id":"https:\/\/targetmalaria.org\/fr\/qui-sommes-nous\/dans-quels-pays\/#primaryimage"},"thumbnailUrl":"https:\/\/targetmalaria.org\/wp-content\/uploads\/2025\/08\/target_malaria_world_map-1024x320.png","datePublished":"2021-04-20T11:07:37+00:00","dateModified":"2025-11-17T14:43:43+00:00","breadcrumb":{"@id":"https:\/\/targetmalaria.org\/fr\/qui-sommes-nous\/dans-quels-pays\/#breadcrumb"},"inLanguage":"fr-FR","potentialAction":[{"@type":"ReadAction","target":["https:\/\/targetmalaria.org\/fr\/qui-sommes-nous\/dans-quels-pays\/"]}]},{"@type":"ImageObject","inLanguage":"fr-FR","@id":"https:\/\/targetmalaria.org\/fr\/qui-sommes-nous\/dans-quels-pays\/#primaryimage","url":"https:\/\/targetmalaria.org\/wp-content\/uploads\/2025\/08\/target_malaria_world_map-1024x320.png","contentUrl":"https:\/\/targetmalaria.org\/wp-content\/uploads\/2025\/08\/target_malaria_world_map-1024x320.png"},{"@type":"BreadcrumbList","@id":"https:\/\/targetmalaria.org\/fr\/qui-sommes-nous\/dans-quels-pays\/#breadcrumb","itemListElement":[{"@type":"ListItem","position":1,"name":"Home","item":"https:\/\/targetmalaria.org\/fr\/"},{"@type":"ListItem","position":2,"name":"Qui sommes-nous?","item":"https:\/\/targetmalaria.org\/fr\/qui-sommes-nous\/"},{"@type":"ListItem","position":3,"name":"Dans quels pays?"}]},{"@type":"WebSite","@id":"https:\/\/targetmalaria.org\/fr\/#website","url":"https:\/\/targetmalaria.org\/fr\/","name":"Target Malaria","description":"","publisher":{"@id":"https:\/\/targetmalaria.org\/fr\/#organization"},"potentialAction":[{"@type":"SearchAction","target":{"@type":"EntryPoint","urlTemplate":"https:\/\/targetmalaria.org\/fr\/?s={search_term_string}"},"query-input":{"@type":"PropertyValueSpecification","valueRequired":true,"valueName":"search_term_string"}}],"inLanguage":"fr-FR"},{"@type":"Organization","@id":"https:\/\/targetmalaria.org\/fr\/#organization","name":"Target Malaria","url":"https:\/\/targetmalaria.org\/fr\/","logo":{"@type":"ImageObject","inLanguage":"fr-FR","@id":"https:\/\/targetmalaria.org\/fr\/#\/schema\/logo\/image\/","url":"https:\/\/targetmalaria.org\/wp-content\/uploads\/2025\/08\/target_malaria_bf_logo.png","contentUrl":"https:\/\/targetmalaria.org\/wp-content\/uploads\/2025\/08\/target_malaria_bf_logo.png","width":1920,"height":1080,"caption":"Target Malaria"},"image":{"@id":"https:\/\/targetmalaria.org\/fr\/#\/schema\/logo\/image\/"},"sameAs":["https:\/\/www.facebook.com\/TargetMalariaGlobal\/","https:\/\/x.com\/TargetMalaria","https:\/\/www.linkedin.com\/company\/target-malaria","https:\/\/youtube.com\/@TargetMalaria"]}]}},"_links":{"self":[{"href":"https:\/\/targetmalaria.org\/fr\/wp-json\/wp\/v2\/pages\/5030","targetHints":{"allow":["GET"]}}],"collection":[{"href":"https:\/\/targetmalaria.org\/fr\/wp-json\/wp\/v2\/pages"}],"about":[{"href":"https:\/\/targetmalaria.org\/fr\/wp-json\/wp\/v2\/types\/page"}],"author":[{"embeddable":true,"href":"https:\/\/targetmalaria.org\/fr\/wp-json\/wp\/v2\/users\/31"}],"replies":[{"embeddable":true,"href":"https:\/\/targetmalaria.org\/fr\/wp-json\/wp\/v2\/comments?post=5030"}],"version-history":[{"count":4,"href":"https:\/\/targetmalaria.org\/fr\/wp-json\/wp\/v2\/pages\/5030\/revisions"}],"predecessor-version":[{"id":23335,"href":"https:\/\/targetmalaria.org\/fr\/wp-json\/wp\/v2\/pages\/5030\/revisions\/23335"}],"up":[{"embeddable":true,"href":"https:\/\/targetmalaria.org\/fr\/wp-json\/wp\/v2\/pages\/9127"}],"wp:attachment":[{"href":"https:\/\/targetmalaria.org\/fr\/wp-json\/wp\/v2\/media?parent=5030"}],"curies":[{"name":"wp","href":"https:\/\/api.w.org\/{rel}","templated":true}]}}