{"id":22894,"date":"2025-09-30T12:58:18","date_gmt":"2025-09-30T11:58:18","guid":{"rendered":"https:\/\/targetmalaria.org\/le-fleau-du-paludisme\/ressources-educatives-2\/"},"modified":"2025-10-03T13:14:30","modified_gmt":"2025-10-03T12:14:30","slug":"ressources-educatives","status":"publish","type":"page","link":"https:\/\/targetmalaria.org\/fr\/le-fleau-du-paludisme\/ressources-educatives\/","title":{"rendered":"Ressources \u00e9ducatives"},"content":{"rendered":"<div id=\"filter_fiche\"><div class=\"filters\"><div class=\"select-wrapper\">\n\t\t\t\t\t\t<select class=\"filter-select\" value-group=\"audience\">\n\t\t\t\t\t\t\t<option class=\"init active_filter\" value=\"*\">Toute les audiences<\/option><option value=\".audience-enfants\">Enfants<\/option><option value=\".audience-adolescents\">Adolescents<\/option><option value=\".audience-etudiants\">\u00c9tudiants<\/option><\/select><\/div><div class=\"search_filter\">\n\t\t\t\t<input type=\"text\" class=\"quicksearch\" placeholder=\"Chercher\" \/>\n\t\t\t<\/div><\/div><\/div><section id=\"filtered_content-block_76be51fa8d4d49e300277f6a228aa8ca\" class=\"block-filtered_content page-content__wrapper type_tools block_results grid-container\"><div class=\"search_list\" data-slide=\"\">\n<article class=\"page-content__inner search_result_single year-2025 post-22931 tools type-tools status-publish has-post-thumbnail hentry audience-enfants audience-adolescents usage-education-fr\">\n <figure class=\"result_image\"><img loading=\"lazy\" decoding=\"async\" width=\"566\" height=\"800\" src=\"https:\/\/targetmalaria.org\/wp-content\/uploads\/2023\/10\/Target_Malaria_EN_Print_10_2023_thumb.jpg\" class=\"alignleft wp-post-image\" alt=\"Mosquitoes and malaria comicbook cover\" srcset=\"https:\/\/targetmalaria.org\/wp-content\/uploads\/2023\/10\/Target_Malaria_EN_Print_10_2023_thumb.jpg 566w, https:\/\/targetmalaria.org\/wp-content\/uploads\/2023\/10\/Target_Malaria_EN_Print_10_2023_thumb-301x425.jpg 301w, https:\/\/targetmalaria.org\/wp-content\/uploads\/2023\/10\/Target_Malaria_EN_Print_10_2023_thumb-300x425.jpg 300w\" sizes=\"auto, (max-width: 566px) 100vw, 566px\" \/><\/figure><a class=\"profile_url\" href=\"https:\/\/targetmalaria.org\/fr\/tools\/moustiques-et-paludisme\/\" target=\"_self\"><\/a><div class=\"single_result_content\"><div class=\"single_result_content_info\"><h4>Enfants &amp; Adolescents<\/h4><h5>Moustiques et paludisme<\/h5><p>Suivez Aiicha et Adam, deux enfants qui vivent dans une zone o\u00f9 le paludisme est end\u00e9mique, une maladie qui fait de nombreuses victimes \u00e0 chaque saison des pluies.<\/p><\/div><a href=\"https:\/\/targetmalaria.org\/fr\/tools\/moustiques-et-paludisme\/\" target=\"_blank\">Lire plus <i class=\"fa-solid fa-chevron-right\"><\/i><\/a><\/div><\/article>\n<article class=\"page-content__inner search_result_single year-2025 post-22810 tools type-tools status-publish has-post-thumbnail hentry audience-etudiants usage-education-fr country-usa-fr\">\n <figure class=\"result_image\"><img loading=\"lazy\" decoding=\"async\" width=\"1024\" height=\"538\" src=\"https:\/\/targetmalaria.org\/wp-content\/uploads\/2025\/08\/YoungScientistLogo-1024x538.png\" class=\"alignleft wp-post-image\" alt=\"\" srcset=\"https:\/\/targetmalaria.org\/wp-content\/uploads\/2025\/08\/YoungScientistLogo-1024x538.png 1024w, https:\/\/targetmalaria.org\/wp-content\/uploads\/2025\/08\/YoungScientistLogo-425x223.png 425w, https:\/\/targetmalaria.org\/wp-content\/uploads\/2025\/08\/YoungScientistLogo-768x403.png 768w, https:\/\/targetmalaria.org\/wp-content\/uploads\/2025\/08\/YoungScientistLogo-1140x600.png 1140w, https:\/\/targetmalaria.org\/wp-content\/uploads\/2025\/08\/YoungScientistLogo-300x158.png 300w, https:\/\/targetmalaria.org\/wp-content\/uploads\/2025\/08\/YoungScientistLogo.png 1196w\" sizes=\"auto, (max-width: 1024px) 100vw, 1024px\" \/><\/figure><a class=\"profile_url\" href=\"https:\/\/targetmalaria.org\/fr\/tools\/webinaires-du-reseau-des-jeunes-scientifiques\/\" target=\"_self\"><\/a><div class=\"single_result_content\"><div class=\"single_result_content_info\"><h4>\u00c9tudiants<\/h4><h5>W\u00e9binaires du R\u00e9seau des Jeunes Scientifiques<\/h5><p>De l&rsquo;entomologie \u00e0 la sant\u00e9 publique et au journalisme scientifique, d\u00e9couvrez cette s\u00e9rie de webinaires passionnants organis\u00e9s par Target Malaria<\/p><\/div><a href=\"https:\/\/targetmalaria.org\/fr\/tools\/webinaires-du-reseau-des-jeunes-scientifiques\/\" target=\"_blank\">Lire plus <i class=\"fa-solid fa-chevron-right\"><\/i><\/a><\/div><\/article>\n<article class=\"page-content__inner search_result_single year-2025 post-22808 tools type-tools status-publish has-post-thumbnail hentry audience-etudiants audience-adolescents usage-education-fr\">\n <figure class=\"result_image\"><img loading=\"lazy\" decoding=\"async\" width=\"1024\" height=\"705\" src=\"https:\/\/targetmalaria.org\/wp-content\/uploads\/2024\/08\/closeUp-Mosquito-1024x705.jpg\" class=\"alignleft wp-post-image\" alt=\"Close up image of a mosquito\" srcset=\"https:\/\/targetmalaria.org\/wp-content\/uploads\/2024\/08\/closeUp-Mosquito-1024x705.jpg 1024w, https:\/\/targetmalaria.org\/wp-content\/uploads\/2024\/08\/closeUp-Mosquito-425x293.jpg 425w, https:\/\/targetmalaria.org\/wp-content\/uploads\/2024\/08\/closeUp-Mosquito-768x529.jpg 768w, https:\/\/targetmalaria.org\/wp-content\/uploads\/2024\/08\/closeUp-Mosquito-1536x1057.jpg 1536w, https:\/\/targetmalaria.org\/wp-content\/uploads\/2024\/08\/closeUp-Mosquito-2048x1410.jpg 2048w, https:\/\/targetmalaria.org\/wp-content\/uploads\/2024\/08\/closeUp-Mosquito-300x207.jpg 300w\" sizes=\"auto, (max-width: 1024px) 100vw, 1024px\" \/><\/figure><a class=\"profile_url\" href=\"https:\/\/targetmalaria.org\/fr\/tools\/entomology-explained\/\" target=\"_self\"><\/a><div class=\"single_result_content\"><div class=\"single_result_content_info\"><h4>\u00c9tudiants &amp; Adolescents<\/h4><h5>Entomology explained\u00a0<\/h5><p>Ces vid\u00e9os mettent en sc\u00e8ne des entomologistes de Target Malaria et offrent un aper\u00e7u de notre travail entomologique, tout en explorant des faits sur les moustiques.<\/p><\/div><a href=\"https:\/\/targetmalaria.org\/fr\/tools\/entomology-explained\/\" target=\"_blank\">Lire plus <i class=\"fa-solid fa-chevron-right\"><\/i><\/a><\/div><\/article>\n<article class=\"page-content__inner search_result_single year-2025 post-22886 tools type-tools status-publish has-post-thumbnail hentry audience-enfants audience-etudiants audience-adolescents usage-education-fr usage-communication-fr country-royaume-uni country-usa-fr country-burkina-faso country-ghana country-ouganda country-europe-fr-2 country-italie\">\n <figure class=\"result_image\"><img loading=\"lazy\" decoding=\"async\" width=\"1024\" height=\"576\" src=\"https:\/\/targetmalaria.org\/wp-content\/uploads\/2025\/09\/Animation-thumbnail-1-1024x576.png\" class=\"alignleft wp-post-image\" alt=\"\" srcset=\"https:\/\/targetmalaria.org\/wp-content\/uploads\/2025\/09\/Animation-thumbnail-1-1024x576.png 1024w, https:\/\/targetmalaria.org\/wp-content\/uploads\/2025\/09\/Animation-thumbnail-1-425x239.png 425w, https:\/\/targetmalaria.org\/wp-content\/uploads\/2025\/09\/Animation-thumbnail-1-768x432.png 768w, https:\/\/targetmalaria.org\/wp-content\/uploads\/2025\/09\/Animation-thumbnail-1-1536x864.png 1536w, https:\/\/targetmalaria.org\/wp-content\/uploads\/2025\/09\/Animation-thumbnail-1.png 1920w\" sizes=\"auto, (max-width: 1024px) 100vw, 1024px\" \/><\/figure><a class=\"profile_url\" href=\"https:\/\/targetmalaria.org\/fr\/tools\/la-minute-moustique\/\" target=\"_self\"><\/a><div class=\"single_result_content\"><div class=\"single_result_content_info\"><h4>Enfants, \u00c9tudiants &amp; Adolescents<\/h4><h5>La Minute Moustique<\/h5><p>\u00ab La Minute Moustique\u00bb est une s\u00e9rie anim\u00e9e r\u00e9pondant aux questions courantes sur les moustiques.<\/p><\/div><a href=\"https:\/\/targetmalaria.org\/fr\/tools\/la-minute-moustique\/\" target=\"_blank\">Lire plus <i class=\"fa-solid fa-chevron-right\"><\/i><\/a><\/div><\/article>\n<article class=\"page-content__inner search_result_single year-2025 post-22807 tools type-tools status-publish has-post-thumbnail hentry audience-enfants audience-etudiants audience-adolescents usage-education-fr country-usa\">\n <figure class=\"result_image\"><img loading=\"lazy\" decoding=\"async\" width=\"1024\" height=\"576\" src=\"https:\/\/targetmalaria.org\/wp-content\/uploads\/2023\/12\/CardgameJPG2-1024x576.jpg\" class=\"alignleft wp-post-image\" alt=\"Cards from the Mozzie Drive card game: they each have illustrations of differently coloured mosquitos on them; the isible cards are labelled &#039;resistent mosquito&#039; and &#039;wild-type malaria mosquito&#039;.\" srcset=\"https:\/\/targetmalaria.org\/wp-content\/uploads\/2023\/12\/CardgameJPG2-1024x576.jpg 1024w, https:\/\/targetmalaria.org\/wp-content\/uploads\/2023\/12\/CardgameJPG2-425x239.jpg 425w, https:\/\/targetmalaria.org\/wp-content\/uploads\/2023\/12\/CardgameJPG2-768x432.jpg 768w, https:\/\/targetmalaria.org\/wp-content\/uploads\/2023\/12\/CardgameJPG2-1536x864.jpg 1536w, https:\/\/targetmalaria.org\/wp-content\/uploads\/2023\/12\/CardgameJPG2-300x169.jpg 300w, https:\/\/targetmalaria.org\/wp-content\/uploads\/2023\/12\/CardgameJPG2.jpg 2048w\" sizes=\"auto, (max-width: 1024px) 100vw, 1024px\" \/><\/figure><a class=\"profile_url\" href=\"https:\/\/targetmalaria.org\/fr\/tools\/mozzie-drive-card-game\/\" target=\"_self\"><\/a><div class=\"single_result_content\"><div class=\"single_result_content_info\"><h4>Enfants, \u00c9tudiants &amp; Adolescents<\/h4><h5>Jeu de carte \u00ab\u00a0Moustiques Impuls\u00e9s\u00a0\u00bb<\/h5><p>\u00ab\u00a0Moustiques Impuls\u00e9s\u00a0\u00bb est un jeu de cartes \u00e9ducatif qui montre comment la technologie de l\u2019impulsion g\u00e9n\u00e9tique pourrait \u00eatre utilis\u00e9e pour r\u00e9duire les populations de moustiques responsables du paludisme.<\/p><\/div><a href=\"https:\/\/targetmalaria.org\/fr\/tools\/mozzie-drive-card-game\/\" target=\"_blank\">Lire plus <i class=\"fa-solid fa-chevron-right\"><\/i><\/a><\/div><\/article>\n<article class=\"page-content__inner search_result_single year-2025 post-22806 tools type-tools status-publish has-post-thumbnail hentry audience-adolescents audience-enfants audience-etudiants usage-education-fr country-burkina-faso country-ghana country-ouganda country-europe-fr-2 country-italie country-royaume-uni country-usa country-usa-fr\">\n <figure class=\"result_image\"><img loading=\"lazy\" decoding=\"async\" width=\"1024\" height=\"471\" src=\"https:\/\/targetmalaria.org\/wp-content\/uploads\/2025\/07\/Screenshot-2025-07-30-at-10.39.18-1024x471.png\" class=\"alignleft wp-post-image\" alt=\"\" srcset=\"https:\/\/targetmalaria.org\/wp-content\/uploads\/2025\/07\/Screenshot-2025-07-30-at-10.39.18-1024x471.png 1024w, https:\/\/targetmalaria.org\/wp-content\/uploads\/2025\/07\/Screenshot-2025-07-30-at-10.39.18-425x195.png 425w, https:\/\/targetmalaria.org\/wp-content\/uploads\/2025\/07\/Screenshot-2025-07-30-at-10.39.18-768x353.png 768w, https:\/\/targetmalaria.org\/wp-content\/uploads\/2025\/07\/Screenshot-2025-07-30-at-10.39.18-300x138.png 300w, https:\/\/targetmalaria.org\/wp-content\/uploads\/2025\/07\/Screenshot-2025-07-30-at-10.39.18.png 1192w\" sizes=\"auto, (max-width: 1024px) 100vw, 1024px\" \/><\/figure><a class=\"profile_url\" href=\"https:\/\/targetmalaria.org\/fr\/tools\/target-malaria-the-game\/\" target=\"_self\"><\/a><div class=\"single_result_content\"><div class=\"single_result_content_info\"><h4>Adolescents, Enfants &amp; \u00c9tudiants<\/h4><h5>Target Malaria: The Game<\/h5><p>D\u00e9couvrez la vie d&rsquo;un technicien de laboratoire sp\u00e9cialis\u00e9 dans la lutte contre le paludisme gr\u00e2ce \u00e0 ce jeu vid\u00e9o interactif. Explorez les recherches de pointe men\u00e9es en laboratoire sur la technologie de l&rsquo;impulsion g\u00e9n\u00e9tique.<\/p><\/div><a href=\"https:\/\/targetmalaria.org\/fr\/tools\/target-malaria-the-game\/\" target=\"_blank\">Lire plus <i class=\"fa-solid fa-chevron-right\"><\/i><\/a><\/div><\/article>\n<article class=\"page-content__inner search_result_single year-2025 post-22805 tools type-tools status-publish has-post-thumbnail hentry audience-enfants audience-adolescents usage-education-fr country-burkina-faso country-ghana country-ouganda country-europe-fr-2 country-italie country-royaume-uni country-usa-fr\">\n <figure class=\"result_image\"><img loading=\"lazy\" decoding=\"async\" width=\"716\" height=\"1024\" src=\"https:\/\/targetmalaria.org\/wp-content\/uploads\/2025\/07\/Screenshot-2025-07-29-at-15.56.35-edited-716x1024.png\" class=\"alignleft wp-post-image\" alt=\"\" srcset=\"https:\/\/targetmalaria.org\/wp-content\/uploads\/2025\/07\/Screenshot-2025-07-29-at-15.56.35-edited-716x1024.png 716w, https:\/\/targetmalaria.org\/wp-content\/uploads\/2025\/07\/Screenshot-2025-07-29-at-15.56.35-edited-297x425.png 297w, https:\/\/targetmalaria.org\/wp-content\/uploads\/2025\/07\/Screenshot-2025-07-29-at-15.56.35-edited-768x1098.png 768w, https:\/\/targetmalaria.org\/wp-content\/uploads\/2025\/07\/Screenshot-2025-07-29-at-15.56.35-edited-300x429.png 300w, https:\/\/targetmalaria.org\/wp-content\/uploads\/2025\/07\/Screenshot-2025-07-29-at-15.56.35-edited.png 793w\" sizes=\"auto, (max-width: 716px) 100vw, 716px\" \/><\/figure><a class=\"profile_url\" href=\"https:\/\/targetmalaria.org\/fr\/tools\/target-malaria-activity-book-learn-with-games\/\" target=\"_self\"><\/a><div class=\"single_result_content\"><div class=\"single_result_content_info\"><h4>Enfants &amp; Adolescents<\/h4><h5>Target Malaria Activity Book: learn with games<\/h5><p>Ce cahier d&rsquo;activit\u00e9s vous permet de d\u00e9couvrir le cycle de vie des moustiques et les esp\u00e8ces \u00e9tudi\u00e9es par le projet visant \u00e0 d\u00e9velopper la technologie du for\u00e7age g\u00e9n\u00e9tique.\u00a0<\/p><\/div><a href=\"https:\/\/targetmalaria.org\/fr\/tools\/target-malaria-activity-book-learn-with-games\/\" target=\"_blank\">Lire plus <i class=\"fa-solid fa-chevron-right\"><\/i><\/a><\/div><\/article><\/div><\/section>","protected":false},"excerpt":{"rendered":"","protected":false},"author":32,"featured_media":0,"parent":9077,"menu_order":2,"comment_status":"closed","ping_status":"closed","template":"","meta":{"_acf_changed":false,"_relevanssi_hide_post":"","_relevanssi_hide_content":"","_relevanssi_pin_for_all":"","_relevanssi_pin_keywords":"","_relevanssi_unpin_keywords":"","_relevanssi_related_keywords":"","_relevanssi_related_include_ids":"","_relevanssi_related_exclude_ids":"","_relevanssi_related_no_append":"","_relevanssi_related_not_related":"","_relevanssi_related_posts":"","_relevanssi_noindex_reason":"","featured_image_focal_point":[],"footnotes":""},"class_list":["post-22894","page","type-page","status-publish","hentry"],"acf":[],"yoast_head":"<!-- This site is optimized with the Yoast SEO plugin v27.4 - https:\/\/yoast.com\/product\/yoast-seo-wordpress\/ -->\n<title>Ressources \u00e9ducatives - Target Malaria<\/title>\n<meta name=\"robots\" content=\"index, follow, max-snippet:-1, max-image-preview:large, max-video-preview:-1\" \/>\n<link rel=\"canonical\" href=\"https:\/\/targetmalaria.org\/fr\/le-fleau-du-paludisme\/ressources-educatives\/\" \/>\n<meta property=\"og:locale\" content=\"fr_FR\" \/>\n<meta property=\"og:type\" content=\"article\" \/>\n<meta property=\"og:title\" content=\"Ressources \u00e9ducatives - Target Malaria\" \/>\n<meta property=\"og:url\" content=\"https:\/\/targetmalaria.org\/fr\/le-fleau-du-paludisme\/ressources-educatives\/\" \/>\n<meta property=\"og:site_name\" content=\"Target Malaria\" \/>\n<meta property=\"article:publisher\" content=\"https:\/\/www.facebook.com\/TargetMalariaGlobal\/\" \/>\n<meta property=\"article:modified_time\" content=\"2025-10-03T12:14:30+00:00\" \/>\n<meta name=\"twitter:card\" content=\"summary_large_image\" \/>\n<meta name=\"twitter:site\" content=\"@TargetMalaria\" \/>\n<script type=\"application\/ld+json\" class=\"yoast-schema-graph\">{\"@context\":\"https:\\\/\\\/schema.org\",\"@graph\":[{\"@type\":\"WebPage\",\"@id\":\"https:\\\/\\\/targetmalaria.org\\\/fr\\\/le-fleau-du-paludisme\\\/ressources-educatives\\\/\",\"url\":\"https:\\\/\\\/targetmalaria.org\\\/fr\\\/le-fleau-du-paludisme\\\/ressources-educatives\\\/\",\"name\":\"Ressources \u00e9ducatives - Target Malaria\",\"isPartOf\":{\"@id\":\"https:\\\/\\\/targetmalaria.org\\\/fr\\\/#website\"},\"datePublished\":\"2025-09-30T11:58:18+00:00\",\"dateModified\":\"2025-10-03T12:14:30+00:00\",\"breadcrumb\":{\"@id\":\"https:\\\/\\\/targetmalaria.org\\\/fr\\\/le-fleau-du-paludisme\\\/ressources-educatives\\\/#breadcrumb\"},\"inLanguage\":\"fr-FR\",\"potentialAction\":[{\"@type\":\"ReadAction\",\"target\":[\"https:\\\/\\\/targetmalaria.org\\\/fr\\\/le-fleau-du-paludisme\\\/ressources-educatives\\\/\"]}]},{\"@type\":\"BreadcrumbList\",\"@id\":\"https:\\\/\\\/targetmalaria.org\\\/fr\\\/le-fleau-du-paludisme\\\/ressources-educatives\\\/#breadcrumb\",\"itemListElement\":[{\"@type\":\"ListItem\",\"position\":1,\"name\":\"Home\",\"item\":\"https:\\\/\\\/targetmalaria.org\\\/fr\\\/\"},{\"@type\":\"ListItem\",\"position\":2,\"name\":\"Le fl\u00e9au du paludisme\",\"item\":\"https:\\\/\\\/targetmalaria.org\\\/fr\\\/le-fleau-du-paludisme\\\/\"},{\"@type\":\"ListItem\",\"position\":3,\"name\":\"Ressources \u00e9ducatives\"}]},{\"@type\":\"WebSite\",\"@id\":\"https:\\\/\\\/targetmalaria.org\\\/fr\\\/#website\",\"url\":\"https:\\\/\\\/targetmalaria.org\\\/fr\\\/\",\"name\":\"Target Malaria\",\"description\":\"\",\"publisher\":{\"@id\":\"https:\\\/\\\/targetmalaria.org\\\/fr\\\/#organization\"},\"potentialAction\":[{\"@type\":\"SearchAction\",\"target\":{\"@type\":\"EntryPoint\",\"urlTemplate\":\"https:\\\/\\\/targetmalaria.org\\\/fr\\\/?s={search_term_string}\"},\"query-input\":{\"@type\":\"PropertyValueSpecification\",\"valueRequired\":true,\"valueName\":\"search_term_string\"}}],\"inLanguage\":\"fr-FR\"},{\"@type\":\"Organization\",\"@id\":\"https:\\\/\\\/targetmalaria.org\\\/fr\\\/#organization\",\"name\":\"Target Malaria\",\"url\":\"https:\\\/\\\/targetmalaria.org\\\/fr\\\/\",\"logo\":{\"@type\":\"ImageObject\",\"inLanguage\":\"fr-FR\",\"@id\":\"https:\\\/\\\/targetmalaria.org\\\/fr\\\/#\\\/schema\\\/logo\\\/image\\\/\",\"url\":\"https:\\\/\\\/targetmalaria.org\\\/wp-content\\\/uploads\\\/2025\\\/08\\\/target_malaria_bf_logo.png\",\"contentUrl\":\"https:\\\/\\\/targetmalaria.org\\\/wp-content\\\/uploads\\\/2025\\\/08\\\/target_malaria_bf_logo.png\",\"width\":1920,\"height\":1080,\"caption\":\"Target Malaria\"},\"image\":{\"@id\":\"https:\\\/\\\/targetmalaria.org\\\/fr\\\/#\\\/schema\\\/logo\\\/image\\\/\"},\"sameAs\":[\"https:\\\/\\\/www.facebook.com\\\/TargetMalariaGlobal\\\/\",\"https:\\\/\\\/x.com\\\/TargetMalaria\",\"https:\\\/\\\/www.linkedin.com\\\/company\\\/target-malaria\",\"https:\\\/\\\/youtube.com\\\/@TargetMalaria\"]}]}<\/script>\n<!-- \/ Yoast SEO plugin. -->","yoast_head_json":{"title":"Ressources \u00e9ducatives - Target Malaria","robots":{"index":"index","follow":"follow","max-snippet":"max-snippet:-1","max-image-preview":"max-image-preview:large","max-video-preview":"max-video-preview:-1"},"canonical":"https:\/\/targetmalaria.org\/fr\/le-fleau-du-paludisme\/ressources-educatives\/","og_locale":"fr_FR","og_type":"article","og_title":"Ressources \u00e9ducatives - Target Malaria","og_url":"https:\/\/targetmalaria.org\/fr\/le-fleau-du-paludisme\/ressources-educatives\/","og_site_name":"Target Malaria","article_publisher":"https:\/\/www.facebook.com\/TargetMalariaGlobal\/","article_modified_time":"2025-10-03T12:14:30+00:00","twitter_card":"summary_large_image","twitter_site":"@TargetMalaria","schema":{"@context":"https:\/\/schema.org","@graph":[{"@type":"WebPage","@id":"https:\/\/targetmalaria.org\/fr\/le-fleau-du-paludisme\/ressources-educatives\/","url":"https:\/\/targetmalaria.org\/fr\/le-fleau-du-paludisme\/ressources-educatives\/","name":"Ressources \u00e9ducatives - Target Malaria","isPartOf":{"@id":"https:\/\/targetmalaria.org\/fr\/#website"},"datePublished":"2025-09-30T11:58:18+00:00","dateModified":"2025-10-03T12:14:30+00:00","breadcrumb":{"@id":"https:\/\/targetmalaria.org\/fr\/le-fleau-du-paludisme\/ressources-educatives\/#breadcrumb"},"inLanguage":"fr-FR","potentialAction":[{"@type":"ReadAction","target":["https:\/\/targetmalaria.org\/fr\/le-fleau-du-paludisme\/ressources-educatives\/"]}]},{"@type":"BreadcrumbList","@id":"https:\/\/targetmalaria.org\/fr\/le-fleau-du-paludisme\/ressources-educatives\/#breadcrumb","itemListElement":[{"@type":"ListItem","position":1,"name":"Home","item":"https:\/\/targetmalaria.org\/fr\/"},{"@type":"ListItem","position":2,"name":"Le fl\u00e9au du paludisme","item":"https:\/\/targetmalaria.org\/fr\/le-fleau-du-paludisme\/"},{"@type":"ListItem","position":3,"name":"Ressources \u00e9ducatives"}]},{"@type":"WebSite","@id":"https:\/\/targetmalaria.org\/fr\/#website","url":"https:\/\/targetmalaria.org\/fr\/","name":"Target Malaria","description":"","publisher":{"@id":"https:\/\/targetmalaria.org\/fr\/#organization"},"potentialAction":[{"@type":"SearchAction","target":{"@type":"EntryPoint","urlTemplate":"https:\/\/targetmalaria.org\/fr\/?s={search_term_string}"},"query-input":{"@type":"PropertyValueSpecification","valueRequired":true,"valueName":"search_term_string"}}],"inLanguage":"fr-FR"},{"@type":"Organization","@id":"https:\/\/targetmalaria.org\/fr\/#organization","name":"Target Malaria","url":"https:\/\/targetmalaria.org\/fr\/","logo":{"@type":"ImageObject","inLanguage":"fr-FR","@id":"https:\/\/targetmalaria.org\/fr\/#\/schema\/logo\/image\/","url":"https:\/\/targetmalaria.org\/wp-content\/uploads\/2025\/08\/target_malaria_bf_logo.png","contentUrl":"https:\/\/targetmalaria.org\/wp-content\/uploads\/2025\/08\/target_malaria_bf_logo.png","width":1920,"height":1080,"caption":"Target Malaria"},"image":{"@id":"https:\/\/targetmalaria.org\/fr\/#\/schema\/logo\/image\/"},"sameAs":["https:\/\/www.facebook.com\/TargetMalariaGlobal\/","https:\/\/x.com\/TargetMalaria","https:\/\/www.linkedin.com\/company\/target-malaria","https:\/\/youtube.com\/@TargetMalaria"]}]}},"_links":{"self":[{"href":"https:\/\/targetmalaria.org\/fr\/wp-json\/wp\/v2\/pages\/22894","targetHints":{"allow":["GET"]}}],"collection":[{"href":"https:\/\/targetmalaria.org\/fr\/wp-json\/wp\/v2\/pages"}],"about":[{"href":"https:\/\/targetmalaria.org\/fr\/wp-json\/wp\/v2\/types\/page"}],"author":[{"embeddable":true,"href":"https:\/\/targetmalaria.org\/fr\/wp-json\/wp\/v2\/users\/32"}],"replies":[{"embeddable":true,"href":"https:\/\/targetmalaria.org\/fr\/wp-json\/wp\/v2\/comments?post=22894"}],"version-history":[{"count":2,"href":"https:\/\/targetmalaria.org\/fr\/wp-json\/wp\/v2\/pages\/22894\/revisions"}],"predecessor-version":[{"id":22930,"href":"https:\/\/targetmalaria.org\/fr\/wp-json\/wp\/v2\/pages\/22894\/revisions\/22930"}],"up":[{"embeddable":true,"href":"https:\/\/targetmalaria.org\/fr\/wp-json\/wp\/v2\/pages\/9077"}],"wp:attachment":[{"href":"https:\/\/targetmalaria.org\/fr\/wp-json\/wp\/v2\/media?parent=22894"}],"curies":[{"name":"wp","href":"https:\/\/api.w.org\/{rel}","templated":true}]}}