{"id":19873,"date":"2025-02-19T21:05:56","date_gmt":"2025-02-19T21:05:56","guid":{"rendered":"https:\/\/targetmalaria.org\/?page_id=19873"},"modified":"2026-04-28T14:26:09","modified_gmt":"2026-04-28T13:26:09","slug":"communiques-de-presse","status":"publish","type":"page","link":"https:\/\/targetmalaria.org\/fr\/espace-presse-virtuel\/communiques-de-presse\/","title":{"rendered":"Communiqu\u00e9s de presse"},"content":{"rendered":"<div id=\"filter_fiche\"><div class=\"facetwp-facet facetwp-facet-theme facetwp-type-dropdown\" data-name=\"theme\" data-type=\"dropdown\"><\/div><div class=\"facetwp-facet facetwp-facet-type facetwp-type-dropdown\" data-name=\"type\" data-type=\"dropdown\"><\/div><div class=\"facetwp-facet facetwp-facet-topic facetwp-type-dropdown\" data-name=\"topic\" data-type=\"dropdown\"><\/div><div class=\"facetwp-facet facetwp-facet-country facetwp-type-dropdown\" data-name=\"country\" data-type=\"dropdown\"><\/div><div class=\"facetwp-facet facetwp-facet-year facetwp-type-dropdown\" data-name=\"year\" data-type=\"dropdown\"><\/div><div class=\"facetwp-facet facetwp-facet-language facetwp-type-dropdown\" data-name=\"language\" data-type=\"dropdown\"><\/div><div class=\"facetwp-facet facetwp-facet-search facetwp-type-search\" data-name=\"search\" data-type=\"search\"><\/div><div class=\"facetwp-facet facetwp-facet-reset facetwp-type-reset\" data-name=\"reset\" data-type=\"reset\"><\/div><\/div><section id=\"filtered_content-block_d768e91252276d1786b623cf9c78e6f2\" class=\"block-filtered_content type_press-release block_results\"><div class=\"search_list facetwp-template\" style=\"--column-count:3\">\n<article class=\"page-content__inner search_result_single year-2026 post-24307 press-release type-press-release status-publish has-post-thumbnail hentry country-ouganda\">\n <figure class=\"result_image\"><img loading=\"lazy\" decoding=\"async\" width=\"903\" height=\"602\" src=\"https:\/\/targetmalaria.org\/wp-content\/uploads\/2026\/04\/image.jpeg\" class=\"alignleft wp-post-image\" alt=\"\" srcset=\"https:\/\/targetmalaria.org\/wp-content\/uploads\/2026\/04\/image.jpeg 903w, https:\/\/targetmalaria.org\/wp-content\/uploads\/2026\/04\/image-425x283.jpeg 425w, https:\/\/targetmalaria.org\/wp-content\/uploads\/2026\/04\/image-768x512.jpeg 768w\" sizes=\"auto, (max-width: 903px) 100vw, 903px\" \/><\/figure><a class=\"profile_url\" href=\"https:\/\/targetmalaria.org\/fr\/espace-presse-virtuel\/communiques-de-presse\/inside-the-science-how-malaria-innovation-is-researched-assessed-and-tested\/\" target=\"_self\"><\/a><div class=\"single_result_content\"><div class=\"single_result_content_info\"><h4><span class=\"result_cat\">Communiqu\u00e9 de presse \u2013 <\/span>22 avril 2026<\/h4><h5>Au c\u0153ur de la science : comment l&rsquo;innovation contre le paludisme est \u00e9tudi\u00e9e, \u00e9valu\u00e9e et test\u00e9e<\/h5><\/div><a href=\"https:\/\/targetmalaria.org\/fr\/espace-presse-virtuel\/communiques-de-presse\/inside-the-science-how-malaria-innovation-is-researched-assessed-and-tested\/\" target=\"_blank\">Lire plus <i class=\"fa-solid fa-chevron-right\"><\/i><\/a><\/div><\/article>\n<article class=\"page-content__inner search_result_single year-2026 post-24185 press-release type-press-release status-publish has-post-thumbnail hentry\">\n <figure class=\"result_image\"><img loading=\"lazy\" decoding=\"async\" width=\"903\" height=\"602\" src=\"https:\/\/targetmalaria.org\/wp-content\/uploads\/2026\/03\/image.jpeg\" class=\"alignleft wp-post-image\" alt=\"\" srcset=\"https:\/\/targetmalaria.org\/wp-content\/uploads\/2026\/03\/image.jpeg 903w, https:\/\/targetmalaria.org\/wp-content\/uploads\/2026\/03\/image-425x283.jpeg 425w, https:\/\/targetmalaria.org\/wp-content\/uploads\/2026\/03\/image-768x512.jpeg 768w\" sizes=\"auto, (max-width: 903px) 100vw, 903px\" \/><\/figure><a class=\"profile_url\" href=\"https:\/\/targetmalaria.org\/fr\/espace-presse-virtuel\/communiques-de-presse\/questions-frequentes-sur-limpulsion-genetique-et-leurs-reponses\/\" target=\"_self\"><\/a><div class=\"single_result_content\"><div class=\"single_result_content_info\"><h4><span class=\"result_cat\">Communiqu\u00e9 de presse \u2013 <\/span>30 mars 2026<\/h4><h5>Questions fr\u00e9quentes sur l\u2019impulsion g\u00e9n\u00e9tique et leurs r\u00e9ponses<\/h5><\/div><a href=\"https:\/\/targetmalaria.org\/fr\/espace-presse-virtuel\/communiques-de-presse\/questions-frequentes-sur-limpulsion-genetique-et-leurs-reponses\/\" target=\"_blank\">Lire plus <i class=\"fa-solid fa-chevron-right\"><\/i><\/a><\/div><\/article>\n<article class=\"page-content__inner search_result_single year-2026 post-23853 press-release type-press-release status-publish has-post-thumbnail hentry\">\n <figure class=\"result_image\"><img loading=\"lazy\" decoding=\"async\" width=\"1024\" height=\"683\" src=\"https:\/\/targetmalaria.org\/wp-content\/uploads\/2026\/02\/UGANDA_CLASS_08-1024x683.jpg\" class=\"alignleft wp-post-image\" alt=\"\" srcset=\"https:\/\/targetmalaria.org\/wp-content\/uploads\/2026\/02\/UGANDA_CLASS_08-1024x683.jpg 1024w, https:\/\/targetmalaria.org\/wp-content\/uploads\/2026\/02\/UGANDA_CLASS_08-425x283.jpg 425w, https:\/\/targetmalaria.org\/wp-content\/uploads\/2026\/02\/UGANDA_CLASS_08-768x512.jpg 768w, https:\/\/targetmalaria.org\/wp-content\/uploads\/2026\/02\/UGANDA_CLASS_08.jpg 1500w\" sizes=\"auto, (max-width: 1024px) 100vw, 1024px\" \/><\/figure><a class=\"profile_url\" href=\"https:\/\/targetmalaria.org\/fr\/espace-presse-virtuel\/communiques-de-presse\/la-prochaine-generation-de-scientifiques-africains-contre-le-paludisme-passe-a-laction\/\" target=\"_self\"><\/a><div class=\"single_result_content\"><div class=\"single_result_content_info\"><h4><span class=\"result_cat\">Communiqu\u00e9 de presse \u2013 <\/span>24 f\u00e9vrier 2026<\/h4><h5>La prochaine g\u00e9n\u00e9ration de scientifiques africains contre le paludisme passe \u00e0 l\u2019action<\/h5><\/div><a href=\"https:\/\/targetmalaria.org\/fr\/espace-presse-virtuel\/communiques-de-presse\/la-prochaine-generation-de-scientifiques-africains-contre-le-paludisme-passe-a-laction\/\" target=\"_blank\">Lire plus <i class=\"fa-solid fa-chevron-right\"><\/i><\/a><\/div><\/article>\n<article class=\"page-content__inner search_result_single year-2025 post-23654 press-release type-press-release status-publish has-post-thumbnail hentry country-ghana country-ouganda\">\n <figure class=\"result_image\"><img loading=\"lazy\" decoding=\"async\" width=\"1024\" height=\"683\" src=\"https:\/\/targetmalaria.org\/wp-content\/uploads\/2026\/01\/iStock-182505788-1024x683.jpg\" class=\"alignleft wp-post-image\" alt=\"\" srcset=\"https:\/\/targetmalaria.org\/wp-content\/uploads\/2026\/01\/iStock-182505788-1024x683.jpg 1024w, https:\/\/targetmalaria.org\/wp-content\/uploads\/2026\/01\/iStock-182505788-425x283.jpg 425w, https:\/\/targetmalaria.org\/wp-content\/uploads\/2026\/01\/iStock-182505788-768x512.jpg 768w, https:\/\/targetmalaria.org\/wp-content\/uploads\/2026\/01\/iStock-182505788-1536x1024.jpg 1536w, https:\/\/targetmalaria.org\/wp-content\/uploads\/2026\/01\/iStock-182505788-2048x1365.jpg 2048w\" sizes=\"auto, (max-width: 1024px) 100vw, 1024px\" \/><\/figure><a class=\"profile_url\" href=\"https:\/\/targetmalaria.org\/fr\/espace-presse-virtuel\/communiques-de-presse\/paludisme-et-mortalite-infantile-un-defi-crucial-pour-lavenir-de-la-sante-en-afrique\/\" target=\"_self\"><\/a><div class=\"single_result_content\"><div class=\"single_result_content_info\"><h4><span class=\"result_cat\">Communiqu\u00e9 de presse \u2013 <\/span>15 d\u00e9cembre 2025<\/h4><h5>Paludisme et mortalit\u00e9 infantile : un d\u00e9fi crucial pour l\u2019avenir de la sant\u00e9 en Afrique<\/h5><\/div><a href=\"https:\/\/targetmalaria.org\/fr\/espace-presse-virtuel\/communiques-de-presse\/paludisme-et-mortalite-infantile-un-defi-crucial-pour-lavenir-de-la-sante-en-afrique\/\" target=\"_blank\">Lire plus <i class=\"fa-solid fa-chevron-right\"><\/i><\/a><\/div><\/article>\n<article class=\"page-content__inner search_result_single year-2025 post-23068 press-release type-press-release status-publish hentry country-ouganda\">\n <figure class=\"result_image\"><div class=\"search_placeholder\"><\/div><\/figure><a class=\"profile_url\" href=\"https:\/\/targetmalaria.org\/fr\/espace-presse-virtuel\/communiques-de-presse\/from-survivor-to-global-malaria-champion\/\" target=\"_self\"><\/a><div class=\"single_result_content\"><div class=\"single_result_content_info\"><h4><span class=\"result_cat\">Communiqu\u00e9 de presse \u2013 <\/span>17 octobre 2025<\/h4><h5>De survivante \u00e0 championne mondiale de la lutte contre le paludisme<\/h5><\/div><a href=\"https:\/\/targetmalaria.org\/fr\/espace-presse-virtuel\/communiques-de-presse\/from-survivor-to-global-malaria-champion\/\" target=\"_blank\">Lire plus <i class=\"fa-solid fa-chevron-right\"><\/i><\/a><\/div><\/article>\n<article class=\"page-content__inner search_result_single year-2025 post-22596 press-release type-press-release status-publish has-post-thumbnail hentry country-uganda country-ouganda\">\n <figure class=\"result_image\"><img loading=\"lazy\" decoding=\"async\" width=\"1024\" height=\"576\" src=\"https:\/\/targetmalaria.org\/wp-content\/uploads\/2025\/09\/Obama_Foundation_Desktop_Banner-1024x576.jpg\" class=\"alignleft wp-post-image\" alt=\"\" srcset=\"https:\/\/targetmalaria.org\/wp-content\/uploads\/2025\/09\/Obama_Foundation_Desktop_Banner-1024x576.jpg 1024w, https:\/\/targetmalaria.org\/wp-content\/uploads\/2025\/09\/Obama_Foundation_Desktop_Banner-425x239.jpg 425w, https:\/\/targetmalaria.org\/wp-content\/uploads\/2025\/09\/Obama_Foundation_Desktop_Banner-768x432.jpg 768w, https:\/\/targetmalaria.org\/wp-content\/uploads\/2025\/09\/Obama_Foundation_Desktop_Banner-1536x864.jpg 1536w, https:\/\/targetmalaria.org\/wp-content\/uploads\/2025\/09\/Obama_Foundation_Desktop_Banner-300x169.jpg 300w, https:\/\/targetmalaria.org\/wp-content\/uploads\/2025\/09\/Obama_Foundation_Desktop_Banner.jpg 1920w\" sizes=\"auto, (max-width: 1024px) 100vw, 1024px\" \/><\/figure><a class=\"profile_url\" href=\"https:\/\/targetmalaria.org\/fr\/espace-presse-virtuel\/communiques-de-presse\/krystal-birungi-de-target-malaria-uganda-uvri-nommee-leader-de-la-fondation-obama-pour-2025-2026\/\" target=\"_self\"><\/a><div class=\"single_result_content\"><div class=\"single_result_content_info\"><h4><span class=\"result_cat\">Communiqu\u00e9 de presse \u2013 <\/span>11 septembre 2025<\/h4><h5>Krystal Birungi, de Target Malaria Uganda\/UVRI, nomm\u00e9e leader de la Fondation Obama pour 2025-2026<\/h5><\/div><a href=\"https:\/\/targetmalaria.org\/fr\/espace-presse-virtuel\/communiques-de-presse\/krystal-birungi-de-target-malaria-uganda-uvri-nommee-leader-de-la-fondation-obama-pour-2025-2026\/\" target=\"_blank\">Lire plus <i class=\"fa-solid fa-chevron-right\"><\/i><\/a><\/div><\/article>\n<article class=\"page-content__inner search_result_single year-2025 post-22063 press-release type-press-release status-publish has-post-thumbnail hentry country-burkina-faso country-ouganda\">\n <figure class=\"result_image\"><img loading=\"lazy\" decoding=\"async\" width=\"1024\" height=\"768\" src=\"https:\/\/targetmalaria.org\/wp-content\/uploads\/2025\/07\/Prof-Diabate-et-les-techniciens-Target-Malaria-Lab-1024x768.jpeg\" class=\"alignleft wp-post-image\" alt=\"\" srcset=\"https:\/\/targetmalaria.org\/wp-content\/uploads\/2025\/07\/Prof-Diabate-et-les-techniciens-Target-Malaria-Lab-1024x768.jpeg 1024w, https:\/\/targetmalaria.org\/wp-content\/uploads\/2025\/07\/Prof-Diabate-et-les-techniciens-Target-Malaria-Lab-425x319.jpeg 425w, https:\/\/targetmalaria.org\/wp-content\/uploads\/2025\/07\/Prof-Diabate-et-les-techniciens-Target-Malaria-Lab-768x576.jpeg 768w, https:\/\/targetmalaria.org\/wp-content\/uploads\/2025\/07\/Prof-Diabate-et-les-techniciens-Target-Malaria-Lab-1536x1152.jpeg 1536w, https:\/\/targetmalaria.org\/wp-content\/uploads\/2025\/07\/Prof-Diabate-et-les-techniciens-Target-Malaria-Lab-2048x1536.jpeg 2048w, https:\/\/targetmalaria.org\/wp-content\/uploads\/2025\/07\/Prof-Diabate-et-les-techniciens-Target-Malaria-Lab-300x225.jpeg 300w\" sizes=\"auto, (max-width: 1024px) 100vw, 1024px\" \/><\/figure><a class=\"profile_url\" href=\"https:\/\/targetmalaria.org\/fr\/espace-presse-virtuel\/communiques-de-presse\/construire-la-confiance-les-talents-et-la-technologie-pour-vaincre-le-paludisme\/\" target=\"_self\"><\/a><div class=\"single_result_content\"><div class=\"single_result_content_info\"><h4><span class=\"result_cat\">Communiqu\u00e9 de presse \u2013 <\/span>18 ao\u00fbt 2025<\/h4><h5>Construire la confiance, les talents et la technologie pour vaincre le paludisme<\/h5><\/div><a href=\"https:\/\/targetmalaria.org\/fr\/espace-presse-virtuel\/communiques-de-presse\/construire-la-confiance-les-talents-et-la-technologie-pour-vaincre-le-paludisme\/\" target=\"_blank\">Lire plus <i class=\"fa-solid fa-chevron-right\"><\/i><\/a><\/div><\/article>\n<article class=\"page-content__inner search_result_single year-2025 post-21981 press-release type-press-release status-publish has-post-thumbnail hentry country-burkina-faso\">\n <figure class=\"result_image\"><img loading=\"lazy\" decoding=\"async\" width=\"1024\" height=\"537\" src=\"https:\/\/targetmalaria.org\/wp-content\/uploads\/2025\/08\/logo_IRSS_featured_image-1024x537.png\" class=\"alignleft wp-post-image\" alt=\"\" srcset=\"https:\/\/targetmalaria.org\/wp-content\/uploads\/2025\/08\/logo_IRSS_featured_image-1024x537.png 1024w, https:\/\/targetmalaria.org\/wp-content\/uploads\/2025\/08\/logo_IRSS_featured_image-425x223.png 425w, https:\/\/targetmalaria.org\/wp-content\/uploads\/2025\/08\/logo_IRSS_featured_image-768x403.png 768w, https:\/\/targetmalaria.org\/wp-content\/uploads\/2025\/08\/logo_IRSS_featured_image-300x157.png 300w, https:\/\/targetmalaria.org\/wp-content\/uploads\/2025\/08\/logo_IRSS_featured_image.png 1290w\" sizes=\"auto, (max-width: 1024px) 100vw, 1024px\" \/><\/figure><a class=\"profile_url\" href=\"https:\/\/targetmalaria.org\/fr\/espace-presse-virtuel\/communiques-de-presse\/lacher-de-moustiques-genetiquement-modifies-une-nouvelle-etape-dans-la-recherche-doutils-innovants-de-lutte-contre-le-paludisme-en-afrique\/\" target=\"_self\"><\/a><div class=\"single_result_content\"><div class=\"single_result_content_info\"><h4><span class=\"result_cat\">Communiqu\u00e9 de presse \u2013 <\/span>14 ao\u00fbt 2025<\/h4><h5>L\u00e2cher de moustiques g\u00e9n\u00e9tiquement modifi\u00e9s : une nouvelle \u00e9tape dans la recherche d\u2019outils innovants de lutte contre le paludisme en Afrique<\/h5><\/div><a href=\"https:\/\/targetmalaria.org\/fr\/espace-presse-virtuel\/communiques-de-presse\/lacher-de-moustiques-genetiquement-modifies-une-nouvelle-etape-dans-la-recherche-doutils-innovants-de-lutte-contre-le-paludisme-en-afrique\/\" target=\"_blank\">Lire plus <i class=\"fa-solid fa-chevron-right\"><\/i><\/a><\/div><\/article>\n<article class=\"page-content__inner search_result_single year-2025 post-20986 press-release type-press-release status-publish has-post-thumbnail hentry country-burkina-faso country-ghana country-ouganda\">\n <figure class=\"result_image\"><img loading=\"lazy\" decoding=\"async\" width=\"902\" height=\"602\" src=\"https:\/\/targetmalaria.org\/wp-content\/uploads\/2025\/06\/image.jpeg\" class=\"alignleft wp-post-image\" alt=\"\" srcset=\"https:\/\/targetmalaria.org\/wp-content\/uploads\/2025\/06\/image.jpeg 902w, https:\/\/targetmalaria.org\/wp-content\/uploads\/2025\/06\/image-425x284.jpeg 425w, https:\/\/targetmalaria.org\/wp-content\/uploads\/2025\/06\/image-768x513.jpeg 768w, https:\/\/targetmalaria.org\/wp-content\/uploads\/2025\/06\/image-300x200.jpeg 300w\" sizes=\"auto, (max-width: 902px) 100vw, 902px\" \/><\/figure><a class=\"profile_url\" href=\"https:\/\/targetmalaria.org\/fr\/espace-presse-virtuel\/communiques-de-presse\/__trashed\/\" target=\"_self\"><\/a><div class=\"single_result_content\"><div class=\"single_result_content_info\"><h4><span class=\"result_cat\">Communiqu\u00e9 de presse \u2013 <\/span>16 juin 2025<\/h4><h5>L&rsquo;objectif d&rsquo;\u00e9liminer le paludisme d&rsquo;ici 2030 est en p\u00e9ril<\/h5><\/div><a href=\"https:\/\/targetmalaria.org\/fr\/espace-presse-virtuel\/communiques-de-presse\/__trashed\/\" target=\"_blank\">Lire plus <i class=\"fa-solid fa-chevron-right\"><\/i><\/a><\/div><\/article><\/div><\/section><div class=\"facetwp-facet facetwp-facet-load_more facetwp-type-pager\" data-name=\"load_more\" data-type=\"pager\"><\/div>","protected":false},"excerpt":{"rendered":"","protected":false},"author":32,"featured_media":0,"parent":9771,"menu_order":34,"comment_status":"closed","ping_status":"closed","template":"","meta":{"_acf_changed":false,"_relevanssi_hide_post":"","_relevanssi_hide_content":"","_relevanssi_pin_for_all":"","_relevanssi_pin_keywords":"","_relevanssi_unpin_keywords":"","_relevanssi_related_keywords":"","_relevanssi_related_include_ids":"","_relevanssi_related_exclude_ids":"","_relevanssi_related_no_append":"","_relevanssi_related_not_related":"","_relevanssi_related_posts":"","_relevanssi_noindex_reason":"","featured_image_focal_point":[],"footnotes":""},"class_list":["post-19873","page","type-page","status-publish","hentry"],"acf":[],"yoast_head":"<!-- This site is optimized with the Yoast SEO plugin v27.5 - https:\/\/yoast.com\/product\/yoast-seo-wordpress\/ -->\n<title>Communiqu\u00e9s de presse - Target Malaria<\/title>\n<meta name=\"robots\" content=\"index, follow, max-snippet:-1, max-image-preview:large, max-video-preview:-1\" \/>\n<link rel=\"canonical\" href=\"https:\/\/targetmalaria.org\/fr\/espace-presse-virtuel\/communiques-de-presse\/\" \/>\n<meta property=\"og:locale\" content=\"fr_FR\" \/>\n<meta property=\"og:type\" content=\"article\" \/>\n<meta property=\"og:title\" content=\"Communiqu\u00e9s de presse - Target Malaria\" \/>\n<meta property=\"og:url\" content=\"https:\/\/targetmalaria.org\/fr\/espace-presse-virtuel\/communiques-de-presse\/\" \/>\n<meta property=\"og:site_name\" content=\"Target Malaria\" \/>\n<meta property=\"article:publisher\" content=\"https:\/\/www.facebook.com\/TargetMalariaGlobal\/\" \/>\n<meta property=\"article:modified_time\" content=\"2026-04-28T13:26:09+00:00\" \/>\n<meta name=\"twitter:card\" content=\"summary_large_image\" \/>\n<meta name=\"twitter:site\" content=\"@TargetMalaria\" \/>\n<script type=\"application\/ld+json\" class=\"yoast-schema-graph\">{\"@context\":\"https:\\\/\\\/schema.org\",\"@graph\":[{\"@type\":\"WebPage\",\"@id\":\"https:\\\/\\\/targetmalaria.org\\\/fr\\\/espace-presse-virtuel\\\/communiques-de-presse\\\/\",\"url\":\"https:\\\/\\\/targetmalaria.org\\\/fr\\\/espace-presse-virtuel\\\/communiques-de-presse\\\/\",\"name\":\"Communiqu\u00e9s de presse - Target Malaria\",\"isPartOf\":{\"@id\":\"https:\\\/\\\/targetmalaria.org\\\/fr\\\/#website\"},\"datePublished\":\"2025-02-19T21:05:56+00:00\",\"dateModified\":\"2026-04-28T13:26:09+00:00\",\"breadcrumb\":{\"@id\":\"https:\\\/\\\/targetmalaria.org\\\/fr\\\/espace-presse-virtuel\\\/communiques-de-presse\\\/#breadcrumb\"},\"inLanguage\":\"fr-FR\",\"potentialAction\":[{\"@type\":\"ReadAction\",\"target\":[\"https:\\\/\\\/targetmalaria.org\\\/fr\\\/espace-presse-virtuel\\\/communiques-de-presse\\\/\"]}]},{\"@type\":\"BreadcrumbList\",\"@id\":\"https:\\\/\\\/targetmalaria.org\\\/fr\\\/espace-presse-virtuel\\\/communiques-de-presse\\\/#breadcrumb\",\"itemListElement\":[{\"@type\":\"ListItem\",\"position\":1,\"name\":\"Home\",\"item\":\"https:\\\/\\\/targetmalaria.org\\\/fr\\\/\"},{\"@type\":\"ListItem\",\"position\":2,\"name\":\"Espace presse virtuel\",\"item\":\"https:\\\/\\\/targetmalaria.org\\\/fr\\\/espace-presse-virtuel\\\/\"},{\"@type\":\"ListItem\",\"position\":3,\"name\":\"Communiqu\u00e9s de presse\"}]},{\"@type\":\"WebSite\",\"@id\":\"https:\\\/\\\/targetmalaria.org\\\/fr\\\/#website\",\"url\":\"https:\\\/\\\/targetmalaria.org\\\/fr\\\/\",\"name\":\"Target Malaria\",\"description\":\"\",\"publisher\":{\"@id\":\"https:\\\/\\\/targetmalaria.org\\\/fr\\\/#organization\"},\"potentialAction\":[{\"@type\":\"SearchAction\",\"target\":{\"@type\":\"EntryPoint\",\"urlTemplate\":\"https:\\\/\\\/targetmalaria.org\\\/fr\\\/?s={search_term_string}\"},\"query-input\":{\"@type\":\"PropertyValueSpecification\",\"valueRequired\":true,\"valueName\":\"search_term_string\"}}],\"inLanguage\":\"fr-FR\"},{\"@type\":\"Organization\",\"@id\":\"https:\\\/\\\/targetmalaria.org\\\/fr\\\/#organization\",\"name\":\"Target Malaria\",\"url\":\"https:\\\/\\\/targetmalaria.org\\\/fr\\\/\",\"logo\":{\"@type\":\"ImageObject\",\"inLanguage\":\"fr-FR\",\"@id\":\"https:\\\/\\\/targetmalaria.org\\\/fr\\\/#\\\/schema\\\/logo\\\/image\\\/\",\"url\":\"https:\\\/\\\/targetmalaria.org\\\/wp-content\\\/uploads\\\/2025\\\/08\\\/target_malaria_bf_logo.png\",\"contentUrl\":\"https:\\\/\\\/targetmalaria.org\\\/wp-content\\\/uploads\\\/2025\\\/08\\\/target_malaria_bf_logo.png\",\"width\":1920,\"height\":1080,\"caption\":\"Target Malaria\"},\"image\":{\"@id\":\"https:\\\/\\\/targetmalaria.org\\\/fr\\\/#\\\/schema\\\/logo\\\/image\\\/\"},\"sameAs\":[\"https:\\\/\\\/www.facebook.com\\\/TargetMalariaGlobal\\\/\",\"https:\\\/\\\/x.com\\\/TargetMalaria\",\"https:\\\/\\\/www.linkedin.com\\\/company\\\/target-malaria\",\"https:\\\/\\\/youtube.com\\\/@TargetMalaria\"]}]}<\/script>\n<!-- \/ Yoast SEO plugin. -->","yoast_head_json":{"title":"Communiqu\u00e9s de presse - Target Malaria","robots":{"index":"index","follow":"follow","max-snippet":"max-snippet:-1","max-image-preview":"max-image-preview:large","max-video-preview":"max-video-preview:-1"},"canonical":"https:\/\/targetmalaria.org\/fr\/espace-presse-virtuel\/communiques-de-presse\/","og_locale":"fr_FR","og_type":"article","og_title":"Communiqu\u00e9s de presse - Target Malaria","og_url":"https:\/\/targetmalaria.org\/fr\/espace-presse-virtuel\/communiques-de-presse\/","og_site_name":"Target Malaria","article_publisher":"https:\/\/www.facebook.com\/TargetMalariaGlobal\/","article_modified_time":"2026-04-28T13:26:09+00:00","twitter_card":"summary_large_image","twitter_site":"@TargetMalaria","schema":{"@context":"https:\/\/schema.org","@graph":[{"@type":"WebPage","@id":"https:\/\/targetmalaria.org\/fr\/espace-presse-virtuel\/communiques-de-presse\/","url":"https:\/\/targetmalaria.org\/fr\/espace-presse-virtuel\/communiques-de-presse\/","name":"Communiqu\u00e9s de presse - Target Malaria","isPartOf":{"@id":"https:\/\/targetmalaria.org\/fr\/#website"},"datePublished":"2025-02-19T21:05:56+00:00","dateModified":"2026-04-28T13:26:09+00:00","breadcrumb":{"@id":"https:\/\/targetmalaria.org\/fr\/espace-presse-virtuel\/communiques-de-presse\/#breadcrumb"},"inLanguage":"fr-FR","potentialAction":[{"@type":"ReadAction","target":["https:\/\/targetmalaria.org\/fr\/espace-presse-virtuel\/communiques-de-presse\/"]}]},{"@type":"BreadcrumbList","@id":"https:\/\/targetmalaria.org\/fr\/espace-presse-virtuel\/communiques-de-presse\/#breadcrumb","itemListElement":[{"@type":"ListItem","position":1,"name":"Home","item":"https:\/\/targetmalaria.org\/fr\/"},{"@type":"ListItem","position":2,"name":"Espace presse virtuel","item":"https:\/\/targetmalaria.org\/fr\/espace-presse-virtuel\/"},{"@type":"ListItem","position":3,"name":"Communiqu\u00e9s de presse"}]},{"@type":"WebSite","@id":"https:\/\/targetmalaria.org\/fr\/#website","url":"https:\/\/targetmalaria.org\/fr\/","name":"Target Malaria","description":"","publisher":{"@id":"https:\/\/targetmalaria.org\/fr\/#organization"},"potentialAction":[{"@type":"SearchAction","target":{"@type":"EntryPoint","urlTemplate":"https:\/\/targetmalaria.org\/fr\/?s={search_term_string}"},"query-input":{"@type":"PropertyValueSpecification","valueRequired":true,"valueName":"search_term_string"}}],"inLanguage":"fr-FR"},{"@type":"Organization","@id":"https:\/\/targetmalaria.org\/fr\/#organization","name":"Target Malaria","url":"https:\/\/targetmalaria.org\/fr\/","logo":{"@type":"ImageObject","inLanguage":"fr-FR","@id":"https:\/\/targetmalaria.org\/fr\/#\/schema\/logo\/image\/","url":"https:\/\/targetmalaria.org\/wp-content\/uploads\/2025\/08\/target_malaria_bf_logo.png","contentUrl":"https:\/\/targetmalaria.org\/wp-content\/uploads\/2025\/08\/target_malaria_bf_logo.png","width":1920,"height":1080,"caption":"Target Malaria"},"image":{"@id":"https:\/\/targetmalaria.org\/fr\/#\/schema\/logo\/image\/"},"sameAs":["https:\/\/www.facebook.com\/TargetMalariaGlobal\/","https:\/\/x.com\/TargetMalaria","https:\/\/www.linkedin.com\/company\/target-malaria","https:\/\/youtube.com\/@TargetMalaria"]}]}},"_links":{"self":[{"href":"https:\/\/targetmalaria.org\/fr\/wp-json\/wp\/v2\/pages\/19873","targetHints":{"allow":["GET"]}}],"collection":[{"href":"https:\/\/targetmalaria.org\/fr\/wp-json\/wp\/v2\/pages"}],"about":[{"href":"https:\/\/targetmalaria.org\/fr\/wp-json\/wp\/v2\/types\/page"}],"author":[{"embeddable":true,"href":"https:\/\/targetmalaria.org\/fr\/wp-json\/wp\/v2\/users\/32"}],"replies":[{"embeddable":true,"href":"https:\/\/targetmalaria.org\/fr\/wp-json\/wp\/v2\/comments?post=19873"}],"version-history":[{"count":1,"href":"https:\/\/targetmalaria.org\/fr\/wp-json\/wp\/v2\/pages\/19873\/revisions"}],"predecessor-version":[{"id":24410,"href":"https:\/\/targetmalaria.org\/fr\/wp-json\/wp\/v2\/pages\/19873\/revisions\/24410"}],"up":[{"embeddable":true,"href":"https:\/\/targetmalaria.org\/fr\/wp-json\/wp\/v2\/pages\/9771"}],"wp:attachment":[{"href":"https:\/\/targetmalaria.org\/fr\/wp-json\/wp\/v2\/media?parent=19873"}],"curies":[{"name":"wp","href":"https:\/\/api.w.org\/{rel}","templated":true}]}}