{"id":14027,"date":"2023-09-07T11:18:04","date_gmt":"2023-09-07T10:18:04","guid":{"rendered":"https:\/\/targetmalaria.org\/qui-sommes-nous\/dans-quels-pays\/etats-unis\/"},"modified":"2025-11-15T13:02:40","modified_gmt":"2025-11-15T13:02:40","slug":"etats-unis","status":"publish","type":"page","link":"https:\/\/targetmalaria.org\/fr\/qui-sommes-nous\/dans-quels-pays\/etats-unis\/","title":{"rendered":"\u00c9tats-Unis"},"content":{"rendered":"<div class=\"ragged-edge-parent alignfull\">\n<div class=\"wp-block-cover alignfull firstCover ragged_edge-position-both\" style=\"min-height:25vw;aspect-ratio:unset;\"><img decoding=\"async\" class=\"wp-block-cover__image-background wp-image-23415 size-full\" alt=\"\" src=\"https:\/\/targetmalaria.org\/wp-content\/uploads\/2025\/11\/CDC_banner.jpg\" data-object-fit=\"cover\"\/><span aria-hidden=\"true\" class=\"wp-block-cover__background has-background-dim-0 has-background-dim\"><\/span><div class=\"wp-block-cover__inner-container has-global-padding is-layout-constrained wp-block-cover-is-layout-constrained\">\n<p class=\"has-text-align-center has-large-font-size\"><\/p>\n<\/div><\/div>\n<\/div>\n\n\n<div class=\"wp-block-columns is-layout-flex wp-container-core-columns-is-layout-0884d4d2 wp-block-columns-is-layout-flex\" style=\"margin-top:var(--wp--preset--spacing--50);margin-bottom:var(--wp--preset--spacing--50)\">\n<div class=\"wp-block-column is-layout-flow wp-block-column-is-layout-flow\" style=\"flex-basis:33.33%\">\n<h2 class=\"wp-block-heading\">Les activit\u00e9s de Target Malaria aux \u00c9tats-Unis sont h\u00e9berg\u00e9es par le Centers for Disease Control and Prevention (CDC) sur le campus principal adjacent \u00e0 l\u2019Universit\u00e9 d\u2019Emory.<\/h2>\n\n\n\n<div class=\"wp-block-columns are-vertically-aligned-center is-not-stacked-on-mobile is-layout-flex wp-container-core-columns-is-layout-f5f7395f wp-block-columns-is-layout-flex\">\n<div class=\"wp-block-column is-vertically-aligned-center is-layout-flow wp-block-column-is-layout-flow\" style=\"flex-basis:50%\">\n<figure class=\"wp-block-image size-full\"><img loading=\"lazy\" decoding=\"async\" width=\"500\" height=\"220\" src=\"https:\/\/targetmalaria.org\/wp-content\/uploads\/2025\/11\/target_malaria_logo_usa.png\" alt=\"\" class=\"wp-image-23266\" srcset=\"https:\/\/targetmalaria.org\/wp-content\/uploads\/2025\/11\/target_malaria_logo_usa.png 500w, https:\/\/targetmalaria.org\/wp-content\/uploads\/2025\/11\/target_malaria_logo_usa-425x187.png 425w\" sizes=\"auto, (max-width: 500px) 100vw, 500px\" \/><\/figure>\n<\/div>\n\n\n\n<div class=\"wp-block-column is-vertically-aligned-center is-layout-flow wp-block-column-is-layout-flow\" style=\"flex-basis:35%\">\n<figure class=\"wp-block-image size-full\"><a href=\"https:\/\/cdc.gov\" target=\"_blank\" rel=\" noreferrer noopener\"><img decoding=\"async\" src=\"https:\/\/targetmalaria.org\/wp-content\/uploads\/2025\/11\/Target_Malaria_CDC.png\" alt=\"\" class=\"wp-image-23365\"\/><\/a><\/figure>\n<\/div>\n\n\n\n<div class=\"wp-block-column is-layout-flow wp-block-column-is-layout-flow\"><\/div>\n<\/div>\n\n\n\n<div style=\"height:var(--wp--preset--spacing--20)\" aria-hidden=\"true\" class=\"wp-block-spacer\"><\/div>\n\n\n\n<figure data-wp-context=\"{&quot;imageId&quot;:&quot;69d8e34592bb5&quot;}\" data-wp-interactive=\"core\/image\" data-wp-key=\"69d8e34592bb5\" class=\"wp-block-image size-large wp-lightbox-container\"><img loading=\"lazy\" decoding=\"async\" width=\"1024\" height=\"620\" data-wp-class--hide=\"state.isContentHidden\" data-wp-class--show=\"state.isContentVisible\" data-wp-init=\"callbacks.setButtonStyles\" data-wp-on--click=\"actions.showLightbox\" data-wp-on--load=\"callbacks.setButtonStyles\" data-wp-on-window--resize=\"callbacks.setButtonStyles\" src=\"https:\/\/targetmalaria.org\/wp-content\/uploads\/2023\/12\/CDC-CDCF-Target_Malaria_Group_2023-1024x620.jpg\" alt=\"9 members of the CDC-CDCF Target Malaria Team stand for a photo\" class=\"wp-image-15745\" style=\"aspect-ratio:16\/9;object-fit:cover\" srcset=\"https:\/\/targetmalaria.org\/wp-content\/uploads\/2023\/12\/CDC-CDCF-Target_Malaria_Group_2023-1024x620.jpg 1024w, https:\/\/targetmalaria.org\/wp-content\/uploads\/2023\/12\/CDC-CDCF-Target_Malaria_Group_2023-425x257.jpg 425w, https:\/\/targetmalaria.org\/wp-content\/uploads\/2023\/12\/CDC-CDCF-Target_Malaria_Group_2023-768x465.jpg 768w, https:\/\/targetmalaria.org\/wp-content\/uploads\/2023\/12\/CDC-CDCF-Target_Malaria_Group_2023-1536x930.jpg 1536w, https:\/\/targetmalaria.org\/wp-content\/uploads\/2023\/12\/CDC-CDCF-Target_Malaria_Group_2023-300x182.jpg 300w, https:\/\/targetmalaria.org\/wp-content\/uploads\/2023\/12\/CDC-CDCF-Target_Malaria_Group_2023.jpg 2000w\" sizes=\"auto, (max-width: 1024px) 100vw, 1024px\" \/><button\n\t\t\tclass=\"lightbox-trigger\"\n\t\t\ttype=\"button\"\n\t\t\taria-haspopup=\"dialog\"\n\t\t\taria-label=\"Agrandir\"\n\t\t\tdata-wp-init=\"callbacks.initTriggerButton\"\n\t\t\tdata-wp-on--click=\"actions.showLightbox\"\n\t\t\tdata-wp-style--right=\"state.imageButtonRight\"\n\t\t\tdata-wp-style--top=\"state.imageButtonTop\"\n\t\t>\n\t\t\t<svg xmlns=\"http:\/\/www.w3.org\/2000\/svg\" width=\"12\" height=\"12\" fill=\"none\" viewBox=\"0 0 12 12\">\n\t\t\t\t<path fill=\"#fff\" d=\"M2 0a2 2 0 0 0-2 2v2h1.5V2a.5.5 0 0 1 .5-.5h2V0H2Zm2 10.5H2a.5.5 0 0 1-.5-.5V8H0v2a2 2 0 0 0 2 2h2v-1.5ZM8 12v-1.5h2a.5.5 0 0 0 .5-.5V8H12v2a2 2 0 0 1-2 2H8Zm2-12a2 2 0 0 1 2 2v2h-1.5V2a.5.5 0 0 0-.5-.5H8V0h2Z\" \/>\n\t\t\t<\/svg>\n\t\t<\/button><\/figure>\n<\/div>\n\n\n\n<div class=\"wp-block-column is-layout-flow wp-block-column-is-layout-flow\" style=\"flex-basis:66.66%\">\n<h4 class=\"wp-block-heading\">Contexte de notre travail<\/h4>\n\n\n\n<p>Les activit\u00e9s de Target Malaria aux \u00c9tats-Unis sont h\u00e9berg\u00e9es par le Centers for Disease Control and Prevention (CDC) sur le campus principal adjacent \u00e0 l\u2019Universit\u00e9 d\u2019Emory. Celles-ci sont administr\u00e9es par la Fondation CDC au sein de la Division des maladies parasitaires et du paludisme\/Branche entomologie.<\/p>\n\n\n\n<p>Au CDC, Target Malaria est impliqu\u00e9 dans plusieurs activit\u00e9s de soutien essentielles. Celles-ci incluent notamment l\u2019entretien des souches et la sauvegarde des moustiques g\u00e9n\u00e9tiquement modifi\u00e9s dans divers milieux g\u00e9n\u00e9tiques. Dans le cadre de ce travail, l\u2019\u00e9quipe \u00e9tudie les caract\u00e9ristiques du cycle de vie, la g\u00e9n\u00e9tique et les ph\u00e9notypes&nbsp;des souches de moustiques g\u00e9n\u00e9tiquement modifi\u00e9s.<\/p>\n\n\n\n<p>L\u2019\u00e9quipe m\u00e8ne des \u00e9tudes qui soutiennent les demandes r\u00e9glementaires d\u2019utilisation en milieu confin\u00e9 et de l\u00e2cher potentiel sur le terrain. Il s\u2019agit notamment de comparer les moustiques modifi\u00e9s aux moustiques sauvages en ce qui concerne des caract\u00e9ristiques importantes, telles que la r\u00e9sistance aux insecticides, et leur comp\u00e9tence en tant que vecteurs pour les parasites du paludisme et le virus o\u2019nyong nyong. L\u2019\u00e9quipe r\u00e9alise tous les aspects de ces tests de comp\u00e9tence vectorielle, y compris la culture des gam\u00e9tocytes de Plasmodium falciparum et la culture du virus o\u2019nyong nyong pour les infections exp\u00e9rimentales.<\/p>\n\n\n\n<p>Au CDC, Target Malaria soutient \u00e9galement divers aspects des op\u00e9rations des insectariums africains et des activit\u00e9s sur le terrain, tels que la formation, les conseils, les audits d\u2019insectariums et l\u2019\u00e9laboration de proc\u00e9dures op\u00e9rationnelles normalis\u00e9es. Les insectariums du CDC se composent de deux grandes chambres et de 24&nbsp;petites chambres dot\u00e9es d\u2019un contr\u00f4le ind\u00e9pendant de la temp\u00e9rature, de l\u2019\u00e9clairage et de l\u2019humidit\u00e9.<\/p>\n<\/div>\n<\/div>\n\n\n\n<div class=\"wp-block-group alignfull has-light-grey-background-color has-background firstCover ragged_edge-position-both has-global-padding is-layout-constrained wp-block-group-is-layout-constrained\" style=\"margin-top:var(--wp--preset--spacing--40);margin-bottom:var(--wp--preset--spacing--40)\">\n<div class=\"wp-block-columns are-vertically-aligned-center is-layout-flex wp-container-core-columns-is-layout-28f84493 wp-block-columns-is-layout-flex\">\n<div class=\"wp-block-column is-vertically-aligned-center is-layout-flow wp-block-column-is-layout-flow\" style=\"flex-basis:33.33%\">\n<figure class=\"wp-block-image size-full\"><img loading=\"lazy\" decoding=\"async\" width=\"618\" height=\"474\" src=\"https:\/\/targetmalaria.org\/wp-content\/uploads\/2023\/09\/image1-31-e1694512327147.jpeg\" alt=\"Photo of a small cages stored on metal shelves in a lab.\" class=\"wp-image-13973\" style=\"aspect-ratio:1;object-fit:cover\" srcset=\"https:\/\/targetmalaria.org\/wp-content\/uploads\/2023\/09\/image1-31-e1694512327147.jpeg 618w, https:\/\/targetmalaria.org\/wp-content\/uploads\/2023\/09\/image1-31-e1694512327147-425x326.jpeg 425w, https:\/\/targetmalaria.org\/wp-content\/uploads\/2023\/09\/image1-31-e1694512327147-300x230.jpeg 300w\" sizes=\"auto, (max-width: 618px) 100vw, 618px\" \/><\/figure>\n<\/div>\n\n\n\n<div class=\"wp-block-column is-vertically-aligned-center is-layout-flow wp-block-column-is-layout-flow\" style=\"flex-basis:66.66%\">\n<h3 class=\"wp-block-heading\">La plupart des op\u00e9rations courantes d\u2019\u00e9levage et de croisement sont effectu\u00e9es dans de petites chambres environnementales s\u00e9par\u00e9es des zones de manipulation o\u00f9 sont effectu\u00e9es les manipulations chronophages. Cela permet de cr\u00e9er un environnement confortable pour le personnel, d\u2019isoler les stocks de toute contamination, de fournir une capacit\u00e9 de secours et de prot\u00e9ger les \u00e9quipements fragiles tels que les microscopes.<\/h3>\n<\/div>\n<\/div>\n<\/div>\n\n\n\n<h2 class=\"wp-block-heading\">Vid\u00e9os<\/h2>\n\n\n\n<div class=\"wp-block-columns is-layout-flex wp-container-core-columns-is-layout-658170e2 wp-block-columns-is-layout-flex\">\n<div class=\"wp-block-column is-layout-flow wp-block-column-is-layout-flow\">\n<figure class=\"wp-block-embed is-type-video is-provider-youtube wp-block-embed-youtube wp-embed-aspect-16-9 wp-has-aspect-ratio\"><div class=\"wp-block-embed__wrapper\">\n<iframe loading=\"lazy\" title=\"Entomology Explained: Dr. Keri Harp\" width=\"500\" height=\"281\" src=\"https:\/\/www.youtube.com\/embed\/AIF8_ohJ7yY?feature=oembed\" frameborder=\"0\" allow=\"accelerometer; autoplay; clipboard-write; encrypted-media; gyroscope; picture-in-picture; web-share\" referrerpolicy=\"strict-origin-when-cross-origin\" allowfullscreen><\/iframe>\n<\/div><\/figure>\n<\/div>\n\n\n\n<div class=\"wp-block-column is-layout-flow wp-block-column-is-layout-flow\">\n<figure class=\"wp-block-embed is-type-video is-provider-youtube wp-block-embed-youtube wp-embed-aspect-16-9 wp-has-aspect-ratio\"><div class=\"wp-block-embed__wrapper\">\n<iframe loading=\"lazy\" title=\"Entomology Explained: Dr. Priscila Bascunan\" width=\"500\" height=\"281\" src=\"https:\/\/www.youtube.com\/embed\/aQG97URrEOU?feature=oembed\" frameborder=\"0\" allow=\"accelerometer; autoplay; clipboard-write; encrypted-media; gyroscope; picture-in-picture; web-share\" referrerpolicy=\"strict-origin-when-cross-origin\" allowfullscreen><\/iframe>\n<\/div><\/figure>\n<\/div>\n<\/div>\n\n\n\n<h2 class=\"wp-block-heading\" style=\"margin-top:var(--wp--preset--spacing--40)\">Contact<\/h2>\n\n\n\n<div class=\"wp-block-buttons is-layout-flex wp-block-buttons-is-layout-flex\">\n<div class=\"wp-block-button firstButton\"><a class=\"wp-block-button__link wp-element-button\" href=\"https:\/\/targetmalaria.org\/fr\/qui-sommes-nous\/contactez-nous\/\">Nous contactez<\/a><\/div>\n<\/div>\n\n\n\n<div style=\"height:100px\" aria-hidden=\"true\" class=\"wp-block-spacer\"><\/div>\n","protected":false},"excerpt":{"rendered":"<p>Le travail de Target Malaria aux \u00c9tats-Unis est dirig\u00e9 par les Centres pour le contr\u00f4le et la pr\u00e9vention des maladies (CDC) \u00e0 Atlanta, en G\u00e9orgie.<\/p>\n","protected":false},"author":31,"featured_media":13977,"parent":5030,"menu_order":14,"comment_status":"closed","ping_status":"closed","template":"","meta":{"_acf_changed":false,"_relevanssi_hide_post":"","_relevanssi_hide_content":"","_relevanssi_pin_for_all":"","_relevanssi_pin_keywords":"","_relevanssi_unpin_keywords":"","_relevanssi_related_keywords":"","_relevanssi_related_include_ids":"","_relevanssi_related_exclude_ids":"","_relevanssi_related_no_append":"","_relevanssi_related_not_related":"","_relevanssi_related_posts":"","_relevanssi_noindex_reason":"","featured_image_focal_point":[],"footnotes":""},"class_list":["post-14027","page","type-page","status-publish","has-post-thumbnail","hentry"],"acf":[],"yoast_head":"<!-- This site is optimized with the Yoast SEO plugin v27.3 - https:\/\/yoast.com\/product\/yoast-seo-wordpress\/ -->\n<title>\u00c9tats-Unis - Target Malaria<\/title>\n<meta name=\"robots\" content=\"index, follow, max-snippet:-1, max-image-preview:large, max-video-preview:-1\" \/>\n<link rel=\"canonical\" href=\"https:\/\/targetmalaria.org\/fr\/qui-sommes-nous\/dans-quels-pays\/etats-unis\/\" \/>\n<meta property=\"og:locale\" content=\"fr_FR\" \/>\n<meta property=\"og:type\" content=\"article\" \/>\n<meta property=\"og:title\" content=\"\u00c9tats-Unis - Target Malaria\" \/>\n<meta property=\"og:description\" content=\"Le travail de Target Malaria aux \u00c9tats-Unis est dirig\u00e9 par les Centres pour le contr\u00f4le et la pr\u00e9vention des maladies (CDC) \u00e0 Atlanta, en G\u00e9orgie.\" \/>\n<meta property=\"og:url\" content=\"https:\/\/targetmalaria.org\/fr\/qui-sommes-nous\/dans-quels-pays\/etats-unis\/\" \/>\n<meta property=\"og:site_name\" content=\"Target Malaria\" \/>\n<meta property=\"article:publisher\" content=\"https:\/\/www.facebook.com\/TargetMalariaGlobal\/\" \/>\n<meta property=\"article:modified_time\" content=\"2025-11-15T13:02:40+00:00\" \/>\n<meta property=\"og:image\" content=\"https:\/\/targetmalaria.org\/wp-content\/uploads\/2023\/09\/Asset-1-100.jpg\" \/>\n\t<meta property=\"og:image:width\" content=\"720\" \/>\n\t<meta property=\"og:image:height\" content=\"400\" \/>\n\t<meta property=\"og:image:type\" content=\"image\/jpeg\" \/>\n<meta name=\"twitter:card\" content=\"summary_large_image\" \/>\n<meta name=\"twitter:site\" content=\"@TargetMalaria\" \/>\n<meta name=\"twitter:label1\" content=\"Dur\u00e9e de lecture estim\u00e9e\" \/>\n\t<meta name=\"twitter:data1\" content=\"3 minutes\" \/>\n<script type=\"application\/ld+json\" class=\"yoast-schema-graph\">{\"@context\":\"https:\\\/\\\/schema.org\",\"@graph\":[{\"@type\":\"WebPage\",\"@id\":\"https:\\\/\\\/targetmalaria.org\\\/fr\\\/qui-sommes-nous\\\/dans-quels-pays\\\/etats-unis\\\/\",\"url\":\"https:\\\/\\\/targetmalaria.org\\\/fr\\\/qui-sommes-nous\\\/dans-quels-pays\\\/etats-unis\\\/\",\"name\":\"\u00c9tats-Unis - Target Malaria\",\"isPartOf\":{\"@id\":\"https:\\\/\\\/targetmalaria.org\\\/fr\\\/#website\"},\"primaryImageOfPage\":{\"@id\":\"https:\\\/\\\/targetmalaria.org\\\/fr\\\/qui-sommes-nous\\\/dans-quels-pays\\\/etats-unis\\\/#primaryimage\"},\"image\":{\"@id\":\"https:\\\/\\\/targetmalaria.org\\\/fr\\\/qui-sommes-nous\\\/dans-quels-pays\\\/etats-unis\\\/#primaryimage\"},\"thumbnailUrl\":\"https:\\\/\\\/targetmalaria.org\\\/wp-content\\\/uploads\\\/2023\\\/09\\\/Asset-1-100.jpg\",\"datePublished\":\"2023-09-07T10:18:04+00:00\",\"dateModified\":\"2025-11-15T13:02:40+00:00\",\"breadcrumb\":{\"@id\":\"https:\\\/\\\/targetmalaria.org\\\/fr\\\/qui-sommes-nous\\\/dans-quels-pays\\\/etats-unis\\\/#breadcrumb\"},\"inLanguage\":\"fr-FR\",\"potentialAction\":[{\"@type\":\"ReadAction\",\"target\":[\"https:\\\/\\\/targetmalaria.org\\\/fr\\\/qui-sommes-nous\\\/dans-quels-pays\\\/etats-unis\\\/\"]}]},{\"@type\":\"ImageObject\",\"inLanguage\":\"fr-FR\",\"@id\":\"https:\\\/\\\/targetmalaria.org\\\/fr\\\/qui-sommes-nous\\\/dans-quels-pays\\\/etats-unis\\\/#primaryimage\",\"url\":\"https:\\\/\\\/targetmalaria.org\\\/wp-content\\\/uploads\\\/2023\\\/09\\\/Asset-1-100.jpg\",\"contentUrl\":\"https:\\\/\\\/targetmalaria.org\\\/wp-content\\\/uploads\\\/2023\\\/09\\\/Asset-1-100.jpg\",\"width\":720,\"height\":400,\"caption\":\"Photo of the CDC headquarters in\"},{\"@type\":\"BreadcrumbList\",\"@id\":\"https:\\\/\\\/targetmalaria.org\\\/fr\\\/qui-sommes-nous\\\/dans-quels-pays\\\/etats-unis\\\/#breadcrumb\",\"itemListElement\":[{\"@type\":\"ListItem\",\"position\":1,\"name\":\"Home\",\"item\":\"https:\\\/\\\/targetmalaria.org\\\/fr\\\/\"},{\"@type\":\"ListItem\",\"position\":2,\"name\":\"Qui sommes-nous?\",\"item\":\"https:\\\/\\\/targetmalaria.org\\\/fr\\\/qui-sommes-nous\\\/\"},{\"@type\":\"ListItem\",\"position\":3,\"name\":\"Dans quels pays?\",\"item\":\"https:\\\/\\\/targetmalaria.org\\\/fr\\\/qui-sommes-nous\\\/dans-quels-pays\\\/\"},{\"@type\":\"ListItem\",\"position\":4,\"name\":\"\u00c9tats-Unis\"}]},{\"@type\":\"WebSite\",\"@id\":\"https:\\\/\\\/targetmalaria.org\\\/fr\\\/#website\",\"url\":\"https:\\\/\\\/targetmalaria.org\\\/fr\\\/\",\"name\":\"Target Malaria\",\"description\":\"\",\"publisher\":{\"@id\":\"https:\\\/\\\/targetmalaria.org\\\/fr\\\/#organization\"},\"potentialAction\":[{\"@type\":\"SearchAction\",\"target\":{\"@type\":\"EntryPoint\",\"urlTemplate\":\"https:\\\/\\\/targetmalaria.org\\\/fr\\\/?s={search_term_string}\"},\"query-input\":{\"@type\":\"PropertyValueSpecification\",\"valueRequired\":true,\"valueName\":\"search_term_string\"}}],\"inLanguage\":\"fr-FR\"},{\"@type\":\"Organization\",\"@id\":\"https:\\\/\\\/targetmalaria.org\\\/fr\\\/#organization\",\"name\":\"Target Malaria\",\"url\":\"https:\\\/\\\/targetmalaria.org\\\/fr\\\/\",\"logo\":{\"@type\":\"ImageObject\",\"inLanguage\":\"fr-FR\",\"@id\":\"https:\\\/\\\/targetmalaria.org\\\/fr\\\/#\\\/schema\\\/logo\\\/image\\\/\",\"url\":\"https:\\\/\\\/targetmalaria.org\\\/wp-content\\\/uploads\\\/2025\\\/08\\\/target_malaria_bf_logo.png\",\"contentUrl\":\"https:\\\/\\\/targetmalaria.org\\\/wp-content\\\/uploads\\\/2025\\\/08\\\/target_malaria_bf_logo.png\",\"width\":1920,\"height\":1080,\"caption\":\"Target Malaria\"},\"image\":{\"@id\":\"https:\\\/\\\/targetmalaria.org\\\/fr\\\/#\\\/schema\\\/logo\\\/image\\\/\"},\"sameAs\":[\"https:\\\/\\\/www.facebook.com\\\/TargetMalariaGlobal\\\/\",\"https:\\\/\\\/x.com\\\/TargetMalaria\",\"https:\\\/\\\/www.linkedin.com\\\/company\\\/target-malaria\",\"https:\\\/\\\/youtube.com\\\/@TargetMalaria\"]}]}<\/script>\n<!-- \/ Yoast SEO plugin. -->","yoast_head_json":{"title":"\u00c9tats-Unis - Target Malaria","robots":{"index":"index","follow":"follow","max-snippet":"max-snippet:-1","max-image-preview":"max-image-preview:large","max-video-preview":"max-video-preview:-1"},"canonical":"https:\/\/targetmalaria.org\/fr\/qui-sommes-nous\/dans-quels-pays\/etats-unis\/","og_locale":"fr_FR","og_type":"article","og_title":"\u00c9tats-Unis - Target Malaria","og_description":"Le travail de Target Malaria aux \u00c9tats-Unis est dirig\u00e9 par les Centres pour le contr\u00f4le et la pr\u00e9vention des maladies (CDC) \u00e0 Atlanta, en G\u00e9orgie.","og_url":"https:\/\/targetmalaria.org\/fr\/qui-sommes-nous\/dans-quels-pays\/etats-unis\/","og_site_name":"Target Malaria","article_publisher":"https:\/\/www.facebook.com\/TargetMalariaGlobal\/","article_modified_time":"2025-11-15T13:02:40+00:00","og_image":[{"width":720,"height":400,"url":"https:\/\/targetmalaria.org\/wp-content\/uploads\/2023\/09\/Asset-1-100.jpg","type":"image\/jpeg"}],"twitter_card":"summary_large_image","twitter_site":"@TargetMalaria","twitter_misc":{"Dur\u00e9e de lecture estim\u00e9e":"3 minutes"},"schema":{"@context":"https:\/\/schema.org","@graph":[{"@type":"WebPage","@id":"https:\/\/targetmalaria.org\/fr\/qui-sommes-nous\/dans-quels-pays\/etats-unis\/","url":"https:\/\/targetmalaria.org\/fr\/qui-sommes-nous\/dans-quels-pays\/etats-unis\/","name":"\u00c9tats-Unis - Target Malaria","isPartOf":{"@id":"https:\/\/targetmalaria.org\/fr\/#website"},"primaryImageOfPage":{"@id":"https:\/\/targetmalaria.org\/fr\/qui-sommes-nous\/dans-quels-pays\/etats-unis\/#primaryimage"},"image":{"@id":"https:\/\/targetmalaria.org\/fr\/qui-sommes-nous\/dans-quels-pays\/etats-unis\/#primaryimage"},"thumbnailUrl":"https:\/\/targetmalaria.org\/wp-content\/uploads\/2023\/09\/Asset-1-100.jpg","datePublished":"2023-09-07T10:18:04+00:00","dateModified":"2025-11-15T13:02:40+00:00","breadcrumb":{"@id":"https:\/\/targetmalaria.org\/fr\/qui-sommes-nous\/dans-quels-pays\/etats-unis\/#breadcrumb"},"inLanguage":"fr-FR","potentialAction":[{"@type":"ReadAction","target":["https:\/\/targetmalaria.org\/fr\/qui-sommes-nous\/dans-quels-pays\/etats-unis\/"]}]},{"@type":"ImageObject","inLanguage":"fr-FR","@id":"https:\/\/targetmalaria.org\/fr\/qui-sommes-nous\/dans-quels-pays\/etats-unis\/#primaryimage","url":"https:\/\/targetmalaria.org\/wp-content\/uploads\/2023\/09\/Asset-1-100.jpg","contentUrl":"https:\/\/targetmalaria.org\/wp-content\/uploads\/2023\/09\/Asset-1-100.jpg","width":720,"height":400,"caption":"Photo of the CDC headquarters in"},{"@type":"BreadcrumbList","@id":"https:\/\/targetmalaria.org\/fr\/qui-sommes-nous\/dans-quels-pays\/etats-unis\/#breadcrumb","itemListElement":[{"@type":"ListItem","position":1,"name":"Home","item":"https:\/\/targetmalaria.org\/fr\/"},{"@type":"ListItem","position":2,"name":"Qui sommes-nous?","item":"https:\/\/targetmalaria.org\/fr\/qui-sommes-nous\/"},{"@type":"ListItem","position":3,"name":"Dans quels pays?","item":"https:\/\/targetmalaria.org\/fr\/qui-sommes-nous\/dans-quels-pays\/"},{"@type":"ListItem","position":4,"name":"\u00c9tats-Unis"}]},{"@type":"WebSite","@id":"https:\/\/targetmalaria.org\/fr\/#website","url":"https:\/\/targetmalaria.org\/fr\/","name":"Target Malaria","description":"","publisher":{"@id":"https:\/\/targetmalaria.org\/fr\/#organization"},"potentialAction":[{"@type":"SearchAction","target":{"@type":"EntryPoint","urlTemplate":"https:\/\/targetmalaria.org\/fr\/?s={search_term_string}"},"query-input":{"@type":"PropertyValueSpecification","valueRequired":true,"valueName":"search_term_string"}}],"inLanguage":"fr-FR"},{"@type":"Organization","@id":"https:\/\/targetmalaria.org\/fr\/#organization","name":"Target Malaria","url":"https:\/\/targetmalaria.org\/fr\/","logo":{"@type":"ImageObject","inLanguage":"fr-FR","@id":"https:\/\/targetmalaria.org\/fr\/#\/schema\/logo\/image\/","url":"https:\/\/targetmalaria.org\/wp-content\/uploads\/2025\/08\/target_malaria_bf_logo.png","contentUrl":"https:\/\/targetmalaria.org\/wp-content\/uploads\/2025\/08\/target_malaria_bf_logo.png","width":1920,"height":1080,"caption":"Target Malaria"},"image":{"@id":"https:\/\/targetmalaria.org\/fr\/#\/schema\/logo\/image\/"},"sameAs":["https:\/\/www.facebook.com\/TargetMalariaGlobal\/","https:\/\/x.com\/TargetMalaria","https:\/\/www.linkedin.com\/company\/target-malaria","https:\/\/youtube.com\/@TargetMalaria"]}]}},"_links":{"self":[{"href":"https:\/\/targetmalaria.org\/fr\/wp-json\/wp\/v2\/pages\/14027","targetHints":{"allow":["GET"]}}],"collection":[{"href":"https:\/\/targetmalaria.org\/fr\/wp-json\/wp\/v2\/pages"}],"about":[{"href":"https:\/\/targetmalaria.org\/fr\/wp-json\/wp\/v2\/types\/page"}],"author":[{"embeddable":true,"href":"https:\/\/targetmalaria.org\/fr\/wp-json\/wp\/v2\/users\/31"}],"replies":[{"embeddable":true,"href":"https:\/\/targetmalaria.org\/fr\/wp-json\/wp\/v2\/comments?post=14027"}],"version-history":[{"count":3,"href":"https:\/\/targetmalaria.org\/fr\/wp-json\/wp\/v2\/pages\/14027\/revisions"}],"predecessor-version":[{"id":23281,"href":"https:\/\/targetmalaria.org\/fr\/wp-json\/wp\/v2\/pages\/14027\/revisions\/23281"}],"up":[{"embeddable":true,"href":"https:\/\/targetmalaria.org\/fr\/wp-json\/wp\/v2\/pages\/5030"}],"wp:featuredmedia":[{"embeddable":true,"href":"https:\/\/targetmalaria.org\/fr\/wp-json\/wp\/v2\/media\/13977"}],"wp:attachment":[{"href":"https:\/\/targetmalaria.org\/fr\/wp-json\/wp\/v2\/media?parent=14027"}],"curies":[{"name":"wp","href":"https:\/\/api.w.org\/{rel}","templated":true}]}}