{"id":14025,"date":"2023-09-07T11:14:16","date_gmt":"2023-09-07T10:14:16","guid":{"rendered":"https:\/\/targetmalaria.org\/qui-sommes-nous\/dans-quels-pays\/royaume-uni\/"},"modified":"2025-11-15T13:29:52","modified_gmt":"2025-11-15T13:29:52","slug":"royaume-uni","status":"publish","type":"page","link":"https:\/\/targetmalaria.org\/fr\/qui-sommes-nous\/dans-quels-pays\/royaume-uni\/","title":{"rendered":"Royaume-Uni"},"content":{"rendered":"<div class=\"ragged-edge-parent alignfull\">\n<div class=\"wp-block-cover alignfull firstCover ragged_edge-position-both\" style=\"min-height:25vw;aspect-ratio:unset;\"><img loading=\"lazy\" decoding=\"async\" width=\"1200\" height=\"668\" class=\"wp-block-cover__image-background wp-image-13892 size-full\" alt=\"Two scientists don white lab coats as they sit at adjacent desks in a laboratory and look into microscopes.\" src=\"https:\/\/targetmalaria.org\/wp-content\/uploads\/2023\/08\/230517_DG_ICL_TargetMalaria-187-e1693994750490.jpg\" data-object-fit=\"cover\" srcset=\"https:\/\/targetmalaria.org\/wp-content\/uploads\/2023\/08\/230517_DG_ICL_TargetMalaria-187-e1693994750490.jpg 1200w, https:\/\/targetmalaria.org\/wp-content\/uploads\/2023\/08\/230517_DG_ICL_TargetMalaria-187-e1693994750490-425x237.jpg 425w, https:\/\/targetmalaria.org\/wp-content\/uploads\/2023\/08\/230517_DG_ICL_TargetMalaria-187-e1693994750490-1024x570.jpg 1024w, https:\/\/targetmalaria.org\/wp-content\/uploads\/2023\/08\/230517_DG_ICL_TargetMalaria-187-e1693994750490-768x428.jpg 768w, https:\/\/targetmalaria.org\/wp-content\/uploads\/2023\/08\/230517_DG_ICL_TargetMalaria-187-e1693994750490-300x167.jpg 300w\" sizes=\"auto, (max-width: 1200px) 100vw, 1200px\" \/><span aria-hidden=\"true\" class=\"wp-block-cover__background has-background-dim-0 has-background-dim\"><\/span><div class=\"wp-block-cover__inner-container has-global-padding is-layout-constrained wp-block-cover-is-layout-constrained\">\n<p class=\"has-text-align-center has-large-font-size\"><\/p>\n<\/div><\/div>\n<\/div>\n\n\n<div class=\"wp-block-columns is-layout-flex wp-container-core-columns-is-layout-0884d4d2 wp-block-columns-is-layout-flex\" style=\"margin-top:var(--wp--preset--spacing--50);margin-bottom:var(--wp--preset--spacing--50)\">\n<div class=\"wp-block-column is-layout-flow wp-block-column-is-layout-flow\" style=\"flex-basis:33.33%\">\n<h2 class=\"wp-block-heading\">Au Royaume-Uni, les partenaires de Target Malaria sont l\u2019Imperial College de Londres et l\u2019Universit\u00e9 d\u2019Oxford, deux \u00e9tablissements r\u00e9guli\u00e8rement class\u00e9s parmi les meilleures universit\u00e9s au monde.<\/h2>\n\n\n\n<div class=\"wp-block-columns are-vertically-aligned-center is-not-stacked-on-mobile is-layout-flex wp-container-core-columns-is-layout-cf06de28 wp-block-columns-is-layout-flex\">\n<div class=\"wp-block-column is-vertically-aligned-center is-layout-flow wp-block-column-is-layout-flow\" style=\"flex-basis:30%\">\n<figure class=\"wp-block-image size-full\"><img decoding=\"async\" src=\"https:\/\/targetmalaria.org\/wp-content\/uploads\/2025\/11\/target_malaria_logo_uk.png\" alt=\"\" class=\"wp-image-23451\"\/><\/figure>\n<\/div>\n\n\n\n<div class=\"wp-block-column is-vertically-aligned-center is-layout-flow wp-block-column-is-layout-flow\" style=\"flex-basis:40%\">\n<figure class=\"wp-block-image size-full\"><a href=\"https:\/\/imperial.ac.uk\" target=\"_blank\" rel=\" noreferrer noopener\"><img decoding=\"async\" src=\"https:\/\/targetmalaria.org\/wp-content\/uploads\/2025\/11\/Target_Malaria_Imperial_College_Logo.png\" alt=\"\" class=\"wp-image-23504\" style=\"object-fit:cover\"\/><\/a><\/figure>\n<\/div>\n\n\n\n<div class=\"wp-block-column is-vertically-aligned-center is-layout-flow wp-block-column-is-layout-flow\" style=\"flex-basis:30%\">\n<figure class=\"wp-block-image size-large\"><a href=\"https:\/\/www.ox.ac.uk\" target=\"_blank\" rel=\" noreferrer noopener\"><img decoding=\"async\" src=\"https:\/\/targetmalaria.org\/wp-content\/uploads\/2025\/11\/Target_Malaria_University_of_Oxford-1024x316.png\" alt=\"\" class=\"wp-image-23436\"\/><\/a><\/figure>\n<\/div>\n<\/div>\n<\/div>\n\n\n\n<div class=\"wp-block-column is-layout-flow wp-block-column-is-layout-flow\" style=\"flex-basis:66.66%\">\n<h4 class=\"wp-block-heading\">Contexte de notre travail<\/h4>\n\n\n\n<p>L\u2019Imperial College de Londres est l\u2019institution h\u00f4te du consortium Target Malaria et le si\u00e8ge universitaire du professeur Austin Burt, chercheur principal global de Target Malaria. C\u2019est \u00e9galement l\u00e0 que la cr\u00e9ation des moustiques g\u00e9n\u00e9tiquement modifi\u00e9s de Target Malaria a commenc\u00e9 et que les technologies g\u00e9n\u00e9tiques, y compris l\u2019impulsion g\u00e9n\u00e9tique, sont d\u00e9velopp\u00e9es. Target Malaria fait partie de la <a href=\"https:\/\/www.imperial.ac.uk\/natural-sciences\/\" target=\"_blank\" rel=\"noreferrer noopener\">Facult\u00e9 des sciences naturelles<\/a> d\u2019Imperial College, dans le <a href=\"https:\/\/www.imperial.ac.uk\/life-sciences\/\" target=\"_blank\" rel=\"noreferrer noopener\">D\u00e9partement des sciences de la vie<\/a>.<\/p>\n\n\n\n<figure class=\"wp-block-embed is-type-video is-provider-youtube wp-block-embed-youtube wp-embed-aspect-16-9 wp-has-aspect-ratio\"><div class=\"wp-block-embed__wrapper\">\n<iframe loading=\"lazy\" title=\"Target Malaria insectary tour - London, UK\" width=\"500\" height=\"281\" src=\"https:\/\/www.youtube.com\/embed\/UGr2MBhFw6w?feature=oembed\" frameborder=\"0\" allow=\"accelerometer; autoplay; clipboard-write; encrypted-media; gyroscope; picture-in-picture; web-share\" referrerpolicy=\"strict-origin-when-cross-origin\" allowfullscreen><\/iframe>\n<\/div><\/figure>\n<\/div>\n<\/div>\n\n\n\n<div class=\"wp-block-group alignfull has-light-grey-background-color has-background firstCover ragged_edge-position-both has-global-padding is-layout-constrained wp-block-group-is-layout-constrained\" style=\"margin-top:var(--wp--preset--spacing--40);margin-bottom:var(--wp--preset--spacing--40)\">\n<div class=\"wp-block-columns is-layout-flex wp-container-core-columns-is-layout-28f84493 wp-block-columns-is-layout-flex\">\n<div class=\"wp-block-column is-layout-flow wp-block-column-is-layout-flow\" style=\"flex-basis:33.33%\">\n<h3 class=\"wp-block-heading\"><strong>L\u2019Imperial College<\/strong> remplit plusieurs fonctions pour le consortium<\/h3>\n\n\n\n<figure data-wp-context=\"{&quot;imageId&quot;:&quot;69d7f07402236&quot;}\" data-wp-interactive=\"core\/image\" data-wp-key=\"69d7f07402236\" class=\"wp-block-image size-large wp-lightbox-container\"><img loading=\"lazy\" decoding=\"async\" width=\"1024\" height=\"646\" data-wp-class--hide=\"state.isContentHidden\" data-wp-class--show=\"state.isContentVisible\" data-wp-init=\"callbacks.setButtonStyles\" data-wp-on--click=\"actions.showLightbox\" data-wp-on--load=\"callbacks.setButtonStyles\" data-wp-on-window--resize=\"callbacks.setButtonStyles\" src=\"https:\/\/targetmalaria.org\/wp-content\/uploads\/2023\/08\/230516_DG_ICL_TargetMalaria-007-e1693994533929-1024x646.jpg\" alt=\"Group photo of 17 team members at Imperial College London.\" class=\"wp-image-13880\" style=\"aspect-ratio:16\/9;object-fit:cover\" srcset=\"https:\/\/targetmalaria.org\/wp-content\/uploads\/2023\/08\/230516_DG_ICL_TargetMalaria-007-e1693994533929-1024x646.jpg 1024w, https:\/\/targetmalaria.org\/wp-content\/uploads\/2023\/08\/230516_DG_ICL_TargetMalaria-007-e1693994533929-425x268.jpg 425w, https:\/\/targetmalaria.org\/wp-content\/uploads\/2023\/08\/230516_DG_ICL_TargetMalaria-007-e1693994533929-768x485.jpg 768w, https:\/\/targetmalaria.org\/wp-content\/uploads\/2023\/08\/230516_DG_ICL_TargetMalaria-007-e1693994533929-300x189.jpg 300w, https:\/\/targetmalaria.org\/wp-content\/uploads\/2023\/08\/230516_DG_ICL_TargetMalaria-007-e1693994533929.jpg 1138w\" sizes=\"auto, (max-width: 1024px) 100vw, 1024px\" \/><button\n\t\t\tclass=\"lightbox-trigger\"\n\t\t\ttype=\"button\"\n\t\t\taria-haspopup=\"dialog\"\n\t\t\taria-label=\"Agrandir\"\n\t\t\tdata-wp-init=\"callbacks.initTriggerButton\"\n\t\t\tdata-wp-on--click=\"actions.showLightbox\"\n\t\t\tdata-wp-style--right=\"state.imageButtonRight\"\n\t\t\tdata-wp-style--top=\"state.imageButtonTop\"\n\t\t>\n\t\t\t<svg xmlns=\"http:\/\/www.w3.org\/2000\/svg\" width=\"12\" height=\"12\" fill=\"none\" viewBox=\"0 0 12 12\">\n\t\t\t\t<path fill=\"#fff\" d=\"M2 0a2 2 0 0 0-2 2v2h1.5V2a.5.5 0 0 1 .5-.5h2V0H2Zm2 10.5H2a.5.5 0 0 1-.5-.5V8H0v2a2 2 0 0 0 2 2h2v-1.5ZM8 12v-1.5h2a.5.5 0 0 0 .5-.5V8H12v2a2 2 0 0 1-2 2H8Zm2-12a2 2 0 0 1 2 2v2h-1.5V2a.5.5 0 0 0-.5-.5H8V0h2Z\" \/>\n\t\t\t<\/svg>\n\t\t<\/button><\/figure>\n<\/div>\n\n\n\n<div class=\"wp-block-column is-layout-flow wp-block-column-is-layout-flow\" style=\"flex-basis:66.66%\">\n<ul class=\"wp-block-list\">\n<li><strong>Mod\u00e9lisation:<\/strong> La mod\u00e9lisation math\u00e9matique et informatique joue un r\u00f4le important dans notre processus de d\u00e9veloppement, depuis le test initial d\u2019une id\u00e9e pour voir si elle est susceptible d\u2019\u00eatre efficace, jusqu\u2019\u00e0 l\u2019aide \u00e0 l\u2019interpr\u00e9tation des exp\u00e9riences en laboratoire, en passant par l\u2019extrapolation de ces exp\u00e9riences pour pr\u00e9dire l\u2019impact de ces technologies dans le monde r\u00e9el. Le travail de mod\u00e9lisation est le fruit d\u2019une collaboration entre les groupes d\u2019Austin Burt (Imperial), Charles Godfray (Oxford) et Penny Hancock (Imperial).<\/li>\n\n\n\n<li><strong>Impulsion g\u00e9n\u00e9tique:<\/strong> Le d\u00e9veloppement de moustiques \u00e0 impulsion g\u00e9n\u00e9tique n\u00e9cessite le d\u00e9veloppement de diff\u00e9rentes souches de moustiques g\u00e9n\u00e9tiquement modifi\u00e9s, et la grande majorit\u00e9 de celles que nous \u00e9tudions sont con\u00e7ues et cr\u00e9\u00e9es dans le laboratoire Crisanti (Imperial). Ce groupe est \u00e9galement responsable des \u00e9tudes mol\u00e9culaires sur la d\u00e9termination du sexe et la gam\u00e9togen\u00e8se, entre autres. Celles-ci guident la conception mol\u00e9culaire des constructions, notamment pour d\u00e9terminer les promoteurs et les g\u00e8nes cibles qui seront utilis\u00e9s.<\/li>\n\n\n\n<li><strong>\u00c9quipe d\u2019assistance globale:<\/strong> Ce groupe fournit un soutien complet au consortium \u00e0 travers les trois piliers de Target Malaria que sont la science, les affaires r\u00e9glementaires et l\u2019engagement des parties prenantes. L\u2019expertise de l\u2019\u00e9quipe comprend l\u2019engagement, la communication, la gestion des risques, les affaires r\u00e9glementaires et l\u2019assurance-qualit\u00e9, ainsi que la gestion de projet, les finances et le soutien administratif.<\/li>\n<\/ul>\n<\/div>\n<\/div>\n<\/div>\n\n\n\n<div class=\"wp-block-columns is-layout-flex wp-container-core-columns-is-layout-28f84493 wp-block-columns-is-layout-flex\">\n<div class=\"wp-block-column is-layout-flow wp-block-column-is-layout-flow\" style=\"flex-basis:33.33%\">\n<h3 class=\"wp-block-heading\">L&rsquo;<strong>Universit\u00e9 d\u2019Oxford<\/strong> est un partenaire de Target Malaria par l\u2019interm\u00e9diaire de son <a href=\"https:\/\/www.biology.ox.ac.uk\/\" target=\"_blank\" rel=\"noreferrer noopener\">D\u00e9partement de biologie<\/a>, qui combine les sciences animales, microbiennes et v\u00e9g\u00e9tales. Les activit\u00e9s de ce d\u00e9partement sont les suivantes<\/h3>\n<\/div>\n\n\n\n<div class=\"wp-block-column is-layout-flow wp-block-column-is-layout-flow\" style=\"flex-basis:66.66%\">\n<ul class=\"wp-block-list\">\n<li><strong>Mod\u00e9lisation:<\/strong> Le travail de mod\u00e9lisation math\u00e9matique et informatique est le fruit d\u2019une collaboration entre l\u2019Imperial College et l\u2019Universit\u00e9 d\u2019Oxford. L\u2019\u00e9quipe d\u2019Oxford se concentre sur la pr\u00e9vision de l\u2019impact des technologies g\u00e9n\u00e9tiques dans des mod\u00e8les r\u00e9alistes d\u2019un point de vue \u00e9cologique, ainsi que sur la mod\u00e9lisation des donn\u00e9es entomologiques afin d\u2019am\u00e9liorer notre compr\u00e9hension de l\u2019\u00e9cologie et du comportement des moustiques.<\/li>\n\n\n\n<li><strong>\u00c9tudes \u00e9cologiques :<\/strong> En collaboration avec des scientifiques de l\u2019Universit\u00e9 du Ghana , l\u2019\u00e9quipe \u00e9tudie les cons\u00e9quences \u00e9cologiques potentielles de la r\u00e9duction des populations d\u2019<em>Anopheles gambiae<\/em>. L&rsquo;\u00e9quipe au Ghana collecte des insectes pour cr\u00e9er une biblioth\u00e8que de codes-barres ADN et pr\u00e9l\u00e8vent des contenus stomacaux et des d\u00e9jections d\u2019insectivores (oiseaux, chauves-souris, reptiles, libellules et poissons). En comparant les fragments d\u2019ADN pr\u00e9sents dans les d\u00e9jections et les estomacs \u00e0 la biblioth\u00e8que, ils peuvent d\u00e9terminer quels insectivores se nourrissent de moustiques, l\u2019\u00e9tendue de leur alimentation et comment ils pourraient modifier leurs interactions alimentaires si le nombre de moustiques venait \u00e0 diminuer. Ils m\u00e8nent \u00e9galement des exp\u00e9riences sur les interactions concurrentielles potentielles entre les esp\u00e8ces de moustiques afin de d\u00e9terminer si une autre esp\u00e8ce pourrait prosp\u00e9rer si les populations d\u2019<em>An. gambiae<\/em> \u00e9taient supprim\u00e9es. Enfin, ils \u00e9tudient l\u2019efficacit\u00e9 d\u2019<em>An. gambiae<\/em> en tant que pollinisateur. Cette recherche compl\u00e8te vise \u00e0 \u00e9tablir le r\u00f4le \u00e9cologique d\u2019<em>An. gambiae<\/em> au sein d\u2019une communaut\u00e9 \u00e9cologique plus large et \u00e0 s\u2019assurer que des donn\u00e9es r\u00e9elles sont utilis\u00e9es pour pr\u00e9venir les cons\u00e9quences n\u00e9gatives involontaires de l\u2019impulsion g\u00e9n\u00e9tique \u00e0 des fins de lutte antivectorielle.<\/li>\n<\/ul>\n<\/div>\n<\/div>\n\n\n\n<h2 class=\"wp-block-heading\" style=\"margin-top:var(--wp--preset--spacing--40)\">Contact<\/h2>\n\n\n\n<div class=\"wp-block-buttons is-layout-flex wp-block-buttons-is-layout-flex\">\n<div class=\"wp-block-button firstButton\"><a class=\"wp-block-button__link wp-element-button\" href=\"https:\/\/targetmalaria.org\/fr\/qui-sommes-nous\/contactez-nous\/\">Contactez-nous<\/a><\/div>\n<\/div>\n\n\n\n<div style=\"height:100px\" aria-hidden=\"true\" class=\"wp-block-spacer\"><\/div>\n","protected":false},"excerpt":{"rendered":"<p>Les activit\u00e9s de Target Malaria au Royaume-Uni sont dirig\u00e9es par l&rsquo;Imperial College London  et l&rsquo;universit\u00e9 d&rsquo;Oxford.<\/p>\n","protected":false},"author":31,"featured_media":13881,"parent":5030,"menu_order":13,"comment_status":"closed","ping_status":"closed","template":"","meta":{"_acf_changed":false,"_relevanssi_hide_post":"","_relevanssi_hide_content":"","_relevanssi_pin_for_all":"","_relevanssi_pin_keywords":"","_relevanssi_unpin_keywords":"","_relevanssi_related_keywords":"","_relevanssi_related_include_ids":"","_relevanssi_related_exclude_ids":"","_relevanssi_related_no_append":"","_relevanssi_related_not_related":"","_relevanssi_related_posts":"","_relevanssi_noindex_reason":"","featured_image_focal_point":[],"footnotes":""},"class_list":["post-14025","page","type-page","status-publish","has-post-thumbnail","hentry"],"acf":[],"yoast_head":"<!-- This site is optimized with the Yoast SEO plugin v27.3 - https:\/\/yoast.com\/product\/yoast-seo-wordpress\/ -->\n<title>Royaume-Uni - Target Malaria<\/title>\n<meta name=\"robots\" content=\"index, follow, max-snippet:-1, max-image-preview:large, max-video-preview:-1\" \/>\n<link rel=\"canonical\" href=\"https:\/\/targetmalaria.org\/fr\/qui-sommes-nous\/dans-quels-pays\/royaume-uni\/\" \/>\n<meta property=\"og:locale\" content=\"fr_FR\" \/>\n<meta property=\"og:type\" content=\"article\" \/>\n<meta property=\"og:title\" content=\"Royaume-Uni - Target Malaria\" \/>\n<meta property=\"og:description\" content=\"Les activit\u00e9s de Target Malaria au Royaume-Uni sont dirig\u00e9es par l&#039;Imperial College London et l&#039;universit\u00e9 d&#039;Oxford.\" \/>\n<meta property=\"og:url\" content=\"https:\/\/targetmalaria.org\/fr\/qui-sommes-nous\/dans-quels-pays\/royaume-uni\/\" \/>\n<meta property=\"og:site_name\" content=\"Target Malaria\" \/>\n<meta property=\"article:publisher\" content=\"https:\/\/www.facebook.com\/TargetMalariaGlobal\/\" \/>\n<meta property=\"article:modified_time\" content=\"2025-11-15T13:29:52+00:00\" \/>\n<meta property=\"og:image\" content=\"https:\/\/targetmalaria.org\/wp-content\/uploads\/2023\/08\/230516_DG_ICL_TargetMalaria-007-e1693994533929.jpg\" \/>\n\t<meta property=\"og:image:width\" content=\"1138\" \/>\n\t<meta property=\"og:image:height\" content=\"718\" \/>\n\t<meta property=\"og:image:type\" content=\"image\/jpeg\" \/>\n<meta name=\"twitter:card\" content=\"summary_large_image\" \/>\n<meta name=\"twitter:site\" content=\"@TargetMalaria\" \/>\n<meta name=\"twitter:label1\" content=\"Dur\u00e9e de lecture estim\u00e9e\" \/>\n\t<meta name=\"twitter:data1\" content=\"4 minutes\" \/>\n<script type=\"application\/ld+json\" class=\"yoast-schema-graph\">{\"@context\":\"https:\\\/\\\/schema.org\",\"@graph\":[{\"@type\":\"WebPage\",\"@id\":\"https:\\\/\\\/targetmalaria.org\\\/fr\\\/qui-sommes-nous\\\/dans-quels-pays\\\/royaume-uni\\\/\",\"url\":\"https:\\\/\\\/targetmalaria.org\\\/fr\\\/qui-sommes-nous\\\/dans-quels-pays\\\/royaume-uni\\\/\",\"name\":\"Royaume-Uni - Target Malaria\",\"isPartOf\":{\"@id\":\"https:\\\/\\\/targetmalaria.org\\\/fr\\\/#website\"},\"primaryImageOfPage\":{\"@id\":\"https:\\\/\\\/targetmalaria.org\\\/fr\\\/qui-sommes-nous\\\/dans-quels-pays\\\/royaume-uni\\\/#primaryimage\"},\"image\":{\"@id\":\"https:\\\/\\\/targetmalaria.org\\\/fr\\\/qui-sommes-nous\\\/dans-quels-pays\\\/royaume-uni\\\/#primaryimage\"},\"thumbnailUrl\":\"https:\\\/\\\/targetmalaria.org\\\/wp-content\\\/uploads\\\/2023\\\/08\\\/230516_DG_ICL_TargetMalaria-007-e1693994533929.jpg\",\"datePublished\":\"2023-09-07T10:14:16+00:00\",\"dateModified\":\"2025-11-15T13:29:52+00:00\",\"breadcrumb\":{\"@id\":\"https:\\\/\\\/targetmalaria.org\\\/fr\\\/qui-sommes-nous\\\/dans-quels-pays\\\/royaume-uni\\\/#breadcrumb\"},\"inLanguage\":\"fr-FR\",\"potentialAction\":[{\"@type\":\"ReadAction\",\"target\":[\"https:\\\/\\\/targetmalaria.org\\\/fr\\\/qui-sommes-nous\\\/dans-quels-pays\\\/royaume-uni\\\/\"]}]},{\"@type\":\"ImageObject\",\"inLanguage\":\"fr-FR\",\"@id\":\"https:\\\/\\\/targetmalaria.org\\\/fr\\\/qui-sommes-nous\\\/dans-quels-pays\\\/royaume-uni\\\/#primaryimage\",\"url\":\"https:\\\/\\\/targetmalaria.org\\\/wp-content\\\/uploads\\\/2023\\\/08\\\/230516_DG_ICL_TargetMalaria-007-e1693994533929.jpg\",\"contentUrl\":\"https:\\\/\\\/targetmalaria.org\\\/wp-content\\\/uploads\\\/2023\\\/08\\\/230516_DG_ICL_TargetMalaria-007-e1693994533929.jpg\",\"width\":\"1138\",\"height\":\"718\",\"caption\":\"Imperial Collge London Team\"},{\"@type\":\"BreadcrumbList\",\"@id\":\"https:\\\/\\\/targetmalaria.org\\\/fr\\\/qui-sommes-nous\\\/dans-quels-pays\\\/royaume-uni\\\/#breadcrumb\",\"itemListElement\":[{\"@type\":\"ListItem\",\"position\":1,\"name\":\"Home\",\"item\":\"https:\\\/\\\/targetmalaria.org\\\/fr\\\/\"},{\"@type\":\"ListItem\",\"position\":2,\"name\":\"Qui sommes-nous?\",\"item\":\"https:\\\/\\\/targetmalaria.org\\\/fr\\\/qui-sommes-nous\\\/\"},{\"@type\":\"ListItem\",\"position\":3,\"name\":\"Dans quels pays?\",\"item\":\"https:\\\/\\\/targetmalaria.org\\\/fr\\\/qui-sommes-nous\\\/dans-quels-pays\\\/\"},{\"@type\":\"ListItem\",\"position\":4,\"name\":\"Royaume-Uni\"}]},{\"@type\":\"WebSite\",\"@id\":\"https:\\\/\\\/targetmalaria.org\\\/fr\\\/#website\",\"url\":\"https:\\\/\\\/targetmalaria.org\\\/fr\\\/\",\"name\":\"Target Malaria\",\"description\":\"\",\"publisher\":{\"@id\":\"https:\\\/\\\/targetmalaria.org\\\/fr\\\/#organization\"},\"potentialAction\":[{\"@type\":\"SearchAction\",\"target\":{\"@type\":\"EntryPoint\",\"urlTemplate\":\"https:\\\/\\\/targetmalaria.org\\\/fr\\\/?s={search_term_string}\"},\"query-input\":{\"@type\":\"PropertyValueSpecification\",\"valueRequired\":true,\"valueName\":\"search_term_string\"}}],\"inLanguage\":\"fr-FR\"},{\"@type\":\"Organization\",\"@id\":\"https:\\\/\\\/targetmalaria.org\\\/fr\\\/#organization\",\"name\":\"Target Malaria\",\"url\":\"https:\\\/\\\/targetmalaria.org\\\/fr\\\/\",\"logo\":{\"@type\":\"ImageObject\",\"inLanguage\":\"fr-FR\",\"@id\":\"https:\\\/\\\/targetmalaria.org\\\/fr\\\/#\\\/schema\\\/logo\\\/image\\\/\",\"url\":\"https:\\\/\\\/targetmalaria.org\\\/wp-content\\\/uploads\\\/2025\\\/08\\\/target_malaria_bf_logo.png\",\"contentUrl\":\"https:\\\/\\\/targetmalaria.org\\\/wp-content\\\/uploads\\\/2025\\\/08\\\/target_malaria_bf_logo.png\",\"width\":1920,\"height\":1080,\"caption\":\"Target Malaria\"},\"image\":{\"@id\":\"https:\\\/\\\/targetmalaria.org\\\/fr\\\/#\\\/schema\\\/logo\\\/image\\\/\"},\"sameAs\":[\"https:\\\/\\\/www.facebook.com\\\/TargetMalariaGlobal\\\/\",\"https:\\\/\\\/x.com\\\/TargetMalaria\",\"https:\\\/\\\/www.linkedin.com\\\/company\\\/target-malaria\",\"https:\\\/\\\/youtube.com\\\/@TargetMalaria\"]}]}<\/script>\n<!-- \/ Yoast SEO plugin. -->","yoast_head_json":{"title":"Royaume-Uni - Target Malaria","robots":{"index":"index","follow":"follow","max-snippet":"max-snippet:-1","max-image-preview":"max-image-preview:large","max-video-preview":"max-video-preview:-1"},"canonical":"https:\/\/targetmalaria.org\/fr\/qui-sommes-nous\/dans-quels-pays\/royaume-uni\/","og_locale":"fr_FR","og_type":"article","og_title":"Royaume-Uni - Target Malaria","og_description":"Les activit\u00e9s de Target Malaria au Royaume-Uni sont dirig\u00e9es par l'Imperial College London et l'universit\u00e9 d'Oxford.","og_url":"https:\/\/targetmalaria.org\/fr\/qui-sommes-nous\/dans-quels-pays\/royaume-uni\/","og_site_name":"Target Malaria","article_publisher":"https:\/\/www.facebook.com\/TargetMalariaGlobal\/","article_modified_time":"2025-11-15T13:29:52+00:00","og_image":[{"width":1138,"height":718,"url":"https:\/\/targetmalaria.org\/wp-content\/uploads\/2023\/08\/230516_DG_ICL_TargetMalaria-007-e1693994533929.jpg","type":"image\/jpeg"}],"twitter_card":"summary_large_image","twitter_site":"@TargetMalaria","twitter_misc":{"Dur\u00e9e de lecture estim\u00e9e":"4 minutes"},"schema":{"@context":"https:\/\/schema.org","@graph":[{"@type":"WebPage","@id":"https:\/\/targetmalaria.org\/fr\/qui-sommes-nous\/dans-quels-pays\/royaume-uni\/","url":"https:\/\/targetmalaria.org\/fr\/qui-sommes-nous\/dans-quels-pays\/royaume-uni\/","name":"Royaume-Uni - Target Malaria","isPartOf":{"@id":"https:\/\/targetmalaria.org\/fr\/#website"},"primaryImageOfPage":{"@id":"https:\/\/targetmalaria.org\/fr\/qui-sommes-nous\/dans-quels-pays\/royaume-uni\/#primaryimage"},"image":{"@id":"https:\/\/targetmalaria.org\/fr\/qui-sommes-nous\/dans-quels-pays\/royaume-uni\/#primaryimage"},"thumbnailUrl":"https:\/\/targetmalaria.org\/wp-content\/uploads\/2023\/08\/230516_DG_ICL_TargetMalaria-007-e1693994533929.jpg","datePublished":"2023-09-07T10:14:16+00:00","dateModified":"2025-11-15T13:29:52+00:00","breadcrumb":{"@id":"https:\/\/targetmalaria.org\/fr\/qui-sommes-nous\/dans-quels-pays\/royaume-uni\/#breadcrumb"},"inLanguage":"fr-FR","potentialAction":[{"@type":"ReadAction","target":["https:\/\/targetmalaria.org\/fr\/qui-sommes-nous\/dans-quels-pays\/royaume-uni\/"]}]},{"@type":"ImageObject","inLanguage":"fr-FR","@id":"https:\/\/targetmalaria.org\/fr\/qui-sommes-nous\/dans-quels-pays\/royaume-uni\/#primaryimage","url":"https:\/\/targetmalaria.org\/wp-content\/uploads\/2023\/08\/230516_DG_ICL_TargetMalaria-007-e1693994533929.jpg","contentUrl":"https:\/\/targetmalaria.org\/wp-content\/uploads\/2023\/08\/230516_DG_ICL_TargetMalaria-007-e1693994533929.jpg","width":"1138","height":"718","caption":"Imperial Collge London Team"},{"@type":"BreadcrumbList","@id":"https:\/\/targetmalaria.org\/fr\/qui-sommes-nous\/dans-quels-pays\/royaume-uni\/#breadcrumb","itemListElement":[{"@type":"ListItem","position":1,"name":"Home","item":"https:\/\/targetmalaria.org\/fr\/"},{"@type":"ListItem","position":2,"name":"Qui sommes-nous?","item":"https:\/\/targetmalaria.org\/fr\/qui-sommes-nous\/"},{"@type":"ListItem","position":3,"name":"Dans quels pays?","item":"https:\/\/targetmalaria.org\/fr\/qui-sommes-nous\/dans-quels-pays\/"},{"@type":"ListItem","position":4,"name":"Royaume-Uni"}]},{"@type":"WebSite","@id":"https:\/\/targetmalaria.org\/fr\/#website","url":"https:\/\/targetmalaria.org\/fr\/","name":"Target Malaria","description":"","publisher":{"@id":"https:\/\/targetmalaria.org\/fr\/#organization"},"potentialAction":[{"@type":"SearchAction","target":{"@type":"EntryPoint","urlTemplate":"https:\/\/targetmalaria.org\/fr\/?s={search_term_string}"},"query-input":{"@type":"PropertyValueSpecification","valueRequired":true,"valueName":"search_term_string"}}],"inLanguage":"fr-FR"},{"@type":"Organization","@id":"https:\/\/targetmalaria.org\/fr\/#organization","name":"Target Malaria","url":"https:\/\/targetmalaria.org\/fr\/","logo":{"@type":"ImageObject","inLanguage":"fr-FR","@id":"https:\/\/targetmalaria.org\/fr\/#\/schema\/logo\/image\/","url":"https:\/\/targetmalaria.org\/wp-content\/uploads\/2025\/08\/target_malaria_bf_logo.png","contentUrl":"https:\/\/targetmalaria.org\/wp-content\/uploads\/2025\/08\/target_malaria_bf_logo.png","width":1920,"height":1080,"caption":"Target Malaria"},"image":{"@id":"https:\/\/targetmalaria.org\/fr\/#\/schema\/logo\/image\/"},"sameAs":["https:\/\/www.facebook.com\/TargetMalariaGlobal\/","https:\/\/x.com\/TargetMalaria","https:\/\/www.linkedin.com\/company\/target-malaria","https:\/\/youtube.com\/@TargetMalaria"]}]}},"_links":{"self":[{"href":"https:\/\/targetmalaria.org\/fr\/wp-json\/wp\/v2\/pages\/14025","targetHints":{"allow":["GET"]}}],"collection":[{"href":"https:\/\/targetmalaria.org\/fr\/wp-json\/wp\/v2\/pages"}],"about":[{"href":"https:\/\/targetmalaria.org\/fr\/wp-json\/wp\/v2\/types\/page"}],"author":[{"embeddable":true,"href":"https:\/\/targetmalaria.org\/fr\/wp-json\/wp\/v2\/users\/31"}],"replies":[{"embeddable":true,"href":"https:\/\/targetmalaria.org\/fr\/wp-json\/wp\/v2\/comments?post=14025"}],"version-history":[{"count":2,"href":"https:\/\/targetmalaria.org\/fr\/wp-json\/wp\/v2\/pages\/14025\/revisions"}],"predecessor-version":[{"id":23287,"href":"https:\/\/targetmalaria.org\/fr\/wp-json\/wp\/v2\/pages\/14025\/revisions\/23287"}],"up":[{"embeddable":true,"href":"https:\/\/targetmalaria.org\/fr\/wp-json\/wp\/v2\/pages\/5030"}],"wp:featuredmedia":[{"embeddable":true,"href":"https:\/\/targetmalaria.org\/fr\/wp-json\/wp\/v2\/media\/13881"}],"wp:attachment":[{"href":"https:\/\/targetmalaria.org\/fr\/wp-json\/wp\/v2\/media?parent=14025"}],"curies":[{"name":"wp","href":"https:\/\/api.w.org\/{rel}","templated":true}]}}