{"id":14023,"date":"2023-09-07T11:04:30","date_gmt":"2023-09-07T10:04:30","guid":{"rendered":"https:\/\/targetmalaria.org\/qui-sommes-nous\/dans-quels-pays\/italie\/"},"modified":"2025-11-15T13:02:42","modified_gmt":"2025-11-15T13:02:42","slug":"italie","status":"publish","type":"page","link":"https:\/\/targetmalaria.org\/fr\/qui-sommes-nous\/dans-quels-pays\/italie\/","title":{"rendered":"Italie"},"content":{"rendered":"<div class=\"ragged-edge-parent alignfull is-light\">\n<div class=\"wp-block-cover alignfull is-light firstCover ragged_edge-position-both\" style=\"min-height:25vw;aspect-ratio:unset;\"><img loading=\"lazy\" decoding=\"async\" width=\"2560\" height=\"1707\" class=\"wp-block-cover__image-background wp-image-4771 size-full\" alt=\"\" src=\"https:\/\/targetmalaria.org\/wp-content\/uploads\/2020\/08\/190605_DG_ICL_TMTerni-079-scaled.jpg\" data-object-fit=\"cover\" srcset=\"https:\/\/targetmalaria.org\/wp-content\/uploads\/2020\/08\/190605_DG_ICL_TMTerni-079-scaled.jpg 2560w, https:\/\/targetmalaria.org\/wp-content\/uploads\/2020\/08\/190605_DG_ICL_TMTerni-079-300x200.jpg 300w, https:\/\/targetmalaria.org\/wp-content\/uploads\/2020\/08\/190605_DG_ICL_TMTerni-079-1024x683.jpg 1024w, https:\/\/targetmalaria.org\/wp-content\/uploads\/2020\/08\/190605_DG_ICL_TMTerni-079-768x512.jpg 768w, https:\/\/targetmalaria.org\/wp-content\/uploads\/2020\/08\/190605_DG_ICL_TMTerni-079-1536x1024.jpg 1536w, https:\/\/targetmalaria.org\/wp-content\/uploads\/2020\/08\/190605_DG_ICL_TMTerni-079-2048x1365.jpg 2048w\" sizes=\"auto, (max-width: 2560px) 100vw, 2560px\" \/><span aria-hidden=\"true\" class=\"wp-block-cover__background has-background-dim-0 has-background-dim\"><\/span><div class=\"wp-block-cover__inner-container has-global-padding is-layout-constrained wp-block-cover-is-layout-constrained\">\n<p class=\"has-text-align-center has-large-font-size\"><\/p>\n<\/div><\/div>\n<\/div>\n\n\n<div class=\"wp-block-columns is-layout-flex wp-container-core-columns-is-layout-0884d4d2 wp-block-columns-is-layout-flex\" style=\"margin-top:var(--wp--preset--spacing--50);margin-bottom:var(--wp--preset--spacing--50)\">\n<div class=\"wp-block-column is-layout-flow wp-block-column-is-layout-flow\" style=\"flex-basis:33.33%\">\n<h2 class=\"wp-block-heading\">En Italie, le partenaire de Target Malaria est le Polo d\u2019Innovazione di Genomica, Genetica e Biologia (Polo GGB).<\/h2>\n\n\n\n<div class=\"wp-block-columns are-vertically-aligned-center is-not-stacked-on-mobile is-layout-flex wp-container-core-columns-is-layout-f5f7395f wp-block-columns-is-layout-flex\">\n<div class=\"wp-block-column is-vertically-aligned-center is-layout-flow wp-block-column-is-layout-flow\" style=\"flex-basis:50%\">\n<figure class=\"wp-block-image size-full\"><img decoding=\"async\" src=\"https:\/\/targetmalaria.org\/wp-content\/uploads\/2025\/11\/target_malaria_logo_italy.png\" alt=\"\" class=\"wp-image-23383\"\/><\/figure>\n<\/div>\n\n\n\n<div class=\"wp-block-column is-vertically-aligned-center is-layout-flow wp-block-column-is-layout-flow\" style=\"flex-basis:40%\">\n<figure class=\"wp-block-image size-full\"><a href=\"https:\/\/www.pologgb.com\" target=\"_blank\" rel=\" noreferrer noopener\"><img decoding=\"async\" src=\"https:\/\/targetmalaria.org\/wp-content\/uploads\/2025\/11\/Target_Malaria_Polo_GGB.png\" alt=\"\" class=\"wp-image-23372\"\/><\/a><\/figure>\n<\/div>\n\n\n\n<div class=\"wp-block-column is-layout-flow wp-block-column-is-layout-flow\"><\/div>\n<\/div>\n\n\n\n<div style=\"height:var(--wp--preset--spacing--20)\" aria-hidden=\"true\" class=\"wp-block-spacer\"><\/div>\n\n\n\n<figure data-wp-context=\"{&quot;imageId&quot;:&quot;69d7ab8b7f1e3&quot;}\" data-wp-interactive=\"core\/image\" data-wp-key=\"69d7ab8b7f1e3\" class=\"wp-block-image size-full wp-lightbox-container\"><img loading=\"lazy\" decoding=\"async\" width=\"656\" height=\"440\" data-wp-class--hide=\"state.isContentHidden\" data-wp-class--show=\"state.isContentVisible\" data-wp-init=\"callbacks.setButtonStyles\" data-wp-on--click=\"actions.showLightbox\" data-wp-on--load=\"callbacks.setButtonStyles\" data-wp-on-window--resize=\"callbacks.setButtonStyles\" src=\"https:\/\/targetmalaria.org\/wp-content\/uploads\/2023\/03\/PoloGGB-picture.jpg\" alt=\"\" class=\"wp-image-11104\" style=\"aspect-ratio:16\/9;object-fit:cover\" srcset=\"https:\/\/targetmalaria.org\/wp-content\/uploads\/2023\/03\/PoloGGB-picture.jpg 656w, https:\/\/targetmalaria.org\/wp-content\/uploads\/2023\/03\/PoloGGB-picture-300x201.jpg 300w\" sizes=\"auto, (max-width: 656px) 100vw, 656px\" \/><button\n\t\t\tclass=\"lightbox-trigger\"\n\t\t\ttype=\"button\"\n\t\t\taria-haspopup=\"dialog\"\n\t\t\taria-label=\"Agrandir\"\n\t\t\tdata-wp-init=\"callbacks.initTriggerButton\"\n\t\t\tdata-wp-on--click=\"actions.showLightbox\"\n\t\t\tdata-wp-style--right=\"state.imageButtonRight\"\n\t\t\tdata-wp-style--top=\"state.imageButtonTop\"\n\t\t>\n\t\t\t<svg xmlns=\"http:\/\/www.w3.org\/2000\/svg\" width=\"12\" height=\"12\" fill=\"none\" viewBox=\"0 0 12 12\">\n\t\t\t\t<path fill=\"#fff\" d=\"M2 0a2 2 0 0 0-2 2v2h1.5V2a.5.5 0 0 1 .5-.5h2V0H2Zm2 10.5H2a.5.5 0 0 1-.5-.5V8H0v2a2 2 0 0 0 2 2h2v-1.5ZM8 12v-1.5h2a.5.5 0 0 0 .5-.5V8H12v2a2 2 0 0 1-2 2H8Zm2-12a2 2 0 0 1 2 2v2h-1.5V2a.5.5 0 0 0-.5-.5H8V0h2Z\" \/>\n\t\t\t<\/svg>\n\t\t<\/button><\/figure>\n<\/div>\n\n\n\n<div class=\"wp-block-column is-layout-flow wp-block-column-is-layout-flow\" style=\"flex-basis:66.66%\">\n<h4 class=\"wp-block-heading\">Contexte de notre travail<\/h4>\n\n\n\n<p>Le Polo GGB est devenu un partenaire collaborateur de Target Malaria en 2015. Le Centre de recherche en g\u00e9n\u00e9tique et \u00e9cologie de Terni abrite un insectarium de pointe, avec un niveau 2 de confinement des arthropodes (Arthropod Containment Level 2 ou ACL-2), pour l\u2019\u00e9levage de moustiques g\u00e9n\u00e9tiquement modifi\u00e9s et l\u2019exp\u00e9rimentation sur ceux-ci.<\/p>\n\n\n\n<p>L\u2019\u00e9quipe du Polo GGB collabore avec le <a href=\"https:\/\/crisantilab.com\/\" target=\"_blank\" rel=\"noreferrer noopener\">laboratoire Crisanti<\/a> de l\u2019<a href=\"https:\/\/imperial.ac.uk\/\" target=\"_blank\" rel=\"noreferrer noopener\">Imperial College de Londres<\/a> pour d\u00e9velopper des technologies g\u00e9n\u00e9tiques comme l&rsquo;impulsion g\u00e9n\u00e9tique. Ces technologies visent \u00e0 cr\u00e9er des souches de moustiques qui pourraient \u00eatre utilis\u00e9es pour contr\u00f4ler la transmission du paludisme. Une fois que des souches de moustiques g\u00e9n\u00e9tiquement modifi\u00e9es pr\u00e9sentant des caract\u00e9ristiques adapt\u00e9es \u00e0 la lutte contre les moustiques ont \u00e9t\u00e9 produites, elles sont soumises \u00e0 des tests suppl\u00e9mentaires dans des cages int\u00e9rieures de diff\u00e9rentes tailles, ainsi que dans des environnements \u00e9cologiques plus complexes. Le laboratoire de g\u00e9n\u00e9tique et d\u2019\u00e9cologie se distingue par ses grandes cages pouvant accueillir des populations de moustiques dans un environnement semi-naturel. En simulant des environnements tropicaux dans des conditions confin\u00e9es et contr\u00f4l\u00e9es, les chercheurs s\u2019efforcent de d\u00e9terminer l\u2019efficacit\u00e9 de la technologie pour r\u00e9duire les populations de moustiques au fil du temps dans un environnement de plus en plus complexe, plus proche des applications sur le terrain.<\/p>\n\n\n\n<p>Au cours des exp\u00e9riences, des donn\u00e9es sont recueillies sur les caract\u00e9ristiques comportementales et physiques de la population de moustiques, ainsi que sur l\u2019interaction entre les moustiques de type sauvage (non modifi\u00e9s) et les moustiques g\u00e9n\u00e9tiquement modifi\u00e9s. Par exemple, l\u2019\u00e9quipe cherche \u00e0 savoir si les moustiques femelles de type sauvage s\u2019accouplent avec des m\u00e2les g\u00e9n\u00e9tiquement modifi\u00e9s. Les informations recueillies lors de ces exp\u00e9riences sont cruciales pour affiner l\u2019efficacit\u00e9 et la s\u00e9curit\u00e9 de la technologie.<\/p>\n\n\n\n<p>En outre, le laboratoire de g\u00e9nomique et de bio-informatique du Polo GGB \u00e0 Sienne soutient ces activit\u00e9s de recherche en fournissant des services de s\u00e9quen\u00e7age et de bio-informatique, qui soutiennent la caract\u00e9risation mol\u00e9culaire de nos moustiques g\u00e9n\u00e9tiquement modifi\u00e9s.<\/p>\n<\/div>\n<\/div>\n\n\n\n<div class=\"wp-block-group alignfull has-light-grey-background-color has-background firstCover ragged_edge-position-both has-global-padding is-layout-constrained wp-block-group-is-layout-constrained\" style=\"margin-top:var(--wp--preset--spacing--40);margin-bottom:var(--wp--preset--spacing--40)\">\n<h2 class=\"wp-block-heading wp-embed-aspect-16-9 wp-has-aspect-ratio\">Vid\u00e9os<\/h2>\n\n\n\n<div class=\"wp-block-columns wp-embed-aspect-16-9 wp-has-aspect-ratio is-layout-flex wp-container-core-columns-is-layout-658170e2 wp-block-columns-is-layout-flex\">\n<div class=\"wp-block-column is-layout-flow wp-block-column-is-layout-flow\" style=\"flex-basis:50%\">\n<figure class=\"wp-block-embed is-type-video is-provider-youtube wp-block-embed-youtube wp-embed-aspect-16-9 wp-has-aspect-ratio\"><div class=\"wp-block-embed__wrapper\">\n<iframe loading=\"lazy\" title=\"Entomology Explained: Alessandro Bucci\" width=\"500\" height=\"281\" src=\"https:\/\/www.youtube.com\/embed\/UFiwVxtsZEA?feature=oembed\" frameborder=\"0\" allow=\"accelerometer; autoplay; clipboard-write; encrypted-media; gyroscope; picture-in-picture; web-share\" referrerpolicy=\"strict-origin-when-cross-origin\" allowfullscreen><\/iframe>\n<\/div><\/figure>\n<\/div>\n\n\n\n<div class=\"wp-block-column is-layout-flow wp-block-column-is-layout-flow\" style=\"flex-basis:50%\">\n<figure class=\"wp-block-embed is-type-video is-provider-youtube wp-block-embed-youtube wp-embed-aspect-4-3 wp-has-aspect-ratio\"><div class=\"wp-block-embed__wrapper\">\n<iframe loading=\"lazy\" title=\"Dr Alekos Simoni for #WorldMalariaDay\" width=\"500\" height=\"375\" src=\"https:\/\/www.youtube.com\/embed\/3uGeXUaGziE?feature=oembed\" frameborder=\"0\" allow=\"accelerometer; autoplay; clipboard-write; encrypted-media; gyroscope; picture-in-picture; web-share\" referrerpolicy=\"strict-origin-when-cross-origin\" allowfullscreen><\/iframe>\n<\/div><\/figure>\n<\/div>\n<\/div>\n<\/div>\n\n\n\n<h2 class=\"wp-block-heading\">Ressources<\/h2>\n\n\n<section id=\"filtered_content-block_4991ab7ff0476f0e47b62232b0959be0\" class=\"block-filtered_content page-content__wrapper type_ block_results grid-container\"><div class=\"search_list\" data-slide=\"\">\n<article class=\"page-content__inner search_result_single year-2024 post-16338 fact_sheet type-fact_sheet status-publish hentry fact_sheet_cat-brochure\">\n <figure class=\"result_image\"><img decoding=\"async\" class=\"doc_image\" src=\"https:\/\/targetmalaria.org\/wp-content\/uploads\/2024\/02\/BrochureA5_Feb2024_It_Digital-pdf-300x425.jpg\"><\/figure><a class=\"profile_url\" href=\"https:\/\/targetmalaria.org\/fr\/virtual-press-room\/fact-sheets\/target-malaria-brochure-italien\/\" target=\"_blank\"><\/a><div class=\"single_result_content\"><div class=\"single_result_content_info\"><h4>Brochure<\/h4><h5>Target Malaria Brochure (italien)<\/h5><\/div><a href=\"https:\/\/targetmalaria.org\/fr\/virtual-press-room\/fact-sheets\/target-malaria-brochure-italien\/\" target=\"_blank\">Lire plus <i class=\"fa-solid fa-chevron-right\"><\/i><\/a><\/div><\/article>\n<article class=\"page-content__inner search_result_single year-2025 post-21417 fact_sheet type-fact_sheet status-publish hentry fact_sheet_cat-brochure country-italie\">\n <figure class=\"result_image\"><img decoding=\"async\" class=\"doc_image\" src=\"https:\/\/targetmalaria.org\/wp-content\/uploads\/2025\/07\/Italy_FS_FR_National_Jan26-pdf-300x425.jpg\"><\/figure><a class=\"profile_url\" href=\"https:\/\/targetmalaria.org\/fr\/virtual-press-room\/fact-sheets\/target-malaria-italie\/\" target=\"_blank\"><\/a><div class=\"single_result_content\"><div class=\"single_result_content_info\"><h4>Brochure<\/h4><h5>Target Malaria: Italie<\/h5><\/div><a href=\"https:\/\/targetmalaria.org\/fr\/virtual-press-room\/fact-sheets\/target-malaria-italie\/\" target=\"_blank\">Lire plus <i class=\"fa-solid fa-chevron-right\"><\/i><\/a><\/div><\/article>\n<article class=\"page-content__inner search_result_single year-2025 post-21423 fact_sheet type-fact_sheet status-publish hentry fact_sheet_cat-brochure country-italie\">\n <figure class=\"result_image\"><img decoding=\"async\" class=\"doc_image\" src=\"https:\/\/targetmalaria.org\/wp-content\/uploads\/2025\/07\/Italy_FS_IT_National_Jan26-pdf-300x425.jpg\"><\/figure><a class=\"profile_url\" href=\"https:\/\/targetmalaria.org\/fr\/virtual-press-room\/fact-sheets\/target-malaria-italie-italien\/\" target=\"_blank\"><\/a><div class=\"single_result_content\"><div class=\"single_result_content_info\"><h4>Brochure<\/h4><h5>Target Malaria: Italie (italien)<\/h5><\/div><a href=\"https:\/\/targetmalaria.org\/fr\/virtual-press-room\/fact-sheets\/target-malaria-italie-italien\/\" target=\"_blank\">Lire plus <i class=\"fa-solid fa-chevron-right\"><\/i><\/a><\/div><\/article><\/div><\/section>\n\n\n<h2 class=\"wp-block-heading\">Contact<\/h2>\n\n\n\n<div class=\"wp-block-buttons is-layout-flex wp-block-buttons-is-layout-flex\">\n<div class=\"wp-block-button firstButton\"><a class=\"wp-block-button__link wp-element-button\" href=\"https:\/\/targetmalaria.org\/fr\/qui-sommes-nous\/contactez-nous\/\">Contactez-nous<\/a><\/div>\n<\/div>\n\n\n\n<div style=\"height:100px\" aria-hidden=\"true\" class=\"wp-block-spacer\"><\/div>\n","protected":false},"excerpt":{"rendered":"<p>Le travail de Target Malaria en Italie est dirig\u00e9 par le Polo d\u2019Innovazione di Genomica, Genetica e Biologia (Polo GGB) \u00e0 Terni et Sienne.<\/p>\n","protected":false},"author":31,"featured_media":10635,"parent":5030,"menu_order":12,"comment_status":"closed","ping_status":"closed","template":"","meta":{"_acf_changed":false,"_relevanssi_hide_post":"","_relevanssi_hide_content":"","_relevanssi_pin_for_all":"","_relevanssi_pin_keywords":"","_relevanssi_unpin_keywords":"","_relevanssi_related_keywords":"","_relevanssi_related_include_ids":"","_relevanssi_related_exclude_ids":"","_relevanssi_related_no_append":"","_relevanssi_related_not_related":"","_relevanssi_related_posts":"","_relevanssi_noindex_reason":"","featured_image_focal_point":[],"footnotes":""},"class_list":["post-14023","page","type-page","status-publish","has-post-thumbnail","hentry"],"acf":[],"yoast_head":"<!-- This site is optimized with the Yoast SEO plugin v27.3 - https:\/\/yoast.com\/product\/yoast-seo-wordpress\/ -->\n<title>Italie - Target Malaria<\/title>\n<meta name=\"robots\" content=\"index, follow, max-snippet:-1, max-image-preview:large, max-video-preview:-1\" \/>\n<link rel=\"canonical\" href=\"https:\/\/targetmalaria.org\/fr\/qui-sommes-nous\/dans-quels-pays\/italie\/\" \/>\n<meta property=\"og:locale\" content=\"fr_FR\" \/>\n<meta property=\"og:type\" content=\"article\" \/>\n<meta property=\"og:title\" content=\"Italie - Target Malaria\" \/>\n<meta property=\"og:description\" content=\"Le travail de Target Malaria en Italie est dirig\u00e9 par le Polo d\u2019Innovazione di Genomica, Genetica e Biologia (Polo GGB) \u00e0 Terni et Sienne.\" \/>\n<meta property=\"og:url\" content=\"https:\/\/targetmalaria.org\/fr\/qui-sommes-nous\/dans-quels-pays\/italie\/\" \/>\n<meta property=\"og:site_name\" content=\"Target Malaria\" \/>\n<meta property=\"article:publisher\" content=\"https:\/\/www.facebook.com\/TargetMalariaGlobal\/\" \/>\n<meta property=\"article:modified_time\" content=\"2025-11-15T13:02:42+00:00\" \/>\n<meta property=\"og:image\" content=\"https:\/\/targetmalaria.org\/wp-content\/uploads\/2023\/03\/190605_DG_ICL_TMTerni-059-scaled.jpg\" \/>\n\t<meta property=\"og:image:width\" content=\"2560\" \/>\n\t<meta property=\"og:image:height\" content=\"1707\" \/>\n\t<meta property=\"og:image:type\" content=\"image\/jpeg\" \/>\n<meta name=\"twitter:card\" content=\"summary_large_image\" \/>\n<meta name=\"twitter:site\" content=\"@TargetMalaria\" \/>\n<meta name=\"twitter:label1\" content=\"Dur\u00e9e de lecture estim\u00e9e\" \/>\n\t<meta name=\"twitter:data1\" content=\"3 minutes\" \/>\n<script type=\"application\/ld+json\" class=\"yoast-schema-graph\">{\"@context\":\"https:\\\/\\\/schema.org\",\"@graph\":[{\"@type\":\"WebPage\",\"@id\":\"https:\\\/\\\/targetmalaria.org\\\/fr\\\/qui-sommes-nous\\\/dans-quels-pays\\\/italie\\\/\",\"url\":\"https:\\\/\\\/targetmalaria.org\\\/fr\\\/qui-sommes-nous\\\/dans-quels-pays\\\/italie\\\/\",\"name\":\"Italie - Target Malaria\",\"isPartOf\":{\"@id\":\"https:\\\/\\\/targetmalaria.org\\\/fr\\\/#website\"},\"primaryImageOfPage\":{\"@id\":\"https:\\\/\\\/targetmalaria.org\\\/fr\\\/qui-sommes-nous\\\/dans-quels-pays\\\/italie\\\/#primaryimage\"},\"image\":{\"@id\":\"https:\\\/\\\/targetmalaria.org\\\/fr\\\/qui-sommes-nous\\\/dans-quels-pays\\\/italie\\\/#primaryimage\"},\"thumbnailUrl\":\"https:\\\/\\\/targetmalaria.org\\\/wp-content\\\/uploads\\\/2023\\\/03\\\/190605_DG_ICL_TMTerni-059-scaled.jpg\",\"datePublished\":\"2023-09-07T10:04:30+00:00\",\"dateModified\":\"2025-11-15T13:02:42+00:00\",\"breadcrumb\":{\"@id\":\"https:\\\/\\\/targetmalaria.org\\\/fr\\\/qui-sommes-nous\\\/dans-quels-pays\\\/italie\\\/#breadcrumb\"},\"inLanguage\":\"fr-FR\",\"potentialAction\":[{\"@type\":\"ReadAction\",\"target\":[\"https:\\\/\\\/targetmalaria.org\\\/fr\\\/qui-sommes-nous\\\/dans-quels-pays\\\/italie\\\/\"]}]},{\"@type\":\"ImageObject\",\"inLanguage\":\"fr-FR\",\"@id\":\"https:\\\/\\\/targetmalaria.org\\\/fr\\\/qui-sommes-nous\\\/dans-quels-pays\\\/italie\\\/#primaryimage\",\"url\":\"https:\\\/\\\/targetmalaria.org\\\/wp-content\\\/uploads\\\/2023\\\/03\\\/190605_DG_ICL_TMTerni-059-scaled.jpg\",\"contentUrl\":\"https:\\\/\\\/targetmalaria.org\\\/wp-content\\\/uploads\\\/2023\\\/03\\\/190605_DG_ICL_TMTerni-059-scaled.jpg\",\"width\":2560,\"height\":1707,\"caption\":\"Larges cages in Polo GGB, Terni, Italy\"},{\"@type\":\"BreadcrumbList\",\"@id\":\"https:\\\/\\\/targetmalaria.org\\\/fr\\\/qui-sommes-nous\\\/dans-quels-pays\\\/italie\\\/#breadcrumb\",\"itemListElement\":[{\"@type\":\"ListItem\",\"position\":1,\"name\":\"Home\",\"item\":\"https:\\\/\\\/targetmalaria.org\\\/fr\\\/\"},{\"@type\":\"ListItem\",\"position\":2,\"name\":\"Qui sommes-nous?\",\"item\":\"https:\\\/\\\/targetmalaria.org\\\/fr\\\/qui-sommes-nous\\\/\"},{\"@type\":\"ListItem\",\"position\":3,\"name\":\"Dans quels pays?\",\"item\":\"https:\\\/\\\/targetmalaria.org\\\/fr\\\/qui-sommes-nous\\\/dans-quels-pays\\\/\"},{\"@type\":\"ListItem\",\"position\":4,\"name\":\"Italie\"}]},{\"@type\":\"WebSite\",\"@id\":\"https:\\\/\\\/targetmalaria.org\\\/fr\\\/#website\",\"url\":\"https:\\\/\\\/targetmalaria.org\\\/fr\\\/\",\"name\":\"Target Malaria\",\"description\":\"\",\"publisher\":{\"@id\":\"https:\\\/\\\/targetmalaria.org\\\/fr\\\/#organization\"},\"potentialAction\":[{\"@type\":\"SearchAction\",\"target\":{\"@type\":\"EntryPoint\",\"urlTemplate\":\"https:\\\/\\\/targetmalaria.org\\\/fr\\\/?s={search_term_string}\"},\"query-input\":{\"@type\":\"PropertyValueSpecification\",\"valueRequired\":true,\"valueName\":\"search_term_string\"}}],\"inLanguage\":\"fr-FR\"},{\"@type\":\"Organization\",\"@id\":\"https:\\\/\\\/targetmalaria.org\\\/fr\\\/#organization\",\"name\":\"Target Malaria\",\"url\":\"https:\\\/\\\/targetmalaria.org\\\/fr\\\/\",\"logo\":{\"@type\":\"ImageObject\",\"inLanguage\":\"fr-FR\",\"@id\":\"https:\\\/\\\/targetmalaria.org\\\/fr\\\/#\\\/schema\\\/logo\\\/image\\\/\",\"url\":\"https:\\\/\\\/targetmalaria.org\\\/wp-content\\\/uploads\\\/2025\\\/08\\\/target_malaria_bf_logo.png\",\"contentUrl\":\"https:\\\/\\\/targetmalaria.org\\\/wp-content\\\/uploads\\\/2025\\\/08\\\/target_malaria_bf_logo.png\",\"width\":1920,\"height\":1080,\"caption\":\"Target Malaria\"},\"image\":{\"@id\":\"https:\\\/\\\/targetmalaria.org\\\/fr\\\/#\\\/schema\\\/logo\\\/image\\\/\"},\"sameAs\":[\"https:\\\/\\\/www.facebook.com\\\/TargetMalariaGlobal\\\/\",\"https:\\\/\\\/x.com\\\/TargetMalaria\",\"https:\\\/\\\/www.linkedin.com\\\/company\\\/target-malaria\",\"https:\\\/\\\/youtube.com\\\/@TargetMalaria\"]}]}<\/script>\n<!-- \/ Yoast SEO plugin. -->","yoast_head_json":{"title":"Italie - Target Malaria","robots":{"index":"index","follow":"follow","max-snippet":"max-snippet:-1","max-image-preview":"max-image-preview:large","max-video-preview":"max-video-preview:-1"},"canonical":"https:\/\/targetmalaria.org\/fr\/qui-sommes-nous\/dans-quels-pays\/italie\/","og_locale":"fr_FR","og_type":"article","og_title":"Italie - Target Malaria","og_description":"Le travail de Target Malaria en Italie est dirig\u00e9 par le Polo d\u2019Innovazione di Genomica, Genetica e Biologia (Polo GGB) \u00e0 Terni et Sienne.","og_url":"https:\/\/targetmalaria.org\/fr\/qui-sommes-nous\/dans-quels-pays\/italie\/","og_site_name":"Target Malaria","article_publisher":"https:\/\/www.facebook.com\/TargetMalariaGlobal\/","article_modified_time":"2025-11-15T13:02:42+00:00","og_image":[{"width":2560,"height":1707,"url":"https:\/\/targetmalaria.org\/wp-content\/uploads\/2023\/03\/190605_DG_ICL_TMTerni-059-scaled.jpg","type":"image\/jpeg"}],"twitter_card":"summary_large_image","twitter_site":"@TargetMalaria","twitter_misc":{"Dur\u00e9e de lecture estim\u00e9e":"3 minutes"},"schema":{"@context":"https:\/\/schema.org","@graph":[{"@type":"WebPage","@id":"https:\/\/targetmalaria.org\/fr\/qui-sommes-nous\/dans-quels-pays\/italie\/","url":"https:\/\/targetmalaria.org\/fr\/qui-sommes-nous\/dans-quels-pays\/italie\/","name":"Italie - Target Malaria","isPartOf":{"@id":"https:\/\/targetmalaria.org\/fr\/#website"},"primaryImageOfPage":{"@id":"https:\/\/targetmalaria.org\/fr\/qui-sommes-nous\/dans-quels-pays\/italie\/#primaryimage"},"image":{"@id":"https:\/\/targetmalaria.org\/fr\/qui-sommes-nous\/dans-quels-pays\/italie\/#primaryimage"},"thumbnailUrl":"https:\/\/targetmalaria.org\/wp-content\/uploads\/2023\/03\/190605_DG_ICL_TMTerni-059-scaled.jpg","datePublished":"2023-09-07T10:04:30+00:00","dateModified":"2025-11-15T13:02:42+00:00","breadcrumb":{"@id":"https:\/\/targetmalaria.org\/fr\/qui-sommes-nous\/dans-quels-pays\/italie\/#breadcrumb"},"inLanguage":"fr-FR","potentialAction":[{"@type":"ReadAction","target":["https:\/\/targetmalaria.org\/fr\/qui-sommes-nous\/dans-quels-pays\/italie\/"]}]},{"@type":"ImageObject","inLanguage":"fr-FR","@id":"https:\/\/targetmalaria.org\/fr\/qui-sommes-nous\/dans-quels-pays\/italie\/#primaryimage","url":"https:\/\/targetmalaria.org\/wp-content\/uploads\/2023\/03\/190605_DG_ICL_TMTerni-059-scaled.jpg","contentUrl":"https:\/\/targetmalaria.org\/wp-content\/uploads\/2023\/03\/190605_DG_ICL_TMTerni-059-scaled.jpg","width":2560,"height":1707,"caption":"Larges cages in Polo GGB, Terni, Italy"},{"@type":"BreadcrumbList","@id":"https:\/\/targetmalaria.org\/fr\/qui-sommes-nous\/dans-quels-pays\/italie\/#breadcrumb","itemListElement":[{"@type":"ListItem","position":1,"name":"Home","item":"https:\/\/targetmalaria.org\/fr\/"},{"@type":"ListItem","position":2,"name":"Qui sommes-nous?","item":"https:\/\/targetmalaria.org\/fr\/qui-sommes-nous\/"},{"@type":"ListItem","position":3,"name":"Dans quels pays?","item":"https:\/\/targetmalaria.org\/fr\/qui-sommes-nous\/dans-quels-pays\/"},{"@type":"ListItem","position":4,"name":"Italie"}]},{"@type":"WebSite","@id":"https:\/\/targetmalaria.org\/fr\/#website","url":"https:\/\/targetmalaria.org\/fr\/","name":"Target Malaria","description":"","publisher":{"@id":"https:\/\/targetmalaria.org\/fr\/#organization"},"potentialAction":[{"@type":"SearchAction","target":{"@type":"EntryPoint","urlTemplate":"https:\/\/targetmalaria.org\/fr\/?s={search_term_string}"},"query-input":{"@type":"PropertyValueSpecification","valueRequired":true,"valueName":"search_term_string"}}],"inLanguage":"fr-FR"},{"@type":"Organization","@id":"https:\/\/targetmalaria.org\/fr\/#organization","name":"Target Malaria","url":"https:\/\/targetmalaria.org\/fr\/","logo":{"@type":"ImageObject","inLanguage":"fr-FR","@id":"https:\/\/targetmalaria.org\/fr\/#\/schema\/logo\/image\/","url":"https:\/\/targetmalaria.org\/wp-content\/uploads\/2025\/08\/target_malaria_bf_logo.png","contentUrl":"https:\/\/targetmalaria.org\/wp-content\/uploads\/2025\/08\/target_malaria_bf_logo.png","width":1920,"height":1080,"caption":"Target Malaria"},"image":{"@id":"https:\/\/targetmalaria.org\/fr\/#\/schema\/logo\/image\/"},"sameAs":["https:\/\/www.facebook.com\/TargetMalariaGlobal\/","https:\/\/x.com\/TargetMalaria","https:\/\/www.linkedin.com\/company\/target-malaria","https:\/\/youtube.com\/@TargetMalaria"]}]}},"_links":{"self":[{"href":"https:\/\/targetmalaria.org\/fr\/wp-json\/wp\/v2\/pages\/14023","targetHints":{"allow":["GET"]}}],"collection":[{"href":"https:\/\/targetmalaria.org\/fr\/wp-json\/wp\/v2\/pages"}],"about":[{"href":"https:\/\/targetmalaria.org\/fr\/wp-json\/wp\/v2\/types\/page"}],"author":[{"embeddable":true,"href":"https:\/\/targetmalaria.org\/fr\/wp-json\/wp\/v2\/users\/31"}],"replies":[{"embeddable":true,"href":"https:\/\/targetmalaria.org\/fr\/wp-json\/wp\/v2\/comments?post=14023"}],"version-history":[{"count":7,"href":"https:\/\/targetmalaria.org\/fr\/wp-json\/wp\/v2\/pages\/14023\/revisions"}],"predecessor-version":[{"id":23282,"href":"https:\/\/targetmalaria.org\/fr\/wp-json\/wp\/v2\/pages\/14023\/revisions\/23282"}],"up":[{"embeddable":true,"href":"https:\/\/targetmalaria.org\/fr\/wp-json\/wp\/v2\/pages\/5030"}],"wp:featuredmedia":[{"embeddable":true,"href":"https:\/\/targetmalaria.org\/fr\/wp-json\/wp\/v2\/media\/10635"}],"wp:attachment":[{"href":"https:\/\/targetmalaria.org\/fr\/wp-json\/wp\/v2\/media?parent=14023"}],"curies":[{"name":"wp","href":"https:\/\/api.w.org\/{rel}","templated":true}]}}