{"id":13684,"date":"2023-08-14T11:10:55","date_gmt":"2023-08-14T10:10:55","guid":{"rendered":"https:\/\/targetmalaria.org\/actualites-2\/"},"modified":"2025-03-19T18:07:23","modified_gmt":"2025-03-19T18:07:23","slug":"latest","status":"publish","type":"page","link":"https:\/\/targetmalaria.org\/fr\/latest\/","title":{"rendered":"Actualit\u00e9s"},"content":{"rendered":"\n<div class=\"wp-block-columns is-layout-flex wp-container-core-columns-is-layout-28f84493 wp-block-columns-is-layout-flex\">\n<div class=\"wp-block-column is-layout-flow wp-block-column-is-layout-flow\">\n<h2 class=\"wp-block-heading has-dark-green-color has-text-color has-link-color wp-elements-b8eeb636f09430b8a9b2571d16288f86\">Actus<\/h2>\n\n\n<section id=\"filtered_content-block_b2c58754a690c25c0fa8e807e0bb8aec\" class=\"block-filtered_content page-content__wrapper type_post latest-view\"><div class=\"search_list\" data-slide=\"\">\n<article class=\"page-content__inner search_result_single year-2026 post-24053 post type-post status-publish format-standard has-post-thumbnail hentry category-actus country-royaume-uni post_writers-ndeye-mane-sall-fr\">\n <figure class=\"result_image\"><img loading=\"lazy\" decoding=\"async\" width=\"1024\" height=\"768\" src=\"https:\/\/targetmalaria.org\/wp-content\/uploads\/2026\/03\/GHNGDelegation-1-e1774879941751-1024x768.jpg\" class=\"alignleft wp-post-image\" alt=\"Journalists visit Imperial College London\" srcset=\"https:\/\/targetmalaria.org\/wp-content\/uploads\/2026\/03\/GHNGDelegation-1-e1774879941751-1024x768.jpg 1024w, https:\/\/targetmalaria.org\/wp-content\/uploads\/2026\/03\/GHNGDelegation-1-e1774879941751-425x319.jpg 425w, https:\/\/targetmalaria.org\/wp-content\/uploads\/2026\/03\/GHNGDelegation-1-e1774879941751-768x576.jpg 768w, https:\/\/targetmalaria.org\/wp-content\/uploads\/2026\/03\/GHNGDelegation-1-e1774879941751.jpg 1200w\" sizes=\"auto, (max-width: 1024px) 100vw, 1024px\" \/><\/figure><a class=\"profile_url\" href=\"https:\/\/targetmalaria.org\/fr\/latest\/actus\/science-journalists-from-ghana-and-nigeria-discover-gene-drive-a-technology-in-the-making-at-imperial-college-london\/\" target=\"_self\"><\/a><div class=\"single_result_content\"><div class=\"single_result_content_info\"><h4><span class=\"result_cat\">Actus \u2013 <\/span>26 mars 2026<\/h4><h5>Des journalistes scientifiques du Ghana et du Nigeria d\u00e9couvrent l\u2019impulsion g\u00e9n\u00e9tique, une technologie en  cours de d\u00e9veloppement \u00e0 l&rsquo;Imperial College de Londres<\/h5><div class=\"author_by\">Par Ndeye Mane Sall<\/div><p><\/p><\/div><a href=\"https:\/\/targetmalaria.org\/fr\/latest\/actus\/science-journalists-from-ghana-and-nigeria-discover-gene-drive-a-technology-in-the-making-at-imperial-college-london\/\" target=\"_blank\">Lire plus <i class=\"fa-solid fa-chevron-right\"><\/i><\/a><\/div><\/article>\n<article class=\"page-content__inner search_result_single year-2026 post-23893 post type-post status-publish format-standard has-post-thumbnail hentry category-actus country-royaume-uni post_writers-federica-bernardini-fr\">\n <figure class=\"result_image\"><img loading=\"lazy\" decoding=\"async\" style=\"object-position:50% 23%;\" width=\"1024\" height=\"768\" src=\"https:\/\/targetmalaria.org\/wp-content\/uploads\/2026\/03\/Sir-Stephen-OBrien-T0-TM-Visit-1024x768.jpg\" class=\"alignleft wp-post-image\" alt=\"Sir Stephen O&#039;Brien T0 TM Visit\" srcset=\"https:\/\/targetmalaria.org\/wp-content\/uploads\/2026\/03\/Sir-Stephen-OBrien-T0-TM-Visit-1024x768.jpg 1024w, https:\/\/targetmalaria.org\/wp-content\/uploads\/2026\/03\/Sir-Stephen-OBrien-T0-TM-Visit-425x319.jpg 425w, https:\/\/targetmalaria.org\/wp-content\/uploads\/2026\/03\/Sir-Stephen-OBrien-T0-TM-Visit-768x576.jpg 768w, https:\/\/targetmalaria.org\/wp-content\/uploads\/2026\/03\/Sir-Stephen-OBrien-T0-TM-Visit-1536x1152.jpg 1536w, https:\/\/targetmalaria.org\/wp-content\/uploads\/2026\/03\/Sir-Stephen-OBrien-T0-TM-Visit.jpg 1920w\" sizes=\"auto, (max-width: 1024px) 100vw, 1024px\" \/><\/figure><a class=\"profile_url\" href=\"https:\/\/targetmalaria.org\/fr\/latest\/actus\/sir-stephen-obrien-visits-imperial-college-london\/\" target=\"_self\"><\/a><div class=\"single_result_content\"><div class=\"single_result_content_info\"><h4><span class=\"result_cat\">Actus \u2013 <\/span>13 mars 2026<\/h4><h5>Le tr\u00e8s honorable Sir Stephen O\u2019Brien visite l\u2019Imperial College de Londres<\/h5><div class=\"author_by\">Par Dr Federica Bernardini<\/div><p><\/p><\/div><a href=\"https:\/\/targetmalaria.org\/fr\/latest\/actus\/sir-stephen-obrien-visits-imperial-college-london\/\" target=\"_blank\">Lire plus <i class=\"fa-solid fa-chevron-right\"><\/i><\/a><\/div><\/article>\n<article class=\"page-content__inner search_result_single year-2026 post-23876 post type-post status-publish format-standard has-post-thumbnail hentry category-actus country-royaume-uni post_writers-tony-nolan-fr\">\n <figure class=\"result_image\"><img loading=\"lazy\" decoding=\"async\" width=\"1024\" height=\"724\" src=\"https:\/\/targetmalaria.org\/wp-content\/uploads\/2026\/03\/documents_553266fdb13_260b91b0dc3_LSTM_marque-40_1724934904822_2500x2500-1024x724.png\" class=\"alignleft wp-post-image\" alt=\"LSTM logo\" srcset=\"https:\/\/targetmalaria.org\/wp-content\/uploads\/2026\/03\/documents_553266fdb13_260b91b0dc3_LSTM_marque-40_1724934904822_2500x2500-1024x724.png 1024w, https:\/\/targetmalaria.org\/wp-content\/uploads\/2026\/03\/documents_553266fdb13_260b91b0dc3_LSTM_marque-40_1724934904822_2500x2500-425x301.png 425w, https:\/\/targetmalaria.org\/wp-content\/uploads\/2026\/03\/documents_553266fdb13_260b91b0dc3_LSTM_marque-40_1724934904822_2500x2500-768x543.png 768w, https:\/\/targetmalaria.org\/wp-content\/uploads\/2026\/03\/documents_553266fdb13_260b91b0dc3_LSTM_marque-40_1724934904822_2500x2500-1536x1086.png 1536w, https:\/\/targetmalaria.org\/wp-content\/uploads\/2026\/03\/documents_553266fdb13_260b91b0dc3_LSTM_marque-40_1724934904822_2500x2500-2048x1448.png 2048w\" sizes=\"auto, (max-width: 1024px) 100vw, 1024px\" \/><\/figure><a class=\"profile_url\" href=\"https:\/\/targetmalaria.org\/fr\/latest\/actus\/liverpool-school-of-tropical-medicine-joins-the-target-malaria-consortium\/\" target=\"_self\"><\/a><div class=\"single_result_content\"><div class=\"single_result_content_info\"><h4><span class=\"result_cat\">Actus \u2013 <\/span>10 mars 2026<\/h4><h5>L\u2019Ecole de m\u00e9decine tropicale de Liverpool rejoint le consortium Target Malaria<\/h5><div class=\"author_by\">Par Dr Tony Nolan<\/div><p><\/p><\/div><a href=\"https:\/\/targetmalaria.org\/fr\/latest\/actus\/liverpool-school-of-tropical-medicine-joins-the-target-malaria-consortium\/\" target=\"_blank\">Lire plus <i class=\"fa-solid fa-chevron-right\"><\/i><\/a><\/div><\/article><\/div><\/section>\n\n\n<div class=\"wp-block-buttons is-layout-flex wp-block-buttons-is-layout-flex\">\n<div class=\"wp-block-button firstButton\"><a class=\"wp-block-button__link has-dark-green-background-color has-background wp-element-button\" href=\"https:\/\/targetmalaria.org\/fr\/actus\/\">Voir toutes les actus<\/a><\/div>\n<\/div>\n<\/div>\n\n\n\n<div class=\"wp-block-column is-layout-flow wp-block-column-is-layout-flow\">\n<h2 class=\"wp-block-heading has-light-blue-color has-text-color has-link-color wp-elements-5400ae1c011dff0d47527a97befab925\">Blog<\/h2>\n\n\n<section id=\"filtered_content-block_a010b0732a061bd7feb2b91f4397924f\" class=\"block-filtered_content page-content__wrapper type_post latest-view\"><div class=\"search_list\" data-slide=\"\">\n<article class=\"page-content__inner search_result_single year-2026 post-24250 post type-post status-publish format-standard has-post-thumbnail hentry category-blog category-jeunes-scientifiques country-ouganda country-europe-fr-2 country-royaume-uni post_writers-ndeye-mane-sall-fr\">\n <figure class=\"result_image\"><img loading=\"lazy\" decoding=\"async\" width=\"1024\" height=\"732\" src=\"https:\/\/targetmalaria.org\/wp-content\/uploads\/2026\/04\/YoungScientistWebinar_Mar2026-1024x732.png\" class=\"alignleft wp-post-image\" alt=\"Young Scientist webinar poster\" srcset=\"https:\/\/targetmalaria.org\/wp-content\/uploads\/2026\/04\/YoungScientistWebinar_Mar2026-1024x732.png 1024w, https:\/\/targetmalaria.org\/wp-content\/uploads\/2026\/04\/YoungScientistWebinar_Mar2026-425x304.png 425w, https:\/\/targetmalaria.org\/wp-content\/uploads\/2026\/04\/YoungScientistWebinar_Mar2026-768x549.png 768w, https:\/\/targetmalaria.org\/wp-content\/uploads\/2026\/04\/YoungScientistWebinar_Mar2026-1536x1097.png 1536w, https:\/\/targetmalaria.org\/wp-content\/uploads\/2026\/04\/YoungScientistWebinar_Mar2026.png 2000w\" sizes=\"auto, (max-width: 1024px) 100vw, 1024px\" \/><\/figure><a class=\"profile_url\" href=\"https:\/\/targetmalaria.org\/fr\/latest\/blog\/young-scientists-network-hosts-webinar-on-careers-in-malaria-research\/\" target=\"_self\"><\/a><div class=\"single_result_content\"><div class=\"single_result_content_info\"><h4><span class=\"result_cat\">Blog \u2013 <\/span>01 avril 2026<\/h4><h5>Le R\u00e9seau des jeunes scientifiques organise un webinaire sur les carri\u00e8res dans la recherche sur le paludisme<\/h5><div class=\"author_by\">Par Ndeye Mane Sall<\/div><p><\/p><\/div><a href=\"https:\/\/targetmalaria.org\/fr\/latest\/blog\/young-scientists-network-hosts-webinar-on-careers-in-malaria-research\/\" target=\"_blank\">Lire plus <i class=\"fa-solid fa-chevron-right\"><\/i><\/a><\/div><\/article>\n<article class=\"page-content__inner search_result_single year-2026 post-24040 post type-post status-publish format-standard has-post-thumbnail hentry category-blog country-ouganda post_writers-james-obua-okwir-fr\">\n <figure class=\"result_image\"><img loading=\"lazy\" decoding=\"async\" style=\"object-position:45% 8%;\" width=\"1024\" height=\"683\" src=\"https:\/\/targetmalaria.org\/wp-content\/uploads\/2026\/03\/UMIS-PHOT-1024x683.jpg\" class=\"alignleft wp-post-image\" alt=\"UMIS_Photo\" srcset=\"https:\/\/targetmalaria.org\/wp-content\/uploads\/2026\/03\/UMIS-PHOT-1024x683.jpg 1024w, https:\/\/targetmalaria.org\/wp-content\/uploads\/2026\/03\/UMIS-PHOT-425x283.jpg 425w, https:\/\/targetmalaria.org\/wp-content\/uploads\/2026\/03\/UMIS-PHOT-768x512.jpg 768w, https:\/\/targetmalaria.org\/wp-content\/uploads\/2026\/03\/UMIS-PHOT-1536x1024.jpg 1536w, https:\/\/targetmalaria.org\/wp-content\/uploads\/2026\/03\/UMIS-PHOT-2048x1366.jpg 2048w\" sizes=\"auto, (max-width: 1024px) 100vw, 1024px\" \/><\/figure><a class=\"profile_url\" href=\"https:\/\/targetmalaria.org\/fr\/latest\/blog\/bridging-data-and-communities-in-the-fight-against-malaria\/\" target=\"_self\"><\/a><div class=\"single_result_content\"><div class=\"single_result_content_info\"><h4><span class=\"result_cat\">Blog \u2013 <\/span>24 mars 2026<\/h4><h5>Rapprocher les donn\u00e9es et les communaut\u00e9s dans la lutte contre le paludisme<\/h5><div class=\"author_by\">Par James Obua Okwir<\/div><p><\/p><\/div><a href=\"https:\/\/targetmalaria.org\/fr\/latest\/blog\/bridging-data-and-communities-in-the-fight-against-malaria\/\" target=\"_blank\">Lire plus <i class=\"fa-solid fa-chevron-right\"><\/i><\/a><\/div><\/article>\n<article class=\"page-content__inner search_result_single year-2026 post-23913 post type-post status-publish format-standard hentry category-blog country-royaume-uni post_writers-samantha-oloughlin-fr\">\n <figure class=\"result_image\"><img decoding=\"async\" src=\"https:\/\/targetmalaria.org\/wp-content\/uploads\/2023\/01\/Profile_2024_OLoughlin_Samantha-815x1024.jpg\"><\/figure><a class=\"profile_url\" href=\"https:\/\/targetmalaria.org\/fr\/latest\/blog\/21eme-atelier-du-groupe-de-travail-sur-la-lutte-antivectorielle\/\" target=\"_self\"><\/a><div class=\"single_result_content\"><div class=\"single_result_content_info\"><h4><span class=\"result_cat\">Blog \u2013 <\/span>19 mars 2026<\/h4><h5>21\u00e8me atelier du Groupe de travail sur la lutte antivectorielle<\/h5><div class=\"author_by\">Par Dr Samantha O\u2019Loughlin<\/div><p><\/p><\/div><a href=\"https:\/\/targetmalaria.org\/fr\/latest\/blog\/21eme-atelier-du-groupe-de-travail-sur-la-lutte-antivectorielle\/\" target=\"_blank\">Lire plus <i class=\"fa-solid fa-chevron-right\"><\/i><\/a><\/div><\/article><\/div><\/section>\n\n\n<div class=\"wp-block-buttons is-layout-flex wp-block-buttons-is-layout-flex\">\n<div class=\"wp-block-button firstButton\"><a class=\"wp-block-button__link wp-element-button\" href=\"https:\/\/targetmalaria.org\/fr\/blog\/\">Voir tous les blogs<\/a><\/div>\n<\/div>\n<\/div>\n<\/div>\n\n\n\n<p><\/p>\n","protected":false},"excerpt":{"rendered":"<p>Actus Blog<\/p>\n","protected":false},"author":31,"featured_media":0,"parent":0,"menu_order":83,"comment_status":"closed","ping_status":"closed","template":"","meta":{"_acf_changed":false,"_relevanssi_hide_post":"","_relevanssi_hide_content":"","_relevanssi_pin_for_all":"","_relevanssi_pin_keywords":"","_relevanssi_unpin_keywords":"","_relevanssi_related_keywords":"","_relevanssi_related_include_ids":"","_relevanssi_related_exclude_ids":"","_relevanssi_related_no_append":"","_relevanssi_related_not_related":"","_relevanssi_related_posts":"","_relevanssi_noindex_reason":"","featured_image_focal_point":[],"footnotes":""},"class_list":["post-13684","page","type-page","status-publish","hentry"],"acf":[],"yoast_head":"<!-- This site is optimized with the Yoast SEO plugin v27.3 - https:\/\/yoast.com\/product\/yoast-seo-wordpress\/ -->\n<title>Actualit\u00e9s - Target Malaria<\/title>\n<meta name=\"robots\" content=\"index, follow, max-snippet:-1, max-image-preview:large, max-video-preview:-1\" \/>\n<link rel=\"canonical\" href=\"https:\/\/targetmalaria.org\/fr\/latest\/\" \/>\n<meta property=\"og:locale\" content=\"fr_FR\" \/>\n<meta property=\"og:type\" content=\"article\" \/>\n<meta property=\"og:title\" content=\"Actualit\u00e9s - Target Malaria\" \/>\n<meta property=\"og:description\" content=\"Actus Blog\" \/>\n<meta property=\"og:url\" content=\"https:\/\/targetmalaria.org\/fr\/latest\/\" \/>\n<meta property=\"og:site_name\" content=\"Target Malaria\" \/>\n<meta property=\"article:publisher\" content=\"https:\/\/www.facebook.com\/TargetMalariaGlobal\/\" \/>\n<meta property=\"article:modified_time\" content=\"2025-03-19T18:07:23+00:00\" \/>\n<meta name=\"twitter:card\" content=\"summary_large_image\" \/>\n<meta name=\"twitter:site\" content=\"@TargetMalaria\" \/>\n<meta name=\"twitter:label1\" content=\"Dur\u00e9e de lecture estim\u00e9e\" \/>\n\t<meta name=\"twitter:data1\" content=\"1 minute\" \/>\n<script type=\"application\/ld+json\" class=\"yoast-schema-graph\">{\"@context\":\"https:\\\/\\\/schema.org\",\"@graph\":[{\"@type\":\"WebPage\",\"@id\":\"https:\\\/\\\/targetmalaria.org\\\/fr\\\/latest\\\/\",\"url\":\"https:\\\/\\\/targetmalaria.org\\\/fr\\\/latest\\\/\",\"name\":\"Actualit\u00e9s - Target Malaria\",\"isPartOf\":{\"@id\":\"https:\\\/\\\/targetmalaria.org\\\/fr\\\/#website\"},\"datePublished\":\"2023-08-14T10:10:55+00:00\",\"dateModified\":\"2025-03-19T18:07:23+00:00\",\"breadcrumb\":{\"@id\":\"https:\\\/\\\/targetmalaria.org\\\/fr\\\/latest\\\/#breadcrumb\"},\"inLanguage\":\"fr-FR\",\"potentialAction\":[{\"@type\":\"ReadAction\",\"target\":[\"https:\\\/\\\/targetmalaria.org\\\/fr\\\/latest\\\/\"]}]},{\"@type\":\"BreadcrumbList\",\"@id\":\"https:\\\/\\\/targetmalaria.org\\\/fr\\\/latest\\\/#breadcrumb\",\"itemListElement\":[{\"@type\":\"ListItem\",\"position\":1,\"name\":\"Home\",\"item\":\"https:\\\/\\\/targetmalaria.org\\\/fr\\\/\"},{\"@type\":\"ListItem\",\"position\":2,\"name\":\"Actualit\u00e9s\"}]},{\"@type\":\"WebSite\",\"@id\":\"https:\\\/\\\/targetmalaria.org\\\/fr\\\/#website\",\"url\":\"https:\\\/\\\/targetmalaria.org\\\/fr\\\/\",\"name\":\"Target Malaria\",\"description\":\"\",\"publisher\":{\"@id\":\"https:\\\/\\\/targetmalaria.org\\\/fr\\\/#organization\"},\"potentialAction\":[{\"@type\":\"SearchAction\",\"target\":{\"@type\":\"EntryPoint\",\"urlTemplate\":\"https:\\\/\\\/targetmalaria.org\\\/fr\\\/?s={search_term_string}\"},\"query-input\":{\"@type\":\"PropertyValueSpecification\",\"valueRequired\":true,\"valueName\":\"search_term_string\"}}],\"inLanguage\":\"fr-FR\"},{\"@type\":\"Organization\",\"@id\":\"https:\\\/\\\/targetmalaria.org\\\/fr\\\/#organization\",\"name\":\"Target Malaria\",\"url\":\"https:\\\/\\\/targetmalaria.org\\\/fr\\\/\",\"logo\":{\"@type\":\"ImageObject\",\"inLanguage\":\"fr-FR\",\"@id\":\"https:\\\/\\\/targetmalaria.org\\\/fr\\\/#\\\/schema\\\/logo\\\/image\\\/\",\"url\":\"https:\\\/\\\/targetmalaria.org\\\/wp-content\\\/uploads\\\/2025\\\/08\\\/target_malaria_bf_logo.png\",\"contentUrl\":\"https:\\\/\\\/targetmalaria.org\\\/wp-content\\\/uploads\\\/2025\\\/08\\\/target_malaria_bf_logo.png\",\"width\":1920,\"height\":1080,\"caption\":\"Target Malaria\"},\"image\":{\"@id\":\"https:\\\/\\\/targetmalaria.org\\\/fr\\\/#\\\/schema\\\/logo\\\/image\\\/\"},\"sameAs\":[\"https:\\\/\\\/www.facebook.com\\\/TargetMalariaGlobal\\\/\",\"https:\\\/\\\/x.com\\\/TargetMalaria\",\"https:\\\/\\\/www.linkedin.com\\\/company\\\/target-malaria\",\"https:\\\/\\\/youtube.com\\\/@TargetMalaria\"]}]}<\/script>\n<!-- \/ Yoast SEO plugin. -->","yoast_head_json":{"title":"Actualit\u00e9s - Target Malaria","robots":{"index":"index","follow":"follow","max-snippet":"max-snippet:-1","max-image-preview":"max-image-preview:large","max-video-preview":"max-video-preview:-1"},"canonical":"https:\/\/targetmalaria.org\/fr\/latest\/","og_locale":"fr_FR","og_type":"article","og_title":"Actualit\u00e9s - Target Malaria","og_description":"Actus Blog","og_url":"https:\/\/targetmalaria.org\/fr\/latest\/","og_site_name":"Target Malaria","article_publisher":"https:\/\/www.facebook.com\/TargetMalariaGlobal\/","article_modified_time":"2025-03-19T18:07:23+00:00","twitter_card":"summary_large_image","twitter_site":"@TargetMalaria","twitter_misc":{"Dur\u00e9e de lecture estim\u00e9e":"1 minute"},"schema":{"@context":"https:\/\/schema.org","@graph":[{"@type":"WebPage","@id":"https:\/\/targetmalaria.org\/fr\/latest\/","url":"https:\/\/targetmalaria.org\/fr\/latest\/","name":"Actualit\u00e9s - Target Malaria","isPartOf":{"@id":"https:\/\/targetmalaria.org\/fr\/#website"},"datePublished":"2023-08-14T10:10:55+00:00","dateModified":"2025-03-19T18:07:23+00:00","breadcrumb":{"@id":"https:\/\/targetmalaria.org\/fr\/latest\/#breadcrumb"},"inLanguage":"fr-FR","potentialAction":[{"@type":"ReadAction","target":["https:\/\/targetmalaria.org\/fr\/latest\/"]}]},{"@type":"BreadcrumbList","@id":"https:\/\/targetmalaria.org\/fr\/latest\/#breadcrumb","itemListElement":[{"@type":"ListItem","position":1,"name":"Home","item":"https:\/\/targetmalaria.org\/fr\/"},{"@type":"ListItem","position":2,"name":"Actualit\u00e9s"}]},{"@type":"WebSite","@id":"https:\/\/targetmalaria.org\/fr\/#website","url":"https:\/\/targetmalaria.org\/fr\/","name":"Target Malaria","description":"","publisher":{"@id":"https:\/\/targetmalaria.org\/fr\/#organization"},"potentialAction":[{"@type":"SearchAction","target":{"@type":"EntryPoint","urlTemplate":"https:\/\/targetmalaria.org\/fr\/?s={search_term_string}"},"query-input":{"@type":"PropertyValueSpecification","valueRequired":true,"valueName":"search_term_string"}}],"inLanguage":"fr-FR"},{"@type":"Organization","@id":"https:\/\/targetmalaria.org\/fr\/#organization","name":"Target Malaria","url":"https:\/\/targetmalaria.org\/fr\/","logo":{"@type":"ImageObject","inLanguage":"fr-FR","@id":"https:\/\/targetmalaria.org\/fr\/#\/schema\/logo\/image\/","url":"https:\/\/targetmalaria.org\/wp-content\/uploads\/2025\/08\/target_malaria_bf_logo.png","contentUrl":"https:\/\/targetmalaria.org\/wp-content\/uploads\/2025\/08\/target_malaria_bf_logo.png","width":1920,"height":1080,"caption":"Target Malaria"},"image":{"@id":"https:\/\/targetmalaria.org\/fr\/#\/schema\/logo\/image\/"},"sameAs":["https:\/\/www.facebook.com\/TargetMalariaGlobal\/","https:\/\/x.com\/TargetMalaria","https:\/\/www.linkedin.com\/company\/target-malaria","https:\/\/youtube.com\/@TargetMalaria"]}]}},"_links":{"self":[{"href":"https:\/\/targetmalaria.org\/fr\/wp-json\/wp\/v2\/pages\/13684","targetHints":{"allow":["GET"]}}],"collection":[{"href":"https:\/\/targetmalaria.org\/fr\/wp-json\/wp\/v2\/pages"}],"about":[{"href":"https:\/\/targetmalaria.org\/fr\/wp-json\/wp\/v2\/types\/page"}],"author":[{"embeddable":true,"href":"https:\/\/targetmalaria.org\/fr\/wp-json\/wp\/v2\/users\/31"}],"replies":[{"embeddable":true,"href":"https:\/\/targetmalaria.org\/fr\/wp-json\/wp\/v2\/comments?post=13684"}],"version-history":[{"count":0,"href":"https:\/\/targetmalaria.org\/fr\/wp-json\/wp\/v2\/pages\/13684\/revisions"}],"wp:attachment":[{"href":"https:\/\/targetmalaria.org\/fr\/wp-json\/wp\/v2\/media?parent=13684"}],"curies":[{"name":"wp","href":"https:\/\/api.w.org\/{rel}","templated":true}]}}