{"id":11263,"date":"2023-03-23T10:26:10","date_gmt":"2023-03-23T10:26:10","guid":{"rendered":"https:\/\/targetmalaria.org\/notre-mission-2\/implication-des-parties-prenantes\/"},"modified":"2025-11-17T14:47:27","modified_gmt":"2025-11-17T14:47:27","slug":"implication-des-parties-prenantes","status":"publish","type":"page","link":"https:\/\/targetmalaria.org\/fr\/notre-mission\/implication-des-parties-prenantes\/","title":{"rendered":"Engagement des parties prenantes"},"content":{"rendered":"<div class=\"ragged-edge-parent alignfull\">\n<div class=\"wp-block-cover alignfull firstCover ragged_edge-position-both\" style=\"min-height:50vh;aspect-ratio:unset;\"><img loading=\"lazy\" decoding=\"async\" width=\"1024\" height=\"683\" class=\"wp-block-cover__image-background wp-image-18555 size-large\" alt=\"\" src=\"https:\/\/targetmalaria.org\/wp-content\/uploads\/2024\/10\/BURKINA_SE_05-1024x683.jpg\" style=\"object-position:75% 29%\" data-object-fit=\"cover\" data-object-position=\"75% 29%\" srcset=\"https:\/\/targetmalaria.org\/wp-content\/uploads\/2024\/10\/BURKINA_SE_05-1024x683.jpg 1024w, https:\/\/targetmalaria.org\/wp-content\/uploads\/2024\/10\/BURKINA_SE_05-425x283.jpg 425w, https:\/\/targetmalaria.org\/wp-content\/uploads\/2024\/10\/BURKINA_SE_05-768x512.jpg 768w, https:\/\/targetmalaria.org\/wp-content\/uploads\/2024\/10\/BURKINA_SE_05-300x200.jpg 300w, https:\/\/targetmalaria.org\/wp-content\/uploads\/2024\/10\/BURKINA_SE_05.jpg 1500w\" sizes=\"auto, (max-width: 1024px) 100vw, 1024px\" \/><span aria-hidden=\"true\" class=\"wp-block-cover__background has-background-dim-0 has-background-dim\"><\/span><div class=\"wp-block-cover__inner-container has-global-padding is-layout-constrained wp-block-cover-is-layout-constrained\">\n<p class=\"has-text-align-center has-large-font-size\"><\/p>\n<\/div><\/div>\n<\/div>\n\n\n<div class=\"wp-block-columns is-layout-flex wp-container-core-columns-is-layout-0884d4d2 wp-block-columns-is-layout-flex\" style=\"margin-top:var(--wp--preset--spacing--50);margin-bottom:var(--wp--preset--spacing--50)\">\n<div class=\"wp-block-column is-layout-flow wp-block-column-is-layout-flow\" style=\"flex-basis:33.33%\">\n<h3 class=\"wp-block-heading\" style=\"padding-top:0;padding-bottom:0\">L\u2019engagement des parties prenantes est un pilier cl\u00e9 de notre approche de la recherche responsable<\/h3>\n<\/div>\n\n\n\n<div class=\"wp-block-column is-layout-flow wp-block-column-is-layout-flow\" style=\"flex-basis:66.66%\">\n<p>Nous comptons des <a href=\"https:\/\/www.youtube.com\/watch?v=UNP-Zz_F_-o\" target=\"_blank\" rel=\"noreferrer noopener\">\u00e9quipes d\u2019engagement des parties prenantes<\/a> dans tous les pays o\u00f9 nous exer\u00e7ons nos activit\u00e9s en Afrique. Ces \u00e9quipes sont compos\u00e9es de sp\u00e9cialistes des sciences sociales, d\u2019experts en communications et de praticiens de l\u2019engagement des parties prenantes et sont charg\u00e9es de dialoguer avec les parties prenantes \u00e0 tous les niveaux, des communaut\u00e9s o\u00f9 nous travaillons aux autorit\u00e9s de district, en passant par des responsables gouvernementaux nationaux, des repr\u00e9sentants de la soci\u00e9t\u00e9 civile ou encore des parties prenantes internationales.<\/p>\n\n\n\n<p>Dans le cadre de ces activit\u00e9s, nous \u00e9coutons les parties prenantes, recueillons leurs questions et identifions leurs domaines d\u2019int\u00e9r\u00eat ou de pr\u00e9occupation. Sur la base de cet apprentissage, nous d\u00e9veloppons et utilisons un certain nombre d\u2019outils de communication adapt\u00e9s \u00e0 chaque public afin de partager au mieux des informations sur chaque aspect du projet, ainsi que des informations sur le paludisme et les m\u00e9thodes de pr\u00e9vention.<\/p>\n<\/div>\n<\/div>\n\n\n\n<div style=\"height:var(--wp--preset--spacing--20)\" aria-hidden=\"true\" class=\"wp-block-spacer\"><\/div>\n\n\n<section id=\"page_children-block_b9ccbe6cdd2a879fddece36f652b2704\" class=\"page-children-block\"><div class=\"search_list\">\n<article class=\"page-content__inner search_result_single year-2023 post-11087 page type-page status-publish hentry\">\n <figure class=\"result_image\"><div class=\"search_placeholder\"><\/div><\/figure><a class=\"profile_url\" href=\"https:\/\/targetmalaria.org\/fr\/notre-mission\/implication-des-parties-prenantes\/approche\/\" target=\"_self\"><\/a><div class=\"single_result_content\"><div class=\"single_result_content_info\"><h5>Approche<\/h5><p><\/p><\/div><a href=\"https:\/\/targetmalaria.org\/fr\/notre-mission\/implication-des-parties-prenantes\/approche\/\" target=\"_blank\">Lire plus <i class=\"fa-solid fa-chevron-right\"><\/i><\/a><\/div><\/article>\n<article class=\"page-content__inner search_result_single year-2023 post-11150 page type-page status-publish hentry\">\n <figure class=\"result_image\"><div class=\"search_placeholder\"><\/div><\/figure><a class=\"profile_url\" href=\"https:\/\/targetmalaria.org\/fr\/notre-mission\/implication-des-parties-prenantes\/justification\/\" target=\"_self\"><\/a><div class=\"single_result_content\"><div class=\"single_result_content_info\"><h5>Justification<\/h5><p><\/p><\/div><a href=\"https:\/\/targetmalaria.org\/fr\/notre-mission\/implication-des-parties-prenantes\/justification\/\" target=\"_blank\">Lire plus <i class=\"fa-solid fa-chevron-right\"><\/i><\/a><\/div><\/article>\n<article class=\"page-content__inner search_result_single year-2023 post-11142 page type-page status-publish hentry\">\n <figure class=\"result_image\"><div class=\"search_placeholder\"><\/div><\/figure><a class=\"profile_url\" href=\"https:\/\/targetmalaria.org\/fr\/notre-mission\/implication-des-parties-prenantes\/parties-prenantes\/\" target=\"_self\"><\/a><div class=\"single_result_content\"><div class=\"single_result_content_info\"><h5>Parties prenantes<\/h5><p><\/p><\/div><a href=\"https:\/\/targetmalaria.org\/fr\/notre-mission\/implication-des-parties-prenantes\/parties-prenantes\/\" target=\"_blank\">Lire plus <i class=\"fa-solid fa-chevron-right\"><\/i><\/a><\/div><\/article>\n<article class=\"page-content__inner search_result_single year-2023 post-11186 page type-page status-publish has-post-thumbnail hentry\">\n <figure class=\"result_image\"><img loading=\"lazy\" decoding=\"async\" style=\"object-position:45% 15%;\" width=\"1024\" height=\"768\" src=\"https:\/\/targetmalaria.org\/wp-content\/uploads\/2025\/04\/DSCN8753-K-1024x768.jpg\" class=\"alignleft wp-post-image\" alt=\"Target Malaria staff explaining to Kansambwe community leaders about the Malaise trap\" srcset=\"https:\/\/targetmalaria.org\/wp-content\/uploads\/2025\/04\/DSCN8753-K-1024x768.jpg 1024w, https:\/\/targetmalaria.org\/wp-content\/uploads\/2025\/04\/DSCN8753-K-425x319.jpg 425w, https:\/\/targetmalaria.org\/wp-content\/uploads\/2025\/04\/DSCN8753-K-768x576.jpg 768w, https:\/\/targetmalaria.org\/wp-content\/uploads\/2025\/04\/DSCN8753-K-1536x1152.jpg 1536w, https:\/\/targetmalaria.org\/wp-content\/uploads\/2025\/04\/DSCN8753-K-2048x1536.jpg 2048w, https:\/\/targetmalaria.org\/wp-content\/uploads\/2025\/04\/DSCN8753-K-300x225.jpg 300w\" sizes=\"auto, (max-width: 1024px) 100vw, 1024px\" \/><\/figure><a class=\"profile_url\" href=\"https:\/\/targetmalaria.org\/fr\/notre-mission\/implication-des-parties-prenantes\/engagement-communautaire\/\" target=\"_self\"><\/a><div class=\"single_result_content\"><div class=\"single_result_content_info\"><h5>Engagement communautaire<\/h5><p><\/p><\/div><a href=\"https:\/\/targetmalaria.org\/fr\/notre-mission\/implication-des-parties-prenantes\/engagement-communautaire\/\" target=\"_blank\">Lire plus <i class=\"fa-solid fa-chevron-right\"><\/i><\/a><\/div><\/article><\/div><\/section>","protected":false},"excerpt":{"rendered":"<p>Nous comptons des \u00e9quipes d\u2019engagement des parties prenantes dans tous les pays o\u00f9 nous exer\u00e7ons nos activit\u00e9s en Afrique. Ces \u00e9quipes sont compos\u00e9es de sp\u00e9cialistes des sciences sociales, d\u2019experts en communications et de praticiens de l\u2019engagement des parties prenantes et sont charg\u00e9es de dialoguer avec les parties prenantes \u00e0 tous les niveaux, des communaut\u00e9s o\u00f9 nous travaillons aux autorit\u00e9s de district, en passant par des responsables gouvernementaux nationaux, des repr\u00e9sentants de la soci\u00e9t\u00e9 civile ou encore des parties prenantes internationales.<\/p>\n","protected":false},"author":31,"featured_media":18556,"parent":5217,"menu_order":28,"comment_status":"closed","ping_status":"closed","template":"","meta":{"_acf_changed":false,"_relevanssi_hide_post":"","_relevanssi_hide_content":"","_relevanssi_pin_for_all":"","_relevanssi_pin_keywords":"","_relevanssi_unpin_keywords":"","_relevanssi_related_keywords":"","_relevanssi_related_include_ids":"","_relevanssi_related_exclude_ids":"","_relevanssi_related_no_append":"","_relevanssi_related_not_related":"","_relevanssi_related_posts":"","_relevanssi_noindex_reason":"","featured_image_focal_point":[],"footnotes":""},"class_list":["post-11263","page","type-page","status-publish","has-post-thumbnail","hentry"],"acf":[],"yoast_head":"<!-- This site is optimized with the Yoast SEO plugin v27.5 - https:\/\/yoast.com\/product\/yoast-seo-wordpress\/ -->\n<title>Engagement des parties prenantes - Target Malaria<\/title>\n<meta name=\"robots\" content=\"index, follow, max-snippet:-1, max-image-preview:large, max-video-preview:-1\" \/>\n<link rel=\"canonical\" href=\"https:\/\/targetmalaria.org\/fr\/notre-mission\/implication-des-parties-prenantes\/\" \/>\n<meta property=\"og:locale\" content=\"fr_FR\" \/>\n<meta property=\"og:type\" content=\"article\" \/>\n<meta property=\"og:title\" content=\"Engagement des parties prenantes - Target Malaria\" \/>\n<meta property=\"og:description\" content=\"Nous comptons des \u00e9quipes d\u2019engagement des parties prenantes dans tous les pays o\u00f9 nous exer\u00e7ons nos activit\u00e9s en Afrique. Ces \u00e9quipes sont compos\u00e9es de sp\u00e9cialistes des sciences sociales, d\u2019experts en communications et de praticiens de l\u2019engagement des parties prenantes et sont charg\u00e9es de dialoguer avec les parties prenantes \u00e0 tous les niveaux, des communaut\u00e9s o\u00f9 nous travaillons aux autorit\u00e9s de district, en passant par des responsables gouvernementaux nationaux, des repr\u00e9sentants de la soci\u00e9t\u00e9 civile ou encore des parties prenantes internationales.\" \/>\n<meta property=\"og:url\" content=\"https:\/\/targetmalaria.org\/fr\/notre-mission\/implication-des-parties-prenantes\/\" \/>\n<meta property=\"og:site_name\" content=\"Target Malaria\" \/>\n<meta property=\"article:publisher\" content=\"https:\/\/www.facebook.com\/TargetMalariaGlobal\/\" \/>\n<meta property=\"article:modified_time\" content=\"2025-11-17T14:47:27+00:00\" \/>\n<meta property=\"og:image\" content=\"https:\/\/targetmalaria.org\/wp-content\/uploads\/2024\/10\/BURKINA_SE_05.jpg\" \/>\n\t<meta property=\"og:image:width\" content=\"1500\" \/>\n\t<meta property=\"og:image:height\" content=\"1000\" \/>\n\t<meta property=\"og:image:type\" content=\"image\/jpeg\" \/>\n<meta name=\"twitter:card\" content=\"summary_large_image\" \/>\n<meta name=\"twitter:site\" content=\"@TargetMalaria\" \/>\n<meta name=\"twitter:label1\" content=\"Dur\u00e9e de lecture estim\u00e9e\" \/>\n\t<meta name=\"twitter:data1\" content=\"2 minutes\" \/>\n<script type=\"application\/ld+json\" class=\"yoast-schema-graph\">{\"@context\":\"https:\\\/\\\/schema.org\",\"@graph\":[{\"@type\":\"WebPage\",\"@id\":\"https:\\\/\\\/targetmalaria.org\\\/fr\\\/notre-mission\\\/implication-des-parties-prenantes\\\/\",\"url\":\"https:\\\/\\\/targetmalaria.org\\\/fr\\\/notre-mission\\\/implication-des-parties-prenantes\\\/\",\"name\":\"Engagement des parties prenantes - Target Malaria\",\"isPartOf\":{\"@id\":\"https:\\\/\\\/targetmalaria.org\\\/fr\\\/#website\"},\"primaryImageOfPage\":{\"@id\":\"https:\\\/\\\/targetmalaria.org\\\/fr\\\/notre-mission\\\/implication-des-parties-prenantes\\\/#primaryimage\"},\"image\":{\"@id\":\"https:\\\/\\\/targetmalaria.org\\\/fr\\\/notre-mission\\\/implication-des-parties-prenantes\\\/#primaryimage\"},\"thumbnailUrl\":\"https:\\\/\\\/targetmalaria.org\\\/wp-content\\\/uploads\\\/2024\\\/10\\\/BURKINA_SE_05.jpg\",\"datePublished\":\"2023-03-23T10:26:10+00:00\",\"dateModified\":\"2025-11-17T14:47:27+00:00\",\"breadcrumb\":{\"@id\":\"https:\\\/\\\/targetmalaria.org\\\/fr\\\/notre-mission\\\/implication-des-parties-prenantes\\\/#breadcrumb\"},\"inLanguage\":\"fr-FR\",\"potentialAction\":[{\"@type\":\"ReadAction\",\"target\":[\"https:\\\/\\\/targetmalaria.org\\\/fr\\\/notre-mission\\\/implication-des-parties-prenantes\\\/\"]}]},{\"@type\":\"ImageObject\",\"inLanguage\":\"fr-FR\",\"@id\":\"https:\\\/\\\/targetmalaria.org\\\/fr\\\/notre-mission\\\/implication-des-parties-prenantes\\\/#primaryimage\",\"url\":\"https:\\\/\\\/targetmalaria.org\\\/wp-content\\\/uploads\\\/2024\\\/10\\\/BURKINA_SE_05.jpg\",\"contentUrl\":\"https:\\\/\\\/targetmalaria.org\\\/wp-content\\\/uploads\\\/2024\\\/10\\\/BURKINA_SE_05.jpg\",\"width\":1500,\"height\":1000},{\"@type\":\"BreadcrumbList\",\"@id\":\"https:\\\/\\\/targetmalaria.org\\\/fr\\\/notre-mission\\\/implication-des-parties-prenantes\\\/#breadcrumb\",\"itemListElement\":[{\"@type\":\"ListItem\",\"position\":1,\"name\":\"Home\",\"item\":\"https:\\\/\\\/targetmalaria.org\\\/fr\\\/\"},{\"@type\":\"ListItem\",\"position\":2,\"name\":\"Notre mission\",\"item\":\"https:\\\/\\\/targetmalaria.org\\\/fr\\\/notre-mission\\\/\"},{\"@type\":\"ListItem\",\"position\":3,\"name\":\"Engagement des parties prenantes\"}]},{\"@type\":\"WebSite\",\"@id\":\"https:\\\/\\\/targetmalaria.org\\\/fr\\\/#website\",\"url\":\"https:\\\/\\\/targetmalaria.org\\\/fr\\\/\",\"name\":\"Target Malaria\",\"description\":\"\",\"publisher\":{\"@id\":\"https:\\\/\\\/targetmalaria.org\\\/fr\\\/#organization\"},\"potentialAction\":[{\"@type\":\"SearchAction\",\"target\":{\"@type\":\"EntryPoint\",\"urlTemplate\":\"https:\\\/\\\/targetmalaria.org\\\/fr\\\/?s={search_term_string}\"},\"query-input\":{\"@type\":\"PropertyValueSpecification\",\"valueRequired\":true,\"valueName\":\"search_term_string\"}}],\"inLanguage\":\"fr-FR\"},{\"@type\":\"Organization\",\"@id\":\"https:\\\/\\\/targetmalaria.org\\\/fr\\\/#organization\",\"name\":\"Target Malaria\",\"url\":\"https:\\\/\\\/targetmalaria.org\\\/fr\\\/\",\"logo\":{\"@type\":\"ImageObject\",\"inLanguage\":\"fr-FR\",\"@id\":\"https:\\\/\\\/targetmalaria.org\\\/fr\\\/#\\\/schema\\\/logo\\\/image\\\/\",\"url\":\"https:\\\/\\\/targetmalaria.org\\\/wp-content\\\/uploads\\\/2025\\\/08\\\/target_malaria_bf_logo.png\",\"contentUrl\":\"https:\\\/\\\/targetmalaria.org\\\/wp-content\\\/uploads\\\/2025\\\/08\\\/target_malaria_bf_logo.png\",\"width\":1920,\"height\":1080,\"caption\":\"Target Malaria\"},\"image\":{\"@id\":\"https:\\\/\\\/targetmalaria.org\\\/fr\\\/#\\\/schema\\\/logo\\\/image\\\/\"},\"sameAs\":[\"https:\\\/\\\/www.facebook.com\\\/TargetMalariaGlobal\\\/\",\"https:\\\/\\\/x.com\\\/TargetMalaria\",\"https:\\\/\\\/www.linkedin.com\\\/company\\\/target-malaria\",\"https:\\\/\\\/youtube.com\\\/@TargetMalaria\"]}]}<\/script>\n<!-- \/ Yoast SEO plugin. -->","yoast_head_json":{"title":"Engagement des parties prenantes - Target Malaria","robots":{"index":"index","follow":"follow","max-snippet":"max-snippet:-1","max-image-preview":"max-image-preview:large","max-video-preview":"max-video-preview:-1"},"canonical":"https:\/\/targetmalaria.org\/fr\/notre-mission\/implication-des-parties-prenantes\/","og_locale":"fr_FR","og_type":"article","og_title":"Engagement des parties prenantes - Target Malaria","og_description":"Nous comptons des \u00e9quipes d\u2019engagement des parties prenantes dans tous les pays o\u00f9 nous exer\u00e7ons nos activit\u00e9s en Afrique. Ces \u00e9quipes sont compos\u00e9es de sp\u00e9cialistes des sciences sociales, d\u2019experts en communications et de praticiens de l\u2019engagement des parties prenantes et sont charg\u00e9es de dialoguer avec les parties prenantes \u00e0 tous les niveaux, des communaut\u00e9s o\u00f9 nous travaillons aux autorit\u00e9s de district, en passant par des responsables gouvernementaux nationaux, des repr\u00e9sentants de la soci\u00e9t\u00e9 civile ou encore des parties prenantes internationales.","og_url":"https:\/\/targetmalaria.org\/fr\/notre-mission\/implication-des-parties-prenantes\/","og_site_name":"Target Malaria","article_publisher":"https:\/\/www.facebook.com\/TargetMalariaGlobal\/","article_modified_time":"2025-11-17T14:47:27+00:00","og_image":[{"width":1500,"height":1000,"url":"https:\/\/targetmalaria.org\/wp-content\/uploads\/2024\/10\/BURKINA_SE_05.jpg","type":"image\/jpeg"}],"twitter_card":"summary_large_image","twitter_site":"@TargetMalaria","twitter_misc":{"Dur\u00e9e de lecture estim\u00e9e":"2 minutes"},"schema":{"@context":"https:\/\/schema.org","@graph":[{"@type":"WebPage","@id":"https:\/\/targetmalaria.org\/fr\/notre-mission\/implication-des-parties-prenantes\/","url":"https:\/\/targetmalaria.org\/fr\/notre-mission\/implication-des-parties-prenantes\/","name":"Engagement des parties prenantes - Target Malaria","isPartOf":{"@id":"https:\/\/targetmalaria.org\/fr\/#website"},"primaryImageOfPage":{"@id":"https:\/\/targetmalaria.org\/fr\/notre-mission\/implication-des-parties-prenantes\/#primaryimage"},"image":{"@id":"https:\/\/targetmalaria.org\/fr\/notre-mission\/implication-des-parties-prenantes\/#primaryimage"},"thumbnailUrl":"https:\/\/targetmalaria.org\/wp-content\/uploads\/2024\/10\/BURKINA_SE_05.jpg","datePublished":"2023-03-23T10:26:10+00:00","dateModified":"2025-11-17T14:47:27+00:00","breadcrumb":{"@id":"https:\/\/targetmalaria.org\/fr\/notre-mission\/implication-des-parties-prenantes\/#breadcrumb"},"inLanguage":"fr-FR","potentialAction":[{"@type":"ReadAction","target":["https:\/\/targetmalaria.org\/fr\/notre-mission\/implication-des-parties-prenantes\/"]}]},{"@type":"ImageObject","inLanguage":"fr-FR","@id":"https:\/\/targetmalaria.org\/fr\/notre-mission\/implication-des-parties-prenantes\/#primaryimage","url":"https:\/\/targetmalaria.org\/wp-content\/uploads\/2024\/10\/BURKINA_SE_05.jpg","contentUrl":"https:\/\/targetmalaria.org\/wp-content\/uploads\/2024\/10\/BURKINA_SE_05.jpg","width":1500,"height":1000},{"@type":"BreadcrumbList","@id":"https:\/\/targetmalaria.org\/fr\/notre-mission\/implication-des-parties-prenantes\/#breadcrumb","itemListElement":[{"@type":"ListItem","position":1,"name":"Home","item":"https:\/\/targetmalaria.org\/fr\/"},{"@type":"ListItem","position":2,"name":"Notre mission","item":"https:\/\/targetmalaria.org\/fr\/notre-mission\/"},{"@type":"ListItem","position":3,"name":"Engagement des parties prenantes"}]},{"@type":"WebSite","@id":"https:\/\/targetmalaria.org\/fr\/#website","url":"https:\/\/targetmalaria.org\/fr\/","name":"Target Malaria","description":"","publisher":{"@id":"https:\/\/targetmalaria.org\/fr\/#organization"},"potentialAction":[{"@type":"SearchAction","target":{"@type":"EntryPoint","urlTemplate":"https:\/\/targetmalaria.org\/fr\/?s={search_term_string}"},"query-input":{"@type":"PropertyValueSpecification","valueRequired":true,"valueName":"search_term_string"}}],"inLanguage":"fr-FR"},{"@type":"Organization","@id":"https:\/\/targetmalaria.org\/fr\/#organization","name":"Target Malaria","url":"https:\/\/targetmalaria.org\/fr\/","logo":{"@type":"ImageObject","inLanguage":"fr-FR","@id":"https:\/\/targetmalaria.org\/fr\/#\/schema\/logo\/image\/","url":"https:\/\/targetmalaria.org\/wp-content\/uploads\/2025\/08\/target_malaria_bf_logo.png","contentUrl":"https:\/\/targetmalaria.org\/wp-content\/uploads\/2025\/08\/target_malaria_bf_logo.png","width":1920,"height":1080,"caption":"Target Malaria"},"image":{"@id":"https:\/\/targetmalaria.org\/fr\/#\/schema\/logo\/image\/"},"sameAs":["https:\/\/www.facebook.com\/TargetMalariaGlobal\/","https:\/\/x.com\/TargetMalaria","https:\/\/www.linkedin.com\/company\/target-malaria","https:\/\/youtube.com\/@TargetMalaria"]}]}},"_links":{"self":[{"href":"https:\/\/targetmalaria.org\/fr\/wp-json\/wp\/v2\/pages\/11263","targetHints":{"allow":["GET"]}}],"collection":[{"href":"https:\/\/targetmalaria.org\/fr\/wp-json\/wp\/v2\/pages"}],"about":[{"href":"https:\/\/targetmalaria.org\/fr\/wp-json\/wp\/v2\/types\/page"}],"author":[{"embeddable":true,"href":"https:\/\/targetmalaria.org\/fr\/wp-json\/wp\/v2\/users\/31"}],"replies":[{"embeddable":true,"href":"https:\/\/targetmalaria.org\/fr\/wp-json\/wp\/v2\/comments?post=11263"}],"version-history":[{"count":4,"href":"https:\/\/targetmalaria.org\/fr\/wp-json\/wp\/v2\/pages\/11263\/revisions"}],"predecessor-version":[{"id":23341,"href":"https:\/\/targetmalaria.org\/fr\/wp-json\/wp\/v2\/pages\/11263\/revisions\/23341"}],"up":[{"embeddable":true,"href":"https:\/\/targetmalaria.org\/fr\/wp-json\/wp\/v2\/pages\/5217"}],"wp:featuredmedia":[{"embeddable":true,"href":"https:\/\/targetmalaria.org\/fr\/wp-json\/wp\/v2\/media\/18556"}],"wp:attachment":[{"href":"https:\/\/targetmalaria.org\/fr\/wp-json\/wp\/v2\/media?parent=11263"}],"curies":[{"name":"wp","href":"https:\/\/api.w.org\/{rel}","templated":true}]}}