{"id":11150,"date":"2023-03-21T11:37:00","date_gmt":"2023-03-21T11:37:00","guid":{"rendered":"https:\/\/targetmalaria.org\/justification\/"},"modified":"2025-09-04T17:09:56","modified_gmt":"2025-09-04T16:09:56","slug":"justification","status":"publish","type":"page","link":"https:\/\/targetmalaria.org\/fr\/notre-mission\/implication-des-parties-prenantes\/justification\/","title":{"rendered":"Justification"},"content":{"rendered":"\n<div class=\"wp-block-group alignfull has-white-color has-light-blue-background-color has-text-color has-background has-link-color firstCover ragged_edge-position-both wp-elements-1ffc96050751eefeb34204aa17e971ce has-global-padding is-layout-constrained wp-block-group-is-layout-constrained\">\n<div class=\"wp-block-columns is-layout-flex wp-container-core-columns-is-layout-28f84493 wp-block-columns-is-layout-flex\">\n<div class=\"wp-block-column is-layout-flow wp-block-column-is-layout-flow\">\n<h2 class=\"wp-block-heading\">Target Malaria a commenc\u00e9 ses activit\u00e9s d\u2019engagement \u00e0 un stade pr\u00e9coce de la recherche, car le projet \u00e9tait conscient qu\u2019il \u00e9tait essentiel d\u2019informer et de consulter les personnes susceptibles d\u2019\u00eatre touch\u00e9es, non seulement lorsque l\u2019intervention est pr\u00eate, mais aussi pendant la phase de d\u00e9veloppement.<\/h2>\n<\/div>\n\n\n\n<div class=\"wp-block-column is-layout-flow wp-block-column-is-layout-flow\">\n<p>Aux c\u00f4t\u00e9s des autorit\u00e9s r\u00e9glementaires, ce seront les parties prenantes qui d\u00e9cideront d\u2019\u00e9valuer ou non nos technologies g\u00e9n\u00e9tiques sur le terrain. En impliquant ces personnes, nous garantissons une communication pr\u00e9cise et honn\u00eate avec tous au sujet des technologies et des activit\u00e9s du projet, mais surtout avec les b\u00e9n\u00e9ficiaires potentiels de cette recherche en Afrique.<\/p>\n\n\n\n<p>Target Malaria est \u00e0 l\u2019\u00e9coute des pr\u00e9occupations et r\u00e9pond aux questions sur la technologie d\u2019impulsion g\u00e9n\u00e9tique. Nous pensons \u00e9galement qu\u2019il est important que le d\u00e9veloppement de cette technologie susceptible de sauver des vies ne soit pas entrav\u00e9 par la d\u00e9sinformation.<\/p>\n<\/div>\n<\/div>\n<\/div>\n","protected":false},"excerpt":{"rendered":"<p>Target Malaria a commenc\u00e9 ses activit\u00e9s d\u2019engagement \u00e0 un stade pr\u00e9coce de la recherche, car le projet \u00e9tait conscient qu\u2019il \u00e9tait essentiel d\u2019informer et de consulter les personnes susceptibles d\u2019\u00eatre touch\u00e9es, non seulement lorsque l\u2019intervention est pr\u00eate, mais aussi pendant la phase de d\u00e9veloppement. Aux c\u00f4t\u00e9s des autorit\u00e9s r\u00e9glementaires, ce seront les parties prenantes qui [&hellip;]<\/p>\n","protected":false},"author":31,"featured_media":0,"parent":11263,"menu_order":30,"comment_status":"closed","ping_status":"closed","template":"","meta":{"_acf_changed":false,"_relevanssi_hide_post":"","_relevanssi_hide_content":"","_relevanssi_pin_for_all":"","_relevanssi_pin_keywords":"","_relevanssi_unpin_keywords":"","_relevanssi_related_keywords":"","_relevanssi_related_include_ids":"","_relevanssi_related_exclude_ids":"","_relevanssi_related_no_append":"","_relevanssi_related_not_related":"","_relevanssi_related_posts":"","_relevanssi_noindex_reason":"","featured_image_focal_point":[],"footnotes":""},"class_list":["post-11150","page","type-page","status-publish","hentry"],"acf":[],"yoast_head":"<!-- This site is optimized with the Yoast SEO plugin v27.4 - https:\/\/yoast.com\/product\/yoast-seo-wordpress\/ -->\n<title>Justification - Target Malaria<\/title>\n<meta name=\"robots\" content=\"index, follow, max-snippet:-1, max-image-preview:large, max-video-preview:-1\" \/>\n<link rel=\"canonical\" href=\"https:\/\/targetmalaria.org\/fr\/notre-mission\/implication-des-parties-prenantes\/justification\/\" \/>\n<meta property=\"og:locale\" content=\"fr_FR\" \/>\n<meta property=\"og:type\" content=\"article\" \/>\n<meta property=\"og:title\" content=\"Justification - Target Malaria\" \/>\n<meta property=\"og:description\" content=\"Target Malaria a commenc\u00e9 ses activit\u00e9s d\u2019engagement \u00e0 un stade pr\u00e9coce de la recherche, car le projet \u00e9tait conscient qu\u2019il \u00e9tait essentiel d\u2019informer et de consulter les personnes susceptibles d\u2019\u00eatre touch\u00e9es, non seulement lorsque l\u2019intervention est pr\u00eate, mais aussi pendant la phase de d\u00e9veloppement. Aux c\u00f4t\u00e9s des autorit\u00e9s r\u00e9glementaires, ce seront les parties prenantes qui [&hellip;]\" \/>\n<meta property=\"og:url\" content=\"https:\/\/targetmalaria.org\/fr\/notre-mission\/implication-des-parties-prenantes\/justification\/\" \/>\n<meta property=\"og:site_name\" content=\"Target Malaria\" \/>\n<meta property=\"article:publisher\" content=\"https:\/\/www.facebook.com\/TargetMalariaGlobal\/\" \/>\n<meta property=\"article:modified_time\" content=\"2025-09-04T16:09:56+00:00\" \/>\n<meta name=\"twitter:card\" content=\"summary_large_image\" \/>\n<meta name=\"twitter:site\" content=\"@TargetMalaria\" \/>\n<meta name=\"twitter:label1\" content=\"Dur\u00e9e de lecture estim\u00e9e\" \/>\n\t<meta name=\"twitter:data1\" content=\"1 minute\" \/>\n<script type=\"application\/ld+json\" class=\"yoast-schema-graph\">{\"@context\":\"https:\\\/\\\/schema.org\",\"@graph\":[{\"@type\":\"WebPage\",\"@id\":\"https:\\\/\\\/targetmalaria.org\\\/fr\\\/notre-mission\\\/implication-des-parties-prenantes\\\/justification\\\/\",\"url\":\"https:\\\/\\\/targetmalaria.org\\\/fr\\\/notre-mission\\\/implication-des-parties-prenantes\\\/justification\\\/\",\"name\":\"Justification - Target Malaria\",\"isPartOf\":{\"@id\":\"https:\\\/\\\/targetmalaria.org\\\/fr\\\/#website\"},\"datePublished\":\"2023-03-21T11:37:00+00:00\",\"dateModified\":\"2025-09-04T16:09:56+00:00\",\"breadcrumb\":{\"@id\":\"https:\\\/\\\/targetmalaria.org\\\/fr\\\/notre-mission\\\/implication-des-parties-prenantes\\\/justification\\\/#breadcrumb\"},\"inLanguage\":\"fr-FR\",\"potentialAction\":[{\"@type\":\"ReadAction\",\"target\":[\"https:\\\/\\\/targetmalaria.org\\\/fr\\\/notre-mission\\\/implication-des-parties-prenantes\\\/justification\\\/\"]}]},{\"@type\":\"BreadcrumbList\",\"@id\":\"https:\\\/\\\/targetmalaria.org\\\/fr\\\/notre-mission\\\/implication-des-parties-prenantes\\\/justification\\\/#breadcrumb\",\"itemListElement\":[{\"@type\":\"ListItem\",\"position\":1,\"name\":\"Home\",\"item\":\"https:\\\/\\\/targetmalaria.org\\\/fr\\\/\"},{\"@type\":\"ListItem\",\"position\":2,\"name\":\"Notre mission\",\"item\":\"https:\\\/\\\/targetmalaria.org\\\/fr\\\/notre-mission\\\/\"},{\"@type\":\"ListItem\",\"position\":3,\"name\":\"Engagement des parties prenantes\",\"item\":\"https:\\\/\\\/targetmalaria.org\\\/fr\\\/notre-mission\\\/implication-des-parties-prenantes\\\/\"},{\"@type\":\"ListItem\",\"position\":4,\"name\":\"Justification\"}]},{\"@type\":\"WebSite\",\"@id\":\"https:\\\/\\\/targetmalaria.org\\\/fr\\\/#website\",\"url\":\"https:\\\/\\\/targetmalaria.org\\\/fr\\\/\",\"name\":\"Target Malaria\",\"description\":\"\",\"publisher\":{\"@id\":\"https:\\\/\\\/targetmalaria.org\\\/fr\\\/#organization\"},\"potentialAction\":[{\"@type\":\"SearchAction\",\"target\":{\"@type\":\"EntryPoint\",\"urlTemplate\":\"https:\\\/\\\/targetmalaria.org\\\/fr\\\/?s={search_term_string}\"},\"query-input\":{\"@type\":\"PropertyValueSpecification\",\"valueRequired\":true,\"valueName\":\"search_term_string\"}}],\"inLanguage\":\"fr-FR\"},{\"@type\":\"Organization\",\"@id\":\"https:\\\/\\\/targetmalaria.org\\\/fr\\\/#organization\",\"name\":\"Target Malaria\",\"url\":\"https:\\\/\\\/targetmalaria.org\\\/fr\\\/\",\"logo\":{\"@type\":\"ImageObject\",\"inLanguage\":\"fr-FR\",\"@id\":\"https:\\\/\\\/targetmalaria.org\\\/fr\\\/#\\\/schema\\\/logo\\\/image\\\/\",\"url\":\"https:\\\/\\\/targetmalaria.org\\\/wp-content\\\/uploads\\\/2025\\\/08\\\/target_malaria_bf_logo.png\",\"contentUrl\":\"https:\\\/\\\/targetmalaria.org\\\/wp-content\\\/uploads\\\/2025\\\/08\\\/target_malaria_bf_logo.png\",\"width\":1920,\"height\":1080,\"caption\":\"Target Malaria\"},\"image\":{\"@id\":\"https:\\\/\\\/targetmalaria.org\\\/fr\\\/#\\\/schema\\\/logo\\\/image\\\/\"},\"sameAs\":[\"https:\\\/\\\/www.facebook.com\\\/TargetMalariaGlobal\\\/\",\"https:\\\/\\\/x.com\\\/TargetMalaria\",\"https:\\\/\\\/www.linkedin.com\\\/company\\\/target-malaria\",\"https:\\\/\\\/youtube.com\\\/@TargetMalaria\"]}]}<\/script>\n<!-- \/ Yoast SEO plugin. -->","yoast_head_json":{"title":"Justification - Target Malaria","robots":{"index":"index","follow":"follow","max-snippet":"max-snippet:-1","max-image-preview":"max-image-preview:large","max-video-preview":"max-video-preview:-1"},"canonical":"https:\/\/targetmalaria.org\/fr\/notre-mission\/implication-des-parties-prenantes\/justification\/","og_locale":"fr_FR","og_type":"article","og_title":"Justification - Target Malaria","og_description":"Target Malaria a commenc\u00e9 ses activit\u00e9s d\u2019engagement \u00e0 un stade pr\u00e9coce de la recherche, car le projet \u00e9tait conscient qu\u2019il \u00e9tait essentiel d\u2019informer et de consulter les personnes susceptibles d\u2019\u00eatre touch\u00e9es, non seulement lorsque l\u2019intervention est pr\u00eate, mais aussi pendant la phase de d\u00e9veloppement. Aux c\u00f4t\u00e9s des autorit\u00e9s r\u00e9glementaires, ce seront les parties prenantes qui [&hellip;]","og_url":"https:\/\/targetmalaria.org\/fr\/notre-mission\/implication-des-parties-prenantes\/justification\/","og_site_name":"Target Malaria","article_publisher":"https:\/\/www.facebook.com\/TargetMalariaGlobal\/","article_modified_time":"2025-09-04T16:09:56+00:00","twitter_card":"summary_large_image","twitter_site":"@TargetMalaria","twitter_misc":{"Dur\u00e9e de lecture estim\u00e9e":"1 minute"},"schema":{"@context":"https:\/\/schema.org","@graph":[{"@type":"WebPage","@id":"https:\/\/targetmalaria.org\/fr\/notre-mission\/implication-des-parties-prenantes\/justification\/","url":"https:\/\/targetmalaria.org\/fr\/notre-mission\/implication-des-parties-prenantes\/justification\/","name":"Justification - Target Malaria","isPartOf":{"@id":"https:\/\/targetmalaria.org\/fr\/#website"},"datePublished":"2023-03-21T11:37:00+00:00","dateModified":"2025-09-04T16:09:56+00:00","breadcrumb":{"@id":"https:\/\/targetmalaria.org\/fr\/notre-mission\/implication-des-parties-prenantes\/justification\/#breadcrumb"},"inLanguage":"fr-FR","potentialAction":[{"@type":"ReadAction","target":["https:\/\/targetmalaria.org\/fr\/notre-mission\/implication-des-parties-prenantes\/justification\/"]}]},{"@type":"BreadcrumbList","@id":"https:\/\/targetmalaria.org\/fr\/notre-mission\/implication-des-parties-prenantes\/justification\/#breadcrumb","itemListElement":[{"@type":"ListItem","position":1,"name":"Home","item":"https:\/\/targetmalaria.org\/fr\/"},{"@type":"ListItem","position":2,"name":"Notre mission","item":"https:\/\/targetmalaria.org\/fr\/notre-mission\/"},{"@type":"ListItem","position":3,"name":"Engagement des parties prenantes","item":"https:\/\/targetmalaria.org\/fr\/notre-mission\/implication-des-parties-prenantes\/"},{"@type":"ListItem","position":4,"name":"Justification"}]},{"@type":"WebSite","@id":"https:\/\/targetmalaria.org\/fr\/#website","url":"https:\/\/targetmalaria.org\/fr\/","name":"Target Malaria","description":"","publisher":{"@id":"https:\/\/targetmalaria.org\/fr\/#organization"},"potentialAction":[{"@type":"SearchAction","target":{"@type":"EntryPoint","urlTemplate":"https:\/\/targetmalaria.org\/fr\/?s={search_term_string}"},"query-input":{"@type":"PropertyValueSpecification","valueRequired":true,"valueName":"search_term_string"}}],"inLanguage":"fr-FR"},{"@type":"Organization","@id":"https:\/\/targetmalaria.org\/fr\/#organization","name":"Target Malaria","url":"https:\/\/targetmalaria.org\/fr\/","logo":{"@type":"ImageObject","inLanguage":"fr-FR","@id":"https:\/\/targetmalaria.org\/fr\/#\/schema\/logo\/image\/","url":"https:\/\/targetmalaria.org\/wp-content\/uploads\/2025\/08\/target_malaria_bf_logo.png","contentUrl":"https:\/\/targetmalaria.org\/wp-content\/uploads\/2025\/08\/target_malaria_bf_logo.png","width":1920,"height":1080,"caption":"Target Malaria"},"image":{"@id":"https:\/\/targetmalaria.org\/fr\/#\/schema\/logo\/image\/"},"sameAs":["https:\/\/www.facebook.com\/TargetMalariaGlobal\/","https:\/\/x.com\/TargetMalaria","https:\/\/www.linkedin.com\/company\/target-malaria","https:\/\/youtube.com\/@TargetMalaria"]}]}},"_links":{"self":[{"href":"https:\/\/targetmalaria.org\/fr\/wp-json\/wp\/v2\/pages\/11150","targetHints":{"allow":["GET"]}}],"collection":[{"href":"https:\/\/targetmalaria.org\/fr\/wp-json\/wp\/v2\/pages"}],"about":[{"href":"https:\/\/targetmalaria.org\/fr\/wp-json\/wp\/v2\/types\/page"}],"author":[{"embeddable":true,"href":"https:\/\/targetmalaria.org\/fr\/wp-json\/wp\/v2\/users\/31"}],"replies":[{"embeddable":true,"href":"https:\/\/targetmalaria.org\/fr\/wp-json\/wp\/v2\/comments?post=11150"}],"version-history":[{"count":1,"href":"https:\/\/targetmalaria.org\/fr\/wp-json\/wp\/v2\/pages\/11150\/revisions"}],"predecessor-version":[{"id":22542,"href":"https:\/\/targetmalaria.org\/fr\/wp-json\/wp\/v2\/pages\/11150\/revisions\/22542"}],"up":[{"embeddable":true,"href":"https:\/\/targetmalaria.org\/fr\/wp-json\/wp\/v2\/pages\/11263"}],"wp:attachment":[{"href":"https:\/\/targetmalaria.org\/fr\/wp-json\/wp\/v2\/media?parent=11150"}],"curies":[{"name":"wp","href":"https:\/\/api.w.org\/{rel}","templated":true}]}}