{"id":11142,"date":"2023-03-21T11:24:54","date_gmt":"2023-03-21T11:24:54","guid":{"rendered":"https:\/\/targetmalaria.org\/parties-prenantes\/"},"modified":"2025-11-17T14:56:08","modified_gmt":"2025-11-17T14:56:08","slug":"parties-prenantes","status":"publish","type":"page","link":"https:\/\/targetmalaria.org\/fr\/notre-mission\/implication-des-parties-prenantes\/parties-prenantes\/","title":{"rendered":"Parties prenantes"},"content":{"rendered":"\n<div class=\"wp-block-group alignfull has-white-color has-light-blue-background-color has-text-color has-background has-link-color firstCover ragged_edge-position-both wp-elements-20898562616c8c2ce039026db42172de has-global-padding is-layout-constrained wp-block-group-is-layout-constrained\">\n<div class=\"wp-block-columns is-layout-flex wp-container-core-columns-is-layout-28f84493 wp-block-columns-is-layout-flex\">\n<div class=\"wp-block-column is-layout-flow wp-block-column-is-layout-flow\">\n<h2 class=\"wp-block-heading\">Notre approche globale d\u2019engagement des parties prenantes est ax\u00e9e sur les groupes les plus pertinents&nbsp;:<\/h2>\n<\/div>\n\n\n\n<div class=\"wp-block-column is-layout-flow wp-block-column-is-layout-flow\">\n<p><strong>B\u00e9n\u00e9ficiaires potentiels et personnes directement touch\u00e9es par nos recherches en Afrique.<\/strong><\/p>\n\n\n\n<p>Ce principe fondamental repose sur des consid\u00e9rations \u00e9thiques, \u00e0 commencer par le fait qu\u2019en Afrique, le paludisme affecte principalement des populations rurales vuln\u00e9rables caract\u00e9ris\u00e9es par de faibles revenus, un acc\u00e8s limit\u00e9 aux \u00e9tablissements de soins de sant\u00e9 et un niveau moyen d\u2019alphab\u00e9tisation peu \u00e9lev\u00e9. Notre travail commence dans ces communaut\u00e9s.<\/p>\n<\/div>\n<\/div>\n<\/div>\n\n\n\n<p style=\"margin-top:var(--wp--preset--spacing--50)\"><strong>Dans les villages et autour de nos insectariums<\/strong>, nous utilisons des outils de communication culturellement appropri\u00e9s, co-d\u00e9velopp\u00e9s en langue locale avec les communaut\u00e9s et les \u00e9quipes en tenant compte des pr\u00e9f\u00e9rences des parties prenantes.<\/p>\n\n\n\n<p><strong>Aux niveaux national et r\u00e9gional<\/strong>, le projet communique avec de multiples parties prenantes telles que les agences de sant\u00e9 publique (par exemple, les programmes nationaux de lutte contre le paludisme, les minist\u00e8res de la Sant\u00e9), les autorit\u00e9s de r\u00e9glementation comp\u00e9tentes et d\u2019autres institutions de recherche et organisations de la soci\u00e9t\u00e9 civile, pour assurer la sensibilisation \u00e0 la recherche et \u00e0 son potentiel en tant que nouvel outil de contr\u00f4le vectoriel pour lutter contre le paludisme.<\/p>\n\n\n\n<p><strong>Au niveau panafricain<\/strong>, Target Malaria collabore avec les principaux acteurs impliqu\u00e9s dans la prise de d\u00e9cisions en mati\u00e8re de sant\u00e9 publique et de recherche. Parce que la mise en \u0153uvre potentielle de nos technologies s\u2019appuie sur une intervention environnementale \u00e0 l\u2019\u00e9chelle r\u00e9gionale dans tous les pays, cet engagement a lieu au niveau sous-r\u00e9gional (communaut\u00e9s d\u2019Afrique de l\u2019Ouest et de l\u2019Est) ainsi qu\u2019au niveau panafricain. Il est n\u00e9cessaire d\u2019informer et de partager les connaissances afin que les pays puissent tenir des discussions politiques panafricaines quant au cadre de cette recherche.<\/p>\n\n\n\n<p><strong>\u00c0 l\u2019\u00e9chelle mondiale<\/strong>, nous travaillons en collaboration avec d\u2019autres experts dans le domaine de la recherche sur l\u2019impulsion g\u00e9n\u00e9tique ainsi que de l\u2019\u00e9valuation des risques et de la science de la r\u00e9glementation, afin de veiller \u00e0 ce que les <a href=\"https:\/\/targetmalaria.org\/fr\/latest\/news\/target-malaria-participe-a-des-reunions-en-marge-de-la-convention-sur-la-diversite-biologique-a-geneve\/\">d\u00e9cideurs politiques internationaux<\/a> disposent d\u2019informations actualis\u00e9es au sujet des derni\u00e8res avanc\u00e9es scientifiques dans ce domaine. Des activit\u00e9s d\u2019engagement ont lieu aupr\u00e8s des parties prenantes internationales qui ne sont pas directement touch\u00e9es par les activit\u00e9s du projet afin de veiller \u00e0 ce que leurs connaissances et points de vue soient pris en compte lors du d\u00e9veloppement de la technologie et \u00e0 ce qu\u2019ils puissent soulever leurs pr\u00e9occupations. Cet engagement comprend des rencontres avec de nombreuses personnes et organisations diverses, et notamment des scientifiques, des \u00e9thiciens, des r\u00e9gulateurs et des groupes de plaidoyer contre le paludisme.<\/p>\n","protected":false},"excerpt":{"rendered":"<p>Notre approche globale d\u2019engagement des parties prenantes est ax\u00e9e sur les groupes les plus pertinents&nbsp;: B\u00e9n\u00e9ficiaires potentiels et personnes directement touch\u00e9es par nos recherches en Afrique. Ce principe fondamental repose sur des consid\u00e9rations \u00e9thiques, \u00e0 commencer par le fait qu\u2019en Afrique, le paludisme affecte principalement des populations rurales vuln\u00e9rables caract\u00e9ris\u00e9es par de faibles revenus, un [&hellip;]<\/p>\n","protected":false},"author":31,"featured_media":0,"parent":11263,"menu_order":31,"comment_status":"closed","ping_status":"closed","template":"","meta":{"_acf_changed":false,"_relevanssi_hide_post":"","_relevanssi_hide_content":"","_relevanssi_pin_for_all":"","_relevanssi_pin_keywords":"","_relevanssi_unpin_keywords":"","_relevanssi_related_keywords":"","_relevanssi_related_include_ids":"","_relevanssi_related_exclude_ids":"","_relevanssi_related_no_append":"","_relevanssi_related_not_related":"","_relevanssi_related_posts":"","_relevanssi_noindex_reason":"","featured_image_focal_point":[],"footnotes":""},"class_list":["post-11142","page","type-page","status-publish","hentry"],"acf":[],"yoast_head":"<!-- This site is optimized with the Yoast SEO plugin v27.4 - https:\/\/yoast.com\/product\/yoast-seo-wordpress\/ -->\n<title>Parties prenantes - Target Malaria<\/title>\n<meta name=\"robots\" content=\"index, follow, max-snippet:-1, max-image-preview:large, max-video-preview:-1\" \/>\n<link rel=\"canonical\" href=\"https:\/\/targetmalaria.org\/fr\/notre-mission\/implication-des-parties-prenantes\/parties-prenantes\/\" \/>\n<meta property=\"og:locale\" content=\"fr_FR\" \/>\n<meta property=\"og:type\" content=\"article\" \/>\n<meta property=\"og:title\" content=\"Parties prenantes - Target Malaria\" \/>\n<meta property=\"og:description\" content=\"Notre approche globale d\u2019engagement des parties prenantes est ax\u00e9e sur les groupes les plus pertinents&nbsp;: B\u00e9n\u00e9ficiaires potentiels et personnes directement touch\u00e9es par nos recherches en Afrique. Ce principe fondamental repose sur des consid\u00e9rations \u00e9thiques, \u00e0 commencer par le fait qu\u2019en Afrique, le paludisme affecte principalement des populations rurales vuln\u00e9rables caract\u00e9ris\u00e9es par de faibles revenus, un [&hellip;]\" \/>\n<meta property=\"og:url\" content=\"https:\/\/targetmalaria.org\/fr\/notre-mission\/implication-des-parties-prenantes\/parties-prenantes\/\" \/>\n<meta property=\"og:site_name\" content=\"Target Malaria\" \/>\n<meta property=\"article:publisher\" content=\"https:\/\/www.facebook.com\/TargetMalariaGlobal\/\" \/>\n<meta property=\"article:modified_time\" content=\"2025-11-17T14:56:08+00:00\" \/>\n<meta name=\"twitter:card\" content=\"summary_large_image\" \/>\n<meta name=\"twitter:site\" content=\"@TargetMalaria\" \/>\n<meta name=\"twitter:label1\" content=\"Dur\u00e9e de lecture estim\u00e9e\" \/>\n\t<meta name=\"twitter:data1\" content=\"2 minutes\" \/>\n<script type=\"application\/ld+json\" class=\"yoast-schema-graph\">{\"@context\":\"https:\\\/\\\/schema.org\",\"@graph\":[{\"@type\":\"WebPage\",\"@id\":\"https:\\\/\\\/targetmalaria.org\\\/fr\\\/notre-mission\\\/implication-des-parties-prenantes\\\/parties-prenantes\\\/\",\"url\":\"https:\\\/\\\/targetmalaria.org\\\/fr\\\/notre-mission\\\/implication-des-parties-prenantes\\\/parties-prenantes\\\/\",\"name\":\"Parties prenantes - Target Malaria\",\"isPartOf\":{\"@id\":\"https:\\\/\\\/targetmalaria.org\\\/fr\\\/#website\"},\"datePublished\":\"2023-03-21T11:24:54+00:00\",\"dateModified\":\"2025-11-17T14:56:08+00:00\",\"breadcrumb\":{\"@id\":\"https:\\\/\\\/targetmalaria.org\\\/fr\\\/notre-mission\\\/implication-des-parties-prenantes\\\/parties-prenantes\\\/#breadcrumb\"},\"inLanguage\":\"fr-FR\",\"potentialAction\":[{\"@type\":\"ReadAction\",\"target\":[\"https:\\\/\\\/targetmalaria.org\\\/fr\\\/notre-mission\\\/implication-des-parties-prenantes\\\/parties-prenantes\\\/\"]}]},{\"@type\":\"BreadcrumbList\",\"@id\":\"https:\\\/\\\/targetmalaria.org\\\/fr\\\/notre-mission\\\/implication-des-parties-prenantes\\\/parties-prenantes\\\/#breadcrumb\",\"itemListElement\":[{\"@type\":\"ListItem\",\"position\":1,\"name\":\"Home\",\"item\":\"https:\\\/\\\/targetmalaria.org\\\/fr\\\/\"},{\"@type\":\"ListItem\",\"position\":2,\"name\":\"Notre mission\",\"item\":\"https:\\\/\\\/targetmalaria.org\\\/fr\\\/notre-mission\\\/\"},{\"@type\":\"ListItem\",\"position\":3,\"name\":\"Engagement des parties prenantes\",\"item\":\"https:\\\/\\\/targetmalaria.org\\\/fr\\\/notre-mission\\\/implication-des-parties-prenantes\\\/\"},{\"@type\":\"ListItem\",\"position\":4,\"name\":\"Parties prenantes\"}]},{\"@type\":\"WebSite\",\"@id\":\"https:\\\/\\\/targetmalaria.org\\\/fr\\\/#website\",\"url\":\"https:\\\/\\\/targetmalaria.org\\\/fr\\\/\",\"name\":\"Target Malaria\",\"description\":\"\",\"publisher\":{\"@id\":\"https:\\\/\\\/targetmalaria.org\\\/fr\\\/#organization\"},\"potentialAction\":[{\"@type\":\"SearchAction\",\"target\":{\"@type\":\"EntryPoint\",\"urlTemplate\":\"https:\\\/\\\/targetmalaria.org\\\/fr\\\/?s={search_term_string}\"},\"query-input\":{\"@type\":\"PropertyValueSpecification\",\"valueRequired\":true,\"valueName\":\"search_term_string\"}}],\"inLanguage\":\"fr-FR\"},{\"@type\":\"Organization\",\"@id\":\"https:\\\/\\\/targetmalaria.org\\\/fr\\\/#organization\",\"name\":\"Target Malaria\",\"url\":\"https:\\\/\\\/targetmalaria.org\\\/fr\\\/\",\"logo\":{\"@type\":\"ImageObject\",\"inLanguage\":\"fr-FR\",\"@id\":\"https:\\\/\\\/targetmalaria.org\\\/fr\\\/#\\\/schema\\\/logo\\\/image\\\/\",\"url\":\"https:\\\/\\\/targetmalaria.org\\\/wp-content\\\/uploads\\\/2025\\\/08\\\/target_malaria_bf_logo.png\",\"contentUrl\":\"https:\\\/\\\/targetmalaria.org\\\/wp-content\\\/uploads\\\/2025\\\/08\\\/target_malaria_bf_logo.png\",\"width\":1920,\"height\":1080,\"caption\":\"Target Malaria\"},\"image\":{\"@id\":\"https:\\\/\\\/targetmalaria.org\\\/fr\\\/#\\\/schema\\\/logo\\\/image\\\/\"},\"sameAs\":[\"https:\\\/\\\/www.facebook.com\\\/TargetMalariaGlobal\\\/\",\"https:\\\/\\\/x.com\\\/TargetMalaria\",\"https:\\\/\\\/www.linkedin.com\\\/company\\\/target-malaria\",\"https:\\\/\\\/youtube.com\\\/@TargetMalaria\"]}]}<\/script>\n<!-- \/ Yoast SEO plugin. -->","yoast_head_json":{"title":"Parties prenantes - Target Malaria","robots":{"index":"index","follow":"follow","max-snippet":"max-snippet:-1","max-image-preview":"max-image-preview:large","max-video-preview":"max-video-preview:-1"},"canonical":"https:\/\/targetmalaria.org\/fr\/notre-mission\/implication-des-parties-prenantes\/parties-prenantes\/","og_locale":"fr_FR","og_type":"article","og_title":"Parties prenantes - Target Malaria","og_description":"Notre approche globale d\u2019engagement des parties prenantes est ax\u00e9e sur les groupes les plus pertinents&nbsp;: B\u00e9n\u00e9ficiaires potentiels et personnes directement touch\u00e9es par nos recherches en Afrique. Ce principe fondamental repose sur des consid\u00e9rations \u00e9thiques, \u00e0 commencer par le fait qu\u2019en Afrique, le paludisme affecte principalement des populations rurales vuln\u00e9rables caract\u00e9ris\u00e9es par de faibles revenus, un [&hellip;]","og_url":"https:\/\/targetmalaria.org\/fr\/notre-mission\/implication-des-parties-prenantes\/parties-prenantes\/","og_site_name":"Target Malaria","article_publisher":"https:\/\/www.facebook.com\/TargetMalariaGlobal\/","article_modified_time":"2025-11-17T14:56:08+00:00","twitter_card":"summary_large_image","twitter_site":"@TargetMalaria","twitter_misc":{"Dur\u00e9e de lecture estim\u00e9e":"2 minutes"},"schema":{"@context":"https:\/\/schema.org","@graph":[{"@type":"WebPage","@id":"https:\/\/targetmalaria.org\/fr\/notre-mission\/implication-des-parties-prenantes\/parties-prenantes\/","url":"https:\/\/targetmalaria.org\/fr\/notre-mission\/implication-des-parties-prenantes\/parties-prenantes\/","name":"Parties prenantes - Target Malaria","isPartOf":{"@id":"https:\/\/targetmalaria.org\/fr\/#website"},"datePublished":"2023-03-21T11:24:54+00:00","dateModified":"2025-11-17T14:56:08+00:00","breadcrumb":{"@id":"https:\/\/targetmalaria.org\/fr\/notre-mission\/implication-des-parties-prenantes\/parties-prenantes\/#breadcrumb"},"inLanguage":"fr-FR","potentialAction":[{"@type":"ReadAction","target":["https:\/\/targetmalaria.org\/fr\/notre-mission\/implication-des-parties-prenantes\/parties-prenantes\/"]}]},{"@type":"BreadcrumbList","@id":"https:\/\/targetmalaria.org\/fr\/notre-mission\/implication-des-parties-prenantes\/parties-prenantes\/#breadcrumb","itemListElement":[{"@type":"ListItem","position":1,"name":"Home","item":"https:\/\/targetmalaria.org\/fr\/"},{"@type":"ListItem","position":2,"name":"Notre mission","item":"https:\/\/targetmalaria.org\/fr\/notre-mission\/"},{"@type":"ListItem","position":3,"name":"Engagement des parties prenantes","item":"https:\/\/targetmalaria.org\/fr\/notre-mission\/implication-des-parties-prenantes\/"},{"@type":"ListItem","position":4,"name":"Parties prenantes"}]},{"@type":"WebSite","@id":"https:\/\/targetmalaria.org\/fr\/#website","url":"https:\/\/targetmalaria.org\/fr\/","name":"Target Malaria","description":"","publisher":{"@id":"https:\/\/targetmalaria.org\/fr\/#organization"},"potentialAction":[{"@type":"SearchAction","target":{"@type":"EntryPoint","urlTemplate":"https:\/\/targetmalaria.org\/fr\/?s={search_term_string}"},"query-input":{"@type":"PropertyValueSpecification","valueRequired":true,"valueName":"search_term_string"}}],"inLanguage":"fr-FR"},{"@type":"Organization","@id":"https:\/\/targetmalaria.org\/fr\/#organization","name":"Target Malaria","url":"https:\/\/targetmalaria.org\/fr\/","logo":{"@type":"ImageObject","inLanguage":"fr-FR","@id":"https:\/\/targetmalaria.org\/fr\/#\/schema\/logo\/image\/","url":"https:\/\/targetmalaria.org\/wp-content\/uploads\/2025\/08\/target_malaria_bf_logo.png","contentUrl":"https:\/\/targetmalaria.org\/wp-content\/uploads\/2025\/08\/target_malaria_bf_logo.png","width":1920,"height":1080,"caption":"Target Malaria"},"image":{"@id":"https:\/\/targetmalaria.org\/fr\/#\/schema\/logo\/image\/"},"sameAs":["https:\/\/www.facebook.com\/TargetMalariaGlobal\/","https:\/\/x.com\/TargetMalaria","https:\/\/www.linkedin.com\/company\/target-malaria","https:\/\/youtube.com\/@TargetMalaria"]}]}},"_links":{"self":[{"href":"https:\/\/targetmalaria.org\/fr\/wp-json\/wp\/v2\/pages\/11142","targetHints":{"allow":["GET"]}}],"collection":[{"href":"https:\/\/targetmalaria.org\/fr\/wp-json\/wp\/v2\/pages"}],"about":[{"href":"https:\/\/targetmalaria.org\/fr\/wp-json\/wp\/v2\/types\/page"}],"author":[{"embeddable":true,"href":"https:\/\/targetmalaria.org\/fr\/wp-json\/wp\/v2\/users\/31"}],"replies":[{"embeddable":true,"href":"https:\/\/targetmalaria.org\/fr\/wp-json\/wp\/v2\/comments?post=11142"}],"version-history":[{"count":3,"href":"https:\/\/targetmalaria.org\/fr\/wp-json\/wp\/v2\/pages\/11142\/revisions"}],"predecessor-version":[{"id":23563,"href":"https:\/\/targetmalaria.org\/fr\/wp-json\/wp\/v2\/pages\/11142\/revisions\/23563"}],"up":[{"embeddable":true,"href":"https:\/\/targetmalaria.org\/fr\/wp-json\/wp\/v2\/pages\/11263"}],"wp:attachment":[{"href":"https:\/\/targetmalaria.org\/fr\/wp-json\/wp\/v2\/media?parent=11142"}],"curies":[{"name":"wp","href":"https:\/\/api.w.org\/{rel}","templated":true}]}}