{"id":11087,"date":"2023-03-17T14:10:10","date_gmt":"2023-03-17T14:10:10","guid":{"rendered":"https:\/\/targetmalaria.org\/approche\/"},"modified":"2025-11-17T14:55:35","modified_gmt":"2025-11-17T14:55:35","slug":"approche","status":"publish","type":"page","link":"https:\/\/targetmalaria.org\/fr\/notre-mission\/implication-des-parties-prenantes\/approche\/","title":{"rendered":"Approche"},"content":{"rendered":"\n<div class=\"wp-block-group alignfull has-white-color has-light-blue-background-color has-text-color has-background has-link-color firstCover ragged_edge-position-both wp-elements-493444a7e462eeca66ea43adc71acfcf has-global-padding is-layout-constrained wp-block-group-is-layout-constrained\">\n<div class=\"wp-block-columns is-layout-flex wp-container-core-columns-is-layout-28f84493 wp-block-columns-is-layout-flex\">\n<div class=\"wp-block-column is-layout-flow wp-block-column-is-layout-flow\">\n<h2 class=\"wp-block-heading\">Nous nous effor\u00e7ons d\u2019int\u00e9grer l\u2019engagement des parties prenantes dans toutes les phases du processus de recherche et de d\u00e9veloppement de notre technologie.<\/h2>\n<\/div>\n\n\n\n<div class=\"wp-block-column is-layout-flow wp-block-column-is-layout-flow\">\n<p>Target Malaria a d\u00e9velopp\u00e9 sa <a href=\"https:\/\/malariajournal.biomedcentral.com\/articles\/10.1186\/s12936-022-04241-3\" target=\"_blank\" rel=\"noreferrer noopener\">strat\u00e9gie d\u2019engagement des parties prenantes<\/a> en tenant compte des points suivants&nbsp;:<\/p>\n\n\n\n<ul class=\"wp-block-list\">\n<li>Le contexte des pays o\u00f9 nous op\u00e9rons&nbsp;;<\/li>\n\n\n\n<li>Nos <a href=\"https:\/\/malariajournal.biomedcentral.com\/articles\/10.1186\/s12936-022-04062-4\" target=\"_blank\" rel=\"noreferrer noopener\">principes \u00e9thiques<\/a> en mati\u00e8re d\u2019engagement (y compris les valeurs cl\u00e9s du projet)&nbsp;;<\/li>\n\n\n\n<li>Les orientations \u00e9mergentes et le d\u00e9veloppement de bonnes pratiques sur le terrain.<\/li>\n<\/ul>\n\n\n\n<p>Notre strat\u00e9gie prend la forme d\u2019une <a href=\"https:\/\/targetmalaria.org\/fr\/latest\/blog\/mise-en-oeuvre-dun-guide-dengagement-des-parties-prenantes-pour-la-recherche-sur-limpulsion-genetique\/\" target=\"_blank\" rel=\"noreferrer noopener\">approche \u00e9volutive<\/a>, s\u2019adaptant \u00e0 l\u2019\u00e9volution des contextes, aux commentaires des parties prenantes, aux changements potentiels affectant les activit\u00e9s du projet ainsi qu\u2019aux nouveaux documents d\u2019orientation et aux d\u00e9couvertes scientifiques pertinentes au fur et \u00e0 mesure qu\u2019ils surviennent.<\/p>\n<\/div>\n<\/div>\n<\/div>\n\n\n\n<figure class=\"wp-block-embed is-type-video is-provider-youtube wp-block-embed-youtube wp-embed-aspect-16-9 wp-has-aspect-ratio\" style=\"margin-top:var(--wp--preset--spacing--50);margin-bottom:var(--wp--preset--spacing--50)\"><div class=\"wp-block-embed__wrapper\">\n<iframe loading=\"lazy\" title=\"Our approach to Stakeholder Engagement \/ Notre approche de l&#039;engagement des parties prenantes\" width=\"500\" height=\"281\" src=\"https:\/\/www.youtube.com\/embed\/OVQvnTehOiI?feature=oembed\" frameborder=\"0\" allow=\"accelerometer; autoplay; clipboard-write; encrypted-media; gyroscope; picture-in-picture; web-share\" referrerpolicy=\"strict-origin-when-cross-origin\" allowfullscreen><\/iframe>\n<\/div><\/figure>\n\n\n\n<figure class=\"wp-block-image size-full\"><img loading=\"lazy\" decoding=\"async\" width=\"1270\" height=\"786\" src=\"https:\/\/targetmalaria.org\/wp-content\/uploads\/2023\/03\/image3-35.jpeg\" alt=\"\" class=\"wp-image-11073\" srcset=\"https:\/\/targetmalaria.org\/wp-content\/uploads\/2023\/03\/image3-35.jpeg 1270w, https:\/\/targetmalaria.org\/wp-content\/uploads\/2023\/03\/image3-35-300x186.jpeg 300w, https:\/\/targetmalaria.org\/wp-content\/uploads\/2023\/03\/image3-35-1024x634.jpeg 1024w, https:\/\/targetmalaria.org\/wp-content\/uploads\/2023\/03\/image3-35-768x475.jpeg 768w\" sizes=\"auto, (max-width: 1270px) 100vw, 1270px\" \/><\/figure>\n","protected":false},"excerpt":{"rendered":"<p>Nous nous effor\u00e7ons d\u2019int\u00e9grer l\u2019engagement des parties prenantes dans toutes les phases du processus de recherche et de d\u00e9veloppement de notre technologie. Target Malaria a d\u00e9velopp\u00e9 sa strat\u00e9gie d\u2019engagement des parties prenantes en tenant compte des points suivants&nbsp;: Notre strat\u00e9gie prend la forme d\u2019une approche \u00e9volutive, s\u2019adaptant \u00e0 l\u2019\u00e9volution des contextes, aux commentaires des parties [&hellip;]<\/p>\n","protected":false},"author":31,"featured_media":0,"parent":11263,"menu_order":29,"comment_status":"closed","ping_status":"closed","template":"","meta":{"_acf_changed":false,"_relevanssi_hide_post":"","_relevanssi_hide_content":"","_relevanssi_pin_for_all":"","_relevanssi_pin_keywords":"","_relevanssi_unpin_keywords":"","_relevanssi_related_keywords":"","_relevanssi_related_include_ids":"","_relevanssi_related_exclude_ids":"","_relevanssi_related_no_append":"","_relevanssi_related_not_related":"","_relevanssi_related_posts":"","_relevanssi_noindex_reason":"","featured_image_focal_point":[],"footnotes":""},"class_list":["post-11087","page","type-page","status-publish","hentry"],"acf":[],"yoast_head":"<!-- This site is optimized with the Yoast SEO plugin v27.4 - https:\/\/yoast.com\/product\/yoast-seo-wordpress\/ -->\n<title>Approche - Target Malaria<\/title>\n<meta name=\"robots\" content=\"index, follow, max-snippet:-1, max-image-preview:large, max-video-preview:-1\" \/>\n<link rel=\"canonical\" href=\"https:\/\/targetmalaria.org\/fr\/notre-mission\/implication-des-parties-prenantes\/approche\/\" \/>\n<meta property=\"og:locale\" content=\"fr_FR\" \/>\n<meta property=\"og:type\" content=\"article\" \/>\n<meta property=\"og:title\" content=\"Approche - Target Malaria\" \/>\n<meta property=\"og:description\" content=\"Nous nous effor\u00e7ons d\u2019int\u00e9grer l\u2019engagement des parties prenantes dans toutes les phases du processus de recherche et de d\u00e9veloppement de notre technologie. Target Malaria a d\u00e9velopp\u00e9 sa strat\u00e9gie d\u2019engagement des parties prenantes en tenant compte des points suivants&nbsp;: Notre strat\u00e9gie prend la forme d\u2019une approche \u00e9volutive, s\u2019adaptant \u00e0 l\u2019\u00e9volution des contextes, aux commentaires des parties [&hellip;]\" \/>\n<meta property=\"og:url\" content=\"https:\/\/targetmalaria.org\/fr\/notre-mission\/implication-des-parties-prenantes\/approche\/\" \/>\n<meta property=\"og:site_name\" content=\"Target Malaria\" \/>\n<meta property=\"article:publisher\" content=\"https:\/\/www.facebook.com\/TargetMalariaGlobal\/\" \/>\n<meta property=\"article:modified_time\" content=\"2025-11-17T14:55:35+00:00\" \/>\n<meta property=\"og:image\" content=\"https:\/\/targetmalaria.org\/wp-content\/uploads\/2023\/03\/image3-35.jpeg\" \/>\n\t<meta property=\"og:image:width\" content=\"1270\" \/>\n\t<meta property=\"og:image:height\" content=\"786\" \/>\n\t<meta property=\"og:image:type\" content=\"image\/jpeg\" \/>\n<meta name=\"twitter:card\" content=\"summary_large_image\" \/>\n<meta name=\"twitter:site\" content=\"@TargetMalaria\" \/>\n<meta name=\"twitter:label1\" content=\"Dur\u00e9e de lecture estim\u00e9e\" \/>\n\t<meta name=\"twitter:data1\" content=\"1 minute\" \/>\n<script type=\"application\/ld+json\" class=\"yoast-schema-graph\">{\"@context\":\"https:\\\/\\\/schema.org\",\"@graph\":[{\"@type\":\"WebPage\",\"@id\":\"https:\\\/\\\/targetmalaria.org\\\/fr\\\/notre-mission\\\/implication-des-parties-prenantes\\\/approche\\\/\",\"url\":\"https:\\\/\\\/targetmalaria.org\\\/fr\\\/notre-mission\\\/implication-des-parties-prenantes\\\/approche\\\/\",\"name\":\"Approche - Target Malaria\",\"isPartOf\":{\"@id\":\"https:\\\/\\\/targetmalaria.org\\\/fr\\\/#website\"},\"primaryImageOfPage\":{\"@id\":\"https:\\\/\\\/targetmalaria.org\\\/fr\\\/notre-mission\\\/implication-des-parties-prenantes\\\/approche\\\/#primaryimage\"},\"image\":{\"@id\":\"https:\\\/\\\/targetmalaria.org\\\/fr\\\/notre-mission\\\/implication-des-parties-prenantes\\\/approche\\\/#primaryimage\"},\"thumbnailUrl\":\"https:\\\/\\\/targetmalaria.org\\\/wp-content\\\/uploads\\\/2023\\\/03\\\/image3-35.jpeg\",\"datePublished\":\"2023-03-17T14:10:10+00:00\",\"dateModified\":\"2025-11-17T14:55:35+00:00\",\"breadcrumb\":{\"@id\":\"https:\\\/\\\/targetmalaria.org\\\/fr\\\/notre-mission\\\/implication-des-parties-prenantes\\\/approche\\\/#breadcrumb\"},\"inLanguage\":\"fr-FR\",\"potentialAction\":[{\"@type\":\"ReadAction\",\"target\":[\"https:\\\/\\\/targetmalaria.org\\\/fr\\\/notre-mission\\\/implication-des-parties-prenantes\\\/approche\\\/\"]}]},{\"@type\":\"ImageObject\",\"inLanguage\":\"fr-FR\",\"@id\":\"https:\\\/\\\/targetmalaria.org\\\/fr\\\/notre-mission\\\/implication-des-parties-prenantes\\\/approche\\\/#primaryimage\",\"url\":\"https:\\\/\\\/targetmalaria.org\\\/wp-content\\\/uploads\\\/2023\\\/03\\\/image3-35.jpeg\",\"contentUrl\":\"https:\\\/\\\/targetmalaria.org\\\/wp-content\\\/uploads\\\/2023\\\/03\\\/image3-35.jpeg\"},{\"@type\":\"BreadcrumbList\",\"@id\":\"https:\\\/\\\/targetmalaria.org\\\/fr\\\/notre-mission\\\/implication-des-parties-prenantes\\\/approche\\\/#breadcrumb\",\"itemListElement\":[{\"@type\":\"ListItem\",\"position\":1,\"name\":\"Home\",\"item\":\"https:\\\/\\\/targetmalaria.org\\\/fr\\\/\"},{\"@type\":\"ListItem\",\"position\":2,\"name\":\"Notre mission\",\"item\":\"https:\\\/\\\/targetmalaria.org\\\/fr\\\/notre-mission\\\/\"},{\"@type\":\"ListItem\",\"position\":3,\"name\":\"Engagement des parties prenantes\",\"item\":\"https:\\\/\\\/targetmalaria.org\\\/fr\\\/notre-mission\\\/implication-des-parties-prenantes\\\/\"},{\"@type\":\"ListItem\",\"position\":4,\"name\":\"Approche\"}]},{\"@type\":\"WebSite\",\"@id\":\"https:\\\/\\\/targetmalaria.org\\\/fr\\\/#website\",\"url\":\"https:\\\/\\\/targetmalaria.org\\\/fr\\\/\",\"name\":\"Target Malaria\",\"description\":\"\",\"publisher\":{\"@id\":\"https:\\\/\\\/targetmalaria.org\\\/fr\\\/#organization\"},\"potentialAction\":[{\"@type\":\"SearchAction\",\"target\":{\"@type\":\"EntryPoint\",\"urlTemplate\":\"https:\\\/\\\/targetmalaria.org\\\/fr\\\/?s={search_term_string}\"},\"query-input\":{\"@type\":\"PropertyValueSpecification\",\"valueRequired\":true,\"valueName\":\"search_term_string\"}}],\"inLanguage\":\"fr-FR\"},{\"@type\":\"Organization\",\"@id\":\"https:\\\/\\\/targetmalaria.org\\\/fr\\\/#organization\",\"name\":\"Target Malaria\",\"url\":\"https:\\\/\\\/targetmalaria.org\\\/fr\\\/\",\"logo\":{\"@type\":\"ImageObject\",\"inLanguage\":\"fr-FR\",\"@id\":\"https:\\\/\\\/targetmalaria.org\\\/fr\\\/#\\\/schema\\\/logo\\\/image\\\/\",\"url\":\"https:\\\/\\\/targetmalaria.org\\\/wp-content\\\/uploads\\\/2025\\\/08\\\/target_malaria_bf_logo.png\",\"contentUrl\":\"https:\\\/\\\/targetmalaria.org\\\/wp-content\\\/uploads\\\/2025\\\/08\\\/target_malaria_bf_logo.png\",\"width\":1920,\"height\":1080,\"caption\":\"Target Malaria\"},\"image\":{\"@id\":\"https:\\\/\\\/targetmalaria.org\\\/fr\\\/#\\\/schema\\\/logo\\\/image\\\/\"},\"sameAs\":[\"https:\\\/\\\/www.facebook.com\\\/TargetMalariaGlobal\\\/\",\"https:\\\/\\\/x.com\\\/TargetMalaria\",\"https:\\\/\\\/www.linkedin.com\\\/company\\\/target-malaria\",\"https:\\\/\\\/youtube.com\\\/@TargetMalaria\"]}]}<\/script>\n<!-- \/ Yoast SEO plugin. -->","yoast_head_json":{"title":"Approche - Target Malaria","robots":{"index":"index","follow":"follow","max-snippet":"max-snippet:-1","max-image-preview":"max-image-preview:large","max-video-preview":"max-video-preview:-1"},"canonical":"https:\/\/targetmalaria.org\/fr\/notre-mission\/implication-des-parties-prenantes\/approche\/","og_locale":"fr_FR","og_type":"article","og_title":"Approche - Target Malaria","og_description":"Nous nous effor\u00e7ons d\u2019int\u00e9grer l\u2019engagement des parties prenantes dans toutes les phases du processus de recherche et de d\u00e9veloppement de notre technologie. Target Malaria a d\u00e9velopp\u00e9 sa strat\u00e9gie d\u2019engagement des parties prenantes en tenant compte des points suivants&nbsp;: Notre strat\u00e9gie prend la forme d\u2019une approche \u00e9volutive, s\u2019adaptant \u00e0 l\u2019\u00e9volution des contextes, aux commentaires des parties [&hellip;]","og_url":"https:\/\/targetmalaria.org\/fr\/notre-mission\/implication-des-parties-prenantes\/approche\/","og_site_name":"Target Malaria","article_publisher":"https:\/\/www.facebook.com\/TargetMalariaGlobal\/","article_modified_time":"2025-11-17T14:55:35+00:00","og_image":[{"width":1270,"height":786,"url":"https:\/\/targetmalaria.org\/wp-content\/uploads\/2023\/03\/image3-35.jpeg","type":"image\/jpeg"}],"twitter_card":"summary_large_image","twitter_site":"@TargetMalaria","twitter_misc":{"Dur\u00e9e de lecture estim\u00e9e":"1 minute"},"schema":{"@context":"https:\/\/schema.org","@graph":[{"@type":"WebPage","@id":"https:\/\/targetmalaria.org\/fr\/notre-mission\/implication-des-parties-prenantes\/approche\/","url":"https:\/\/targetmalaria.org\/fr\/notre-mission\/implication-des-parties-prenantes\/approche\/","name":"Approche - Target Malaria","isPartOf":{"@id":"https:\/\/targetmalaria.org\/fr\/#website"},"primaryImageOfPage":{"@id":"https:\/\/targetmalaria.org\/fr\/notre-mission\/implication-des-parties-prenantes\/approche\/#primaryimage"},"image":{"@id":"https:\/\/targetmalaria.org\/fr\/notre-mission\/implication-des-parties-prenantes\/approche\/#primaryimage"},"thumbnailUrl":"https:\/\/targetmalaria.org\/wp-content\/uploads\/2023\/03\/image3-35.jpeg","datePublished":"2023-03-17T14:10:10+00:00","dateModified":"2025-11-17T14:55:35+00:00","breadcrumb":{"@id":"https:\/\/targetmalaria.org\/fr\/notre-mission\/implication-des-parties-prenantes\/approche\/#breadcrumb"},"inLanguage":"fr-FR","potentialAction":[{"@type":"ReadAction","target":["https:\/\/targetmalaria.org\/fr\/notre-mission\/implication-des-parties-prenantes\/approche\/"]}]},{"@type":"ImageObject","inLanguage":"fr-FR","@id":"https:\/\/targetmalaria.org\/fr\/notre-mission\/implication-des-parties-prenantes\/approche\/#primaryimage","url":"https:\/\/targetmalaria.org\/wp-content\/uploads\/2023\/03\/image3-35.jpeg","contentUrl":"https:\/\/targetmalaria.org\/wp-content\/uploads\/2023\/03\/image3-35.jpeg"},{"@type":"BreadcrumbList","@id":"https:\/\/targetmalaria.org\/fr\/notre-mission\/implication-des-parties-prenantes\/approche\/#breadcrumb","itemListElement":[{"@type":"ListItem","position":1,"name":"Home","item":"https:\/\/targetmalaria.org\/fr\/"},{"@type":"ListItem","position":2,"name":"Notre mission","item":"https:\/\/targetmalaria.org\/fr\/notre-mission\/"},{"@type":"ListItem","position":3,"name":"Engagement des parties prenantes","item":"https:\/\/targetmalaria.org\/fr\/notre-mission\/implication-des-parties-prenantes\/"},{"@type":"ListItem","position":4,"name":"Approche"}]},{"@type":"WebSite","@id":"https:\/\/targetmalaria.org\/fr\/#website","url":"https:\/\/targetmalaria.org\/fr\/","name":"Target Malaria","description":"","publisher":{"@id":"https:\/\/targetmalaria.org\/fr\/#organization"},"potentialAction":[{"@type":"SearchAction","target":{"@type":"EntryPoint","urlTemplate":"https:\/\/targetmalaria.org\/fr\/?s={search_term_string}"},"query-input":{"@type":"PropertyValueSpecification","valueRequired":true,"valueName":"search_term_string"}}],"inLanguage":"fr-FR"},{"@type":"Organization","@id":"https:\/\/targetmalaria.org\/fr\/#organization","name":"Target Malaria","url":"https:\/\/targetmalaria.org\/fr\/","logo":{"@type":"ImageObject","inLanguage":"fr-FR","@id":"https:\/\/targetmalaria.org\/fr\/#\/schema\/logo\/image\/","url":"https:\/\/targetmalaria.org\/wp-content\/uploads\/2025\/08\/target_malaria_bf_logo.png","contentUrl":"https:\/\/targetmalaria.org\/wp-content\/uploads\/2025\/08\/target_malaria_bf_logo.png","width":1920,"height":1080,"caption":"Target Malaria"},"image":{"@id":"https:\/\/targetmalaria.org\/fr\/#\/schema\/logo\/image\/"},"sameAs":["https:\/\/www.facebook.com\/TargetMalariaGlobal\/","https:\/\/x.com\/TargetMalaria","https:\/\/www.linkedin.com\/company\/target-malaria","https:\/\/youtube.com\/@TargetMalaria"]}]}},"_links":{"self":[{"href":"https:\/\/targetmalaria.org\/fr\/wp-json\/wp\/v2\/pages\/11087","targetHints":{"allow":["GET"]}}],"collection":[{"href":"https:\/\/targetmalaria.org\/fr\/wp-json\/wp\/v2\/pages"}],"about":[{"href":"https:\/\/targetmalaria.org\/fr\/wp-json\/wp\/v2\/types\/page"}],"author":[{"embeddable":true,"href":"https:\/\/targetmalaria.org\/fr\/wp-json\/wp\/v2\/users\/31"}],"replies":[{"embeddable":true,"href":"https:\/\/targetmalaria.org\/fr\/wp-json\/wp\/v2\/comments?post=11087"}],"version-history":[{"count":5,"href":"https:\/\/targetmalaria.org\/fr\/wp-json\/wp\/v2\/pages\/11087\/revisions"}],"predecessor-version":[{"id":23362,"href":"https:\/\/targetmalaria.org\/fr\/wp-json\/wp\/v2\/pages\/11087\/revisions\/23362"}],"up":[{"embeddable":true,"href":"https:\/\/targetmalaria.org\/fr\/wp-json\/wp\/v2\/pages\/11263"}],"wp:attachment":[{"href":"https:\/\/targetmalaria.org\/fr\/wp-json\/wp\/v2\/media?parent=11087"}],"curies":[{"name":"wp","href":"https:\/\/api.w.org\/{rel}","templated":true}]}}