{"id":10989,"date":"2023-03-14T11:48:25","date_gmt":"2023-03-14T11:48:25","guid":{"rendered":"https:\/\/targetmalaria.org\/notre-mission-2\/affaires-reglementaires\/"},"modified":"2025-11-17T14:45:50","modified_gmt":"2025-11-17T14:45:50","slug":"affaires-reglementaires","status":"publish","type":"page","link":"https:\/\/targetmalaria.org\/fr\/notre-mission\/affaires-reglementaires\/","title":{"rendered":"Affaires r\u00e9glementaires"},"content":{"rendered":"<div class=\"ragged-edge-parent alignfull is-light\">\n<div class=\"wp-block-cover alignfull is-light firstCover ragged_edge-position-both\" style=\"min-height:50vh;aspect-ratio:unset;\"><img loading=\"lazy\" decoding=\"async\" width=\"1024\" height=\"683\" class=\"wp-block-cover__image-background wp-image-5941 size-large\" alt=\"\" src=\"https:\/\/targetmalaria.org\/wp-content\/uploads\/2021\/06\/Regulatory-Affairs_Target-Malaria_-RoyaltyFreeAdobeStock_HighRes-1024x683.jpeg\" data-object-fit=\"cover\" srcset=\"https:\/\/targetmalaria.org\/wp-content\/uploads\/2021\/06\/Regulatory-Affairs_Target-Malaria_-RoyaltyFreeAdobeStock_HighRes-1024x683.jpeg 1024w, https:\/\/targetmalaria.org\/wp-content\/uploads\/2021\/06\/Regulatory-Affairs_Target-Malaria_-RoyaltyFreeAdobeStock_HighRes-300x200.jpeg 300w, https:\/\/targetmalaria.org\/wp-content\/uploads\/2021\/06\/Regulatory-Affairs_Target-Malaria_-RoyaltyFreeAdobeStock_HighRes-768x512.jpeg 768w, https:\/\/targetmalaria.org\/wp-content\/uploads\/2021\/06\/Regulatory-Affairs_Target-Malaria_-RoyaltyFreeAdobeStock_HighRes-1536x1024.jpeg 1536w, https:\/\/targetmalaria.org\/wp-content\/uploads\/2021\/06\/Regulatory-Affairs_Target-Malaria_-RoyaltyFreeAdobeStock_HighRes-2048x1365.jpeg 2048w\" sizes=\"auto, (max-width: 1024px) 100vw, 1024px\" \/><span aria-hidden=\"true\" class=\"wp-block-cover__background has-background-dim-0 has-background-dim\"><\/span><div class=\"wp-block-cover__inner-container has-global-padding is-layout-constrained wp-block-cover-is-layout-constrained\">\n<p class=\"has-text-align-center has-large-font-size\"><\/p>\n<\/div><\/div>\n<\/div>\n\n\n<div class=\"wp-block-columns is-layout-flex wp-container-core-columns-is-layout-0884d4d2 wp-block-columns-is-layout-flex\" style=\"margin-top:var(--wp--preset--spacing--50);margin-bottom:var(--wp--preset--spacing--50)\">\n<div class=\"wp-block-column is-layout-flow wp-block-column-is-layout-flow\" style=\"flex-basis:33.33%\">\n<h3 class=\"wp-block-heading\" style=\"padding-top:0;padding-bottom:0\">Notre projet ne peut passer d\u2019une phase d\u2019\u00e9valuation \u00e0 une autre qu\u2019en se soumettant \u00e0 diverses approbations r\u00e9glementaires et \u00e9thiques nationales.<\/h3>\n<\/div>\n\n\n\n<div class=\"wp-block-column is-layout-flow wp-block-column-is-layout-flow\" style=\"flex-basis:66.66%\">\n<p>Nous disposons d\u2019une \u00e9quipe r\u00e9glementaire qui nous aide \u00e0 comprendre les exigences dans chaque pays et les informations que nous devons fournir.<\/p>\n\n\n\n<p>Nous nous engageons \u00e0 respecter les <a href=\"https:\/\/targetmalaria.org\/fr\/fact-sheets\/cadre-politique-international-pour-les-moustiques-genetiquement-modifies\/\" target=\"_blank\" rel=\"noreferrer noopener\">lignes directrices internationales<\/a> et \u00e0 nous conformer \u00e0 la l\u00e9gislation nationale et, de ce fait, nous menons nos travaux uniquement lorsque nous disposons des autorisations appropri\u00e9es des autorit\u00e9s r\u00e9glementaires des pays o\u00f9 nous travaillons.<\/p>\n\n\n\n<p><a href=\"https:\/\/targetmalaria.org\/fr\/fact-sheets\/mesures-de-securite-pour-les-travaux-sur-les-moustiques-genetiquement-modifies-en-milieu-confine\/\" target=\"_blank\" rel=\"noreferrer noopener\">La s\u00e9curit\u00e9<\/a> est d\u2019une importance primordiale pour le projet. \u00c0 chaque phase et chaque \u00e9tape de la recherche, nous cherchons \u00e0 obtenir des conseils aupr\u00e8s de scientifiques externes et nous nous soumettons \u00e0 une \u00e9valuation externe ind\u00e9pendante des risques. Le projet est pleinement conforme \u00e0 la l\u00e9gislation internationale et nationale, et respecte les orientations existantes et \u00e9mergentes relatives \u00e0 l\u2019utilisation des technologies g\u00e9n\u00e9tiques.<\/p>\n<\/div>\n<\/div>\n","protected":false},"excerpt":{"rendered":"<p>Notre projet ne peut passer d\u2019une phase d\u2019\u00e9valuation \u00e0 une autre qu\u2019en se soumettant \u00e0 diverses approbations r\u00e9glementaires et \u00e9thiques nationales. Nous disposons d\u2019une \u00e9quipe r\u00e9glementaire qui nous aide \u00e0 comprendre les exigences dans chaque pays et les informations que nous devons fournir.<\/p>\n","protected":false},"author":31,"featured_media":5942,"parent":5217,"menu_order":27,"comment_status":"closed","ping_status":"closed","template":"","meta":{"_acf_changed":false,"_relevanssi_hide_post":"","_relevanssi_hide_content":"","_relevanssi_pin_for_all":"","_relevanssi_pin_keywords":"","_relevanssi_unpin_keywords":"","_relevanssi_related_keywords":"","_relevanssi_related_include_ids":"","_relevanssi_related_exclude_ids":"","_relevanssi_related_no_append":"","_relevanssi_related_not_related":"","_relevanssi_related_posts":"","_relevanssi_noindex_reason":"","featured_image_focal_point":[],"footnotes":""},"class_list":["post-10989","page","type-page","status-publish","has-post-thumbnail","hentry"],"acf":[],"yoast_head":"<!-- This site is optimized with the Yoast SEO plugin v27.4 - https:\/\/yoast.com\/product\/yoast-seo-wordpress\/ -->\n<title>Affaires r\u00e9glementaires - Target Malaria<\/title>\n<meta name=\"robots\" content=\"index, follow, max-snippet:-1, max-image-preview:large, max-video-preview:-1\" \/>\n<link rel=\"canonical\" href=\"https:\/\/targetmalaria.org\/fr\/notre-mission\/affaires-reglementaires\/\" \/>\n<meta property=\"og:locale\" content=\"fr_FR\" \/>\n<meta property=\"og:type\" content=\"article\" \/>\n<meta property=\"og:title\" content=\"Affaires r\u00e9glementaires - Target Malaria\" \/>\n<meta property=\"og:description\" content=\"Notre projet ne peut passer d\u2019une phase d\u2019\u00e9valuation \u00e0 une autre qu\u2019en se soumettant \u00e0 diverses approbations r\u00e9glementaires et \u00e9thiques nationales. Nous disposons d\u2019une \u00e9quipe r\u00e9glementaire qui nous aide \u00e0 comprendre les exigences dans chaque pays et les informations que nous devons fournir.\" \/>\n<meta property=\"og:url\" content=\"https:\/\/targetmalaria.org\/fr\/notre-mission\/affaires-reglementaires\/\" \/>\n<meta property=\"og:site_name\" content=\"Target Malaria\" \/>\n<meta property=\"article:publisher\" content=\"https:\/\/www.facebook.com\/TargetMalariaGlobal\/\" \/>\n<meta property=\"article:modified_time\" content=\"2025-11-17T14:45:50+00:00\" \/>\n<meta property=\"og:image\" content=\"https:\/\/targetmalaria.org\/wp-content\/uploads\/2021\/06\/Regulatory-Affairs_Target-Malaria_-RoyaltyFreeAdobeStock_HighRes-scaled.jpeg\" \/>\n\t<meta property=\"og:image:width\" content=\"2560\" \/>\n\t<meta property=\"og:image:height\" content=\"1706\" \/>\n\t<meta property=\"og:image:type\" content=\"image\/jpeg\" \/>\n<meta name=\"twitter:card\" content=\"summary_large_image\" \/>\n<meta name=\"twitter:site\" content=\"@TargetMalaria\" \/>\n<meta name=\"twitter:label1\" content=\"Dur\u00e9e de lecture estim\u00e9e\" \/>\n\t<meta name=\"twitter:data1\" content=\"2 minutes\" \/>\n<script type=\"application\/ld+json\" class=\"yoast-schema-graph\">{\"@context\":\"https:\\\/\\\/schema.org\",\"@graph\":[{\"@type\":\"WebPage\",\"@id\":\"https:\\\/\\\/targetmalaria.org\\\/fr\\\/notre-mission\\\/affaires-reglementaires\\\/\",\"url\":\"https:\\\/\\\/targetmalaria.org\\\/fr\\\/notre-mission\\\/affaires-reglementaires\\\/\",\"name\":\"Affaires r\u00e9glementaires - Target Malaria\",\"isPartOf\":{\"@id\":\"https:\\\/\\\/targetmalaria.org\\\/fr\\\/#website\"},\"primaryImageOfPage\":{\"@id\":\"https:\\\/\\\/targetmalaria.org\\\/fr\\\/notre-mission\\\/affaires-reglementaires\\\/#primaryimage\"},\"image\":{\"@id\":\"https:\\\/\\\/targetmalaria.org\\\/fr\\\/notre-mission\\\/affaires-reglementaires\\\/#primaryimage\"},\"thumbnailUrl\":\"https:\\\/\\\/targetmalaria.org\\\/wp-content\\\/uploads\\\/2021\\\/06\\\/Regulatory-Affairs_Target-Malaria_-RoyaltyFreeAdobeStock_HighRes-scaled.jpeg\",\"datePublished\":\"2023-03-14T11:48:25+00:00\",\"dateModified\":\"2025-11-17T14:45:50+00:00\",\"breadcrumb\":{\"@id\":\"https:\\\/\\\/targetmalaria.org\\\/fr\\\/notre-mission\\\/affaires-reglementaires\\\/#breadcrumb\"},\"inLanguage\":\"fr-FR\",\"potentialAction\":[{\"@type\":\"ReadAction\",\"target\":[\"https:\\\/\\\/targetmalaria.org\\\/fr\\\/notre-mission\\\/affaires-reglementaires\\\/\"]}]},{\"@type\":\"ImageObject\",\"inLanguage\":\"fr-FR\",\"@id\":\"https:\\\/\\\/targetmalaria.org\\\/fr\\\/notre-mission\\\/affaires-reglementaires\\\/#primaryimage\",\"url\":\"https:\\\/\\\/targetmalaria.org\\\/wp-content\\\/uploads\\\/2021\\\/06\\\/Regulatory-Affairs_Target-Malaria_-RoyaltyFreeAdobeStock_HighRes-scaled.jpeg\",\"contentUrl\":\"https:\\\/\\\/targetmalaria.org\\\/wp-content\\\/uploads\\\/2021\\\/06\\\/Regulatory-Affairs_Target-Malaria_-RoyaltyFreeAdobeStock_HighRes-scaled.jpeg\",\"width\":2560,\"height\":1706,\"caption\":\"African client customer hand sign business contract at meeting, get hired make sale purchase deal write signature on document employment agreement, take bank loan buy insurance service, close up view\"},{\"@type\":\"BreadcrumbList\",\"@id\":\"https:\\\/\\\/targetmalaria.org\\\/fr\\\/notre-mission\\\/affaires-reglementaires\\\/#breadcrumb\",\"itemListElement\":[{\"@type\":\"ListItem\",\"position\":1,\"name\":\"Home\",\"item\":\"https:\\\/\\\/targetmalaria.org\\\/fr\\\/\"},{\"@type\":\"ListItem\",\"position\":2,\"name\":\"Notre mission\",\"item\":\"https:\\\/\\\/targetmalaria.org\\\/fr\\\/notre-mission\\\/\"},{\"@type\":\"ListItem\",\"position\":3,\"name\":\"Affaires r\u00e9glementaires\"}]},{\"@type\":\"WebSite\",\"@id\":\"https:\\\/\\\/targetmalaria.org\\\/fr\\\/#website\",\"url\":\"https:\\\/\\\/targetmalaria.org\\\/fr\\\/\",\"name\":\"Target Malaria\",\"description\":\"\",\"publisher\":{\"@id\":\"https:\\\/\\\/targetmalaria.org\\\/fr\\\/#organization\"},\"potentialAction\":[{\"@type\":\"SearchAction\",\"target\":{\"@type\":\"EntryPoint\",\"urlTemplate\":\"https:\\\/\\\/targetmalaria.org\\\/fr\\\/?s={search_term_string}\"},\"query-input\":{\"@type\":\"PropertyValueSpecification\",\"valueRequired\":true,\"valueName\":\"search_term_string\"}}],\"inLanguage\":\"fr-FR\"},{\"@type\":\"Organization\",\"@id\":\"https:\\\/\\\/targetmalaria.org\\\/fr\\\/#organization\",\"name\":\"Target Malaria\",\"url\":\"https:\\\/\\\/targetmalaria.org\\\/fr\\\/\",\"logo\":{\"@type\":\"ImageObject\",\"inLanguage\":\"fr-FR\",\"@id\":\"https:\\\/\\\/targetmalaria.org\\\/fr\\\/#\\\/schema\\\/logo\\\/image\\\/\",\"url\":\"https:\\\/\\\/targetmalaria.org\\\/wp-content\\\/uploads\\\/2025\\\/08\\\/target_malaria_bf_logo.png\",\"contentUrl\":\"https:\\\/\\\/targetmalaria.org\\\/wp-content\\\/uploads\\\/2025\\\/08\\\/target_malaria_bf_logo.png\",\"width\":1920,\"height\":1080,\"caption\":\"Target Malaria\"},\"image\":{\"@id\":\"https:\\\/\\\/targetmalaria.org\\\/fr\\\/#\\\/schema\\\/logo\\\/image\\\/\"},\"sameAs\":[\"https:\\\/\\\/www.facebook.com\\\/TargetMalariaGlobal\\\/\",\"https:\\\/\\\/x.com\\\/TargetMalaria\",\"https:\\\/\\\/www.linkedin.com\\\/company\\\/target-malaria\",\"https:\\\/\\\/youtube.com\\\/@TargetMalaria\"]}]}<\/script>\n<!-- \/ Yoast SEO plugin. -->","yoast_head_json":{"title":"Affaires r\u00e9glementaires - Target Malaria","robots":{"index":"index","follow":"follow","max-snippet":"max-snippet:-1","max-image-preview":"max-image-preview:large","max-video-preview":"max-video-preview:-1"},"canonical":"https:\/\/targetmalaria.org\/fr\/notre-mission\/affaires-reglementaires\/","og_locale":"fr_FR","og_type":"article","og_title":"Affaires r\u00e9glementaires - Target Malaria","og_description":"Notre projet ne peut passer d\u2019une phase d\u2019\u00e9valuation \u00e0 une autre qu\u2019en se soumettant \u00e0 diverses approbations r\u00e9glementaires et \u00e9thiques nationales. Nous disposons d\u2019une \u00e9quipe r\u00e9glementaire qui nous aide \u00e0 comprendre les exigences dans chaque pays et les informations que nous devons fournir.","og_url":"https:\/\/targetmalaria.org\/fr\/notre-mission\/affaires-reglementaires\/","og_site_name":"Target Malaria","article_publisher":"https:\/\/www.facebook.com\/TargetMalariaGlobal\/","article_modified_time":"2025-11-17T14:45:50+00:00","og_image":[{"width":2560,"height":1706,"url":"https:\/\/targetmalaria.org\/wp-content\/uploads\/2021\/06\/Regulatory-Affairs_Target-Malaria_-RoyaltyFreeAdobeStock_HighRes-scaled.jpeg","type":"image\/jpeg"}],"twitter_card":"summary_large_image","twitter_site":"@TargetMalaria","twitter_misc":{"Dur\u00e9e de lecture estim\u00e9e":"2 minutes"},"schema":{"@context":"https:\/\/schema.org","@graph":[{"@type":"WebPage","@id":"https:\/\/targetmalaria.org\/fr\/notre-mission\/affaires-reglementaires\/","url":"https:\/\/targetmalaria.org\/fr\/notre-mission\/affaires-reglementaires\/","name":"Affaires r\u00e9glementaires - Target Malaria","isPartOf":{"@id":"https:\/\/targetmalaria.org\/fr\/#website"},"primaryImageOfPage":{"@id":"https:\/\/targetmalaria.org\/fr\/notre-mission\/affaires-reglementaires\/#primaryimage"},"image":{"@id":"https:\/\/targetmalaria.org\/fr\/notre-mission\/affaires-reglementaires\/#primaryimage"},"thumbnailUrl":"https:\/\/targetmalaria.org\/wp-content\/uploads\/2021\/06\/Regulatory-Affairs_Target-Malaria_-RoyaltyFreeAdobeStock_HighRes-scaled.jpeg","datePublished":"2023-03-14T11:48:25+00:00","dateModified":"2025-11-17T14:45:50+00:00","breadcrumb":{"@id":"https:\/\/targetmalaria.org\/fr\/notre-mission\/affaires-reglementaires\/#breadcrumb"},"inLanguage":"fr-FR","potentialAction":[{"@type":"ReadAction","target":["https:\/\/targetmalaria.org\/fr\/notre-mission\/affaires-reglementaires\/"]}]},{"@type":"ImageObject","inLanguage":"fr-FR","@id":"https:\/\/targetmalaria.org\/fr\/notre-mission\/affaires-reglementaires\/#primaryimage","url":"https:\/\/targetmalaria.org\/wp-content\/uploads\/2021\/06\/Regulatory-Affairs_Target-Malaria_-RoyaltyFreeAdobeStock_HighRes-scaled.jpeg","contentUrl":"https:\/\/targetmalaria.org\/wp-content\/uploads\/2021\/06\/Regulatory-Affairs_Target-Malaria_-RoyaltyFreeAdobeStock_HighRes-scaled.jpeg","width":2560,"height":1706,"caption":"African client customer hand sign business contract at meeting, get hired make sale purchase deal write signature on document employment agreement, take bank loan buy insurance service, close up view"},{"@type":"BreadcrumbList","@id":"https:\/\/targetmalaria.org\/fr\/notre-mission\/affaires-reglementaires\/#breadcrumb","itemListElement":[{"@type":"ListItem","position":1,"name":"Home","item":"https:\/\/targetmalaria.org\/fr\/"},{"@type":"ListItem","position":2,"name":"Notre mission","item":"https:\/\/targetmalaria.org\/fr\/notre-mission\/"},{"@type":"ListItem","position":3,"name":"Affaires r\u00e9glementaires"}]},{"@type":"WebSite","@id":"https:\/\/targetmalaria.org\/fr\/#website","url":"https:\/\/targetmalaria.org\/fr\/","name":"Target Malaria","description":"","publisher":{"@id":"https:\/\/targetmalaria.org\/fr\/#organization"},"potentialAction":[{"@type":"SearchAction","target":{"@type":"EntryPoint","urlTemplate":"https:\/\/targetmalaria.org\/fr\/?s={search_term_string}"},"query-input":{"@type":"PropertyValueSpecification","valueRequired":true,"valueName":"search_term_string"}}],"inLanguage":"fr-FR"},{"@type":"Organization","@id":"https:\/\/targetmalaria.org\/fr\/#organization","name":"Target Malaria","url":"https:\/\/targetmalaria.org\/fr\/","logo":{"@type":"ImageObject","inLanguage":"fr-FR","@id":"https:\/\/targetmalaria.org\/fr\/#\/schema\/logo\/image\/","url":"https:\/\/targetmalaria.org\/wp-content\/uploads\/2025\/08\/target_malaria_bf_logo.png","contentUrl":"https:\/\/targetmalaria.org\/wp-content\/uploads\/2025\/08\/target_malaria_bf_logo.png","width":1920,"height":1080,"caption":"Target Malaria"},"image":{"@id":"https:\/\/targetmalaria.org\/fr\/#\/schema\/logo\/image\/"},"sameAs":["https:\/\/www.facebook.com\/TargetMalariaGlobal\/","https:\/\/x.com\/TargetMalaria","https:\/\/www.linkedin.com\/company\/target-malaria","https:\/\/youtube.com\/@TargetMalaria"]}]}},"_links":{"self":[{"href":"https:\/\/targetmalaria.org\/fr\/wp-json\/wp\/v2\/pages\/10989","targetHints":{"allow":["GET"]}}],"collection":[{"href":"https:\/\/targetmalaria.org\/fr\/wp-json\/wp\/v2\/pages"}],"about":[{"href":"https:\/\/targetmalaria.org\/fr\/wp-json\/wp\/v2\/types\/page"}],"author":[{"embeddable":true,"href":"https:\/\/targetmalaria.org\/fr\/wp-json\/wp\/v2\/users\/31"}],"replies":[{"embeddable":true,"href":"https:\/\/targetmalaria.org\/fr\/wp-json\/wp\/v2\/comments?post=10989"}],"version-history":[{"count":7,"href":"https:\/\/targetmalaria.org\/fr\/wp-json\/wp\/v2\/pages\/10989\/revisions"}],"predecessor-version":[{"id":23340,"href":"https:\/\/targetmalaria.org\/fr\/wp-json\/wp\/v2\/pages\/10989\/revisions\/23340"}],"up":[{"embeddable":true,"href":"https:\/\/targetmalaria.org\/fr\/wp-json\/wp\/v2\/pages\/5217"}],"wp:featuredmedia":[{"embeddable":true,"href":"https:\/\/targetmalaria.org\/fr\/wp-json\/wp\/v2\/media\/5942"}],"wp:attachment":[{"href":"https:\/\/targetmalaria.org\/fr\/wp-json\/wp\/v2\/media?parent=10989"}],"curies":[{"name":"wp","href":"https:\/\/api.w.org\/{rel}","templated":true}]}}