{"id":10979,"date":"2023-03-14T11:20:59","date_gmt":"2023-03-14T11:20:59","guid":{"rendered":"https:\/\/targetmalaria.org\/notre-mission-2\/science\/modelisation\/"},"modified":"2025-09-16T18:44:57","modified_gmt":"2025-09-16T17:44:57","slug":"modelisation","status":"publish","type":"page","link":"https:\/\/targetmalaria.org\/fr\/notre-mission\/science\/modelisation\/","title":{"rendered":"Mod\u00e9lisation"},"content":{"rendered":"<div class=\"ragged-edge-parent alignfull is-light\">\n<div class=\"wp-block-cover alignfull is-light firstCover ragged_edge-position-both\" style=\"min-height:25vw;aspect-ratio:unset;\"><img loading=\"lazy\" decoding=\"async\" width=\"1400\" height=\"965\" class=\"wp-block-cover__image-background wp-image-22094 size-full\" alt=\"\" src=\"https:\/\/targetmalaria.org\/wp-content\/uploads\/2025\/08\/UK_KatieWillis.jpg\" style=\"object-position:53% 16%\" data-object-fit=\"cover\" data-object-position=\"53% 16%\" srcset=\"https:\/\/targetmalaria.org\/wp-content\/uploads\/2025\/08\/UK_KatieWillis.jpg 1400w, https:\/\/targetmalaria.org\/wp-content\/uploads\/2025\/08\/UK_KatieWillis-425x293.jpg 425w, https:\/\/targetmalaria.org\/wp-content\/uploads\/2025\/08\/UK_KatieWillis-1024x706.jpg 1024w, https:\/\/targetmalaria.org\/wp-content\/uploads\/2025\/08\/UK_KatieWillis-768x529.jpg 768w, https:\/\/targetmalaria.org\/wp-content\/uploads\/2025\/08\/UK_KatieWillis-300x207.jpg 300w\" sizes=\"auto, (max-width: 1400px) 100vw, 1400px\" \/><span aria-hidden=\"true\" class=\"wp-block-cover__background has-background-dim-0 has-background-dim\"><\/span><div class=\"wp-block-cover__inner-container has-global-padding is-layout-constrained wp-block-cover-is-layout-constrained\">\n<p class=\"has-text-align-center has-large-font-size\"><\/p>\n<\/div><\/div>\n<\/div>\n\n\n<div class=\"wp-block-columns is-layout-flex wp-container-core-columns-is-layout-28f84493 wp-block-columns-is-layout-flex\">\n<div class=\"wp-block-column is-layout-flow wp-block-column-is-layout-flow\" style=\"flex-basis:33.33%\">\n<h2 class=\"wp-block-heading\">La mod\u00e9lisation scientifique est une fa\u00e7on d\u2019aborder les syst\u00e8mes complexes afin de mieux les comprendre.<\/h2>\n<\/div>\n\n\n\n<div class=\"wp-block-column is-layout-flow wp-block-column-is-layout-flow\" style=\"flex-basis:66.66%\">\n<p>Par exemple, nous souhaiterons peut-\u00eatre conna\u00eetre l\u2019impact de la saisonnalit\u00e9 sur le l\u00e2cher de moustiques m\u00e2les g\u00e9n\u00e9tiquement modifi\u00e9s pour produire uniquement des prog\u00e9nitures m\u00e2les. Pour r\u00e9pondre \u00e0 cette question, le mod\u00e9lisateur construira d\u2019abord une repr\u00e9sentation math\u00e9matique de la population de moustiques et de la fa\u00e7on dont elle d\u00e9pend de facteurs saisonniers tels que les pr\u00e9cipitations. Le mod\u00e8le devra \u00e9galement repr\u00e9senter la fa\u00e7on dont les moustiques modifi\u00e9s sont cens\u00e9s interagir avec les moustiques sauvages. En \u00e9tudiant les \u00e9quations du mod\u00e8le, le mod\u00e9lisateur peut essayer de d\u00e9terminer comment la nature de la saisonnalit\u00e9 influencera le r\u00e9sultat d\u2019un l\u00e2cher.<\/p>\n\n\n\n<p>Target Malaria utilise de nombreux types de mod\u00e8les pour r\u00e9pondre \u00e0 diff\u00e9rents types de questions&nbsp;: des questions \u00ab&nbsp;g\u00e9n\u00e9rales&nbsp;\u00bb, telles que \u00ab&nbsp;dans quelle mesure la technologie de l\u2019impulsion g\u00e9n\u00e9tique pourrait-elle r\u00e9duire le paludisme \u00e0 l\u2019\u00e9chelle d\u2019un pays&nbsp;?&nbsp;\u00bb, \u00e0 des questions d\u00e9taill\u00e9es telles que \u00ab&nbsp;dans quelle mesure la population d\u2019une cage d\u00e9pend-elle du nombre d\u2019\u0153ufs pondus par jour par une femelle typique&nbsp;?&nbsp;\u00bb. Selon la nature du mod\u00e8le, une grande vari\u00e9t\u00e9 de donn\u00e9es peut \u00eatre utilis\u00e9e, allant des mesures en laboratoire aux donn\u00e9es de satellites&nbsp;!<\/p>\n\n\n\n<p>Au sein de Target Malaria, nous constatons souvent que la mod\u00e9lisation est plus utile lorsqu\u2019elle est r\u00e9alis\u00e9e en collaboration avec d\u2019autres chercheurs int\u00e9ress\u00e9s par les questions abord\u00e9es, tels que des entomologistes de terrain, des biologistes mol\u00e9culaires et des experts en risques et en r\u00e9glementation.<\/p>\n<\/div>\n<\/div>\n","protected":false},"excerpt":{"rendered":"<p>La mod\u00e9lisation scientifique est une fa\u00e7on d\u2019aborder les syst\u00e8mes complexes afin de mieux les comprendre. Par exemple, nous souhaiterons peut-\u00eatre conna\u00eetre l\u2019impact de la saisonnalit\u00e9 sur le l\u00e2cher de moustiques m\u00e2les g\u00e9n\u00e9tiquement modifi\u00e9s pour produire uniquement des prog\u00e9nitures m\u00e2les. Pour r\u00e9pondre \u00e0 cette question, le mod\u00e9lisateur construira d\u2019abord une repr\u00e9sentation math\u00e9matique de la population de [&hellip;]<\/p>\n","protected":false},"author":31,"featured_media":22095,"parent":10966,"menu_order":25,"comment_status":"closed","ping_status":"closed","template":"","meta":{"_acf_changed":false,"_relevanssi_hide_post":"","_relevanssi_hide_content":"","_relevanssi_pin_for_all":"","_relevanssi_pin_keywords":"","_relevanssi_unpin_keywords":"","_relevanssi_related_keywords":"","_relevanssi_related_include_ids":"","_relevanssi_related_exclude_ids":"","_relevanssi_related_no_append":"","_relevanssi_related_not_related":"","_relevanssi_related_posts":"","_relevanssi_noindex_reason":"","featured_image_focal_point":[],"footnotes":""},"class_list":["post-10979","page","type-page","status-publish","has-post-thumbnail","hentry"],"acf":[],"yoast_head":"<!-- This site is optimized with the Yoast SEO plugin v27.3 - https:\/\/yoast.com\/product\/yoast-seo-wordpress\/ -->\n<title>Mod\u00e9lisation - Target Malaria<\/title>\n<meta name=\"robots\" content=\"index, follow, max-snippet:-1, max-image-preview:large, max-video-preview:-1\" \/>\n<link rel=\"canonical\" href=\"https:\/\/targetmalaria.org\/fr\/notre-mission\/science\/modelisation\/\" \/>\n<meta property=\"og:locale\" content=\"fr_FR\" \/>\n<meta property=\"og:type\" content=\"article\" \/>\n<meta property=\"og:title\" content=\"Mod\u00e9lisation - Target Malaria\" \/>\n<meta property=\"og:description\" content=\"La mod\u00e9lisation scientifique est une fa\u00e7on d\u2019aborder les syst\u00e8mes complexes afin de mieux les comprendre. Par exemple, nous souhaiterons peut-\u00eatre conna\u00eetre l\u2019impact de la saisonnalit\u00e9 sur le l\u00e2cher de moustiques m\u00e2les g\u00e9n\u00e9tiquement modifi\u00e9s pour produire uniquement des prog\u00e9nitures m\u00e2les. Pour r\u00e9pondre \u00e0 cette question, le mod\u00e9lisateur construira d\u2019abord une repr\u00e9sentation math\u00e9matique de la population de [&hellip;]\" \/>\n<meta property=\"og:url\" content=\"https:\/\/targetmalaria.org\/fr\/notre-mission\/science\/modelisation\/\" \/>\n<meta property=\"og:site_name\" content=\"Target Malaria\" \/>\n<meta property=\"article:publisher\" content=\"https:\/\/www.facebook.com\/TargetMalariaGlobal\/\" \/>\n<meta property=\"article:modified_time\" content=\"2025-09-16T17:44:57+00:00\" \/>\n<meta property=\"og:image\" content=\"https:\/\/targetmalaria.org\/wp-content\/uploads\/2025\/08\/UK_KatieWillis.jpg\" \/>\n\t<meta property=\"og:image:width\" content=\"1400\" \/>\n\t<meta property=\"og:image:height\" content=\"965\" \/>\n\t<meta property=\"og:image:type\" content=\"image\/jpeg\" \/>\n<meta name=\"twitter:card\" content=\"summary_large_image\" \/>\n<meta name=\"twitter:site\" content=\"@TargetMalaria\" \/>\n<meta name=\"twitter:label1\" content=\"Dur\u00e9e de lecture estim\u00e9e\" \/>\n\t<meta name=\"twitter:data1\" content=\"2 minutes\" \/>\n<script type=\"application\/ld+json\" class=\"yoast-schema-graph\">{\"@context\":\"https:\\\/\\\/schema.org\",\"@graph\":[{\"@type\":\"WebPage\",\"@id\":\"https:\\\/\\\/targetmalaria.org\\\/fr\\\/notre-mission\\\/science\\\/modelisation\\\/\",\"url\":\"https:\\\/\\\/targetmalaria.org\\\/fr\\\/notre-mission\\\/science\\\/modelisation\\\/\",\"name\":\"Mod\u00e9lisation - Target Malaria\",\"isPartOf\":{\"@id\":\"https:\\\/\\\/targetmalaria.org\\\/fr\\\/#website\"},\"primaryImageOfPage\":{\"@id\":\"https:\\\/\\\/targetmalaria.org\\\/fr\\\/notre-mission\\\/science\\\/modelisation\\\/#primaryimage\"},\"image\":{\"@id\":\"https:\\\/\\\/targetmalaria.org\\\/fr\\\/notre-mission\\\/science\\\/modelisation\\\/#primaryimage\"},\"thumbnailUrl\":\"https:\\\/\\\/targetmalaria.org\\\/wp-content\\\/uploads\\\/2025\\\/08\\\/UK_KatieWillis.jpg\",\"datePublished\":\"2023-03-14T11:20:59+00:00\",\"dateModified\":\"2025-09-16T17:44:57+00:00\",\"breadcrumb\":{\"@id\":\"https:\\\/\\\/targetmalaria.org\\\/fr\\\/notre-mission\\\/science\\\/modelisation\\\/#breadcrumb\"},\"inLanguage\":\"fr-FR\",\"potentialAction\":[{\"@type\":\"ReadAction\",\"target\":[\"https:\\\/\\\/targetmalaria.org\\\/fr\\\/notre-mission\\\/science\\\/modelisation\\\/\"]}]},{\"@type\":\"ImageObject\",\"inLanguage\":\"fr-FR\",\"@id\":\"https:\\\/\\\/targetmalaria.org\\\/fr\\\/notre-mission\\\/science\\\/modelisation\\\/#primaryimage\",\"url\":\"https:\\\/\\\/targetmalaria.org\\\/wp-content\\\/uploads\\\/2025\\\/08\\\/UK_KatieWillis.jpg\",\"contentUrl\":\"https:\\\/\\\/targetmalaria.org\\\/wp-content\\\/uploads\\\/2025\\\/08\\\/UK_KatieWillis.jpg\",\"width\":1400,\"height\":965},{\"@type\":\"BreadcrumbList\",\"@id\":\"https:\\\/\\\/targetmalaria.org\\\/fr\\\/notre-mission\\\/science\\\/modelisation\\\/#breadcrumb\",\"itemListElement\":[{\"@type\":\"ListItem\",\"position\":1,\"name\":\"Home\",\"item\":\"https:\\\/\\\/targetmalaria.org\\\/fr\\\/\"},{\"@type\":\"ListItem\",\"position\":2,\"name\":\"Notre mission\",\"item\":\"https:\\\/\\\/targetmalaria.org\\\/fr\\\/notre-mission\\\/\"},{\"@type\":\"ListItem\",\"position\":3,\"name\":\"Science\",\"item\":\"https:\\\/\\\/targetmalaria.org\\\/fr\\\/notre-mission\\\/science\\\/\"},{\"@type\":\"ListItem\",\"position\":4,\"name\":\"Mod\u00e9lisation\"}]},{\"@type\":\"WebSite\",\"@id\":\"https:\\\/\\\/targetmalaria.org\\\/fr\\\/#website\",\"url\":\"https:\\\/\\\/targetmalaria.org\\\/fr\\\/\",\"name\":\"Target Malaria\",\"description\":\"\",\"publisher\":{\"@id\":\"https:\\\/\\\/targetmalaria.org\\\/fr\\\/#organization\"},\"potentialAction\":[{\"@type\":\"SearchAction\",\"target\":{\"@type\":\"EntryPoint\",\"urlTemplate\":\"https:\\\/\\\/targetmalaria.org\\\/fr\\\/?s={search_term_string}\"},\"query-input\":{\"@type\":\"PropertyValueSpecification\",\"valueRequired\":true,\"valueName\":\"search_term_string\"}}],\"inLanguage\":\"fr-FR\"},{\"@type\":\"Organization\",\"@id\":\"https:\\\/\\\/targetmalaria.org\\\/fr\\\/#organization\",\"name\":\"Target Malaria\",\"url\":\"https:\\\/\\\/targetmalaria.org\\\/fr\\\/\",\"logo\":{\"@type\":\"ImageObject\",\"inLanguage\":\"fr-FR\",\"@id\":\"https:\\\/\\\/targetmalaria.org\\\/fr\\\/#\\\/schema\\\/logo\\\/image\\\/\",\"url\":\"https:\\\/\\\/targetmalaria.org\\\/wp-content\\\/uploads\\\/2025\\\/08\\\/target_malaria_bf_logo.png\",\"contentUrl\":\"https:\\\/\\\/targetmalaria.org\\\/wp-content\\\/uploads\\\/2025\\\/08\\\/target_malaria_bf_logo.png\",\"width\":1920,\"height\":1080,\"caption\":\"Target Malaria\"},\"image\":{\"@id\":\"https:\\\/\\\/targetmalaria.org\\\/fr\\\/#\\\/schema\\\/logo\\\/image\\\/\"},\"sameAs\":[\"https:\\\/\\\/www.facebook.com\\\/TargetMalariaGlobal\\\/\",\"https:\\\/\\\/x.com\\\/TargetMalaria\",\"https:\\\/\\\/www.linkedin.com\\\/company\\\/target-malaria\",\"https:\\\/\\\/youtube.com\\\/@TargetMalaria\"]}]}<\/script>\n<!-- \/ Yoast SEO plugin. -->","yoast_head_json":{"title":"Mod\u00e9lisation - Target Malaria","robots":{"index":"index","follow":"follow","max-snippet":"max-snippet:-1","max-image-preview":"max-image-preview:large","max-video-preview":"max-video-preview:-1"},"canonical":"https:\/\/targetmalaria.org\/fr\/notre-mission\/science\/modelisation\/","og_locale":"fr_FR","og_type":"article","og_title":"Mod\u00e9lisation - Target Malaria","og_description":"La mod\u00e9lisation scientifique est une fa\u00e7on d\u2019aborder les syst\u00e8mes complexes afin de mieux les comprendre. Par exemple, nous souhaiterons peut-\u00eatre conna\u00eetre l\u2019impact de la saisonnalit\u00e9 sur le l\u00e2cher de moustiques m\u00e2les g\u00e9n\u00e9tiquement modifi\u00e9s pour produire uniquement des prog\u00e9nitures m\u00e2les. Pour r\u00e9pondre \u00e0 cette question, le mod\u00e9lisateur construira d\u2019abord une repr\u00e9sentation math\u00e9matique de la population de [&hellip;]","og_url":"https:\/\/targetmalaria.org\/fr\/notre-mission\/science\/modelisation\/","og_site_name":"Target Malaria","article_publisher":"https:\/\/www.facebook.com\/TargetMalariaGlobal\/","article_modified_time":"2025-09-16T17:44:57+00:00","og_image":[{"width":1400,"height":965,"url":"https:\/\/targetmalaria.org\/wp-content\/uploads\/2025\/08\/UK_KatieWillis.jpg","type":"image\/jpeg"}],"twitter_card":"summary_large_image","twitter_site":"@TargetMalaria","twitter_misc":{"Dur\u00e9e de lecture estim\u00e9e":"2 minutes"},"schema":{"@context":"https:\/\/schema.org","@graph":[{"@type":"WebPage","@id":"https:\/\/targetmalaria.org\/fr\/notre-mission\/science\/modelisation\/","url":"https:\/\/targetmalaria.org\/fr\/notre-mission\/science\/modelisation\/","name":"Mod\u00e9lisation - Target Malaria","isPartOf":{"@id":"https:\/\/targetmalaria.org\/fr\/#website"},"primaryImageOfPage":{"@id":"https:\/\/targetmalaria.org\/fr\/notre-mission\/science\/modelisation\/#primaryimage"},"image":{"@id":"https:\/\/targetmalaria.org\/fr\/notre-mission\/science\/modelisation\/#primaryimage"},"thumbnailUrl":"https:\/\/targetmalaria.org\/wp-content\/uploads\/2025\/08\/UK_KatieWillis.jpg","datePublished":"2023-03-14T11:20:59+00:00","dateModified":"2025-09-16T17:44:57+00:00","breadcrumb":{"@id":"https:\/\/targetmalaria.org\/fr\/notre-mission\/science\/modelisation\/#breadcrumb"},"inLanguage":"fr-FR","potentialAction":[{"@type":"ReadAction","target":["https:\/\/targetmalaria.org\/fr\/notre-mission\/science\/modelisation\/"]}]},{"@type":"ImageObject","inLanguage":"fr-FR","@id":"https:\/\/targetmalaria.org\/fr\/notre-mission\/science\/modelisation\/#primaryimage","url":"https:\/\/targetmalaria.org\/wp-content\/uploads\/2025\/08\/UK_KatieWillis.jpg","contentUrl":"https:\/\/targetmalaria.org\/wp-content\/uploads\/2025\/08\/UK_KatieWillis.jpg","width":1400,"height":965},{"@type":"BreadcrumbList","@id":"https:\/\/targetmalaria.org\/fr\/notre-mission\/science\/modelisation\/#breadcrumb","itemListElement":[{"@type":"ListItem","position":1,"name":"Home","item":"https:\/\/targetmalaria.org\/fr\/"},{"@type":"ListItem","position":2,"name":"Notre mission","item":"https:\/\/targetmalaria.org\/fr\/notre-mission\/"},{"@type":"ListItem","position":3,"name":"Science","item":"https:\/\/targetmalaria.org\/fr\/notre-mission\/science\/"},{"@type":"ListItem","position":4,"name":"Mod\u00e9lisation"}]},{"@type":"WebSite","@id":"https:\/\/targetmalaria.org\/fr\/#website","url":"https:\/\/targetmalaria.org\/fr\/","name":"Target Malaria","description":"","publisher":{"@id":"https:\/\/targetmalaria.org\/fr\/#organization"},"potentialAction":[{"@type":"SearchAction","target":{"@type":"EntryPoint","urlTemplate":"https:\/\/targetmalaria.org\/fr\/?s={search_term_string}"},"query-input":{"@type":"PropertyValueSpecification","valueRequired":true,"valueName":"search_term_string"}}],"inLanguage":"fr-FR"},{"@type":"Organization","@id":"https:\/\/targetmalaria.org\/fr\/#organization","name":"Target Malaria","url":"https:\/\/targetmalaria.org\/fr\/","logo":{"@type":"ImageObject","inLanguage":"fr-FR","@id":"https:\/\/targetmalaria.org\/fr\/#\/schema\/logo\/image\/","url":"https:\/\/targetmalaria.org\/wp-content\/uploads\/2025\/08\/target_malaria_bf_logo.png","contentUrl":"https:\/\/targetmalaria.org\/wp-content\/uploads\/2025\/08\/target_malaria_bf_logo.png","width":1920,"height":1080,"caption":"Target Malaria"},"image":{"@id":"https:\/\/targetmalaria.org\/fr\/#\/schema\/logo\/image\/"},"sameAs":["https:\/\/www.facebook.com\/TargetMalariaGlobal\/","https:\/\/x.com\/TargetMalaria","https:\/\/www.linkedin.com\/company\/target-malaria","https:\/\/youtube.com\/@TargetMalaria"]}]}},"_links":{"self":[{"href":"https:\/\/targetmalaria.org\/fr\/wp-json\/wp\/v2\/pages\/10979","targetHints":{"allow":["GET"]}}],"collection":[{"href":"https:\/\/targetmalaria.org\/fr\/wp-json\/wp\/v2\/pages"}],"about":[{"href":"https:\/\/targetmalaria.org\/fr\/wp-json\/wp\/v2\/types\/page"}],"author":[{"embeddable":true,"href":"https:\/\/targetmalaria.org\/fr\/wp-json\/wp\/v2\/users\/31"}],"replies":[{"embeddable":true,"href":"https:\/\/targetmalaria.org\/fr\/wp-json\/wp\/v2\/comments?post=10979"}],"version-history":[{"count":1,"href":"https:\/\/targetmalaria.org\/fr\/wp-json\/wp\/v2\/pages\/10979\/revisions"}],"predecessor-version":[{"id":22671,"href":"https:\/\/targetmalaria.org\/fr\/wp-json\/wp\/v2\/pages\/10979\/revisions\/22671"}],"up":[{"embeddable":true,"href":"https:\/\/targetmalaria.org\/fr\/wp-json\/wp\/v2\/pages\/10966"}],"wp:featuredmedia":[{"embeddable":true,"href":"https:\/\/targetmalaria.org\/fr\/wp-json\/wp\/v2\/media\/22095"}],"wp:attachment":[{"href":"https:\/\/targetmalaria.org\/fr\/wp-json\/wp\/v2\/media?parent=10979"}],"curies":[{"name":"wp","href":"https:\/\/api.w.org\/{rel}","templated":true}]}}