{"id":10972,"date":"2023-03-14T11:14:00","date_gmt":"2023-03-14T11:14:00","guid":{"rendered":"https:\/\/targetmalaria.org\/notre-mission-2\/science\/entomologie-de-terrain\/"},"modified":"2025-11-17T14:56:42","modified_gmt":"2025-11-17T14:56:42","slug":"entomologie-de-terrain","status":"publish","type":"page","link":"https:\/\/targetmalaria.org\/fr\/notre-mission\/science\/entomologie-de-terrain\/","title":{"rendered":"Entomologie de terrain"},"content":{"rendered":"<div class=\"ragged-edge-parent alignfull is-light\">\n<div class=\"wp-block-cover alignfull is-light firstCover ragged_edge-position-both\" style=\"min-height:50dvh;aspect-ratio:unset;\"><img loading=\"lazy\" decoding=\"async\" width=\"1024\" height=\"683\" class=\"wp-block-cover__image-background wp-image-13453 size-large\" alt=\"Field Entomology staff places a mosquito in a species labelled species tube\" src=\"https:\/\/targetmalaria.org\/wp-content\/uploads\/2023\/07\/Uganda_09830_Field_Entomology_staff_places_a_mosquito_in_a_species_labelled_species_tube.-1-scaled-1-1024x683.jpg\" style=\"object-position:50% 62%\" data-object-fit=\"cover\" data-object-position=\"50% 62%\" srcset=\"https:\/\/targetmalaria.org\/wp-content\/uploads\/2023\/07\/Uganda_09830_Field_Entomology_staff_places_a_mosquito_in_a_species_labelled_species_tube.-1-scaled-1-1024x683.jpg 1024w, https:\/\/targetmalaria.org\/wp-content\/uploads\/2023\/07\/Uganda_09830_Field_Entomology_staff_places_a_mosquito_in_a_species_labelled_species_tube.-1-scaled-1-300x200.jpg 300w, https:\/\/targetmalaria.org\/wp-content\/uploads\/2023\/07\/Uganda_09830_Field_Entomology_staff_places_a_mosquito_in_a_species_labelled_species_tube.-1-scaled-1-768x512.jpg 768w, https:\/\/targetmalaria.org\/wp-content\/uploads\/2023\/07\/Uganda_09830_Field_Entomology_staff_places_a_mosquito_in_a_species_labelled_species_tube.-1-scaled-1-1536x1024.jpg 1536w, https:\/\/targetmalaria.org\/wp-content\/uploads\/2023\/07\/Uganda_09830_Field_Entomology_staff_places_a_mosquito_in_a_species_labelled_species_tube.-1-scaled-1-2048x1366.jpg 2048w\" sizes=\"auto, (max-width: 1024px) 100vw, 1024px\" \/><span aria-hidden=\"true\" class=\"wp-block-cover__background has-background-dim-0 has-background-dim\"><\/span><div class=\"wp-block-cover__inner-container has-global-padding is-layout-constrained wp-block-cover-is-layout-constrained\">\n<p class=\"has-text-align-center has-large-font-size\"><\/p>\n<\/div><\/div>\n<\/div>\n\n\n<div class=\"wp-block-columns is-layout-flex wp-container-core-columns-is-layout-0884d4d2 wp-block-columns-is-layout-flex\" style=\"margin-top:var(--wp--preset--spacing--50);margin-bottom:var(--wp--preset--spacing--50)\">\n<div class=\"wp-block-column is-layout-flow wp-block-column-is-layout-flow\" style=\"flex-basis:33.33%\">\n<h2 class=\"wp-block-heading\">Les travaux entomologiques men\u00e9s par Target Malaria aident \u00e0 jeter les bases de tous les autres aspects des activit\u00e9s du projet&nbsp;: de l\u2019engagement \u00e0 la mod\u00e9lisation, en passant par les affaires r\u00e9glementaires et au-del\u00e0.<\/h2>\n<\/div>\n\n\n\n<div class=\"wp-block-column is-layout-flow wp-block-column-is-layout-flow\" style=\"flex-basis:66.66%\">\n<p>Les \u00e9tudes entomologiques repr\u00e9sentent g\u00e9n\u00e9ralement la premi\u00e8re \u00e9tape de tout travail \u00e0 l\u2019\u00e9chelle nationale, et sont men\u00e9es en parall\u00e8le aux activit\u00e9s d\u2019engagement des parties prenantes aupr\u00e8s des communaut\u00e9s locales sur les sites o\u00f9 les travaux de terrain sont planifi\u00e9s ou r\u00e9alis\u00e9s.<\/p>\n\n\n\n<p>Les travaux entomologiques de Target Malaria se concentrent sur les moustiques de type <em>Anoph\u00e8le<\/em>, car cette esp\u00e8ce est le principal vecteur du paludisme en Afrique subsaharienne. Au sein des <em>Anoph\u00e8les<\/em>, Target Malaria se penche principalement sur les membres du complexe d\u2019esp\u00e8ces <em>Anopheles gambiae<\/em>, notamment&nbsp;:<\/p>\n\n\n\n<ul class=\"wp-block-list\">\n<li><em>Anopheles gambiae<\/em><\/li>\n\n\n\n<li><em>Anopheles coluzzii<\/em><\/li>\n\n\n\n<li><em>Anopheles arabiensis<\/em><\/li>\n<\/ul>\n\n\n\n<p>L\u2019une des t\u00e2ches les plus importantes entreprises par les \u00e9quipes d\u2019entomologie sur le terrain consiste \u00e0 recueillir r\u00e9guli\u00e8rement des donn\u00e9es sur l\u2019abondance et la composition des esp\u00e8ces de moustiques afin de dresser un tableau complet et pr\u00e9cis de la taille et de la dynamique des populations de moustiques sur diff\u00e9rents sites cibles au fil du temps, en tenant compte des variations saisonni\u00e8res locales.<\/p>\n\n\n\n<p>Les donn\u00e9es provenant des activit\u00e9s entomologiques deviennent alors un \u00e9l\u00e9ment cl\u00e9 des informations requises, en particulier pour les demandes d\u2019autorisation r\u00e9glementaire visant \u00e0 planifier des l\u00e2chers de moustiques dans l\u2019environnement.<\/p>\n\n\n\n<p>Nos \u00e9tudes entomologiques sur le terrain sont \u00e9galement importantes pour les activit\u00e9s de sensibilisation, d\u2019\u00e9ducation et de collaboration entreprises avec les communaut\u00e9s locales afin de veiller \u00e0 ce que toute technologie finale r\u00e9ponde \u00e0 leurs besoins et pr\u00e9occupations et obtienne leur soutien et leur accord.<\/p>\n<\/div>\n<\/div>\n","protected":false},"excerpt":{"rendered":"<p>Les travaux entomologiques men\u00e9s par Target Malaria aident \u00e0 jeter les bases de tous les autres aspects des activit\u00e9s du projet&nbsp;: de l\u2019engagement \u00e0 la mod\u00e9lisation, en passant par les affaires r\u00e9glementaires et au-del\u00e0. Les \u00e9tudes entomologiques repr\u00e9sentent g\u00e9n\u00e9ralement la premi\u00e8re \u00e9tape de tout travail \u00e0 l\u2019\u00e9chelle nationale, et sont men\u00e9es en parall\u00e8le aux activit\u00e9s [&hellip;]<\/p>\n","protected":false},"author":31,"featured_media":13454,"parent":10966,"menu_order":24,"comment_status":"closed","ping_status":"closed","template":"","meta":{"_acf_changed":false,"_relevanssi_hide_post":"","_relevanssi_hide_content":"","_relevanssi_pin_for_all":"","_relevanssi_pin_keywords":"","_relevanssi_unpin_keywords":"","_relevanssi_related_keywords":"","_relevanssi_related_include_ids":"","_relevanssi_related_exclude_ids":"","_relevanssi_related_no_append":"","_relevanssi_related_not_related":"","_relevanssi_related_posts":"","_relevanssi_noindex_reason":"","featured_image_focal_point":[],"footnotes":""},"class_list":["post-10972","page","type-page","status-publish","has-post-thumbnail","hentry"],"acf":[],"yoast_head":"<!-- This site is optimized with the Yoast SEO plugin v27.3 - https:\/\/yoast.com\/product\/yoast-seo-wordpress\/ -->\n<title>Entomologie de terrain - Target Malaria<\/title>\n<meta name=\"robots\" content=\"index, follow, max-snippet:-1, max-image-preview:large, max-video-preview:-1\" \/>\n<link rel=\"canonical\" href=\"https:\/\/targetmalaria.org\/fr\/notre-mission\/science\/entomologie-de-terrain\/\" \/>\n<meta property=\"og:locale\" content=\"fr_FR\" \/>\n<meta property=\"og:type\" content=\"article\" \/>\n<meta property=\"og:title\" content=\"Entomologie de terrain - Target Malaria\" \/>\n<meta property=\"og:description\" content=\"Les travaux entomologiques men\u00e9s par Target Malaria aident \u00e0 jeter les bases de tous les autres aspects des activit\u00e9s du projet&nbsp;: de l\u2019engagement \u00e0 la mod\u00e9lisation, en passant par les affaires r\u00e9glementaires et au-del\u00e0. Les \u00e9tudes entomologiques repr\u00e9sentent g\u00e9n\u00e9ralement la premi\u00e8re \u00e9tape de tout travail \u00e0 l\u2019\u00e9chelle nationale, et sont men\u00e9es en parall\u00e8le aux activit\u00e9s [&hellip;]\" \/>\n<meta property=\"og:url\" content=\"https:\/\/targetmalaria.org\/fr\/notre-mission\/science\/entomologie-de-terrain\/\" \/>\n<meta property=\"og:site_name\" content=\"Target Malaria\" \/>\n<meta property=\"article:publisher\" content=\"https:\/\/www.facebook.com\/TargetMalariaGlobal\/\" \/>\n<meta property=\"article:modified_time\" content=\"2025-11-17T14:56:42+00:00\" \/>\n<meta property=\"og:image\" content=\"https:\/\/targetmalaria.org\/wp-content\/uploads\/2023\/07\/Uganda_09830_Field_Entomology_staff_places_a_mosquito_in_a_species_labelled_species_tube.-1-scaled-1.jpg\" \/>\n\t<meta property=\"og:image:width\" content=\"2560\" \/>\n\t<meta property=\"og:image:height\" content=\"1707\" \/>\n\t<meta property=\"og:image:type\" content=\"image\/jpeg\" \/>\n<meta name=\"twitter:card\" content=\"summary_large_image\" \/>\n<meta name=\"twitter:site\" content=\"@TargetMalaria\" \/>\n<meta name=\"twitter:label1\" content=\"Dur\u00e9e de lecture estim\u00e9e\" \/>\n\t<meta name=\"twitter:data1\" content=\"2 minutes\" \/>\n<script type=\"application\/ld+json\" class=\"yoast-schema-graph\">{\"@context\":\"https:\\\/\\\/schema.org\",\"@graph\":[{\"@type\":\"WebPage\",\"@id\":\"https:\\\/\\\/targetmalaria.org\\\/fr\\\/notre-mission\\\/science\\\/entomologie-de-terrain\\\/\",\"url\":\"https:\\\/\\\/targetmalaria.org\\\/fr\\\/notre-mission\\\/science\\\/entomologie-de-terrain\\\/\",\"name\":\"Entomologie de terrain - Target Malaria\",\"isPartOf\":{\"@id\":\"https:\\\/\\\/targetmalaria.org\\\/fr\\\/#website\"},\"primaryImageOfPage\":{\"@id\":\"https:\\\/\\\/targetmalaria.org\\\/fr\\\/notre-mission\\\/science\\\/entomologie-de-terrain\\\/#primaryimage\"},\"image\":{\"@id\":\"https:\\\/\\\/targetmalaria.org\\\/fr\\\/notre-mission\\\/science\\\/entomologie-de-terrain\\\/#primaryimage\"},\"thumbnailUrl\":\"https:\\\/\\\/targetmalaria.org\\\/wp-content\\\/uploads\\\/2023\\\/07\\\/Uganda_09830_Field_Entomology_staff_places_a_mosquito_in_a_species_labelled_species_tube.-1-scaled-1.jpg\",\"datePublished\":\"2023-03-14T11:14:00+00:00\",\"dateModified\":\"2025-11-17T14:56:42+00:00\",\"breadcrumb\":{\"@id\":\"https:\\\/\\\/targetmalaria.org\\\/fr\\\/notre-mission\\\/science\\\/entomologie-de-terrain\\\/#breadcrumb\"},\"inLanguage\":\"fr-FR\",\"potentialAction\":[{\"@type\":\"ReadAction\",\"target\":[\"https:\\\/\\\/targetmalaria.org\\\/fr\\\/notre-mission\\\/science\\\/entomologie-de-terrain\\\/\"]}]},{\"@type\":\"ImageObject\",\"inLanguage\":\"fr-FR\",\"@id\":\"https:\\\/\\\/targetmalaria.org\\\/fr\\\/notre-mission\\\/science\\\/entomologie-de-terrain\\\/#primaryimage\",\"url\":\"https:\\\/\\\/targetmalaria.org\\\/wp-content\\\/uploads\\\/2023\\\/07\\\/Uganda_09830_Field_Entomology_staff_places_a_mosquito_in_a_species_labelled_species_tube.-1-scaled-1.jpg\",\"contentUrl\":\"https:\\\/\\\/targetmalaria.org\\\/wp-content\\\/uploads\\\/2023\\\/07\\\/Uganda_09830_Field_Entomology_staff_places_a_mosquito_in_a_species_labelled_species_tube.-1-scaled-1.jpg\",\"width\":2560,\"height\":1707,\"caption\":\"Field Entomology\"},{\"@type\":\"BreadcrumbList\",\"@id\":\"https:\\\/\\\/targetmalaria.org\\\/fr\\\/notre-mission\\\/science\\\/entomologie-de-terrain\\\/#breadcrumb\",\"itemListElement\":[{\"@type\":\"ListItem\",\"position\":1,\"name\":\"Home\",\"item\":\"https:\\\/\\\/targetmalaria.org\\\/fr\\\/\"},{\"@type\":\"ListItem\",\"position\":2,\"name\":\"Notre mission\",\"item\":\"https:\\\/\\\/targetmalaria.org\\\/fr\\\/notre-mission\\\/\"},{\"@type\":\"ListItem\",\"position\":3,\"name\":\"Science\",\"item\":\"https:\\\/\\\/targetmalaria.org\\\/fr\\\/notre-mission\\\/science\\\/\"},{\"@type\":\"ListItem\",\"position\":4,\"name\":\"Entomologie de terrain\"}]},{\"@type\":\"WebSite\",\"@id\":\"https:\\\/\\\/targetmalaria.org\\\/fr\\\/#website\",\"url\":\"https:\\\/\\\/targetmalaria.org\\\/fr\\\/\",\"name\":\"Target Malaria\",\"description\":\"\",\"publisher\":{\"@id\":\"https:\\\/\\\/targetmalaria.org\\\/fr\\\/#organization\"},\"potentialAction\":[{\"@type\":\"SearchAction\",\"target\":{\"@type\":\"EntryPoint\",\"urlTemplate\":\"https:\\\/\\\/targetmalaria.org\\\/fr\\\/?s={search_term_string}\"},\"query-input\":{\"@type\":\"PropertyValueSpecification\",\"valueRequired\":true,\"valueName\":\"search_term_string\"}}],\"inLanguage\":\"fr-FR\"},{\"@type\":\"Organization\",\"@id\":\"https:\\\/\\\/targetmalaria.org\\\/fr\\\/#organization\",\"name\":\"Target Malaria\",\"url\":\"https:\\\/\\\/targetmalaria.org\\\/fr\\\/\",\"logo\":{\"@type\":\"ImageObject\",\"inLanguage\":\"fr-FR\",\"@id\":\"https:\\\/\\\/targetmalaria.org\\\/fr\\\/#\\\/schema\\\/logo\\\/image\\\/\",\"url\":\"https:\\\/\\\/targetmalaria.org\\\/wp-content\\\/uploads\\\/2025\\\/08\\\/target_malaria_bf_logo.png\",\"contentUrl\":\"https:\\\/\\\/targetmalaria.org\\\/wp-content\\\/uploads\\\/2025\\\/08\\\/target_malaria_bf_logo.png\",\"width\":1920,\"height\":1080,\"caption\":\"Target Malaria\"},\"image\":{\"@id\":\"https:\\\/\\\/targetmalaria.org\\\/fr\\\/#\\\/schema\\\/logo\\\/image\\\/\"},\"sameAs\":[\"https:\\\/\\\/www.facebook.com\\\/TargetMalariaGlobal\\\/\",\"https:\\\/\\\/x.com\\\/TargetMalaria\",\"https:\\\/\\\/www.linkedin.com\\\/company\\\/target-malaria\",\"https:\\\/\\\/youtube.com\\\/@TargetMalaria\"]}]}<\/script>\n<!-- \/ Yoast SEO plugin. -->","yoast_head_json":{"title":"Entomologie de terrain - Target Malaria","robots":{"index":"index","follow":"follow","max-snippet":"max-snippet:-1","max-image-preview":"max-image-preview:large","max-video-preview":"max-video-preview:-1"},"canonical":"https:\/\/targetmalaria.org\/fr\/notre-mission\/science\/entomologie-de-terrain\/","og_locale":"fr_FR","og_type":"article","og_title":"Entomologie de terrain - Target Malaria","og_description":"Les travaux entomologiques men\u00e9s par Target Malaria aident \u00e0 jeter les bases de tous les autres aspects des activit\u00e9s du projet&nbsp;: de l\u2019engagement \u00e0 la mod\u00e9lisation, en passant par les affaires r\u00e9glementaires et au-del\u00e0. Les \u00e9tudes entomologiques repr\u00e9sentent g\u00e9n\u00e9ralement la premi\u00e8re \u00e9tape de tout travail \u00e0 l\u2019\u00e9chelle nationale, et sont men\u00e9es en parall\u00e8le aux activit\u00e9s [&hellip;]","og_url":"https:\/\/targetmalaria.org\/fr\/notre-mission\/science\/entomologie-de-terrain\/","og_site_name":"Target Malaria","article_publisher":"https:\/\/www.facebook.com\/TargetMalariaGlobal\/","article_modified_time":"2025-11-17T14:56:42+00:00","og_image":[{"width":2560,"height":1707,"url":"https:\/\/targetmalaria.org\/wp-content\/uploads\/2023\/07\/Uganda_09830_Field_Entomology_staff_places_a_mosquito_in_a_species_labelled_species_tube.-1-scaled-1.jpg","type":"image\/jpeg"}],"twitter_card":"summary_large_image","twitter_site":"@TargetMalaria","twitter_misc":{"Dur\u00e9e de lecture estim\u00e9e":"2 minutes"},"schema":{"@context":"https:\/\/schema.org","@graph":[{"@type":"WebPage","@id":"https:\/\/targetmalaria.org\/fr\/notre-mission\/science\/entomologie-de-terrain\/","url":"https:\/\/targetmalaria.org\/fr\/notre-mission\/science\/entomologie-de-terrain\/","name":"Entomologie de terrain - Target Malaria","isPartOf":{"@id":"https:\/\/targetmalaria.org\/fr\/#website"},"primaryImageOfPage":{"@id":"https:\/\/targetmalaria.org\/fr\/notre-mission\/science\/entomologie-de-terrain\/#primaryimage"},"image":{"@id":"https:\/\/targetmalaria.org\/fr\/notre-mission\/science\/entomologie-de-terrain\/#primaryimage"},"thumbnailUrl":"https:\/\/targetmalaria.org\/wp-content\/uploads\/2023\/07\/Uganda_09830_Field_Entomology_staff_places_a_mosquito_in_a_species_labelled_species_tube.-1-scaled-1.jpg","datePublished":"2023-03-14T11:14:00+00:00","dateModified":"2025-11-17T14:56:42+00:00","breadcrumb":{"@id":"https:\/\/targetmalaria.org\/fr\/notre-mission\/science\/entomologie-de-terrain\/#breadcrumb"},"inLanguage":"fr-FR","potentialAction":[{"@type":"ReadAction","target":["https:\/\/targetmalaria.org\/fr\/notre-mission\/science\/entomologie-de-terrain\/"]}]},{"@type":"ImageObject","inLanguage":"fr-FR","@id":"https:\/\/targetmalaria.org\/fr\/notre-mission\/science\/entomologie-de-terrain\/#primaryimage","url":"https:\/\/targetmalaria.org\/wp-content\/uploads\/2023\/07\/Uganda_09830_Field_Entomology_staff_places_a_mosquito_in_a_species_labelled_species_tube.-1-scaled-1.jpg","contentUrl":"https:\/\/targetmalaria.org\/wp-content\/uploads\/2023\/07\/Uganda_09830_Field_Entomology_staff_places_a_mosquito_in_a_species_labelled_species_tube.-1-scaled-1.jpg","width":2560,"height":1707,"caption":"Field Entomology"},{"@type":"BreadcrumbList","@id":"https:\/\/targetmalaria.org\/fr\/notre-mission\/science\/entomologie-de-terrain\/#breadcrumb","itemListElement":[{"@type":"ListItem","position":1,"name":"Home","item":"https:\/\/targetmalaria.org\/fr\/"},{"@type":"ListItem","position":2,"name":"Notre mission","item":"https:\/\/targetmalaria.org\/fr\/notre-mission\/"},{"@type":"ListItem","position":3,"name":"Science","item":"https:\/\/targetmalaria.org\/fr\/notre-mission\/science\/"},{"@type":"ListItem","position":4,"name":"Entomologie de terrain"}]},{"@type":"WebSite","@id":"https:\/\/targetmalaria.org\/fr\/#website","url":"https:\/\/targetmalaria.org\/fr\/","name":"Target Malaria","description":"","publisher":{"@id":"https:\/\/targetmalaria.org\/fr\/#organization"},"potentialAction":[{"@type":"SearchAction","target":{"@type":"EntryPoint","urlTemplate":"https:\/\/targetmalaria.org\/fr\/?s={search_term_string}"},"query-input":{"@type":"PropertyValueSpecification","valueRequired":true,"valueName":"search_term_string"}}],"inLanguage":"fr-FR"},{"@type":"Organization","@id":"https:\/\/targetmalaria.org\/fr\/#organization","name":"Target Malaria","url":"https:\/\/targetmalaria.org\/fr\/","logo":{"@type":"ImageObject","inLanguage":"fr-FR","@id":"https:\/\/targetmalaria.org\/fr\/#\/schema\/logo\/image\/","url":"https:\/\/targetmalaria.org\/wp-content\/uploads\/2025\/08\/target_malaria_bf_logo.png","contentUrl":"https:\/\/targetmalaria.org\/wp-content\/uploads\/2025\/08\/target_malaria_bf_logo.png","width":1920,"height":1080,"caption":"Target Malaria"},"image":{"@id":"https:\/\/targetmalaria.org\/fr\/#\/schema\/logo\/image\/"},"sameAs":["https:\/\/www.facebook.com\/TargetMalariaGlobal\/","https:\/\/x.com\/TargetMalaria","https:\/\/www.linkedin.com\/company\/target-malaria","https:\/\/youtube.com\/@TargetMalaria"]}]}},"_links":{"self":[{"href":"https:\/\/targetmalaria.org\/fr\/wp-json\/wp\/v2\/pages\/10972","targetHints":{"allow":["GET"]}}],"collection":[{"href":"https:\/\/targetmalaria.org\/fr\/wp-json\/wp\/v2\/pages"}],"about":[{"href":"https:\/\/targetmalaria.org\/fr\/wp-json\/wp\/v2\/types\/page"}],"author":[{"embeddable":true,"href":"https:\/\/targetmalaria.org\/fr\/wp-json\/wp\/v2\/users\/31"}],"replies":[{"embeddable":true,"href":"https:\/\/targetmalaria.org\/fr\/wp-json\/wp\/v2\/comments?post=10972"}],"version-history":[{"count":2,"href":"https:\/\/targetmalaria.org\/fr\/wp-json\/wp\/v2\/pages\/10972\/revisions"}],"predecessor-version":[{"id":23369,"href":"https:\/\/targetmalaria.org\/fr\/wp-json\/wp\/v2\/pages\/10972\/revisions\/23369"}],"up":[{"embeddable":true,"href":"https:\/\/targetmalaria.org\/fr\/wp-json\/wp\/v2\/pages\/10966"}],"wp:featuredmedia":[{"embeddable":true,"href":"https:\/\/targetmalaria.org\/fr\/wp-json\/wp\/v2\/media\/13454"}],"wp:attachment":[{"href":"https:\/\/targetmalaria.org\/fr\/wp-json\/wp\/v2\/media?parent=10972"}],"curies":[{"name":"wp","href":"https:\/\/api.w.org\/{rel}","templated":true}]}}