{"id":10966,"date":"2023-03-14T10:51:48","date_gmt":"2023-03-14T10:51:48","guid":{"rendered":"https:\/\/targetmalaria.org\/notre-mission-2\/science\/"},"modified":"2025-11-17T14:58:21","modified_gmt":"2025-11-17T14:58:21","slug":"science","status":"publish","type":"page","link":"https:\/\/targetmalaria.org\/fr\/notre-mission\/science\/","title":{"rendered":"Science"},"content":{"rendered":"<div class=\"ragged-edge-parent alignfull\">\n<div class=\"wp-block-cover alignfull firstCover ragged_edge-position-both\" style=\"min-height:50vh;aspect-ratio:unset;\"><img loading=\"lazy\" decoding=\"async\" width=\"1024\" height=\"682\" class=\"wp-block-cover__image-background wp-image-11435 size-large\" alt=\"\" src=\"https:\/\/targetmalaria.org\/wp-content\/uploads\/2023\/04\/Science_web_190605_DG_ICL_TMTerni-162-1024x682.jpg\" style=\"object-position:51% 35%\" data-object-fit=\"cover\" data-object-position=\"51% 35%\" srcset=\"https:\/\/targetmalaria.org\/wp-content\/uploads\/2023\/04\/Science_web_190605_DG_ICL_TMTerni-162-1024x682.jpg 1024w, https:\/\/targetmalaria.org\/wp-content\/uploads\/2023\/04\/Science_web_190605_DG_ICL_TMTerni-162-300x200.jpg 300w, https:\/\/targetmalaria.org\/wp-content\/uploads\/2023\/04\/Science_web_190605_DG_ICL_TMTerni-162-768x512.jpg 768w, https:\/\/targetmalaria.org\/wp-content\/uploads\/2023\/04\/Science_web_190605_DG_ICL_TMTerni-162-1536x1023.jpg 1536w, https:\/\/targetmalaria.org\/wp-content\/uploads\/2023\/04\/Science_web_190605_DG_ICL_TMTerni-162.jpg 1654w\" sizes=\"auto, (max-width: 1024px) 100vw, 1024px\" \/><span aria-hidden=\"true\" class=\"wp-block-cover__background has-background-dim-0 has-background-dim\"><\/span><div class=\"wp-block-cover__inner-container has-global-padding is-layout-constrained wp-block-cover-is-layout-constrained\">\n<p class=\"has-text-align-center has-large-font-size\"><\/p>\n<\/div><\/div>\n<\/div>\n\n\n<div class=\"wp-block-group firstCover has-global-padding is-layout-constrained wp-block-group-is-layout-constrained\" style=\"margin-top:var(--wp--preset--spacing--50);margin-bottom:var(--wp--preset--spacing--50)\"><section id=\"page_children-block_23c06ff015e2511eb8fc7e4f0431f7a0\" class=\"page-children-block\"><div class=\"search_list\">\n<article class=\"page-content__inner search_result_single year-2023 post-10964 page type-page status-publish has-post-thumbnail hentry\">\n <figure class=\"result_image\"><img loading=\"lazy\" decoding=\"async\" width=\"1024\" height=\"683\" src=\"https:\/\/targetmalaria.org\/wp-content\/uploads\/2023\/08\/smallScientistworkingintheinsectary-1024x683.jpg\" class=\"alignleft wp-post-image\" alt=\"Five scientists at work in the insectary, they sit and stand around a long table, engaging in tasks such as examining trays and taking notes.\" srcset=\"https:\/\/targetmalaria.org\/wp-content\/uploads\/2023\/08\/smallScientistworkingintheinsectary-1024x683.jpg 1024w, https:\/\/targetmalaria.org\/wp-content\/uploads\/2023\/08\/smallScientistworkingintheinsectary-300x200.jpg 300w, https:\/\/targetmalaria.org\/wp-content\/uploads\/2023\/08\/smallScientistworkingintheinsectary-768x512.jpg 768w, https:\/\/targetmalaria.org\/wp-content\/uploads\/2023\/08\/smallScientistworkingintheinsectary-1536x1024.jpg 1536w, https:\/\/targetmalaria.org\/wp-content\/uploads\/2023\/08\/smallScientistworkingintheinsectary-2048x1365.jpg 2048w\" sizes=\"auto, (max-width: 1024px) 100vw, 1024px\" \/><\/figure><a class=\"profile_url\" href=\"https:\/\/targetmalaria.org\/fr\/notre-mission\/science\/activites-en-insectarium\/\" target=\"_self\"><\/a><div class=\"single_result_content\"><div class=\"single_result_content_info\"><h5>Activit\u00e9s en insectarium<\/h5><p><\/p><\/div><a href=\"https:\/\/targetmalaria.org\/fr\/notre-mission\/science\/activites-en-insectarium\/\" target=\"_blank\">Lire plus <i class=\"fa-solid fa-chevron-right\"><\/i><\/a><\/div><\/article>\n<article class=\"page-content__inner search_result_single year-2023 post-10972 page type-page status-publish has-post-thumbnail hentry\">\n <figure class=\"result_image\"><img loading=\"lazy\" decoding=\"async\" width=\"1024\" height=\"683\" src=\"https:\/\/targetmalaria.org\/wp-content\/uploads\/2023\/07\/Uganda_09830_Field_Entomology_staff_places_a_mosquito_in_a_species_labelled_species_tube.-1-scaled-1-1024x683.jpg\" class=\"alignleft wp-post-image\" alt=\"Field Entomology staff places a mosquito in a species labelled_species_tube\" srcset=\"https:\/\/targetmalaria.org\/wp-content\/uploads\/2023\/07\/Uganda_09830_Field_Entomology_staff_places_a_mosquito_in_a_species_labelled_species_tube.-1-scaled-1-1024x683.jpg 1024w, https:\/\/targetmalaria.org\/wp-content\/uploads\/2023\/07\/Uganda_09830_Field_Entomology_staff_places_a_mosquito_in_a_species_labelled_species_tube.-1-scaled-1-300x200.jpg 300w, https:\/\/targetmalaria.org\/wp-content\/uploads\/2023\/07\/Uganda_09830_Field_Entomology_staff_places_a_mosquito_in_a_species_labelled_species_tube.-1-scaled-1-768x512.jpg 768w, https:\/\/targetmalaria.org\/wp-content\/uploads\/2023\/07\/Uganda_09830_Field_Entomology_staff_places_a_mosquito_in_a_species_labelled_species_tube.-1-scaled-1-1536x1024.jpg 1536w, https:\/\/targetmalaria.org\/wp-content\/uploads\/2023\/07\/Uganda_09830_Field_Entomology_staff_places_a_mosquito_in_a_species_labelled_species_tube.-1-scaled-1-2048x1366.jpg 2048w\" sizes=\"auto, (max-width: 1024px) 100vw, 1024px\" \/><\/figure><a class=\"profile_url\" href=\"https:\/\/targetmalaria.org\/fr\/notre-mission\/science\/entomologie-de-terrain\/\" target=\"_self\"><\/a><div class=\"single_result_content\"><div class=\"single_result_content_info\"><h5>Entomologie de terrain<\/h5><p><\/p><\/div><a href=\"https:\/\/targetmalaria.org\/fr\/notre-mission\/science\/entomologie-de-terrain\/\" target=\"_blank\">Lire plus <i class=\"fa-solid fa-chevron-right\"><\/i><\/a><\/div><\/article>\n<article class=\"page-content__inner search_result_single year-2023 post-10979 page type-page status-publish has-post-thumbnail hentry\">\n <figure class=\"result_image\"><img loading=\"lazy\" decoding=\"async\" width=\"1024\" height=\"706\" src=\"https:\/\/targetmalaria.org\/wp-content\/uploads\/2025\/08\/UK_KatieWillis-1024x706.jpg\" class=\"alignleft wp-post-image\" alt=\"\" srcset=\"https:\/\/targetmalaria.org\/wp-content\/uploads\/2025\/08\/UK_KatieWillis-1024x706.jpg 1024w, https:\/\/targetmalaria.org\/wp-content\/uploads\/2025\/08\/UK_KatieWillis-425x293.jpg 425w, https:\/\/targetmalaria.org\/wp-content\/uploads\/2025\/08\/UK_KatieWillis-768x529.jpg 768w, https:\/\/targetmalaria.org\/wp-content\/uploads\/2025\/08\/UK_KatieWillis-300x207.jpg 300w, https:\/\/targetmalaria.org\/wp-content\/uploads\/2025\/08\/UK_KatieWillis.jpg 1400w\" sizes=\"auto, (max-width: 1024px) 100vw, 1024px\" \/><\/figure><a class=\"profile_url\" href=\"https:\/\/targetmalaria.org\/fr\/notre-mission\/science\/modelisation\/\" target=\"_self\"><\/a><div class=\"single_result_content\"><div class=\"single_result_content_info\"><h5>Mod\u00e9lisation<\/h5><p><\/p><\/div><a href=\"https:\/\/targetmalaria.org\/fr\/notre-mission\/science\/modelisation\/\" target=\"_blank\">Lire plus <i class=\"fa-solid fa-chevron-right\"><\/i><\/a><\/div><\/article>\n<article class=\"page-content__inner search_result_single year-2023 post-9953 page type-page status-publish has-post-thumbnail hentry\">\n <figure class=\"result_image\"><img loading=\"lazy\" decoding=\"async\" width=\"1024\" height=\"576\" src=\"https:\/\/targetmalaria.org\/wp-content\/uploads\/2024\/11\/microinjection_real-1024x576.jpg\" class=\"alignleft wp-post-image\" alt=\"\" srcset=\"https:\/\/targetmalaria.org\/wp-content\/uploads\/2024\/11\/microinjection_real-1024x576.jpg 1024w, https:\/\/targetmalaria.org\/wp-content\/uploads\/2024\/11\/microinjection_real-425x239.jpg 425w, https:\/\/targetmalaria.org\/wp-content\/uploads\/2024\/11\/microinjection_real-768x432.jpg 768w, https:\/\/targetmalaria.org\/wp-content\/uploads\/2024\/11\/microinjection_real-1536x864.jpg 1536w, https:\/\/targetmalaria.org\/wp-content\/uploads\/2024\/11\/microinjection_real-2048x1152.jpg 2048w, https:\/\/targetmalaria.org\/wp-content\/uploads\/2024\/11\/microinjection_real-300x169.jpg 300w\" sizes=\"auto, (max-width: 1024px) 100vw, 1024px\" \/><\/figure><a class=\"profile_url\" href=\"https:\/\/targetmalaria.org\/fr\/notre-mission\/science\/biologie-moleculaire\/\" target=\"_self\"><\/a><div class=\"single_result_content\"><div class=\"single_result_content_info\"><h5>Biologie mol\u00e9culaire<\/h5><p><\/p><\/div><a href=\"https:\/\/targetmalaria.org\/fr\/notre-mission\/science\/biologie-moleculaire\/\" target=\"_blank\">Lire plus <i class=\"fa-solid fa-chevron-right\"><\/i><\/a><\/div><\/article><\/div><\/section><\/div>\n","protected":false},"excerpt":{"rendered":"<p>Nous travaillons dans quatre domaines cl\u00e9s : insectariums, biologie mol\u00e9culaire, mod\u00e9lisation et entomologie de terrain pour mieux comprendre les moustiques et le paludisme.<\/p>\n","protected":false},"author":31,"featured_media":11435,"parent":5217,"menu_order":22,"comment_status":"closed","ping_status":"closed","template":"","meta":{"_acf_changed":false,"_relevanssi_hide_post":"","_relevanssi_hide_content":"","_relevanssi_pin_for_all":"","_relevanssi_pin_keywords":"","_relevanssi_unpin_keywords":"","_relevanssi_related_keywords":"","_relevanssi_related_include_ids":"","_relevanssi_related_exclude_ids":"","_relevanssi_related_no_append":"","_relevanssi_related_not_related":"","_relevanssi_related_posts":"","_relevanssi_noindex_reason":"","featured_image_focal_point":[],"footnotes":""},"class_list":["post-10966","page","type-page","status-publish","has-post-thumbnail","hentry"],"acf":[],"yoast_head":"<!-- This site is optimized with the Yoast SEO plugin v27.3 - https:\/\/yoast.com\/product\/yoast-seo-wordpress\/ -->\n<title>Science - Target Malaria<\/title>\n<meta name=\"robots\" content=\"index, follow, max-snippet:-1, max-image-preview:large, max-video-preview:-1\" \/>\n<link rel=\"canonical\" href=\"https:\/\/targetmalaria.org\/fr\/notre-mission\/science\/\" \/>\n<meta property=\"og:locale\" content=\"fr_FR\" \/>\n<meta property=\"og:type\" content=\"article\" \/>\n<meta property=\"og:title\" content=\"Science - Target Malaria\" \/>\n<meta property=\"og:description\" content=\"Nous travaillons dans quatre domaines cl\u00e9s : insectariums, biologie mol\u00e9culaire, mod\u00e9lisation et entomologie de terrain pour mieux comprendre les moustiques et le paludisme.\" \/>\n<meta property=\"og:url\" content=\"https:\/\/targetmalaria.org\/fr\/notre-mission\/science\/\" \/>\n<meta property=\"og:site_name\" content=\"Target Malaria\" \/>\n<meta property=\"article:publisher\" content=\"https:\/\/www.facebook.com\/TargetMalariaGlobal\/\" \/>\n<meta property=\"article:modified_time\" content=\"2025-11-17T14:58:21+00:00\" \/>\n<meta property=\"og:image\" content=\"https:\/\/targetmalaria.org\/wp-content\/uploads\/2023\/04\/Science_web_190605_DG_ICL_TMTerni-162.jpg\" \/>\n\t<meta property=\"og:image:width\" content=\"1654\" \/>\n\t<meta property=\"og:image:height\" content=\"1102\" \/>\n\t<meta property=\"og:image:type\" content=\"image\/jpeg\" \/>\n<meta name=\"twitter:card\" content=\"summary_large_image\" \/>\n<meta name=\"twitter:site\" content=\"@TargetMalaria\" \/>\n<meta name=\"twitter:label1\" content=\"Dur\u00e9e de lecture estim\u00e9e\" \/>\n\t<meta name=\"twitter:data1\" content=\"1 minute\" \/>\n<script type=\"application\/ld+json\" class=\"yoast-schema-graph\">{\"@context\":\"https:\\\/\\\/schema.org\",\"@graph\":[{\"@type\":\"WebPage\",\"@id\":\"https:\\\/\\\/targetmalaria.org\\\/fr\\\/notre-mission\\\/science\\\/\",\"url\":\"https:\\\/\\\/targetmalaria.org\\\/fr\\\/notre-mission\\\/science\\\/\",\"name\":\"Science - Target Malaria\",\"isPartOf\":{\"@id\":\"https:\\\/\\\/targetmalaria.org\\\/fr\\\/#website\"},\"primaryImageOfPage\":{\"@id\":\"https:\\\/\\\/targetmalaria.org\\\/fr\\\/notre-mission\\\/science\\\/#primaryimage\"},\"image\":{\"@id\":\"https:\\\/\\\/targetmalaria.org\\\/fr\\\/notre-mission\\\/science\\\/#primaryimage\"},\"thumbnailUrl\":\"https:\\\/\\\/targetmalaria.org\\\/wp-content\\\/uploads\\\/2023\\\/04\\\/Science_web_190605_DG_ICL_TMTerni-162.jpg\",\"datePublished\":\"2023-03-14T10:51:48+00:00\",\"dateModified\":\"2025-11-17T14:58:21+00:00\",\"breadcrumb\":{\"@id\":\"https:\\\/\\\/targetmalaria.org\\\/fr\\\/notre-mission\\\/science\\\/#breadcrumb\"},\"inLanguage\":\"fr-FR\",\"potentialAction\":[{\"@type\":\"ReadAction\",\"target\":[\"https:\\\/\\\/targetmalaria.org\\\/fr\\\/notre-mission\\\/science\\\/\"]}]},{\"@type\":\"ImageObject\",\"inLanguage\":\"fr-FR\",\"@id\":\"https:\\\/\\\/targetmalaria.org\\\/fr\\\/notre-mission\\\/science\\\/#primaryimage\",\"url\":\"https:\\\/\\\/targetmalaria.org\\\/wp-content\\\/uploads\\\/2023\\\/04\\\/Science_web_190605_DG_ICL_TMTerni-162.jpg\",\"contentUrl\":\"https:\\\/\\\/targetmalaria.org\\\/wp-content\\\/uploads\\\/2023\\\/04\\\/Science_web_190605_DG_ICL_TMTerni-162.jpg\",\"width\":1654,\"height\":1102},{\"@type\":\"BreadcrumbList\",\"@id\":\"https:\\\/\\\/targetmalaria.org\\\/fr\\\/notre-mission\\\/science\\\/#breadcrumb\",\"itemListElement\":[{\"@type\":\"ListItem\",\"position\":1,\"name\":\"Home\",\"item\":\"https:\\\/\\\/targetmalaria.org\\\/fr\\\/\"},{\"@type\":\"ListItem\",\"position\":2,\"name\":\"Notre mission\",\"item\":\"https:\\\/\\\/targetmalaria.org\\\/fr\\\/notre-mission\\\/\"},{\"@type\":\"ListItem\",\"position\":3,\"name\":\"Science\"}]},{\"@type\":\"WebSite\",\"@id\":\"https:\\\/\\\/targetmalaria.org\\\/fr\\\/#website\",\"url\":\"https:\\\/\\\/targetmalaria.org\\\/fr\\\/\",\"name\":\"Target Malaria\",\"description\":\"\",\"publisher\":{\"@id\":\"https:\\\/\\\/targetmalaria.org\\\/fr\\\/#organization\"},\"potentialAction\":[{\"@type\":\"SearchAction\",\"target\":{\"@type\":\"EntryPoint\",\"urlTemplate\":\"https:\\\/\\\/targetmalaria.org\\\/fr\\\/?s={search_term_string}\"},\"query-input\":{\"@type\":\"PropertyValueSpecification\",\"valueRequired\":true,\"valueName\":\"search_term_string\"}}],\"inLanguage\":\"fr-FR\"},{\"@type\":\"Organization\",\"@id\":\"https:\\\/\\\/targetmalaria.org\\\/fr\\\/#organization\",\"name\":\"Target Malaria\",\"url\":\"https:\\\/\\\/targetmalaria.org\\\/fr\\\/\",\"logo\":{\"@type\":\"ImageObject\",\"inLanguage\":\"fr-FR\",\"@id\":\"https:\\\/\\\/targetmalaria.org\\\/fr\\\/#\\\/schema\\\/logo\\\/image\\\/\",\"url\":\"https:\\\/\\\/targetmalaria.org\\\/wp-content\\\/uploads\\\/2025\\\/08\\\/target_malaria_bf_logo.png\",\"contentUrl\":\"https:\\\/\\\/targetmalaria.org\\\/wp-content\\\/uploads\\\/2025\\\/08\\\/target_malaria_bf_logo.png\",\"width\":1920,\"height\":1080,\"caption\":\"Target Malaria\"},\"image\":{\"@id\":\"https:\\\/\\\/targetmalaria.org\\\/fr\\\/#\\\/schema\\\/logo\\\/image\\\/\"},\"sameAs\":[\"https:\\\/\\\/www.facebook.com\\\/TargetMalariaGlobal\\\/\",\"https:\\\/\\\/x.com\\\/TargetMalaria\",\"https:\\\/\\\/www.linkedin.com\\\/company\\\/target-malaria\",\"https:\\\/\\\/youtube.com\\\/@TargetMalaria\"]}]}<\/script>\n<!-- \/ Yoast SEO plugin. -->","yoast_head_json":{"title":"Science - Target Malaria","robots":{"index":"index","follow":"follow","max-snippet":"max-snippet:-1","max-image-preview":"max-image-preview:large","max-video-preview":"max-video-preview:-1"},"canonical":"https:\/\/targetmalaria.org\/fr\/notre-mission\/science\/","og_locale":"fr_FR","og_type":"article","og_title":"Science - Target Malaria","og_description":"Nous travaillons dans quatre domaines cl\u00e9s : insectariums, biologie mol\u00e9culaire, mod\u00e9lisation et entomologie de terrain pour mieux comprendre les moustiques et le paludisme.","og_url":"https:\/\/targetmalaria.org\/fr\/notre-mission\/science\/","og_site_name":"Target Malaria","article_publisher":"https:\/\/www.facebook.com\/TargetMalariaGlobal\/","article_modified_time":"2025-11-17T14:58:21+00:00","og_image":[{"width":1654,"height":1102,"url":"https:\/\/targetmalaria.org\/wp-content\/uploads\/2023\/04\/Science_web_190605_DG_ICL_TMTerni-162.jpg","type":"image\/jpeg"}],"twitter_card":"summary_large_image","twitter_site":"@TargetMalaria","twitter_misc":{"Dur\u00e9e de lecture estim\u00e9e":"1 minute"},"schema":{"@context":"https:\/\/schema.org","@graph":[{"@type":"WebPage","@id":"https:\/\/targetmalaria.org\/fr\/notre-mission\/science\/","url":"https:\/\/targetmalaria.org\/fr\/notre-mission\/science\/","name":"Science - Target Malaria","isPartOf":{"@id":"https:\/\/targetmalaria.org\/fr\/#website"},"primaryImageOfPage":{"@id":"https:\/\/targetmalaria.org\/fr\/notre-mission\/science\/#primaryimage"},"image":{"@id":"https:\/\/targetmalaria.org\/fr\/notre-mission\/science\/#primaryimage"},"thumbnailUrl":"https:\/\/targetmalaria.org\/wp-content\/uploads\/2023\/04\/Science_web_190605_DG_ICL_TMTerni-162.jpg","datePublished":"2023-03-14T10:51:48+00:00","dateModified":"2025-11-17T14:58:21+00:00","breadcrumb":{"@id":"https:\/\/targetmalaria.org\/fr\/notre-mission\/science\/#breadcrumb"},"inLanguage":"fr-FR","potentialAction":[{"@type":"ReadAction","target":["https:\/\/targetmalaria.org\/fr\/notre-mission\/science\/"]}]},{"@type":"ImageObject","inLanguage":"fr-FR","@id":"https:\/\/targetmalaria.org\/fr\/notre-mission\/science\/#primaryimage","url":"https:\/\/targetmalaria.org\/wp-content\/uploads\/2023\/04\/Science_web_190605_DG_ICL_TMTerni-162.jpg","contentUrl":"https:\/\/targetmalaria.org\/wp-content\/uploads\/2023\/04\/Science_web_190605_DG_ICL_TMTerni-162.jpg","width":1654,"height":1102},{"@type":"BreadcrumbList","@id":"https:\/\/targetmalaria.org\/fr\/notre-mission\/science\/#breadcrumb","itemListElement":[{"@type":"ListItem","position":1,"name":"Home","item":"https:\/\/targetmalaria.org\/fr\/"},{"@type":"ListItem","position":2,"name":"Notre mission","item":"https:\/\/targetmalaria.org\/fr\/notre-mission\/"},{"@type":"ListItem","position":3,"name":"Science"}]},{"@type":"WebSite","@id":"https:\/\/targetmalaria.org\/fr\/#website","url":"https:\/\/targetmalaria.org\/fr\/","name":"Target Malaria","description":"","publisher":{"@id":"https:\/\/targetmalaria.org\/fr\/#organization"},"potentialAction":[{"@type":"SearchAction","target":{"@type":"EntryPoint","urlTemplate":"https:\/\/targetmalaria.org\/fr\/?s={search_term_string}"},"query-input":{"@type":"PropertyValueSpecification","valueRequired":true,"valueName":"search_term_string"}}],"inLanguage":"fr-FR"},{"@type":"Organization","@id":"https:\/\/targetmalaria.org\/fr\/#organization","name":"Target Malaria","url":"https:\/\/targetmalaria.org\/fr\/","logo":{"@type":"ImageObject","inLanguage":"fr-FR","@id":"https:\/\/targetmalaria.org\/fr\/#\/schema\/logo\/image\/","url":"https:\/\/targetmalaria.org\/wp-content\/uploads\/2025\/08\/target_malaria_bf_logo.png","contentUrl":"https:\/\/targetmalaria.org\/wp-content\/uploads\/2025\/08\/target_malaria_bf_logo.png","width":1920,"height":1080,"caption":"Target Malaria"},"image":{"@id":"https:\/\/targetmalaria.org\/fr\/#\/schema\/logo\/image\/"},"sameAs":["https:\/\/www.facebook.com\/TargetMalariaGlobal\/","https:\/\/x.com\/TargetMalaria","https:\/\/www.linkedin.com\/company\/target-malaria","https:\/\/youtube.com\/@TargetMalaria"]}]}},"_links":{"self":[{"href":"https:\/\/targetmalaria.org\/fr\/wp-json\/wp\/v2\/pages\/10966","targetHints":{"allow":["GET"]}}],"collection":[{"href":"https:\/\/targetmalaria.org\/fr\/wp-json\/wp\/v2\/pages"}],"about":[{"href":"https:\/\/targetmalaria.org\/fr\/wp-json\/wp\/v2\/types\/page"}],"author":[{"embeddable":true,"href":"https:\/\/targetmalaria.org\/fr\/wp-json\/wp\/v2\/users\/31"}],"replies":[{"embeddable":true,"href":"https:\/\/targetmalaria.org\/fr\/wp-json\/wp\/v2\/comments?post=10966"}],"version-history":[{"count":3,"href":"https:\/\/targetmalaria.org\/fr\/wp-json\/wp\/v2\/pages\/10966\/revisions"}],"predecessor-version":[{"id":23373,"href":"https:\/\/targetmalaria.org\/fr\/wp-json\/wp\/v2\/pages\/10966\/revisions\/23373"}],"up":[{"embeddable":true,"href":"https:\/\/targetmalaria.org\/fr\/wp-json\/wp\/v2\/pages\/5217"}],"wp:featuredmedia":[{"embeddable":true,"href":"https:\/\/targetmalaria.org\/fr\/wp-json\/wp\/v2\/media\/11435"}],"wp:attachment":[{"href":"https:\/\/targetmalaria.org\/fr\/wp-json\/wp\/v2\/media?parent=10966"}],"curies":[{"name":"wp","href":"https:\/\/api.w.org\/{rel}","templated":true}]}}