{"id":10964,"date":"2023-03-14T10:48:38","date_gmt":"2023-03-14T10:48:38","guid":{"rendered":"https:\/\/targetmalaria.org\/activites-en-insectarium\/"},"modified":"2025-11-17T14:56:45","modified_gmt":"2025-11-17T14:56:45","slug":"activites-en-insectarium","status":"publish","type":"page","link":"https:\/\/targetmalaria.org\/fr\/notre-mission\/science\/activites-en-insectarium\/","title":{"rendered":"Activit\u00e9s en insectarium"},"content":{"rendered":"<div class=\"ragged-edge-parent alignfull is-light\">\n<div class=\"wp-block-cover alignfull is-light firstCover ragged_edge-position-both\" style=\"min-height:50dvh;aspect-ratio:unset;\"><img loading=\"lazy\" decoding=\"async\" width=\"1024\" height=\"683\" class=\"wp-block-cover__image-background wp-image-13774 size-large\" alt=\"Five scientists at work in the insectary, they sit and stand around a long table, engaging in tasks such as examining trays and taking notes.\" src=\"https:\/\/targetmalaria.org\/wp-content\/uploads\/2023\/08\/smallScientistworkingintheinsectary-1024x683.jpg\" style=\"object-position:56% 45%\" data-object-fit=\"cover\" data-object-position=\"56% 45%\" srcset=\"https:\/\/targetmalaria.org\/wp-content\/uploads\/2023\/08\/smallScientistworkingintheinsectary-1024x683.jpg 1024w, https:\/\/targetmalaria.org\/wp-content\/uploads\/2023\/08\/smallScientistworkingintheinsectary-300x200.jpg 300w, https:\/\/targetmalaria.org\/wp-content\/uploads\/2023\/08\/smallScientistworkingintheinsectary-768x512.jpg 768w, https:\/\/targetmalaria.org\/wp-content\/uploads\/2023\/08\/smallScientistworkingintheinsectary-1536x1024.jpg 1536w, https:\/\/targetmalaria.org\/wp-content\/uploads\/2023\/08\/smallScientistworkingintheinsectary-2048x1365.jpg 2048w\" sizes=\"auto, (max-width: 1024px) 100vw, 1024px\" \/><span aria-hidden=\"true\" class=\"wp-block-cover__background has-background-dim-0 has-background-dim\"><\/span><div class=\"wp-block-cover__inner-container has-global-padding is-layout-constrained wp-block-cover-is-layout-constrained\">\n<p class=\"has-text-align-center has-large-font-size\"><\/p>\n<\/div><\/div>\n<\/div>\n\n\n<div class=\"wp-block-columns is-layout-flex wp-container-core-columns-is-layout-0884d4d2 wp-block-columns-is-layout-flex\" style=\"margin-top:var(--wp--preset--spacing--50);margin-bottom:var(--wp--preset--spacing--50)\">\n<div class=\"wp-block-column is-layout-flow wp-block-column-is-layout-flow\" style=\"flex-basis:33.33%\">\n<h2 class=\"wp-block-heading\">Les activit\u00e9s en insectarium sont au c\u0153ur du programme de recherche et d\u00e9veloppement de Target Malaria, avec pour mission la cr\u00e9ation, l\u2019\u00e9valuation, l\u2019entretien et la production \u00e0 des fins d\u2019\u00e9valuation sur le terrain de moustiques g\u00e9n\u00e9tiquement modifi\u00e9s pour la lutte contre le paludisme.<\/h2>\n<\/div>\n\n\n\n<div class=\"wp-block-column is-layout-flow wp-block-column-is-layout-flow\" style=\"flex-basis:66.66%\">\n<p>Nous disposons de multiples installations de recherche en insectarium et en laboratoire en Afrique, en Europe et en Am\u00e9rique du Nord. Chaque insectarium dispose d\u2019une expertise et de ressources uniques, n\u00e9cessaires aux diff\u00e9rentes phases de d\u00e9veloppement et d\u2019\u00e9valuation de notre technologie d\u2019impulsion g\u00e9n\u00e9tique.<\/p>\n\n\n\n<p>La recherche et le d\u00e9veloppement en amont ont lieu en majeure partie dans nos insectariums et laboratoires europ\u00e9ens et am\u00e9ricains. Les activit\u00e9s effectu\u00e9es dans nos installations partenaires africaines comprennent la r\u00e9ception, l\u2019\u00e9valuation en milieu confin\u00e9 et la production en temps opportun de moustiques \u00e0 des fins d\u2019\u00e9valuation sur le terrain en soutien \u00e0 la conformit\u00e9 r\u00e9glementaire du projet. En outre, les insectariums africains prennent l\u2019initiative de la recherche translationnelle n\u00e9cessaire \u00e0 l\u2019intensification de l\u2019\u00e9levage de masse et \u00e0 la mise en \u0153uvre d\u2019essais de grande envergure sur le terrain.<\/p>\n\n\n\n<p>Tous les insectariums contenant des moustiques g\u00e9n\u00e9tiquement modifi\u00e9s adh\u00e8rent au statut de confinement biologique rigoureux des arthropodes de niveau&nbsp;2 (ACL-2). Ils sont compos\u00e9s de multiples couches de confinement physique, auxquelles viennent s\u2019ajouter des mesures proc\u00e9durales rigoureuses qui garantissent qu\u2019aucun moustique ne puisse s\u2019\u00e9chapper accidentellement et se retrouver dans l\u2019environnement (<a href=\"https:\/\/targetmalaria.org\/fr\/fact-sheets\/mesures-de-securite-pour-les-travaux-sur-les-moustiques-genetiquement-modifies-en-milieu-confine\/\" target=\"_blank\" rel=\"noreferrer noopener\">Read more<\/a>).<\/p>\n\n\n\n<div class=\"wp-block-columns is-layout-flex wp-container-core-columns-is-layout-922a2b0c wp-block-columns-is-layout-flex\" style=\"margin-top:var(--wp--preset--spacing--40)\">\n<div class=\"wp-block-column is-layout-flow wp-block-column-is-layout-flow\" style=\"flex-basis:50%\">\n<figure class=\"wp-block-embed is-type-video is-provider-youtube wp-block-embed-youtube wp-embed-aspect-16-9 wp-has-aspect-ratio\"><div class=\"wp-block-embed__wrapper\">\n<iframe loading=\"lazy\" title=\"Target Malaria insectary tour - Uganda\" width=\"500\" height=\"281\" src=\"https:\/\/www.youtube.com\/embed\/nA1kh8tgDBo?feature=oembed\" frameborder=\"0\" allow=\"accelerometer; autoplay; clipboard-write; encrypted-media; gyroscope; picture-in-picture; web-share\" referrerpolicy=\"strict-origin-when-cross-origin\" allowfullscreen><\/iframe>\n<\/div><\/figure>\n\n\n\n<figure class=\"wp-block-embed is-type-video is-provider-youtube wp-block-embed-youtube wp-embed-aspect-16-9 wp-has-aspect-ratio\"><div class=\"wp-block-embed__wrapper\">\n<iframe loading=\"lazy\" title=\"Target Malaria insectary tour - Burkina Faso\" width=\"500\" height=\"281\" src=\"https:\/\/www.youtube.com\/embed\/uqRNhKn9xNE?feature=oembed\" frameborder=\"0\" allow=\"accelerometer; autoplay; clipboard-write; encrypted-media; gyroscope; picture-in-picture; web-share\" referrerpolicy=\"strict-origin-when-cross-origin\" allowfullscreen><\/iframe>\n<\/div><\/figure>\n<\/div>\n\n\n\n<div class=\"wp-block-column is-layout-flow wp-block-column-is-layout-flow\" style=\"flex-basis:50%\">\n<figure class=\"wp-block-embed is-type-video is-provider-youtube wp-block-embed-youtube wp-embed-aspect-16-9 wp-has-aspect-ratio\"><div class=\"wp-block-embed__wrapper\">\n<iframe loading=\"lazy\" title=\"Target Malaria insectary tour - London, UK\" width=\"500\" height=\"281\" src=\"https:\/\/www.youtube.com\/embed\/UGr2MBhFw6w?feature=oembed\" frameborder=\"0\" allow=\"accelerometer; autoplay; clipboard-write; encrypted-media; gyroscope; picture-in-picture; web-share\" referrerpolicy=\"strict-origin-when-cross-origin\" allowfullscreen><\/iframe>\n<\/div><\/figure>\n\n\n\n<figure class=\"wp-block-embed is-type-video is-provider-youtube wp-block-embed-youtube wp-embed-aspect-16-9 wp-has-aspect-ratio\"><div class=\"wp-block-embed__wrapper\">\n<iframe loading=\"lazy\" title=\"Target Malaria insectary tour - Terni, Italy\" width=\"500\" height=\"281\" src=\"https:\/\/www.youtube.com\/embed\/L6NlHjGg12o?feature=oembed\" frameborder=\"0\" allow=\"accelerometer; autoplay; clipboard-write; encrypted-media; gyroscope; picture-in-picture; web-share\" referrerpolicy=\"strict-origin-when-cross-origin\" allowfullscreen><\/iframe>\n<\/div><\/figure>\n<\/div>\n<\/div>\n<\/div>\n<\/div>\n","protected":false},"excerpt":{"rendered":"<p>Les activit\u00e9s en insectarium sont au c\u0153ur du programme de recherche et d\u00e9veloppement de Target Malaria, avec pour mission la cr\u00e9ation, l\u2019\u00e9valuation, l\u2019entretien et la production \u00e0 des fins d\u2019\u00e9valuation sur le terrain de moustiques g\u00e9n\u00e9tiquement modifi\u00e9s pour la lutte contre le paludisme. Nous disposons de multiples installations de recherche en insectarium et en laboratoire [&hellip;]<\/p>\n","protected":false},"author":31,"featured_media":13775,"parent":10966,"menu_order":23,"comment_status":"closed","ping_status":"closed","template":"","meta":{"_acf_changed":false,"_relevanssi_hide_post":"","_relevanssi_hide_content":"","_relevanssi_pin_for_all":"","_relevanssi_pin_keywords":"","_relevanssi_unpin_keywords":"","_relevanssi_related_keywords":"","_relevanssi_related_include_ids":"","_relevanssi_related_exclude_ids":"","_relevanssi_related_no_append":"","_relevanssi_related_not_related":"","_relevanssi_related_posts":"","_relevanssi_noindex_reason":"","featured_image_focal_point":[],"footnotes":""},"class_list":["post-10964","page","type-page","status-publish","has-post-thumbnail","hentry"],"acf":[],"yoast_head":"<!-- This site is optimized with the Yoast SEO plugin v27.4 - https:\/\/yoast.com\/product\/yoast-seo-wordpress\/ -->\n<title>Activit\u00e9s en insectarium - Target Malaria<\/title>\n<meta name=\"robots\" content=\"index, follow, max-snippet:-1, max-image-preview:large, max-video-preview:-1\" \/>\n<link rel=\"canonical\" href=\"https:\/\/targetmalaria.org\/fr\/notre-mission\/science\/activites-en-insectarium\/\" \/>\n<meta property=\"og:locale\" content=\"fr_FR\" \/>\n<meta property=\"og:type\" content=\"article\" \/>\n<meta property=\"og:title\" content=\"Activit\u00e9s en insectarium - Target Malaria\" \/>\n<meta property=\"og:description\" content=\"Les activit\u00e9s en insectarium sont au c\u0153ur du programme de recherche et d\u00e9veloppement de Target Malaria, avec pour mission la cr\u00e9ation, l\u2019\u00e9valuation, l\u2019entretien et la production \u00e0 des fins d\u2019\u00e9valuation sur le terrain de moustiques g\u00e9n\u00e9tiquement modifi\u00e9s pour la lutte contre le paludisme. Nous disposons de multiples installations de recherche en insectarium et en laboratoire [&hellip;]\" \/>\n<meta property=\"og:url\" content=\"https:\/\/targetmalaria.org\/fr\/notre-mission\/science\/activites-en-insectarium\/\" \/>\n<meta property=\"og:site_name\" content=\"Target Malaria\" \/>\n<meta property=\"article:publisher\" content=\"https:\/\/www.facebook.com\/TargetMalariaGlobal\/\" \/>\n<meta property=\"article:modified_time\" content=\"2025-11-17T14:56:45+00:00\" \/>\n<meta property=\"og:image\" content=\"https:\/\/targetmalaria.org\/wp-content\/uploads\/2023\/08\/smallScientistworkingintheinsectary-scaled.jpg\" \/>\n\t<meta property=\"og:image:width\" content=\"2560\" \/>\n\t<meta property=\"og:image:height\" content=\"1707\" \/>\n\t<meta property=\"og:image:type\" content=\"image\/jpeg\" \/>\n<meta name=\"twitter:card\" content=\"summary_large_image\" \/>\n<meta name=\"twitter:site\" content=\"@TargetMalaria\" \/>\n<meta name=\"twitter:label1\" content=\"Dur\u00e9e de lecture estim\u00e9e\" \/>\n\t<meta name=\"twitter:data1\" content=\"2 minutes\" \/>\n<script type=\"application\/ld+json\" class=\"yoast-schema-graph\">{\"@context\":\"https:\\\/\\\/schema.org\",\"@graph\":[{\"@type\":\"WebPage\",\"@id\":\"https:\\\/\\\/targetmalaria.org\\\/fr\\\/notre-mission\\\/science\\\/activites-en-insectarium\\\/\",\"url\":\"https:\\\/\\\/targetmalaria.org\\\/fr\\\/notre-mission\\\/science\\\/activites-en-insectarium\\\/\",\"name\":\"Activit\u00e9s en insectarium - Target Malaria\",\"isPartOf\":{\"@id\":\"https:\\\/\\\/targetmalaria.org\\\/fr\\\/#website\"},\"primaryImageOfPage\":{\"@id\":\"https:\\\/\\\/targetmalaria.org\\\/fr\\\/notre-mission\\\/science\\\/activites-en-insectarium\\\/#primaryimage\"},\"image\":{\"@id\":\"https:\\\/\\\/targetmalaria.org\\\/fr\\\/notre-mission\\\/science\\\/activites-en-insectarium\\\/#primaryimage\"},\"thumbnailUrl\":\"https:\\\/\\\/targetmalaria.org\\\/wp-content\\\/uploads\\\/2023\\\/08\\\/smallScientistworkingintheinsectary-scaled.jpg\",\"datePublished\":\"2023-03-14T10:48:38+00:00\",\"dateModified\":\"2025-11-17T14:56:45+00:00\",\"breadcrumb\":{\"@id\":\"https:\\\/\\\/targetmalaria.org\\\/fr\\\/notre-mission\\\/science\\\/activites-en-insectarium\\\/#breadcrumb\"},\"inLanguage\":\"fr-FR\",\"potentialAction\":[{\"@type\":\"ReadAction\",\"target\":[\"https:\\\/\\\/targetmalaria.org\\\/fr\\\/notre-mission\\\/science\\\/activites-en-insectarium\\\/\"]}]},{\"@type\":\"ImageObject\",\"inLanguage\":\"fr-FR\",\"@id\":\"https:\\\/\\\/targetmalaria.org\\\/fr\\\/notre-mission\\\/science\\\/activites-en-insectarium\\\/#primaryimage\",\"url\":\"https:\\\/\\\/targetmalaria.org\\\/wp-content\\\/uploads\\\/2023\\\/08\\\/smallScientistworkingintheinsectary-scaled.jpg\",\"contentUrl\":\"https:\\\/\\\/targetmalaria.org\\\/wp-content\\\/uploads\\\/2023\\\/08\\\/smallScientistworkingintheinsectary-scaled.jpg\",\"width\":2560,\"height\":1707,\"caption\":\"Scientists at work in the insectary\"},{\"@type\":\"BreadcrumbList\",\"@id\":\"https:\\\/\\\/targetmalaria.org\\\/fr\\\/notre-mission\\\/science\\\/activites-en-insectarium\\\/#breadcrumb\",\"itemListElement\":[{\"@type\":\"ListItem\",\"position\":1,\"name\":\"Home\",\"item\":\"https:\\\/\\\/targetmalaria.org\\\/fr\\\/\"},{\"@type\":\"ListItem\",\"position\":2,\"name\":\"Notre mission\",\"item\":\"https:\\\/\\\/targetmalaria.org\\\/fr\\\/notre-mission\\\/\"},{\"@type\":\"ListItem\",\"position\":3,\"name\":\"Science\",\"item\":\"https:\\\/\\\/targetmalaria.org\\\/fr\\\/notre-mission\\\/science\\\/\"},{\"@type\":\"ListItem\",\"position\":4,\"name\":\"Activit\u00e9s en insectarium\"}]},{\"@type\":\"WebSite\",\"@id\":\"https:\\\/\\\/targetmalaria.org\\\/fr\\\/#website\",\"url\":\"https:\\\/\\\/targetmalaria.org\\\/fr\\\/\",\"name\":\"Target Malaria\",\"description\":\"\",\"publisher\":{\"@id\":\"https:\\\/\\\/targetmalaria.org\\\/fr\\\/#organization\"},\"potentialAction\":[{\"@type\":\"SearchAction\",\"target\":{\"@type\":\"EntryPoint\",\"urlTemplate\":\"https:\\\/\\\/targetmalaria.org\\\/fr\\\/?s={search_term_string}\"},\"query-input\":{\"@type\":\"PropertyValueSpecification\",\"valueRequired\":true,\"valueName\":\"search_term_string\"}}],\"inLanguage\":\"fr-FR\"},{\"@type\":\"Organization\",\"@id\":\"https:\\\/\\\/targetmalaria.org\\\/fr\\\/#organization\",\"name\":\"Target Malaria\",\"url\":\"https:\\\/\\\/targetmalaria.org\\\/fr\\\/\",\"logo\":{\"@type\":\"ImageObject\",\"inLanguage\":\"fr-FR\",\"@id\":\"https:\\\/\\\/targetmalaria.org\\\/fr\\\/#\\\/schema\\\/logo\\\/image\\\/\",\"url\":\"https:\\\/\\\/targetmalaria.org\\\/wp-content\\\/uploads\\\/2025\\\/08\\\/target_malaria_bf_logo.png\",\"contentUrl\":\"https:\\\/\\\/targetmalaria.org\\\/wp-content\\\/uploads\\\/2025\\\/08\\\/target_malaria_bf_logo.png\",\"width\":1920,\"height\":1080,\"caption\":\"Target Malaria\"},\"image\":{\"@id\":\"https:\\\/\\\/targetmalaria.org\\\/fr\\\/#\\\/schema\\\/logo\\\/image\\\/\"},\"sameAs\":[\"https:\\\/\\\/www.facebook.com\\\/TargetMalariaGlobal\\\/\",\"https:\\\/\\\/x.com\\\/TargetMalaria\",\"https:\\\/\\\/www.linkedin.com\\\/company\\\/target-malaria\",\"https:\\\/\\\/youtube.com\\\/@TargetMalaria\"]}]}<\/script>\n<!-- \/ Yoast SEO plugin. -->","yoast_head_json":{"title":"Activit\u00e9s en insectarium - Target Malaria","robots":{"index":"index","follow":"follow","max-snippet":"max-snippet:-1","max-image-preview":"max-image-preview:large","max-video-preview":"max-video-preview:-1"},"canonical":"https:\/\/targetmalaria.org\/fr\/notre-mission\/science\/activites-en-insectarium\/","og_locale":"fr_FR","og_type":"article","og_title":"Activit\u00e9s en insectarium - Target Malaria","og_description":"Les activit\u00e9s en insectarium sont au c\u0153ur du programme de recherche et d\u00e9veloppement de Target Malaria, avec pour mission la cr\u00e9ation, l\u2019\u00e9valuation, l\u2019entretien et la production \u00e0 des fins d\u2019\u00e9valuation sur le terrain de moustiques g\u00e9n\u00e9tiquement modifi\u00e9s pour la lutte contre le paludisme. Nous disposons de multiples installations de recherche en insectarium et en laboratoire [&hellip;]","og_url":"https:\/\/targetmalaria.org\/fr\/notre-mission\/science\/activites-en-insectarium\/","og_site_name":"Target Malaria","article_publisher":"https:\/\/www.facebook.com\/TargetMalariaGlobal\/","article_modified_time":"2025-11-17T14:56:45+00:00","og_image":[{"width":2560,"height":1707,"url":"https:\/\/targetmalaria.org\/wp-content\/uploads\/2023\/08\/smallScientistworkingintheinsectary-scaled.jpg","type":"image\/jpeg"}],"twitter_card":"summary_large_image","twitter_site":"@TargetMalaria","twitter_misc":{"Dur\u00e9e de lecture estim\u00e9e":"2 minutes"},"schema":{"@context":"https:\/\/schema.org","@graph":[{"@type":"WebPage","@id":"https:\/\/targetmalaria.org\/fr\/notre-mission\/science\/activites-en-insectarium\/","url":"https:\/\/targetmalaria.org\/fr\/notre-mission\/science\/activites-en-insectarium\/","name":"Activit\u00e9s en insectarium - Target Malaria","isPartOf":{"@id":"https:\/\/targetmalaria.org\/fr\/#website"},"primaryImageOfPage":{"@id":"https:\/\/targetmalaria.org\/fr\/notre-mission\/science\/activites-en-insectarium\/#primaryimage"},"image":{"@id":"https:\/\/targetmalaria.org\/fr\/notre-mission\/science\/activites-en-insectarium\/#primaryimage"},"thumbnailUrl":"https:\/\/targetmalaria.org\/wp-content\/uploads\/2023\/08\/smallScientistworkingintheinsectary-scaled.jpg","datePublished":"2023-03-14T10:48:38+00:00","dateModified":"2025-11-17T14:56:45+00:00","breadcrumb":{"@id":"https:\/\/targetmalaria.org\/fr\/notre-mission\/science\/activites-en-insectarium\/#breadcrumb"},"inLanguage":"fr-FR","potentialAction":[{"@type":"ReadAction","target":["https:\/\/targetmalaria.org\/fr\/notre-mission\/science\/activites-en-insectarium\/"]}]},{"@type":"ImageObject","inLanguage":"fr-FR","@id":"https:\/\/targetmalaria.org\/fr\/notre-mission\/science\/activites-en-insectarium\/#primaryimage","url":"https:\/\/targetmalaria.org\/wp-content\/uploads\/2023\/08\/smallScientistworkingintheinsectary-scaled.jpg","contentUrl":"https:\/\/targetmalaria.org\/wp-content\/uploads\/2023\/08\/smallScientistworkingintheinsectary-scaled.jpg","width":2560,"height":1707,"caption":"Scientists at work in the insectary"},{"@type":"BreadcrumbList","@id":"https:\/\/targetmalaria.org\/fr\/notre-mission\/science\/activites-en-insectarium\/#breadcrumb","itemListElement":[{"@type":"ListItem","position":1,"name":"Home","item":"https:\/\/targetmalaria.org\/fr\/"},{"@type":"ListItem","position":2,"name":"Notre mission","item":"https:\/\/targetmalaria.org\/fr\/notre-mission\/"},{"@type":"ListItem","position":3,"name":"Science","item":"https:\/\/targetmalaria.org\/fr\/notre-mission\/science\/"},{"@type":"ListItem","position":4,"name":"Activit\u00e9s en insectarium"}]},{"@type":"WebSite","@id":"https:\/\/targetmalaria.org\/fr\/#website","url":"https:\/\/targetmalaria.org\/fr\/","name":"Target Malaria","description":"","publisher":{"@id":"https:\/\/targetmalaria.org\/fr\/#organization"},"potentialAction":[{"@type":"SearchAction","target":{"@type":"EntryPoint","urlTemplate":"https:\/\/targetmalaria.org\/fr\/?s={search_term_string}"},"query-input":{"@type":"PropertyValueSpecification","valueRequired":true,"valueName":"search_term_string"}}],"inLanguage":"fr-FR"},{"@type":"Organization","@id":"https:\/\/targetmalaria.org\/fr\/#organization","name":"Target Malaria","url":"https:\/\/targetmalaria.org\/fr\/","logo":{"@type":"ImageObject","inLanguage":"fr-FR","@id":"https:\/\/targetmalaria.org\/fr\/#\/schema\/logo\/image\/","url":"https:\/\/targetmalaria.org\/wp-content\/uploads\/2025\/08\/target_malaria_bf_logo.png","contentUrl":"https:\/\/targetmalaria.org\/wp-content\/uploads\/2025\/08\/target_malaria_bf_logo.png","width":1920,"height":1080,"caption":"Target Malaria"},"image":{"@id":"https:\/\/targetmalaria.org\/fr\/#\/schema\/logo\/image\/"},"sameAs":["https:\/\/www.facebook.com\/TargetMalariaGlobal\/","https:\/\/x.com\/TargetMalaria","https:\/\/www.linkedin.com\/company\/target-malaria","https:\/\/youtube.com\/@TargetMalaria"]}]}},"_links":{"self":[{"href":"https:\/\/targetmalaria.org\/fr\/wp-json\/wp\/v2\/pages\/10964","targetHints":{"allow":["GET"]}}],"collection":[{"href":"https:\/\/targetmalaria.org\/fr\/wp-json\/wp\/v2\/pages"}],"about":[{"href":"https:\/\/targetmalaria.org\/fr\/wp-json\/wp\/v2\/types\/page"}],"author":[{"embeddable":true,"href":"https:\/\/targetmalaria.org\/fr\/wp-json\/wp\/v2\/users\/31"}],"replies":[{"embeddable":true,"href":"https:\/\/targetmalaria.org\/fr\/wp-json\/wp\/v2\/comments?post=10964"}],"version-history":[{"count":3,"href":"https:\/\/targetmalaria.org\/fr\/wp-json\/wp\/v2\/pages\/10964\/revisions"}],"predecessor-version":[{"id":23370,"href":"https:\/\/targetmalaria.org\/fr\/wp-json\/wp\/v2\/pages\/10964\/revisions\/23370"}],"up":[{"embeddable":true,"href":"https:\/\/targetmalaria.org\/fr\/wp-json\/wp\/v2\/pages\/10966"}],"wp:featuredmedia":[{"embeddable":true,"href":"https:\/\/targetmalaria.org\/fr\/wp-json\/wp\/v2\/media\/13775"}],"wp:attachment":[{"href":"https:\/\/targetmalaria.org\/fr\/wp-json\/wp\/v2\/media?parent=10964"}],"curies":[{"name":"wp","href":"https:\/\/api.w.org\/{rel}","templated":true}]}}